{"id":938,"date":"2025-01-31T21:15:03","date_gmt":"2025-01-31T20:15:03","guid":{"rendered":"http:\/\/drzwitarasy.pl\/?post_type=product&#038;p=938"},"modified":"2026-03-03T04:18:36","modified_gmt":"2026-03-03T03:18:36","slug":"cwiercwalek-do-oscieznicy-218x14-mm","status":"publish","type":"product","link":"https:\/\/drzwitarasy.pl\/?product=cwiercwalek-do-oscieznicy-218x14-mm","title":{"rendered":"\u0106wier\u0107wa\u0142ek do o\u015bcie\u017cnicy 16 x 16 mm"},"content":{"rendered":"<p><img loading=\"lazy\" decoding=\"async\" class=\"aligncenter size-large wp-image-5268\" src=\"https:\/\/drzwitarasy.pl\/wp-content\/uploads\/2025\/02\/STALE-OPIS-820x1024.jpeg\" alt=\"\" width=\"640\" height=\"799\" srcset=\"https:\/\/drzwitarasy.pl\/wp-content\/uploads\/2025\/02\/STALE-OPIS-820x1024.jpeg 820w, https:\/\/drzwitarasy.pl\/wp-content\/uploads\/2025\/02\/STALE-OPIS-300x375.jpeg 300w, https:\/\/drzwitarasy.pl\/wp-content\/uploads\/2025\/02\/STALE-OPIS-600x749.jpeg 600w, https:\/\/drzwitarasy.pl\/wp-content\/uploads\/2025\/02\/STALE-OPIS-240x300.jpeg 240w, https:\/\/drzwitarasy.pl\/wp-content\/uploads\/2025\/02\/STALE-OPIS-768x959.jpeg 768w, https:\/\/drzwitarasy.pl\/wp-content\/uploads\/2025\/02\/STALE-OPIS-400x500.jpeg 400w, https:\/\/drzwitarasy.pl\/wp-content\/uploads\/2025\/02\/STALE-OPIS.jpeg 1141w\" sizes=\"auto, (max-width: 640px) 100vw, 640px\" \/><\/p>\n<p><img loading=\"lazy\" decoding=\"async\" class=\"aligncenter size-full wp-image-6804\" src=\"https:\/\/drzwitarasy.pl\/wp-content\/uploads\/2025\/03\/KOLORY-WSZYSTKIE-NOWE.jpg\" alt=\"\" width=\"1301\" height=\"1234\" srcset=\"https:\/\/drzwitarasy.pl\/wp-content\/uploads\/2025\/03\/KOLORY-WSZYSTKIE-NOWE.jpg 1301w, https:\/\/drzwitarasy.pl\/wp-content\/uploads\/2025\/03\/KOLORY-WSZYSTKIE-NOWE-300x285.jpg 300w, https:\/\/drzwitarasy.pl\/wp-content\/uploads\/2025\/03\/KOLORY-WSZYSTKIE-NOWE-1024x971.jpg 1024w, https:\/\/drzwitarasy.pl\/wp-content\/uploads\/2025\/03\/KOLORY-WSZYSTKIE-NOWE-768x728.jpg 768w, https:\/\/drzwitarasy.pl\/wp-content\/uploads\/2025\/03\/KOLORY-WSZYSTKIE-NOWE-600x569.jpg 600w\" sizes=\"auto, (max-width: 1301px) 100vw, 1301px\" \/><\/p>\n<p><img loading=\"lazy\" decoding=\"async\" class=\"aligncenter size-full wp-image-6956\" src=\"https:\/\/drzwitarasy.pl\/wp-content\/uploads\/2025\/08\/FRESH-DAB-WOTAN-NOWE.jpg\" alt=\"\" width=\"304\" height=\"295\" srcset=\"https:\/\/drzwitarasy.pl\/wp-content\/uploads\/2025\/08\/FRESH-DAB-WOTAN-NOWE.jpg 304w, https:\/\/drzwitarasy.pl\/wp-content\/uploads\/2025\/08\/FRESH-DAB-WOTAN-NOWE-300x291.jpg 300w, https:\/\/drzwitarasy.pl\/wp-content\/uploads\/2025\/08\/FRESH-DAB-WOTAN-NOWE-50x50.jpg 50w\" sizes=\"auto, (max-width: 304px) 100vw, 304px\" \/><\/p>\n<p style=\"text-align: center;\"><strong>D\u0104B WOTAN<\/strong><\/p>\n<p><img loading=\"lazy\" decoding=\"async\" class=\"aligncenter wp-image-4440 size-full\" src=\"https:\/\/drzwitarasy.pl\/wp-content\/uploads\/2024\/03\/IMG_2144.jpg\" alt=\"\" width=\"1206\" height=\"990\" srcset=\"https:\/\/drzwitarasy.pl\/wp-content\/uploads\/2024\/03\/IMG_2144.jpg 1206w, https:\/\/drzwitarasy.pl\/wp-content\/uploads\/2024\/03\/IMG_2144-300x246.jpg 300w, https:\/\/drzwitarasy.pl\/wp-content\/uploads\/2024\/03\/IMG_2144-600x493.jpg 600w, https:\/\/drzwitarasy.pl\/wp-content\/uploads\/2024\/03\/IMG_2144-1024x841.jpg 1024w, https:\/\/drzwitarasy.pl\/wp-content\/uploads\/2024\/03\/IMG_2144-768x630.jpg 768w\" sizes=\"auto, (max-width: 1206px) 100vw, 1206px\" \/><\/p>\n<p>&nbsp;<\/p>\n<p>&nbsp;<\/p>\n","protected":false},"excerpt":{"rendered":"<p style=\"text-align: center;\"><span style=\"font-size: 14pt;\">\u0106wier\u0107wa\u0142ek do o\u015bcie\u017cnicy sta\u0142ej.<\/span><\/p>\n<p style=\"text-align: center;\"><span style=\"font-size: 14pt;\">Komplet sk\u0142ada si\u0119 z dw\u00f3ch \u0107wier\u0107wa\u0142k\u00f3w dla pion\u00f3w i jednego dla g\u0142\u00f3wki.<\/span><\/p>\n<p>&nbsp;<\/p>\n<p>&nbsp;<\/p>\n","protected":false},"featured_media":3613,"template":"","meta":{"_acf_changed":false,"_monsterinsights_skip_tracking":false,"_monsterinsights_sitenote_active":false,"_monsterinsights_sitenote_note":"","_monsterinsights_sitenote_category":0},"product_brand":[527],"product_cat":[21,253,251,32],"product_tag":[386,387,173],"class_list":{"0":"post-938","1":"product","2":"type-product","3":"status-publish","4":"has-post-thumbnail","6":"product_brand-windoor","7":"product_cat-drzwi-wewnetrzne","8":"product_cat-oscieznice-prestige-standard","9":"product_cat-oscieznice-stale","10":"product_cat-oscieznice-akcesoria","11":"product_tag-cwiercwalek","12":"product_tag-do-drzwi-wewnetrznych","13":"product_tag-windoor","15":"first","16":"instock","17":"sale","18":"shipping-taxable","19":"purchasable","20":"product-type-simple","21":"add-to-wishlist-after_add_to_cart"},"acf":[],"aioseo_notices":[],"jetpack_sharing_enabled":true,"_links":{"self":[{"href":"https:\/\/drzwitarasy.pl\/index.php?rest_route=\/wp\/v2\/product\/938","targetHints":{"allow":["GET"]}}],"collection":[{"href":"https:\/\/drzwitarasy.pl\/index.php?rest_route=\/wp\/v2\/product"}],"about":[{"href":"https:\/\/drzwitarasy.pl\/index.php?rest_route=\/wp\/v2\/types\/product"}],"wp:featuredmedia":[{"embeddable":true,"href":"https:\/\/drzwitarasy.pl\/index.php?rest_route=\/wp\/v2\/media\/3613"}],"wp:attachment":[{"href":"https:\/\/drzwitarasy.pl\/index.php?rest_route=%2Fwp%2Fv2%2Fmedia&parent=938"}],"wp:term":[{"taxonomy":"product_brand","embeddable":true,"href":"https:\/\/drzwitarasy.pl\/index.php?rest_route=%2Fwp%2Fv2%2Fproduct_brand&post=938"},{"taxonomy":"product_cat","embeddable":true,"href":"https:\/\/drzwitarasy.pl\/index.php?rest_route=%2Fwp%2Fv2%2Fproduct_cat&post=938"},{"taxonomy":"product_tag","embeddable":true,"href":"https:\/\/drzwitarasy.pl\/index.php?rest_route=%2Fwp%2Fv2%2Fproduct_tag&post=938"}],"curies":[{"name":"wp","href":"https:\/\/api.w.org\/{rel}","templated":true}]}}