{"id":801,"date":"2023-10-23T14:19:54","date_gmt":"2023-10-23T12:19:54","guid":{"rendered":"http:\/\/drzwitarasy.pl\/?post_type=product&#038;p=801"},"modified":"2026-02-17T22:51:32","modified_gmt":"2026-02-17T21:51:32","slug":"drzwi-roco-windoor","status":"publish","type":"product","link":"https:\/\/drzwitarasy.pl\/?product=drzwi-roco-windoor","title":{"rendered":"Roco drzwi p\u0142ycinowe standard"},"content":{"rendered":"<p><img loading=\"lazy\" decoding=\"async\" class=\"aligncenter size-full wp-image-5410\" src=\"https:\/\/drzwitarasy.pl\/wp-content\/uploads\/2022\/10\/BANER-NOWY-ZMIENIONY.jpg\" alt=\"\" width=\"2420\" height=\"948\" srcset=\"https:\/\/drzwitarasy.pl\/wp-content\/uploads\/2022\/10\/BANER-NOWY-ZMIENIONY.jpg 2420w, https:\/\/drzwitarasy.pl\/wp-content\/uploads\/2022\/10\/BANER-NOWY-ZMIENIONY-300x118.jpg 300w, https:\/\/drzwitarasy.pl\/wp-content\/uploads\/2022\/10\/BANER-NOWY-ZMIENIONY-600x235.jpg 600w, https:\/\/drzwitarasy.pl\/wp-content\/uploads\/2022\/10\/BANER-NOWY-ZMIENIONY-1024x401.jpg 1024w, https:\/\/drzwitarasy.pl\/wp-content\/uploads\/2022\/10\/BANER-NOWY-ZMIENIONY-768x301.jpg 768w, https:\/\/drzwitarasy.pl\/wp-content\/uploads\/2022\/10\/BANER-NOWY-ZMIENIONY-1536x602.jpg 1536w, https:\/\/drzwitarasy.pl\/wp-content\/uploads\/2022\/10\/BANER-NOWY-ZMIENIONY-2048x802.jpg 2048w\" sizes=\"auto, (max-width: 2420px) 100vw, 2420px\" \/><\/p>\n<p style=\"text-align: center;\"><span style=\"font-size: 24pt;\">MODEL ROCO<\/span><\/p>\n<p style=\"text-align: center;\">Mamy przyjemno\u015b\u0107 przedstawi\u0107\u00a0<b>najnowsz\u0105 kolekcj\u0119<\/b>\u00a0drzwi wewn\u0119trznych. Skrzyd\u0142a te pokryte s\u0105 oklein\u0105 drewnopodobn\u0105 zapewniaj\u0105c\u0105\u00a0<b>wysokie walory estetyczne<\/b>, dzi\u0119ki kt\u00f3rym drzwi doskonale prezentuj\u0105 si\u0119 w Pa\u0144stwa domach.<\/p>\n<p style=\"text-align: center;\"><b>Unikalna struktura folii<\/b>\u00a0umo\u017cliwia odbijanie promieni s\u0142onecznych, co sprawia, \u017ce drzwi posiadaj\u0105 r\u00f3\u017cne odcienie w zale\u017cno\u015bci od pory dnia i nas\u0142onecznienia.<\/p>\n<p style=\"text-align: center;\">Proponowany model to skrzyd\u0142o drzwiowe wykonane z ramy MDF wype\u0142nionej wk\u0142adem stabilizuj\u0105cym w postaci tzw. plastra miodu. Rama wraz z wype\u0142nieniem jest dwustronnie ob\u0142o\u017cona p\u0142yt\u0105 HDF i oklejona Finish Foli\u0105 w kolorze drewna.<\/p>\n<p>&nbsp;<\/p>\n<p style=\"text-align: center;\"><strong><span style=\"font-size: 18pt;\">BRAK KOLORU TRUFLA<\/span><\/strong><\/p>\n<p style=\"text-align: center;\"><img loading=\"lazy\" decoding=\"async\" class=\"alignnone size-large wp-image-4151\" src=\"https:\/\/drzwitarasy.pl\/wp-content\/uploads\/2022\/10\/roco-trufla-pk-trzy-1024x805.jpg\" alt=\"\" width=\"640\" height=\"503\" srcset=\"https:\/\/drzwitarasy.pl\/wp-content\/uploads\/2022\/10\/roco-trufla-pk-trzy-1024x805.jpg 1024w, https:\/\/drzwitarasy.pl\/wp-content\/uploads\/2022\/10\/roco-trufla-pk-trzy-300x236.jpg 300w, https:\/\/drzwitarasy.pl\/wp-content\/uploads\/2022\/10\/roco-trufla-pk-trzy-600x472.jpg 600w, https:\/\/drzwitarasy.pl\/wp-content\/uploads\/2022\/10\/roco-trufla-pk-trzy-768x604.jpg 768w, https:\/\/drzwitarasy.pl\/wp-content\/uploads\/2022\/10\/roco-trufla-pk-trzy-1536x1207.jpg 1536w, https:\/\/drzwitarasy.pl\/wp-content\/uploads\/2022\/10\/roco-trufla-pk-trzy.jpg 1608w\" sizes=\"auto, (max-width: 640px) 100vw, 640px\" \/><\/p>\n<p>&nbsp;<\/p>\n<p><img loading=\"lazy\" decoding=\"async\" class=\"aligncenter wp-image-6755 size-full\" src=\"https:\/\/drzwitarasy.pl\/wp-content\/uploads\/2023\/10\/KOLORY-ROCO-bez-trufli.jpg\" alt=\"\" width=\"1440\" height=\"1082\" srcset=\"https:\/\/drzwitarasy.pl\/wp-content\/uploads\/2023\/10\/KOLORY-ROCO-bez-trufli.jpg 1440w, https:\/\/drzwitarasy.pl\/wp-content\/uploads\/2023\/10\/KOLORY-ROCO-bez-trufli-300x225.jpg 300w, https:\/\/drzwitarasy.pl\/wp-content\/uploads\/2023\/10\/KOLORY-ROCO-bez-trufli-1024x769.jpg 1024w, https:\/\/drzwitarasy.pl\/wp-content\/uploads\/2023\/10\/KOLORY-ROCO-bez-trufli-768x577.jpg 768w, https:\/\/drzwitarasy.pl\/wp-content\/uploads\/2023\/10\/KOLORY-ROCO-bez-trufli-600x451.jpg 600w\" sizes=\"auto, (max-width: 1440px) 100vw, 1440px\" \/><\/p>\n<p>&nbsp;<\/p>\n<p><img loading=\"lazy\" decoding=\"async\" class=\"aligncenter size-full wp-image-4460\" src=\"https:\/\/drzwitarasy.pl\/wp-content\/uploads\/2024\/11\/KONTAKT-ok.jpg\" alt=\"\" width=\"1619\" height=\"1410\" srcset=\"https:\/\/drzwitarasy.pl\/wp-content\/uploads\/2024\/11\/KONTAKT-ok.jpg 1619w, https:\/\/drzwitarasy.pl\/wp-content\/uploads\/2024\/11\/KONTAKT-ok-300x261.jpg 300w, https:\/\/drzwitarasy.pl\/wp-content\/uploads\/2024\/11\/KONTAKT-ok-600x523.jpg 600w, https:\/\/drzwitarasy.pl\/wp-content\/uploads\/2024\/11\/KONTAKT-ok-1024x892.jpg 1024w, https:\/\/drzwitarasy.pl\/wp-content\/uploads\/2024\/11\/KONTAKT-ok-768x669.jpg 768w, https:\/\/drzwitarasy.pl\/wp-content\/uploads\/2024\/11\/KONTAKT-ok-1536x1338.jpg 1536w\" sizes=\"auto, (max-width: 1619px) 100vw, 1619px\" \/><\/p>\n","protected":false},"excerpt":{"rendered":"<ul>\n<li>2 srebrne zawiasy \u0142o\u017cyskowe<\/li>\n<li>zamek: na klucz (pok\u00f3j, pe\u0142ne), na wk\u0142adk\u0119 patentow\u0105 (dodatkowa op\u0142ata) lub obrotowy (\u0142azienkowe)<\/li>\n<li>klamka\/o\u015bcie\u017cnica za dodatkow\u0105 op\u0142at\u0105 (nie wchodzi w cen\u0119 skrzyd\u0142a)<\/li>\n<\/ul>\n","protected":false},"featured_media":1897,"template":"","meta":{"_acf_changed":false,"_monsterinsights_skip_tracking":false,"_monsterinsights_sitenote_active":false,"_monsterinsights_sitenote_note":"","_monsterinsights_sitenote_category":0},"product_brand":[527],"product_cat":[22,21],"product_tag":[430,179,467,429,173],"class_list":{"0":"post-801","1":"product","2":"type-product","3":"status-publish","4":"has-post-thumbnail","6":"product_brand-windoor","7":"product_cat-drzwi-standard","8":"product_cat-drzwi-wewnetrzne","9":"product_tag-dobre-drzwi","10":"product_tag-drzwi-wewnetrzne","11":"product_tag-papierzaki","12":"product_tag-roco","13":"product_tag-windoor","14":"product_shipping_class-drzwi-windoor","16":"first","17":"instock","18":"sale","19":"shipping-taxable","20":"purchasable","21":"product-type-simple","22":"add-to-wishlist-after_add_to_cart"},"acf":[],"aioseo_notices":[],"jetpack_sharing_enabled":true,"_links":{"self":[{"href":"https:\/\/drzwitarasy.pl\/index.php?rest_route=\/wp\/v2\/product\/801","targetHints":{"allow":["GET"]}}],"collection":[{"href":"https:\/\/drzwitarasy.pl\/index.php?rest_route=\/wp\/v2\/product"}],"about":[{"href":"https:\/\/drzwitarasy.pl\/index.php?rest_route=\/wp\/v2\/types\/product"}],"wp:featuredmedia":[{"embeddable":true,"href":"https:\/\/drzwitarasy.pl\/index.php?rest_route=\/wp\/v2\/media\/1897"}],"wp:attachment":[{"href":"https:\/\/drzwitarasy.pl\/index.php?rest_route=%2Fwp%2Fv2%2Fmedia&parent=801"}],"wp:term":[{"taxonomy":"product_brand","embeddable":true,"href":"https:\/\/drzwitarasy.pl\/index.php?rest_route=%2Fwp%2Fv2%2Fproduct_brand&post=801"},{"taxonomy":"product_cat","embeddable":true,"href":"https:\/\/drzwitarasy.pl\/index.php?rest_route=%2Fwp%2Fv2%2Fproduct_cat&post=801"},{"taxonomy":"product_tag","embeddable":true,"href":"https:\/\/drzwitarasy.pl\/index.php?rest_route=%2Fwp%2Fv2%2Fproduct_tag&post=801"}],"curies":[{"name":"wp","href":"https:\/\/api.w.org\/{rel}","templated":true}]}}