{"id":7456,"date":"2026-05-07T19:32:53","date_gmt":"2026-05-07T17:32:53","guid":{"rendered":"https:\/\/drzwitarasy.pl\/?post_type=product&#038;p=7456"},"modified":"2026-05-07T21:55:01","modified_gmt":"2026-05-07T19:55:01","slug":"albatros-przesuwne-drzwi-wewnetrzne-windoor","status":"publish","type":"product","link":"https:\/\/drzwitarasy.pl\/?product=albatros-przesuwne-drzwi-wewnetrzne-windoor","title":{"rendered":"ALBATROS Przesuwne Drzwi Wewn\u0119trzne Windoor"},"content":{"rendered":"<p>&nbsp;<\/p>\n<p><img data-recalc-dims=\"1\" loading=\"lazy\" decoding=\"async\" data-attachment-id=\"5410\" data-permalink=\"https:\/\/drzwitarasy.pl\/?attachment_id=5410\" data-orig-file=\"https:\/\/i0.wp.com\/drzwitarasy.pl\/wp-content\/uploads\/2022\/10\/BANER-NOWY-ZMIENIONY.jpg?fit=2420%2C948&amp;ssl=1\" data-orig-size=\"2420,948\" data-comments-opened=\"0\" data-image-meta=\"{&quot;aperture&quot;:&quot;0&quot;,&quot;credit&quot;:&quot;&quot;,&quot;camera&quot;:&quot;&quot;,&quot;caption&quot;:&quot;&quot;,&quot;created_timestamp&quot;:&quot;0&quot;,&quot;copyright&quot;:&quot;&quot;,&quot;focal_length&quot;:&quot;0&quot;,&quot;iso&quot;:&quot;0&quot;,&quot;shutter_speed&quot;:&quot;0&quot;,&quot;title&quot;:&quot;&quot;,&quot;orientation&quot;:&quot;1&quot;}\" data-image-title=\"BANER NOWY ZMIENIONY\" data-image-description=\"\" data-image-caption=\"\" data-large-file=\"https:\/\/i0.wp.com\/drzwitarasy.pl\/wp-content\/uploads\/2022\/10\/BANER-NOWY-ZMIENIONY.jpg?fit=640%2C251&amp;ssl=1\" class=\"aligncenter size-full wp-image-5410\" src=\"https:\/\/i0.wp.com\/drzwitarasy.pl\/wp-content\/uploads\/2022\/10\/BANER-NOWY-ZMIENIONY.jpg?resize=640%2C251&#038;ssl=1\" alt=\"\" width=\"640\" height=\"251\" srcset=\"https:\/\/i0.wp.com\/drzwitarasy.pl\/wp-content\/uploads\/2022\/10\/BANER-NOWY-ZMIENIONY.jpg?w=2420&amp;ssl=1 2420w, https:\/\/i0.wp.com\/drzwitarasy.pl\/wp-content\/uploads\/2022\/10\/BANER-NOWY-ZMIENIONY.jpg?resize=300%2C118&amp;ssl=1 300w, https:\/\/i0.wp.com\/drzwitarasy.pl\/wp-content\/uploads\/2022\/10\/BANER-NOWY-ZMIENIONY.jpg?resize=600%2C235&amp;ssl=1 600w, https:\/\/i0.wp.com\/drzwitarasy.pl\/wp-content\/uploads\/2022\/10\/BANER-NOWY-ZMIENIONY.jpg?resize=1024%2C401&amp;ssl=1 1024w, https:\/\/i0.wp.com\/drzwitarasy.pl\/wp-content\/uploads\/2022\/10\/BANER-NOWY-ZMIENIONY.jpg?resize=768%2C301&amp;ssl=1 768w, https:\/\/i0.wp.com\/drzwitarasy.pl\/wp-content\/uploads\/2022\/10\/BANER-NOWY-ZMIENIONY.jpg?resize=1536%2C602&amp;ssl=1 1536w, https:\/\/i0.wp.com\/drzwitarasy.pl\/wp-content\/uploads\/2022\/10\/BANER-NOWY-ZMIENIONY.jpg?resize=2048%2C802&amp;ssl=1 2048w, https:\/\/i0.wp.com\/drzwitarasy.pl\/wp-content\/uploads\/2022\/10\/BANER-NOWY-ZMIENIONY.jpg?w=1280&amp;ssl=1 1280w, https:\/\/i0.wp.com\/drzwitarasy.pl\/wp-content\/uploads\/2022\/10\/BANER-NOWY-ZMIENIONY.jpg?w=1920&amp;ssl=1 1920w\" sizes=\"auto, (max-width: 640px) 100vw, 640px\" \/><\/p>\n<p>&nbsp;<\/p>\n<p>&nbsp;<\/p>\n<p><img data-recalc-dims=\"1\" loading=\"lazy\" decoding=\"async\" data-attachment-id=\"5401\" data-permalink=\"https:\/\/drzwitarasy.pl\/?attachment_id=5401\" data-orig-file=\"https:\/\/i0.wp.com\/drzwitarasy.pl\/wp-content\/uploads\/2022\/10\/ALBATROS-PRZESUWNE.jpg?fit=908%2C800&amp;ssl=1\" data-orig-size=\"908,800\" data-comments-opened=\"0\" data-image-meta=\"{&quot;aperture&quot;:&quot;0&quot;,&quot;credit&quot;:&quot;&quot;,&quot;camera&quot;:&quot;&quot;,&quot;caption&quot;:&quot;4c056c6d903d849fad00da32d159e034f7a5d90991f5b9a8e836adaceaf26deb5c52144ce946772ca6dfc82a2a3a4eecda6accaacb131b9b6a2bcef22520a04d9bf65a45535f8c26f06183378d9cd779&quot;,&quot;created_timestamp&quot;:&quot;0&quot;,&quot;copyright&quot;:&quot;&quot;,&quot;focal_length&quot;:&quot;0&quot;,&quot;iso&quot;:&quot;0&quot;,&quot;shutter_speed&quot;:&quot;0&quot;,&quot;title&quot;:&quot;&quot;,&quot;orientation&quot;:&quot;1&quot;}\" data-image-title=\"ALBATROS PRZESUWNE\" data-image-description=\"\" data-image-caption=\"\" data-large-file=\"https:\/\/i0.wp.com\/drzwitarasy.pl\/wp-content\/uploads\/2022\/10\/ALBATROS-PRZESUWNE.jpg?fit=640%2C564&amp;ssl=1\" class=\"aligncenter size-full wp-image-5401\" src=\"https:\/\/i0.wp.com\/drzwitarasy.pl\/wp-content\/uploads\/2022\/10\/ALBATROS-PRZESUWNE.jpg?resize=640%2C564&#038;ssl=1\" alt=\"\" width=\"640\" height=\"564\" srcset=\"https:\/\/i0.wp.com\/drzwitarasy.pl\/wp-content\/uploads\/2022\/10\/ALBATROS-PRZESUWNE.jpg?w=908&amp;ssl=1 908w, https:\/\/i0.wp.com\/drzwitarasy.pl\/wp-content\/uploads\/2022\/10\/ALBATROS-PRZESUWNE.jpg?resize=300%2C264&amp;ssl=1 300w, https:\/\/i0.wp.com\/drzwitarasy.pl\/wp-content\/uploads\/2022\/10\/ALBATROS-PRZESUWNE.jpg?resize=600%2C529&amp;ssl=1 600w, https:\/\/i0.wp.com\/drzwitarasy.pl\/wp-content\/uploads\/2022\/10\/ALBATROS-PRZESUWNE.jpg?resize=768%2C677&amp;ssl=1 768w\" sizes=\"auto, (max-width: 640px) 100vw, 640px\" \/><\/p>\n<p><img data-recalc-dims=\"1\" loading=\"lazy\" decoding=\"async\" data-attachment-id=\"7031\" data-permalink=\"https:\/\/drzwitarasy.pl\/?attachment_id=7031\" data-orig-file=\"https:\/\/i0.wp.com\/drzwitarasy.pl\/wp-content\/uploads\/2022\/10\/KOLORY-albatros-NOWE.jpg?fit=757%2C568&amp;ssl=1\" data-orig-size=\"757,568\" data-comments-opened=\"0\" data-image-meta=\"{&quot;aperture&quot;:&quot;0&quot;,&quot;credit&quot;:&quot;&quot;,&quot;camera&quot;:&quot;&quot;,&quot;caption&quot;:&quot;&quot;,&quot;created_timestamp&quot;:&quot;0&quot;,&quot;copyright&quot;:&quot;&quot;,&quot;focal_length&quot;:&quot;0&quot;,&quot;iso&quot;:&quot;0&quot;,&quot;shutter_speed&quot;:&quot;0&quot;,&quot;title&quot;:&quot;&quot;,&quot;orientation&quot;:&quot;1&quot;}\" data-image-title=\"KOLORY albatros NOWE\" data-image-description=\"\" data-image-caption=\"\" data-large-file=\"https:\/\/i0.wp.com\/drzwitarasy.pl\/wp-content\/uploads\/2022\/10\/KOLORY-albatros-NOWE.jpg?fit=640%2C480&amp;ssl=1\" class=\"aligncenter size-full wp-image-7031\" src=\"https:\/\/i0.wp.com\/drzwitarasy.pl\/wp-content\/uploads\/2022\/10\/KOLORY-albatros-NOWE.jpg?resize=640%2C480&#038;ssl=1\" alt=\"\" width=\"640\" height=\"480\" srcset=\"https:\/\/i0.wp.com\/drzwitarasy.pl\/wp-content\/uploads\/2022\/10\/KOLORY-albatros-NOWE.jpg?w=757&amp;ssl=1 757w, https:\/\/i0.wp.com\/drzwitarasy.pl\/wp-content\/uploads\/2022\/10\/KOLORY-albatros-NOWE.jpg?resize=300%2C225&amp;ssl=1 300w, https:\/\/i0.wp.com\/drzwitarasy.pl\/wp-content\/uploads\/2022\/10\/KOLORY-albatros-NOWE.jpg?resize=600%2C450&amp;ssl=1 600w\" sizes=\"auto, (max-width: 640px) 100vw, 640px\" \/><\/p>\n<p style=\"text-align: center;\"><strong><span style=\"font-size: 18pt;\">DRZWI ALBATROS PRZESUWNE\u00a0<\/span><\/strong><\/p>\n<p>&nbsp;<\/p>\n<p style=\"text-align: center;\">Mamy przyjemno\u015b\u0107 przedstawi\u0107<b>\u00a0kolekcj\u0119<\/b>\u00a0drzwi wewn\u0119trznych. Skrzyd\u0142a te pokryte s\u0105 oklein\u0105 drewnopodobn\u0105 zapewniaj\u0105c\u0105\u00a0<b>wysokie walory estetyczne<\/b>, dzi\u0119ki kt\u00f3rym drzwi doskonale prezentuj\u0105 si\u0119 w Pa\u0144stwa domach.<\/p>\n<p style=\"text-align: center;\"><b>Unikalna struktura folii<\/b>\u00a0umo\u017cliwia odbijanie promieni s\u0142onecznych, co sprawia, \u017ce drzwi posiadaj\u0105 r\u00f3\u017cne odcienie w zale\u017cno\u015bci od pory dnia i nas\u0142onecznienia.<\/p>\n<p style=\"text-align: center;\">Proponowany model to skrzyd\u0142o drzwiowe wykonane z ramy MDF wype\u0142nionej wk\u0142adem stabilizuj\u0105cym w postaci tzw. plastra miodu. Rama wraz z wype\u0142nieniem jest dwustronnie ob\u0142o\u017cona p\u0142yt\u0105 HDF i oklejona Finish Foli\u0105 w kolorze drewna.<\/p>\n<p class=\"p1\"><span class=\"s1\"><b>KOLORY STANDARD<\/b><\/span><\/p>\n<p class=\"p1\"><span class=\"s2\">&#8211; <\/span>SILVER &#8211;<\/p>\n<p class=\"p1\"><span class=\"s1\"><b>KOLORY PREMIUM<\/b><\/span><\/p>\n<p class=\"p1\">&#8211; ORZECH NORTH &#8211;<\/p>\n<p><img data-recalc-dims=\"1\" loading=\"lazy\" decoding=\"async\" data-attachment-id=\"6443\" data-permalink=\"https:\/\/drzwitarasy.pl\/?attachment_id=6443\" data-orig-file=\"https:\/\/i0.wp.com\/drzwitarasy.pl\/wp-content\/uploads\/2021\/02\/plaster-miodu-nowy.jpg?fit=319%2C158&amp;ssl=1\" data-orig-size=\"319,158\" data-comments-opened=\"0\" data-image-meta=\"{&quot;aperture&quot;:&quot;0&quot;,&quot;credit&quot;:&quot;&quot;,&quot;camera&quot;:&quot;&quot;,&quot;caption&quot;:&quot;&quot;,&quot;created_timestamp&quot;:&quot;0&quot;,&quot;copyright&quot;:&quot;&quot;,&quot;focal_length&quot;:&quot;0&quot;,&quot;iso&quot;:&quot;0&quot;,&quot;shutter_speed&quot;:&quot;0&quot;,&quot;title&quot;:&quot;&quot;,&quot;orientation&quot;:&quot;0&quot;}\" data-image-title=\"plaster miodu nowy\" data-image-description=\"\" data-image-caption=\"\" data-large-file=\"https:\/\/i0.wp.com\/drzwitarasy.pl\/wp-content\/uploads\/2021\/02\/plaster-miodu-nowy.jpg?fit=319%2C158&amp;ssl=1\" class=\"aligncenter size-full wp-image-6443\" src=\"https:\/\/i0.wp.com\/drzwitarasy.pl\/wp-content\/uploads\/2021\/02\/plaster-miodu-nowy.jpg?resize=319%2C158&#038;ssl=1\" alt=\"\" width=\"319\" height=\"158\" srcset=\"https:\/\/i0.wp.com\/drzwitarasy.pl\/wp-content\/uploads\/2021\/02\/plaster-miodu-nowy.jpg?w=319&amp;ssl=1 319w, https:\/\/i0.wp.com\/drzwitarasy.pl\/wp-content\/uploads\/2021\/02\/plaster-miodu-nowy.jpg?resize=300%2C149&amp;ssl=1 300w\" sizes=\"auto, (max-width: 319px) 100vw, 319px\" \/><\/p>\n<h2 data-section-id=\"1h4hls0\" data-start=\"0\" data-end=\"62\">Opis produktu \u2014 Albatros przesuwne drzwi wewn\u0119trzne WINDOOR<\/h2>\n<p data-start=\"64\" data-end=\"386\"><span class=\"hover:entity-accent entity-underline inline cursor-pointer align-baseline\"><span class=\"whitespace-normal\">Albatros przesuwne drzwi wewn\u0119trzne WINDOOR<\/span><\/span> to nowoczesne skrzyd\u0142o drzwiowe przeznaczone do wn\u0119trz mieszkalnych i u\u017cytkowych. Model \u0142\u0105czy prosty, uniwersalny design z funkcjonalno\u015bci\u0105 systemu przesuwnego, dzi\u0119ki czemu doskonale sprawdza si\u0119 w mieszkaniach, apartamentach, biurach oraz pomieszczeniach o ograniczonej przestrzeni.<\/p>\n<p data-start=\"388\" data-end=\"717\">Skrzyd\u0142o wykonano z ramy MDF wype\u0142nionej stabilizuj\u0105cym wk\u0142adem typu \u201eplaster miodu\u201d, ca\u0142o\u015b\u0107 zosta\u0142a ob\u0142o\u017cona p\u0142yt\u0105 HDF oraz pokryta trwa\u0142\u0105 oklein\u0105 Finish Folia imituj\u0105c\u0105 naturalne drewno. Takie rozwi\u0105zanie zapewnia lekko\u015b\u0107 konstrukcji, estetyczny wygl\u0105d oraz \u0142atwo\u015b\u0107 utrzymania w czysto\u015bci.<\/p>\n<h3 data-section-id=\"1yu0sph\" data-start=\"719\" data-end=\"752\">Najwa\u017cniejsze cechy produktu:<\/h3>\n<ul data-start=\"753\" data-end=\"1290\">\n<li data-section-id=\"1me97uj\" data-start=\"753\" data-end=\"792\">nowoczesne drzwi przesuwne do wn\u0119trz,<\/li>\n<li data-section-id=\"i7caw3\" data-start=\"793\" data-end=\"817\">konstrukcja MDF + HDF,<\/li>\n<li data-section-id=\"53u370\" data-start=\"818\" data-end=\"865\">wype\u0142nienie stabilizuj\u0105ce typu plaster miodu,<\/li>\n<li data-section-id=\"i6m20o\" data-start=\"866\" data-end=\"922\">odporna na codzienne u\u017cytkowanie okleina Finish Folia,<\/li>\n<li data-section-id=\"wji0tr\" data-start=\"923\" data-end=\"983\">mo\u017cliwo\u015b\u0107 wyboru wersji pokojowej, \u0142azienkowej lub pe\u0142nej,<\/li>\n<li data-section-id=\"gvw8x7\" data-start=\"984\" data-end=\"1034\">dost\u0119pne szeroko\u015bci: 60 \/ 70 \/ 80 \/ 90 cm,<\/li>\n<li data-section-id=\"19xfh9b\" data-start=\"1035\" data-end=\"1094\">mo\u017cliwo\u015b\u0107 wykonania jako drzwi lewe, prawe lub przesuwne,<\/li>\n<li data-section-id=\"1s3kz9q\" data-start=\"1095\" data-end=\"1155\">opcjonalne podci\u0119cie wentylacyjne lub tuleje wentylacyjne,<\/li>\n<li data-section-id=\"1qv6zot\" data-start=\"1156\" data-end=\"1290\">szeroka gama kolorystyczna: Sonoma, D\u0105b Country, D\u0105b G\u00f3rski, Orzech, D\u0105b Szary, Silver i inne.<\/li>\n<\/ul>\n<h3 data-section-id=\"1x0f331\" data-start=\"1292\" data-end=\"1308\">Zastosowanie<\/h3>\n<p data-start=\"1309\" data-end=\"1350\">Model Albatros WINDOOR sprawdzi si\u0119 jako:<\/p>\n<ul data-start=\"1351\" data-end=\"1466\">\n<li data-section-id=\"nlkgon\" data-start=\"1351\" data-end=\"1369\">drzwi do salonu,<\/li>\n<li data-section-id=\"1336pk4\" data-start=\"1370\" data-end=\"1390\">drzwi do sypialni,<\/li>\n<li data-section-id=\"xi0b9q\" data-start=\"1391\" data-end=\"1412\">drzwi do garderoby,<\/li>\n<li data-section-id=\"1nscm6z\" data-start=\"1413\" data-end=\"1432\">drzwi \u0142azienkowe,<\/li>\n<li data-section-id=\"1aokviu\" data-start=\"1433\" data-end=\"1466\">drzwi do pomieszcze\u0144 biurowych.<\/li>\n<\/ul>\n<p data-start=\"1468\" data-end=\"1694\">System przesuwny pozwala zaoszcz\u0119dzi\u0107 miejsce i nadaje wn\u0119trzu nowoczesny charakter. Prowadnica montowana nad otworem drzwiowym umo\u017cliwia p\u0142ynne przesuwanie skrzyd\u0142a po aluminiowej szynie.<\/p>\n<h3 data-section-id=\"o6d7ue\" data-start=\"1696\" data-end=\"1720\">Informacje dodatkowe<\/h3>\n<ul data-start=\"1721\" data-end=\"1933\">\n<li data-section-id=\"yq757c\" data-start=\"1721\" data-end=\"1742\">producent: WINDOOR,<\/li>\n<li data-section-id=\"bhegtm\" data-start=\"1743\" data-end=\"1781\">czas realizacji: oko\u0142o 2\u20133 tygodnie,<\/li>\n<li data-section-id=\"6lecp2\" data-start=\"1782\" data-end=\"1850\">o\u015bcie\u017cnica (tunel) i system przesuwny sprzedawane s\u0105 osobno,<\/li>\n<li data-section-id=\"uv765u\" data-start=\"1851\" data-end=\"1933\">mo\u017cliwo\u015b\u0107 wyboru czarnych oku\u0107 za dop\u0142at\u0105.<\/li>\n<\/ul>\n<p><img data-recalc-dims=\"1\" loading=\"lazy\" decoding=\"async\" data-attachment-id=\"4460\" data-permalink=\"https:\/\/drzwitarasy.pl\/?attachment_id=4460\" data-orig-file=\"https:\/\/i0.wp.com\/drzwitarasy.pl\/wp-content\/uploads\/2024\/11\/KONTAKT-ok.jpg?fit=1619%2C1410&amp;ssl=1\" data-orig-size=\"1619,1410\" data-comments-opened=\"0\" data-image-meta=\"{&quot;aperture&quot;:&quot;0&quot;,&quot;credit&quot;:&quot;&quot;,&quot;camera&quot;:&quot;&quot;,&quot;caption&quot;:&quot;&quot;,&quot;created_timestamp&quot;:&quot;0&quot;,&quot;copyright&quot;:&quot;&quot;,&quot;focal_length&quot;:&quot;0&quot;,&quot;iso&quot;:&quot;0&quot;,&quot;shutter_speed&quot;:&quot;0&quot;,&quot;title&quot;:&quot;&quot;,&quot;orientation&quot;:&quot;1&quot;}\" data-image-title=\"KONTAKT ok\" data-image-description=\"\" data-image-caption=\"\" data-large-file=\"https:\/\/i0.wp.com\/drzwitarasy.pl\/wp-content\/uploads\/2024\/11\/KONTAKT-ok.jpg?fit=640%2C558&amp;ssl=1\" class=\"aligncenter size-full wp-image-4460\" src=\"https:\/\/i0.wp.com\/drzwitarasy.pl\/wp-content\/uploads\/2024\/11\/KONTAKT-ok.jpg?resize=640%2C557&#038;ssl=1\" alt=\"\" width=\"640\" height=\"557\" srcset=\"https:\/\/i0.wp.com\/drzwitarasy.pl\/wp-content\/uploads\/2024\/11\/KONTAKT-ok.jpg?w=1619&amp;ssl=1 1619w, https:\/\/i0.wp.com\/drzwitarasy.pl\/wp-content\/uploads\/2024\/11\/KONTAKT-ok.jpg?resize=300%2C261&amp;ssl=1 300w, https:\/\/i0.wp.com\/drzwitarasy.pl\/wp-content\/uploads\/2024\/11\/KONTAKT-ok.jpg?resize=600%2C523&amp;ssl=1 600w, https:\/\/i0.wp.com\/drzwitarasy.pl\/wp-content\/uploads\/2024\/11\/KONTAKT-ok.jpg?resize=1024%2C892&amp;ssl=1 1024w, https:\/\/i0.wp.com\/drzwitarasy.pl\/wp-content\/uploads\/2024\/11\/KONTAKT-ok.jpg?resize=768%2C669&amp;ssl=1 768w, https:\/\/i0.wp.com\/drzwitarasy.pl\/wp-content\/uploads\/2024\/11\/KONTAKT-ok.jpg?resize=1536%2C1338&amp;ssl=1 1536w, https:\/\/i0.wp.com\/drzwitarasy.pl\/wp-content\/uploads\/2024\/11\/KONTAKT-ok.jpg?w=1280&amp;ssl=1 1280w\" sizes=\"auto, (max-width: 640px) 100vw, 640px\" \/><\/p>\n<p><img data-recalc-dims=\"1\" loading=\"lazy\" decoding=\"async\" data-attachment-id=\"5403\" data-permalink=\"https:\/\/drzwitarasy.pl\/?attachment_id=5403\" data-orig-file=\"https:\/\/i0.wp.com\/drzwitarasy.pl\/wp-content\/uploads\/2022\/10\/albatros-trzy-mini-1.jpg?fit=1512%2C1045&amp;ssl=1\" data-orig-size=\"1512,1045\" data-comments-opened=\"0\" data-image-meta=\"{&quot;aperture&quot;:&quot;0&quot;,&quot;credit&quot;:&quot;&quot;,&quot;camera&quot;:&quot;&quot;,&quot;caption&quot;:&quot;&quot;,&quot;created_timestamp&quot;:&quot;0&quot;,&quot;copyright&quot;:&quot;&quot;,&quot;focal_length&quot;:&quot;0&quot;,&quot;iso&quot;:&quot;0&quot;,&quot;shutter_speed&quot;:&quot;0&quot;,&quot;title&quot;:&quot;&quot;,&quot;orientation&quot;:&quot;1&quot;}\" data-image-title=\"albatros-trzy mini\" data-image-description=\"\" data-image-caption=\"\" data-large-file=\"https:\/\/i0.wp.com\/drzwitarasy.pl\/wp-content\/uploads\/2022\/10\/albatros-trzy-mini-1.jpg?fit=640%2C443&amp;ssl=1\" class=\"aligncenter size-full wp-image-5403\" src=\"https:\/\/i0.wp.com\/drzwitarasy.pl\/wp-content\/uploads\/2022\/10\/albatros-trzy-mini-1.jpg?resize=640%2C442&#038;ssl=1\" alt=\"\" width=\"640\" height=\"442\" srcset=\"https:\/\/i0.wp.com\/drzwitarasy.pl\/wp-content\/uploads\/2022\/10\/albatros-trzy-mini-1.jpg?w=1512&amp;ssl=1 1512w, https:\/\/i0.wp.com\/drzwitarasy.pl\/wp-content\/uploads\/2022\/10\/albatros-trzy-mini-1.jpg?resize=300%2C207&amp;ssl=1 300w, https:\/\/i0.wp.com\/drzwitarasy.pl\/wp-content\/uploads\/2022\/10\/albatros-trzy-mini-1.jpg?resize=600%2C415&amp;ssl=1 600w, https:\/\/i0.wp.com\/drzwitarasy.pl\/wp-content\/uploads\/2022\/10\/albatros-trzy-mini-1.jpg?resize=1024%2C708&amp;ssl=1 1024w, https:\/\/i0.wp.com\/drzwitarasy.pl\/wp-content\/uploads\/2022\/10\/albatros-trzy-mini-1.jpg?resize=768%2C531&amp;ssl=1 768w, https:\/\/i0.wp.com\/drzwitarasy.pl\/wp-content\/uploads\/2022\/10\/albatros-trzy-mini-1.jpg?w=1280&amp;ssl=1 1280w\" sizes=\"auto, (max-width: 640px) 100vw, 640px\" \/> <img data-recalc-dims=\"1\" loading=\"lazy\" decoding=\"async\" data-attachment-id=\"5402\" data-permalink=\"https:\/\/drzwitarasy.pl\/?attachment_id=5402\" data-orig-file=\"https:\/\/i0.wp.com\/drzwitarasy.pl\/wp-content\/uploads\/2022\/10\/ALBATROS-TRZY-Z-TULEJAMI.jpg?fit=1000%2C676&amp;ssl=1\" data-orig-size=\"1000,676\" data-comments-opened=\"0\" data-image-meta=\"{&quot;aperture&quot;:&quot;0&quot;,&quot;credit&quot;:&quot;&quot;,&quot;camera&quot;:&quot;&quot;,&quot;caption&quot;:&quot;&quot;,&quot;created_timestamp&quot;:&quot;0&quot;,&quot;copyright&quot;:&quot;&quot;,&quot;focal_length&quot;:&quot;0&quot;,&quot;iso&quot;:&quot;0&quot;,&quot;shutter_speed&quot;:&quot;0&quot;,&quot;title&quot;:&quot;&quot;,&quot;orientation&quot;:&quot;0&quot;}\" data-image-title=\"ALBATROS TRZY Z TULEJAMI\" data-image-description=\"\" data-image-caption=\"\" data-large-file=\"https:\/\/i0.wp.com\/drzwitarasy.pl\/wp-content\/uploads\/2022\/10\/ALBATROS-TRZY-Z-TULEJAMI.jpg?fit=640%2C433&amp;ssl=1\" class=\"aligncenter size-full wp-image-5402\" src=\"https:\/\/i0.wp.com\/drzwitarasy.pl\/wp-content\/uploads\/2022\/10\/ALBATROS-TRZY-Z-TULEJAMI.jpg?resize=640%2C433&#038;ssl=1\" alt=\"\" width=\"640\" height=\"433\" srcset=\"https:\/\/i0.wp.com\/drzwitarasy.pl\/wp-content\/uploads\/2022\/10\/ALBATROS-TRZY-Z-TULEJAMI.jpg?w=1000&amp;ssl=1 1000w, https:\/\/i0.wp.com\/drzwitarasy.pl\/wp-content\/uploads\/2022\/10\/ALBATROS-TRZY-Z-TULEJAMI.jpg?resize=300%2C203&amp;ssl=1 300w, https:\/\/i0.wp.com\/drzwitarasy.pl\/wp-content\/uploads\/2022\/10\/ALBATROS-TRZY-Z-TULEJAMI.jpg?resize=600%2C406&amp;ssl=1 600w, https:\/\/i0.wp.com\/drzwitarasy.pl\/wp-content\/uploads\/2022\/10\/ALBATROS-TRZY-Z-TULEJAMI.jpg?resize=768%2C519&amp;ssl=1 768w\" sizes=\"auto, (max-width: 640px) 100vw, 640px\" \/><\/p>\n<p>&nbsp;<\/p>\n<p>&nbsp;<\/p>\n<p>&nbsp;<\/p>\n<p>&nbsp;<\/p>\n<p>&nbsp;<\/p>\n<p>&nbsp;<\/p>\n<p>&nbsp;<\/p>\n<p>&nbsp;<\/p>\n<p>&nbsp;<\/p>\n","protected":false},"excerpt":{"rendered":"<p>&nbsp; &nbsp; &nbsp; DRZWI ALBATROS PRZESUWNE\u00a0 &nbsp; Mamy przyjemno\u015b\u0107 przedstawi\u0107\u00a0kolekcj\u0119\u00a0drzwi wewn\u0119trznych. Skrzyd\u0142a te pokryte s\u0105 oklein\u0105 drewnopodobn\u0105 zapewniaj\u0105c\u0105\u00a0wysokie walory estetyczne, dzi\u0119ki kt\u00f3rym drzwi doskonale prezentuj\u0105 si\u0119 w Pa\u0144stwa domach. Unikalna struktura folii\u00a0umo\u017cliwia odbijanie promieni s\u0142onecznych, co sprawia, \u017ce drzwi posiadaj\u0105 r\u00f3\u017cne odcienie w zale\u017cno\u015bci od pory dnia i nas\u0142onecznienia. Proponowany model to skrzyd\u0142o drzwiowe wykonane [&hellip;]<\/p>\n","protected":false},"featured_media":5401,"template":"","meta":{"_acf_changed":false,"jetpack_publicize_message":"","jetpack_publicize_feature_enabled":true,"jetpack_social_post_already_shared":false,"jetpack_social_options":{"image_generator_settings":{"template":"highway","default_image_id":0,"font":"","enabled":false},"version":2}},"product_brand":[527],"product_cat":[22,562,561,21,516],"product_tag":[639,652,647,643,644,646,268,645,648,641,640,327,653,649,179,642,651,444,173,650],"class_list":{"0":"post-7456","1":"product","2":"type-product","3":"status-publish","4":"has-post-thumbnail","6":"product_brand-windoor","7":"product_cat-drzwi-standard","8":"product_cat-drzwi-przesuwne-windoor-drzwi-wewnetrzne","9":"product_cat-drzwi-przesuwne-windoor","10":"product_cat-drzwi-wewnetrzne","11":"product_cat-windoor","12":"product_tag-albatros","13":"product_tag-drzwi-dekoracyjne","14":"product_tag-drzwi-do-mieszkania","15":"product_tag-drzwi-do-salonu","16":"product_tag-drzwi-do-sypialni","17":"product_tag-drzwi-hdf","18":"product_tag-drzwi-loftowe","19":"product_tag-drzwi-mdf","20":"product_tag-drzwi-minimalistyczne","21":"product_tag-drzwi-nascienne","22":"product_tag-drzwi-pokojowe","23":"product_tag-drzwi-przesuwne","24":"product_tag-drzwi-przesuwne-wewnetrzne","25":"product_tag-drzwi-w-stylu-nowoczesnym","26":"product_tag-drzwi-wewnetrzne","27":"product_tag-nowoczesne-drzwi","28":"product_tag-stolarka-drzwiowa","29":"product_tag-system-przesuwny","30":"product_tag-windoor","31":"product_tag-wyposazenie-wnetrz","32":"product_shipping_class-drzwi-windoor","34":"first","35":"instock","36":"sale","37":"shipping-taxable","38":"purchasable","39":"product-type-simple","40":"add-to-wishlist-after_add_to_cart"},"acf":[],"aioseo_notices":[],"jetpack_publicize_connections":[],"jetpack_sharing_enabled":true,"jetpack_likes_enabled":true,"_links":{"self":[{"href":"https:\/\/drzwitarasy.pl\/index.php?rest_route=\/wp\/v2\/product\/7456","targetHints":{"allow":["GET"]}}],"collection":[{"href":"https:\/\/drzwitarasy.pl\/index.php?rest_route=\/wp\/v2\/product"}],"about":[{"href":"https:\/\/drzwitarasy.pl\/index.php?rest_route=\/wp\/v2\/types\/product"}],"wp:featuredmedia":[{"embeddable":true,"href":"https:\/\/drzwitarasy.pl\/index.php?rest_route=\/wp\/v2\/media\/5401"}],"wp:attachment":[{"href":"https:\/\/drzwitarasy.pl\/index.php?rest_route=%2Fwp%2Fv2%2Fmedia&parent=7456"}],"wp:term":[{"taxonomy":"product_brand","embeddable":true,"href":"https:\/\/drzwitarasy.pl\/index.php?rest_route=%2Fwp%2Fv2%2Fproduct_brand&post=7456"},{"taxonomy":"product_cat","embeddable":true,"href":"https:\/\/drzwitarasy.pl\/index.php?rest_route=%2Fwp%2Fv2%2Fproduct_cat&post=7456"},{"taxonomy":"product_tag","embeddable":true,"href":"https:\/\/drzwitarasy.pl\/index.php?rest_route=%2Fwp%2Fv2%2Fproduct_tag&post=7456"}],"curies":[{"name":"wp","href":"https:\/\/api.w.org\/{rel}","templated":true}]}}