{"id":7421,"date":"2026-05-02T02:07:21","date_gmt":"2026-05-02T00:07:21","guid":{"rendered":"https:\/\/drzwitarasy.pl\/?post_type=product&#038;p=7421"},"modified":"2026-05-02T02:22:10","modified_gmt":"2026-05-02T00:22:10","slug":"limes-drzwi-wewnetrzne-prestige-przesuwne","status":"publish","type":"product","link":"https:\/\/drzwitarasy.pl\/?product=limes-drzwi-wewnetrzne-prestige-przesuwne","title":{"rendered":"Limes drzwi wewn\u0119trzne Prestige PRZESUWNE"},"content":{"rendered":"<h2 data-section-id=\"11aa07f\" data-start=\"130\" data-end=\"212\"><img loading=\"lazy\" decoding=\"async\" class=\"aligncenter size-full wp-image-6036\" src=\"https:\/\/drzwitarasy.pl\/wp-content\/uploads\/2024\/12\/BANER-NOWY-ZMIENIONY.jpg\" alt=\"\" width=\"2420\" height=\"948\" srcset=\"https:\/\/drzwitarasy.pl\/wp-content\/uploads\/2024\/12\/BANER-NOWY-ZMIENIONY.jpg 2420w, https:\/\/drzwitarasy.pl\/wp-content\/uploads\/2024\/12\/BANER-NOWY-ZMIENIONY-300x118.jpg 300w, https:\/\/drzwitarasy.pl\/wp-content\/uploads\/2024\/12\/BANER-NOWY-ZMIENIONY-600x235.jpg 600w, https:\/\/drzwitarasy.pl\/wp-content\/uploads\/2024\/12\/BANER-NOWY-ZMIENIONY-1024x401.jpg 1024w, https:\/\/drzwitarasy.pl\/wp-content\/uploads\/2024\/12\/BANER-NOWY-ZMIENIONY-768x301.jpg 768w, https:\/\/drzwitarasy.pl\/wp-content\/uploads\/2024\/12\/BANER-NOWY-ZMIENIONY-1536x602.jpg 1536w, https:\/\/drzwitarasy.pl\/wp-content\/uploads\/2024\/12\/BANER-NOWY-ZMIENIONY-2048x802.jpg 2048w\" sizes=\"auto, (max-width: 2420px) 100vw, 2420px\" \/><\/h2>\n<h2 data-section-id=\"11aa07f\" data-start=\"130\" data-end=\"212\"><img loading=\"lazy\" decoding=\"async\" class=\"aligncenter wp-image-7422 size-full\" src=\"https:\/\/drzwitarasy.pl\/wp-content\/uploads\/2026\/05\/limes-PK-D-g-przes-ok.jpg\" alt=\"\" width=\"1270\" height=\"1168\" srcset=\"https:\/\/drzwitarasy.pl\/wp-content\/uploads\/2026\/05\/limes-PK-D-g-przes-ok.jpg 1270w, https:\/\/drzwitarasy.pl\/wp-content\/uploads\/2026\/05\/limes-PK-D-g-przes-ok-300x276.jpg 300w, https:\/\/drzwitarasy.pl\/wp-content\/uploads\/2026\/05\/limes-PK-D-g-przes-ok-1024x942.jpg 1024w, https:\/\/drzwitarasy.pl\/wp-content\/uploads\/2026\/05\/limes-PK-D-g-przes-ok-768x706.jpg 768w, https:\/\/drzwitarasy.pl\/wp-content\/uploads\/2026\/05\/limes-PK-D-g-przes-ok-600x552.jpg 600w\" sizes=\"auto, (max-width: 1270px) 100vw, 1270px\" \/><\/h2>\n<h2 data-section-id=\"11aa07f\" data-start=\"130\" data-end=\"212\"><strong data-start=\"133\" data-end=\"212\">PRZESUWNE Drzwi wewn\u0119trzne WINDOOR\u202fLimes \u2013 elegancja i funkcjonalno\u015b\u0107 w Twoim wn\u0119trzu<\/strong><\/h2>\n<p data-start=\"214\" data-end=\"453\">Drzwi <strong data-start=\"220\" data-end=\"237\">WINDOOR Limes<\/strong> to wyj\u0105tkowe po\u0142\u0105czenie klasycznego wzornictwa z nowoczesnymi rozwi\u0105zaniami. Zaprojektowane z my\u015bl\u0105 o trwa\u0142o\u015bci, estetyce i uniwersalno\u015bci, b\u0119d\u0105 doskona\u0142ym wyborem do salonu, sypialni, \u0142azienki czy pokoju dziennego.<\/p>\n<h3 data-section-id=\"11coq0f\" data-start=\"455\" data-end=\"497\"><strong data-start=\"459\" data-end=\"497\">Dlaczego warto wybra\u0107 drzwi Limes?<\/strong><\/h3>\n<p data-start=\"499\" data-end=\"1164\">\u2705 <strong data-start=\"501\" data-end=\"534\">Solidna konstrukcja ramiakowa<\/strong> \u2013 skrzyd\u0142o wykonane z p\u0142yty MDF o podwy\u017cszonej odporno\u015bci, co zapewnia stabilno\u015b\u0107 i d\u0142ugowieczno\u015b\u0107.<br data-start=\"634\" data-end=\"637\" \/>\u2705 <strong data-start=\"639\" data-end=\"663\">Technologia SOFTLINE<\/strong> \u2013 brak \u0142\u0105cze\u0144 okleiny na kraw\u0119dziach to nowoczesny, minimalistyczny wygl\u0105d oraz \u0142atwiejsze utrzymanie w czysto\u015bci.<br data-start=\"778\" data-end=\"781\" \/>\u2705 <strong data-start=\"783\" data-end=\"809\">R\u00f3\u017cnorodno\u015b\u0107 wariant\u00f3w<\/strong> \u2013 dost\u0119pne jako drzwi pe\u0142ne lub z przeszkleniem (np. szyba mleczna lub czarna VSG), idealne do r\u00f3\u017cnych pomieszcze\u0144 i styl\u00f3w aran\u017cacji.<br data-start=\"944\" data-end=\"947\" \/>\u2705 <strong data-start=\"949\" data-end=\"977\">Uniwersalne zastosowanie<\/strong> \u2013 \u015bwietny wyb\u00f3r do mieszka\u0144, dom\u00f3w, biur i innych przestrzeni u\u017cytkowych.<br data-start=\"1051\" data-end=\"1054\" \/>\u2705 <strong data-start=\"1056\" data-end=\"1082\">Mo\u017cliwo\u015b\u0107 konfiguracji<\/strong> \u2013 r\u00f3\u017cne szeroko\u015bci, kierunki otwierania.<\/p>\n<h3 data-section-id=\"1tle7d0\" data-start=\"1166\" data-end=\"1188\"><strong data-start=\"1170\" data-end=\"1188\">Cechy produktu<\/strong><\/h3>\n<ul data-start=\"1190\" data-end=\"1515\">\n<li data-section-id=\"hrnykt\" data-start=\"1190\" data-end=\"1222\">\n<p data-start=\"1192\" data-end=\"1222\"><strong data-start=\"1192\" data-end=\"1203\">Rodzaj:<\/strong> drzwi wewn\u0119trzne<\/p>\n<\/li>\n<li data-section-id=\"1herzvv\" data-start=\"1223\" data-end=\"1276\">\n<p data-start=\"1225\" data-end=\"1276\"><strong data-start=\"1225\" data-end=\"1238\">Materia\u0142:<\/strong> MDF z wyko\u0144czeniem odpornej okleiny<\/p>\n<\/li>\n<li data-section-id=\"12sy9yk\" data-start=\"1277\" data-end=\"1313\">\n<p data-start=\"1279\" data-end=\"1313\"><strong data-start=\"1279\" data-end=\"1288\">Styl:<\/strong> nowoczesny \/ klasyczny<\/p>\n<\/li>\n<li data-section-id=\"h4k4tj\" data-start=\"1314\" data-end=\"1383\">\n<p data-start=\"1316\" data-end=\"1383\"><strong data-start=\"1316\" data-end=\"1343\">Mo\u017cliwo\u015bci wyko\u0144czenia:<\/strong> pe\u0142ne, z szyb\u0105 mleczn\u0105 lub czarn\u0105 VSG<\/p>\n<\/li>\n<li data-section-id=\"13eaij4\" data-start=\"1384\" data-end=\"1434\">\n<p data-start=\"1386\" data-end=\"1434\"><strong data-start=\"1386\" data-end=\"1423\">Technologia wyko\u0144czenia kraw\u0119dzi:<\/strong> SOFTLINE<\/p>\n<\/li>\n<\/ul>\n<h3 data-section-id=\"1kp23ml\" data-start=\"1517\" data-end=\"1537\"><strong data-start=\"1521\" data-end=\"1537\">Zastosowanie<\/strong><\/h3>\n<p data-start=\"1539\" data-end=\"1600\">Drzwi WINDOOR Limes doskonale sprawdz\u0105 si\u0119 w pomieszczeniach:<\/p>\n<ul data-start=\"1602\" data-end=\"1699\">\n<li data-section-id=\"12xksvx\" data-start=\"1602\" data-end=\"1612\">\n<p data-start=\"1604\" data-end=\"1612\">salonach<\/p>\n<\/li>\n<li data-section-id=\"ebgs7v\" data-start=\"1613\" data-end=\"1626\">\n<p data-start=\"1615\" data-end=\"1626\">sypialniach<\/p>\n<\/li>\n<li data-section-id=\"1bek04z\" data-start=\"1627\" data-end=\"1647\">\n<p data-start=\"1629\" data-end=\"1647\">pokojach dziennych<\/p>\n<\/li>\n<li data-section-id=\"1t6jp3k\" data-start=\"1648\" data-end=\"1661\">\n<p data-start=\"1650\" data-end=\"1661\">korytarzach<\/p>\n<\/li>\n<li data-section-id=\"11pjk4w\" data-start=\"1662\" data-end=\"1699\">\n<p data-start=\"1664\" data-end=\"1699\">\u0142azienkach (wersja z szyb\u0105 mleczn\u0105)<\/p>\n<\/li>\n<\/ul>\n<h3 data-section-id=\"uat8ym\" data-start=\"1701\" data-end=\"1730\"><strong data-start=\"1705\" data-end=\"1730\">Korzy\u015bci dla klient\u00f3w<\/strong><\/h3>\n<p data-start=\"1732\" data-end=\"1924\">\u2728 Elegancki wygl\u0105d, kt\u00f3ry podkre\u015bli charakter wn\u0119trza<br data-start=\"1785\" data-end=\"1788\" \/>\u2728 Trwa\u0142a konstrukcja zapewniaj\u0105ca komfort codziennego u\u017cytkowania<br data-start=\"1853\" data-end=\"1856\" \/>\u2728 Du\u017cy wyb\u00f3r wersji pozwala dobra\u0107 drzwi idealnie pod Twoje potrzeby<\/p>\n<p>&nbsp;<\/p>\n<p>Poszukujesz drzwi, kt\u00f3re nie tylko b\u0119d\u0105 funkcjonalne, ale tak\u017ce nadadz\u0105 Twojemu wn\u0119trzu wyj\u0105tkowy, nowoczesny styl? Chcesz, aby by\u0142y trwa\u0142e, estetyczne i \u0142atwe w konserwacji? Oto nasza propozycja \u2013 Drzwi Ramiakowe Model Limes White PE!<\/p>\n<h4>Dlaczego warto wybra\u0107 nasze drzwi ramiakowe Limes White PE?<\/h4>\n<p>Nasze drzwi ramiakowe to kwintesencja wysokiej jako\u015bci i nowoczesnego designu. Dzi\u0119ki solidnej konstrukcji i estetycznemu wygl\u0105dowi, doskonale sprawdz\u0105 si\u0119 w ka\u017cdym wn\u0119trzu.<\/p>\n<p><strong>Najwa\u017cniejsze cechy:<\/strong><\/p>\n<ul>\n<li><strong>Wysoka jako\u015b\u0107 i trwa\u0142o\u015b\u0107:<\/strong> Wykonane z pe\u0142nej p\u0142yty MDF, drzwi te s\u0105 wyj\u0105tkowo odporne na wszelkie uszkodzenia mechaniczne, co gwarantuje ich d\u0142ugowieczno\u015b\u0107.<\/li>\n<li><strong>Nowoczesny design:<\/strong> Drzwi dost\u0119pne s\u0105 w eleganckim bia\u0142ym kolorze, kt\u00f3ry pasuje do wi\u0119kszo\u015bci nowoczesnych aran\u017cacji wn\u0119trz.<\/li>\n<li><strong>Technologia SOFTLine:<\/strong> Profile drzwi wykonane s\u0105 w technologii SOFTLine, kt\u00f3ra wyr\u00f3\u017cnia si\u0119 brakiem \u0142\u0105cze\u0144 okleiny na kraw\u0119dziach, co dodaje im estetycznego wygl\u0105du.<\/li>\n<li><strong>Stabilna konstrukcja:<\/strong> Technologia czopowania i ko\u0142kowania u\u017cyta do po\u0142\u0105czenia element\u00f3w pionowych i poziomych zapobiega wypaczaniu oraz opuszczaniu drzwi, nawet podczas wieloletniego u\u017cytkowania.<\/li>\n<\/ul>\n<p><strong>Dost\u0119pne szeroko\u015bci:<\/strong> 60, 70, 80, 90<br \/>\n<strong>Wymiary drzwi:<\/strong> 2035 x 644\/744\/844\/944 x 40 mm<br \/>\n<strong>Pokrycie drzwi:<\/strong> folia finish<br \/>\n<strong>Gwarancja producenta:<\/strong> 2 lata<\/p>\n<h3>Idealne do ka\u017cdego wn\u0119trza<\/h3>\n<p>Te drzwi doskonale sprawdz\u0105 si\u0119 zar\u00f3wno w nowoczesnych loftach, jak i eleganckich, klasycznych wn\u0119trzach. Dzi\u0119ki swojej uniwersalno\u015bci, mog\u0105 by\u0107 zastosowane w r\u00f3\u017cnych pomieszczeniach \u2013 od kuchni, przez salon, a\u017c po biura i gabinety.<\/p>\n<h3>Dodaj nowoczesny akcent do swojego domu ju\u017c dzi\u015b!<\/h3>\n<p>Nie czekaj \u2013 zadbaj o styl i funkcjonalno\u015b\u0107 swojego wn\u0119trza z naszymi drzwiami ramiakowymi Limes White PE. Kliknij \u201eDodaj do koszyka\u201d i ciesz si\u0119 wysok\u0105 jako\u015bci\u0105 oraz nowoczesnym designem ka\u017cdego dnia.<\/p>\n<p>Sprawd\u017a nasz\u0105 ofert\u0119 i wybierz drzwi, kt\u00f3re spe\u0142ni\u0105 wszystkie Twoje oczekiwania. Tw\u00f3j dom zas\u0142uguje na najlepsze!<\/p>\n<p>&nbsp;<\/p>\n<p><b>|\u00a0 \u00a0 DRZWI Z SZYB\u0104 MLECZN\u0104\u00a0 \u00a0|\u00a0 \u00a03. PE\u0141NE BEZ SZYBY<\/b><\/p>\n<p><img loading=\"lazy\" decoding=\"async\" class=\"aligncenter wp-image-7422 size-large\" src=\"https:\/\/drzwitarasy.pl\/wp-content\/uploads\/2026\/05\/limes-PK-D-g-przes-ok-1024x942.jpg\" alt=\"\" width=\"640\" height=\"589\" srcset=\"https:\/\/drzwitarasy.pl\/wp-content\/uploads\/2026\/05\/limes-PK-D-g-przes-ok-1024x942.jpg 1024w, https:\/\/drzwitarasy.pl\/wp-content\/uploads\/2026\/05\/limes-PK-D-g-przes-ok-300x276.jpg 300w, https:\/\/drzwitarasy.pl\/wp-content\/uploads\/2026\/05\/limes-PK-D-g-przes-ok-768x706.jpg 768w, https:\/\/drzwitarasy.pl\/wp-content\/uploads\/2026\/05\/limes-PK-D-g-przes-ok-600x552.jpg 600w, https:\/\/drzwitarasy.pl\/wp-content\/uploads\/2026\/05\/limes-PK-D-g-przes-ok.jpg 1270w\" sizes=\"auto, (max-width: 640px) 100vw, 640px\" \/><\/p>\n<p>&nbsp;<\/p>\n<h1><img loading=\"lazy\" decoding=\"async\" class=\"aligncenter size-full wp-image-7424\" src=\"https:\/\/drzwitarasy.pl\/wp-content\/uploads\/2026\/05\/KOLORY-LIMES-NOWE.jpg\" alt=\"\" width=\"875\" height=\"877\" srcset=\"https:\/\/drzwitarasy.pl\/wp-content\/uploads\/2026\/05\/KOLORY-LIMES-NOWE.jpg 875w, https:\/\/drzwitarasy.pl\/wp-content\/uploads\/2026\/05\/KOLORY-LIMES-NOWE-300x301.jpg 300w, https:\/\/drzwitarasy.pl\/wp-content\/uploads\/2026\/05\/KOLORY-LIMES-NOWE-150x150.jpg 150w, https:\/\/drzwitarasy.pl\/wp-content\/uploads\/2026\/05\/KOLORY-LIMES-NOWE-768x770.jpg 768w, https:\/\/drzwitarasy.pl\/wp-content\/uploads\/2026\/05\/KOLORY-LIMES-NOWE-600x601.jpg 600w, https:\/\/drzwitarasy.pl\/wp-content\/uploads\/2026\/05\/KOLORY-LIMES-NOWE-100x100.jpg 100w\" sizes=\"auto, (max-width: 875px) 100vw, 875px\" \/><img loading=\"lazy\" decoding=\"async\" class=\"aligncenter size-full wp-image-7426\" src=\"https:\/\/drzwitarasy.pl\/wp-content\/uploads\/2026\/05\/LIMESY-WSZYSTKIE-Z-OPISEM-CZARNE-NOWE-scaled.jpg\" alt=\"\" width=\"1386\" height=\"2560\" srcset=\"https:\/\/drzwitarasy.pl\/wp-content\/uploads\/2026\/05\/LIMESY-WSZYSTKIE-Z-OPISEM-CZARNE-NOWE-scaled.jpg 1386w, https:\/\/drzwitarasy.pl\/wp-content\/uploads\/2026\/05\/LIMESY-WSZYSTKIE-Z-OPISEM-CZARNE-NOWE-162x300.jpg 162w, https:\/\/drzwitarasy.pl\/wp-content\/uploads\/2026\/05\/LIMESY-WSZYSTKIE-Z-OPISEM-CZARNE-NOWE-554x1024.jpg 554w, https:\/\/drzwitarasy.pl\/wp-content\/uploads\/2026\/05\/LIMESY-WSZYSTKIE-Z-OPISEM-CZARNE-NOWE-768x1419.jpg 768w, https:\/\/drzwitarasy.pl\/wp-content\/uploads\/2026\/05\/LIMESY-WSZYSTKIE-Z-OPISEM-CZARNE-NOWE-831x1536.jpg 831w, https:\/\/drzwitarasy.pl\/wp-content\/uploads\/2026\/05\/LIMESY-WSZYSTKIE-Z-OPISEM-CZARNE-NOWE-1109x2048.jpg 1109w, https:\/\/drzwitarasy.pl\/wp-content\/uploads\/2026\/05\/LIMESY-WSZYSTKIE-Z-OPISEM-CZARNE-NOWE-300x554.jpg 300w, https:\/\/drzwitarasy.pl\/wp-content\/uploads\/2026\/05\/LIMESY-WSZYSTKIE-Z-OPISEM-CZARNE-NOWE-600x1108.jpg 600w\" sizes=\"auto, (max-width: 1386px) 100vw, 1386px\" \/> <img loading=\"lazy\" decoding=\"async\" class=\"aligncenter size-full wp-image-7427\" src=\"https:\/\/drzwitarasy.pl\/wp-content\/uploads\/2026\/05\/LIMESY-WSZYSTKIE-Z-OPISEM-NOWE-scaled.jpg\" alt=\"\" width=\"1324\" height=\"2560\" srcset=\"https:\/\/drzwitarasy.pl\/wp-content\/uploads\/2026\/05\/LIMESY-WSZYSTKIE-Z-OPISEM-NOWE-scaled.jpg 1324w, https:\/\/drzwitarasy.pl\/wp-content\/uploads\/2026\/05\/LIMESY-WSZYSTKIE-Z-OPISEM-NOWE-155x300.jpg 155w, https:\/\/drzwitarasy.pl\/wp-content\/uploads\/2026\/05\/LIMESY-WSZYSTKIE-Z-OPISEM-NOWE-530x1024.jpg 530w, https:\/\/drzwitarasy.pl\/wp-content\/uploads\/2026\/05\/LIMESY-WSZYSTKIE-Z-OPISEM-NOWE-768x1484.jpg 768w, https:\/\/drzwitarasy.pl\/wp-content\/uploads\/2026\/05\/LIMESY-WSZYSTKIE-Z-OPISEM-NOWE-795x1536.jpg 795w, https:\/\/drzwitarasy.pl\/wp-content\/uploads\/2026\/05\/LIMESY-WSZYSTKIE-Z-OPISEM-NOWE-300x580.jpg 300w, https:\/\/drzwitarasy.pl\/wp-content\/uploads\/2026\/05\/LIMESY-WSZYSTKIE-Z-OPISEM-NOWE-600x1160.jpg 600w\" sizes=\"auto, (max-width: 1324px) 100vw, 1324px\" \/><\/h1>\n<p><img loading=\"lazy\" decoding=\"async\" class=\"aligncenter size-full wp-image-7424\" src=\"https:\/\/drzwitarasy.pl\/wp-content\/uploads\/2026\/05\/KOLORY-LIMES-NOWE.jpg\" alt=\"\" width=\"875\" height=\"877\" srcset=\"https:\/\/drzwitarasy.pl\/wp-content\/uploads\/2026\/05\/KOLORY-LIMES-NOWE.jpg 875w, https:\/\/drzwitarasy.pl\/wp-content\/uploads\/2026\/05\/KOLORY-LIMES-NOWE-300x301.jpg 300w, https:\/\/drzwitarasy.pl\/wp-content\/uploads\/2026\/05\/KOLORY-LIMES-NOWE-150x150.jpg 150w, https:\/\/drzwitarasy.pl\/wp-content\/uploads\/2026\/05\/KOLORY-LIMES-NOWE-768x770.jpg 768w, https:\/\/drzwitarasy.pl\/wp-content\/uploads\/2026\/05\/KOLORY-LIMES-NOWE-600x601.jpg 600w, https:\/\/drzwitarasy.pl\/wp-content\/uploads\/2026\/05\/KOLORY-LIMES-NOWE-100x100.jpg 100w\" sizes=\"auto, (max-width: 875px) 100vw, 875px\" \/><\/p>\n<p>&nbsp;<\/p>\n<p><img loading=\"lazy\" decoding=\"async\" class=\"aligncenter size-full wp-image-4460\" src=\"https:\/\/drzwitarasy.pl\/wp-content\/uploads\/2024\/11\/KONTAKT-ok.jpg\" alt=\"\" width=\"1619\" height=\"1410\" srcset=\"https:\/\/drzwitarasy.pl\/wp-content\/uploads\/2024\/11\/KONTAKT-ok.jpg 1619w, https:\/\/drzwitarasy.pl\/wp-content\/uploads\/2024\/11\/KONTAKT-ok-300x261.jpg 300w, https:\/\/drzwitarasy.pl\/wp-content\/uploads\/2024\/11\/KONTAKT-ok-600x523.jpg 600w, https:\/\/drzwitarasy.pl\/wp-content\/uploads\/2024\/11\/KONTAKT-ok-1024x892.jpg 1024w, https:\/\/drzwitarasy.pl\/wp-content\/uploads\/2024\/11\/KONTAKT-ok-768x669.jpg 768w, https:\/\/drzwitarasy.pl\/wp-content\/uploads\/2024\/11\/KONTAKT-ok-1536x1338.jpg 1536w\" sizes=\"auto, (max-width: 1619px) 100vw, 1619px\" \/><\/p>\n","protected":false},"excerpt":{"rendered":"<p>PRZESUWNE Drzwi wewn\u0119trzne WINDOOR\u202fLimes \u2013 elegancja i funkcjonalno\u015b\u0107 w Twoim wn\u0119trzu Drzwi WINDOOR Limes to wyj\u0105tkowe po\u0142\u0105czenie klasycznego wzornictwa z nowoczesnymi rozwi\u0105zaniami. Zaprojektowane z my\u015bl\u0105 o trwa\u0142o\u015bci, estetyce i uniwersalno\u015bci, b\u0119d\u0105 doskona\u0142ym wyborem do salonu, sypialni, \u0142azienki czy pokoju dziennego. Dlaczego warto wybra\u0107 drzwi Limes? \u2705 Solidna konstrukcja ramiakowa \u2013 skrzyd\u0142o wykonane z p\u0142yty MDF [&hellip;]<\/p>\n","protected":false},"featured_media":7422,"template":"","meta":{"_acf_changed":false,"_monsterinsights_skip_tracking":false,"_monsterinsights_sitenote_active":false,"_monsterinsights_sitenote_note":"","_monsterinsights_sitenote_category":0},"product_brand":[527],"product_cat":[562],"product_tag":[177,370,638,173],"class_list":{"0":"post-7421","1":"product","2":"type-product","3":"status-publish","4":"has-post-thumbnail","6":"product_brand-windoor","7":"product_cat-drzwi-przesuwne-windoor-drzwi-wewnetrzne","8":"product_tag-drzwi-windoor","9":"product_tag-limes","10":"product_tag-przesuwne","11":"product_tag-windoor","13":"first","14":"instock","15":"sale","16":"shipping-taxable","17":"purchasable","18":"product-type-simple","19":"add-to-wishlist-after_add_to_cart"},"acf":[],"aioseo_notices":[],"jetpack_sharing_enabled":true,"_links":{"self":[{"href":"https:\/\/drzwitarasy.pl\/index.php?rest_route=\/wp\/v2\/product\/7421","targetHints":{"allow":["GET"]}}],"collection":[{"href":"https:\/\/drzwitarasy.pl\/index.php?rest_route=\/wp\/v2\/product"}],"about":[{"href":"https:\/\/drzwitarasy.pl\/index.php?rest_route=\/wp\/v2\/types\/product"}],"wp:featuredmedia":[{"embeddable":true,"href":"https:\/\/drzwitarasy.pl\/index.php?rest_route=\/wp\/v2\/media\/7422"}],"wp:attachment":[{"href":"https:\/\/drzwitarasy.pl\/index.php?rest_route=%2Fwp%2Fv2%2Fmedia&parent=7421"}],"wp:term":[{"taxonomy":"product_brand","embeddable":true,"href":"https:\/\/drzwitarasy.pl\/index.php?rest_route=%2Fwp%2Fv2%2Fproduct_brand&post=7421"},{"taxonomy":"product_cat","embeddable":true,"href":"https:\/\/drzwitarasy.pl\/index.php?rest_route=%2Fwp%2Fv2%2Fproduct_cat&post=7421"},{"taxonomy":"product_tag","embeddable":true,"href":"https:\/\/drzwitarasy.pl\/index.php?rest_route=%2Fwp%2Fv2%2Fproduct_tag&post=7421"}],"curies":[{"name":"wp","href":"https:\/\/api.w.org\/{rel}","templated":true}]}}