{"id":7294,"date":"2026-04-22T04:14:23","date_gmt":"2026-04-22T02:14:23","guid":{"rendered":"https:\/\/drzwitarasy.pl\/?post_type=product&#038;p=7294"},"modified":"2026-04-22T04:18:35","modified_gmt":"2026-04-22T02:18:35","slug":"pergola-aluminiowa-3000mm-x-6000mm-x-2550mm-kopia","status":"publish","type":"product","link":"https:\/\/drzwitarasy.pl\/?product=pergola-aluminiowa-3000mm-x-6000mm-x-2550mm-kopia","title":{"rendered":"PERGOLA ALUMINIOWA 3000mm x 4000mm x 2550mm"},"content":{"rendered":"<h1>Pergola aluminiowa 3000x4000x2550mm<\/h1>\n<p>&nbsp;<\/p>\n<p><strong>Wymiary element\u00f3w pergoli:<\/strong><\/p>\n<ul>\n<li>S\u0142upki 116x116x1,2mm.<\/li>\n<li>Belki 153x75x1,8mm.<\/li>\n<li>\u017baluzja dachowa 169x30x1,2mm.<\/li>\n<\/ul>\n<p><strong>Wymiary element\u00f3w dodatkowych pergoli:<\/strong><\/p>\n<ul>\n<li>Panel boczny dodatkowy 1235x2340mm<\/li>\n<li>Panel boczny dodatkowy 950x2340mm<\/li>\n<li>Roleta przeciwwiatrowa 2790x2340mm<\/li>\n<li>Roleta przeciwwiatrowa 3750x2340mm<\/li>\n<\/ul>\n<p>&nbsp;<\/p>\n<h3>Przestronna strefa relaksu na tarasie i w ogrodzie<\/h3>\n<p>Pergola aluminiowa 3000x4000x2550 mm to nowoczesna konstrukcja przeznaczona do tworzenia komfortowej przestrzeni wypoczynkowej w ogrodzie, na tarasie lub przy domu. Dzi\u0119ki wi\u0119kszym wymiarom konstrukcja zapewnia jeszcze wi\u0119cej miejsca do aran\u017cacji strefy relaksu, w kt\u00f3rej mo\u017cna ustawi\u0107 zestaw mebli ogrodowych, st\u00f3\u0142 jadalniany lub wygodn\u0105 sof\u0119 wypoczynkow\u0105. Tego typu rozwi\u0105zanie pozwala stworzy\u0107 funkcjonaln\u0105 przestrze\u0144 do sp\u0119dzania czasu na \u015bwie\u017cym powietrzu, niezale\u017cnie od warunk\u00f3w pogodowych.<\/p>\n<p>&nbsp;<\/p>\n<p>Nowoczesna\u00a0<strong>pergola aluminiowa<\/strong>\u00a0doskonale wpisuje si\u0119 w aktualne trendy architektoniczne, w kt\u00f3rych dominuj\u0105 minimalistyczne formy i eleganckie materia\u0142y. Konstrukcja w kolorze antracytowym \u015bwietnie komponuje si\u0119 z elewacjami nowoczesnych dom\u00f3w, a tak\u017ce z naturalnymi elementami ogrodowej aran\u017cacji. Dzi\u0119ki swojej estetyce pergola staje si\u0119 nie tylko praktycznym zadaszeniem, ale r\u00f3wnie\u017c wa\u017cnym elementem dekoracyjnym przestrzeni wok\u00f3\u0142 budynku.<\/p>\n<p>&nbsp;<\/p>\n<h3>Solidna konstrukcja z wysokiej jako\u015bci aluminium<\/h3>\n<p>Stabilno\u015b\u0107 oraz trwa\u0142o\u015b\u0107 pergoli zapewnia zastosowanie wysokiej jako\u015bci aluminium 6063 T5\/T6. Jest to materia\u0142 powszechnie stosowany w nowoczesnych konstrukcjach architektonicznych, poniewa\u017c charakteryzuje si\u0119 wysok\u0105 wytrzyma\u0142o\u015bci\u0105, odporno\u015bci\u0105 na korozj\u0119 oraz niewielk\u0105 wag\u0105. Dzi\u0119ki temu konstrukcja jest jednocze\u015bnie solidna i lekka, co znacz\u0105co u\u0142atwia monta\u017c oraz u\u017cytkowanie.<\/p>\n<p>&nbsp;<\/p>\n<p>Powierzchnia pergoli zosta\u0142a zabezpieczona poprzez malowanie proszkowe w eleganckim kolorze antracytowym. Takie wyko\u0144czenie chroni materia\u0142 przed dzia\u0142aniem wilgoci, promieniowania UV oraz zmiennych temperatur. Dzi\u0119ki temu\u00a0<strong>pergola wykonana z aluminium<\/strong>\u00a0zachowuje estetyczny wygl\u0105d przez d\u0142ugi czas i nie wymaga skomplikowanej konserwacji.<\/p>\n<p>&nbsp;<\/p>\n<p>W konstrukcji zastosowano r\u00f3wnie\u017c wysokiej jako\u015bci okucia monta\u017cowe wykonane ze stali nierdzewnej 304. Elementy te odpowiadaj\u0105 za stabilne i trwa\u0142e po\u0142\u0105czenia wszystkich cz\u0119\u015bci konstrukcji, co wp\u0142ywa na bezpiecze\u0144stwo u\u017cytkowania pergoli. Solidne po\u0142\u0105czenia gwarantuj\u0105 wysok\u0105 odporno\u015b\u0107 ca\u0142ej konstrukcji na dzia\u0142anie czynnik\u00f3w atmosferycznych.<\/p>\n<p>&nbsp;<\/p>\n<h3>Nowoczesne zadaszenie \u017caluzjowe<\/h3>\n<p>Pergola zosta\u0142a wyposa\u017cona w funkcjonalne zadaszenie \u017caluzjowe, kt\u00f3re pozwala regulowa\u0107 ilo\u015b\u0107 \u015bwiat\u0142a s\u0142onecznego docieraj\u0105cego do przestrzeni pod konstrukcj\u0105. Ruchome lamele mo\u017cna ustawia\u0107 w zale\u017cno\u015bci od aktualnych potrzeb, dzi\u0119ki czemu mo\u017cliwe jest uzyskanie zar\u00f3wno pe\u0142nego zacienienia, jak i cz\u0119\u015bciowego dost\u0119pu do \u015bwiat\u0142a.<\/p>\n<p>&nbsp;<\/p>\n<p>System sterowania lamelami jest manualny, co umo\u017cliwia \u0142atwe dopasowanie ustawienia zadaszenia do warunk\u00f3w pogodowych. W s\u0142oneczne dni mo\u017cna zamkn\u0105\u0107 lamele, tworz\u0105c przyjemny cie\u0144 na tarasie. Z kolei przy cz\u0119\u015bciowym otwarciu zadaszenia przestrze\u0144 pozostaje jasna i dobrze do\u015bwietlona.<\/p>\n<p>&nbsp;<\/p>\n<p>Nowoczesne\u00a0<strong>pergole aluminiowe<\/strong>\u00a0z zadaszeniem \u017caluzjowym stanowi\u0105 doskona\u0142e rozwi\u0105zanie dla os\u00f3b, kt\u00f3re chc\u0105 w pe\u0142ni kontrolowa\u0107 warunki panuj\u0105ce w swojej przestrzeni wypoczynkowej.<\/p>\n<p>&nbsp;<\/p>\n<h3>Ukryty system odprowadzania wody<\/h3>\n<p>Pergola zosta\u0142a wyposa\u017cona w nowoczesny i niewidoczny system odwodnienia, kt\u00f3ry pozwala skutecznie odprowadza\u0107 wod\u0119 z powierzchni zadaszenia. Konstrukcja zosta\u0142a zaprojektowana w taki spos\u00f3b, aby elementy systemu odwodnienia by\u0142y ca\u0142kowicie ukryte wewn\u0105trz profili konstrukcyjnych.<\/p>\n<p>&nbsp;<\/p>\n<p>Podczas opad\u00f3w deszczu woda zbierana jest z powierzchni lameli, a nast\u0119pnie odprowadzana poprzez specjalne kana\u0142y znajduj\u0105ce si\u0119 w konstrukcji pergoli. Dzi\u0119ki temu u\u017cytkownicy mog\u0105 korzysta\u0107 z przestrzeni pod pergol\u0105 nawet podczas lekkiego deszczu.<\/p>\n<p>&nbsp;<\/p>\n<p>Takie rozwi\u0105zanie zwi\u0119ksza funkcjonalno\u015b\u0107 konstrukcji i sprawia, \u017ce\u00a0<strong>pergola aluminiowa<\/strong>\u00a0mo\u017ce pe\u0142ni\u0107 rol\u0119 praktycznego zadaszenia tarasu przez ca\u0142y sezon.<\/p>\n<p>&nbsp;<\/p>\n<h3>\u0141atwy i szybki monta\u017c<\/h3>\n<p>Konstrukcja pergoli zosta\u0142a zaprojektowana z my\u015bl\u0105 o mo\u017cliwie prostym monta\u017cu. Instalacja pergoli nie wymaga specjalistycznych narz\u0119dzi ani zaawansowanych prac budowlanych. Producent przewidzia\u0142 mo\u017cliwo\u015b\u0107 samodzielnego monta\u017cu konstrukcji przez dwie lub trzy osoby.<\/p>\n<p>&nbsp;<\/p>\n<p>Dzi\u0119ki odpowiednio przygotowanym elementom konstrukcyjnym monta\u017c pergoli przebiega szybko i sprawnie. Poszczeg\u00f3lne elementy s\u0105 precyzyjnie dopasowane, co u\u0142atwia ich \u0142\u0105czenie i zapewnia stabilno\u015b\u0107 ca\u0142ej konstrukcji.<\/p>\n<p>&nbsp;<\/p>\n<p>Solidna konstrukcja oraz trwa\u0142e materia\u0142y sprawiaj\u0105, \u017ce\u00a0<strong>pergola wykonana z aluminium<\/strong>\u00a0zachowuje stabilno\u015b\u0107 przez wiele lat u\u017cytkowania.<\/p>\n<p>&nbsp;<\/p>\n<h3>Mo\u017cliwo\u015b\u0107 rozbudowy konstrukcji<\/h3>\n<p>Standardowa wersja produktu obejmuje konstrukcj\u0119 pergoli wraz z zadaszeniem oraz s\u0142upkami no\u015bnymi. Podana cena dotyczy samego zadaszenia wraz ze s\u0142upkami i nie obejmuje bocznych \u015bcian konstrukcji.<\/p>\n<p>&nbsp;<\/p>\n<p>Dzi\u0119ki modu\u0142owej budowie pergol\u0119 mo\u017cna rozbudowa\u0107 o dodatkowe elementy wyposa\u017cenia. W ofercie dost\u0119pne s\u0105 mi\u0119dzy innymi aluminiowe panele boczne oraz specjalne os\u0142ony przeciwwiatrowe. Elementy te pozwalaj\u0105 zwi\u0119kszy\u0107 komfort u\u017cytkowania przestrzeni pod pergol\u0105 oraz zapewni\u0107 dodatkow\u0105 ochron\u0119 przed wiatrem lub intensywnym s\u0142o\u0144cem.<\/p>\n<p>&nbsp;<\/p>\n<p>Rozbudowa pergoli umo\u017cliwia stworzenie bardziej zamkni\u0119tej i prywatnej strefy wypoczynkowej. Dzi\u0119ki temu nowoczesne\u00a0 pergole aluminiowe mog\u0105 by\u0107 dopasowane do indywidualnych potrzeb u\u017cytkownik\u00f3w oraz charakteru przestrzeni ogrodowej.<\/p>\n<p>&nbsp;<\/p>\n<h3>Estetyka dopasowana do nowoczesnej architektury<\/h3>\n<p>Minimalistyczna forma pergoli sprawia, \u017ce konstrukcja doskonale komponuje si\u0119 z nowoczesnymi budynkami oraz wsp\u00f3\u0142czesnymi aran\u017cacjami ogrod\u00f3w. Proste linie konstrukcji podkre\u015blaj\u0105 elegancki charakter ca\u0142ej instalacji, a antracytowy kolor nadaje jej nowoczesny wygl\u0105d.<\/p>\n<p>&nbsp;<\/p>\n<p>Pergola mo\u017ce sta\u0107 si\u0119 centralnym elementem przestrzeni wypoczynkowej w ogrodzie. W po\u0142\u0105czeniu z odpowiednio dobranymi meblami ogrodowymi oraz o\u015bwietleniem tworzy wyj\u0105tkow\u0105 atmosfer\u0119 sprzyjaj\u0105c\u0105 relaksowi.<\/p>\n<p>&nbsp;<\/p>\n<p>Dzi\u0119ki swojej konstrukcji\u00a0<strong>pergola aluminiowa<\/strong>\u00a0mo\u017ce pe\u0142ni\u0107 funkcj\u0119 zadaszenia tarasu, przestrzeni jadalnianej na \u015bwie\u017cym powietrzu lub strefy relaksu przy basenie.<\/p>\n<p>&nbsp;<\/p>\n<h3>Trwa\u0142o\u015b\u0107 i komfort u\u017cytkowania przez lata<\/h3>\n<p>Jedn\u0105 z najwi\u0119kszych zalet konstrukcji aluminiowych jest ich wysoka odporno\u015b\u0107 na dzia\u0142anie czynnik\u00f3w atmosferycznych. Aluminium nie ulega korozji, nie p\u0119ka i nie wymaga regularnej impregnacji, jak ma to miejsce w przypadku konstrukcji drewnianych.<\/p>\n<p>&nbsp;<\/p>\n<p>Dzi\u0119ki temu\u00a0<strong>pergola wykonana z aluminium<\/strong>\u00a0zachowuje swoje w\u0142a\u015bciwo\u015bci u\u017cytkowe oraz estetyczny wygl\u0105d przez wiele lat. Wystarczy okresowe czyszczenie konstrukcji, aby utrzyma\u0107 jej atrakcyjny wygl\u0105d.<\/p>\n<p>&nbsp;<\/p>\n<p>Po\u0142\u0105czenie nowoczesnej technologii, trwa\u0142ych materia\u0142\u00f3w oraz funkcjonalnego projektu sprawia, \u017ce pergola staje si\u0119 praktycznym i eleganckim elementem przestrzeni ogrodowej. Konstrukcja zapewnia komfort u\u017cytkowania, chroni przed s\u0142o\u0144cem i deszczem, a jednocze\u015bnie podkre\u015bla nowoczesny charakter otoczenia domu.<\/p>\n<p>&nbsp;<\/p>\n<p>&nbsp;<\/p>\n<p>&nbsp;<\/p>\n<p>&nbsp;<\/p>\n<p>&nbsp;<\/p>\n<p>&nbsp;<\/p>\n<p><img loading=\"lazy\" decoding=\"async\" class=\"aligncenter size-large wp-image-7281\" src=\"https:\/\/drzwitarasy.pl\/wp-content\/uploads\/2026\/04\/pergola-1024x1024.jpg\" alt=\"\" width=\"640\" height=\"640\" srcset=\"https:\/\/drzwitarasy.pl\/wp-content\/uploads\/2026\/04\/pergola-1024x1024.jpg 1024w, https:\/\/drzwitarasy.pl\/wp-content\/uploads\/2026\/04\/pergola-300x300.jpg 300w, https:\/\/drzwitarasy.pl\/wp-content\/uploads\/2026\/04\/pergola-150x150.jpg 150w, https:\/\/drzwitarasy.pl\/wp-content\/uploads\/2026\/04\/pergola-768x768.jpg 768w, https:\/\/drzwitarasy.pl\/wp-content\/uploads\/2026\/04\/pergola-600x600.jpg 600w, https:\/\/drzwitarasy.pl\/wp-content\/uploads\/2026\/04\/pergola-100x100.jpg 100w, https:\/\/drzwitarasy.pl\/wp-content\/uploads\/2026\/04\/pergola-50x50.jpg 50w, https:\/\/drzwitarasy.pl\/wp-content\/uploads\/2026\/04\/pergola.jpg 1500w\" sizes=\"auto, (max-width: 640px) 100vw, 640px\" \/><\/p>\n<p><img loading=\"lazy\" decoding=\"async\" class=\"aligncenter size-large wp-image-7283\" src=\"https:\/\/drzwitarasy.pl\/wp-content\/uploads\/2025\/04\/pergola2-1024x1024.jpg\" alt=\"\" width=\"640\" height=\"640\" srcset=\"https:\/\/drzwitarasy.pl\/wp-content\/uploads\/2025\/04\/pergola2-1024x1024.jpg 1024w, https:\/\/drzwitarasy.pl\/wp-content\/uploads\/2025\/04\/pergola2-300x300.jpg 300w, https:\/\/drzwitarasy.pl\/wp-content\/uploads\/2025\/04\/pergola2-150x150.jpg 150w, https:\/\/drzwitarasy.pl\/wp-content\/uploads\/2025\/04\/pergola2-768x768.jpg 768w, https:\/\/drzwitarasy.pl\/wp-content\/uploads\/2025\/04\/pergola2-600x600.jpg 600w, https:\/\/drzwitarasy.pl\/wp-content\/uploads\/2025\/04\/pergola2-100x100.jpg 100w, https:\/\/drzwitarasy.pl\/wp-content\/uploads\/2025\/04\/pergola2-50x50.jpg 50w, https:\/\/drzwitarasy.pl\/wp-content\/uploads\/2025\/04\/pergola2.jpg 1500w\" sizes=\"auto, (max-width: 640px) 100vw, 640px\" \/><\/p>\n<p>&nbsp;<\/p>\n<p><img loading=\"lazy\" decoding=\"async\" class=\"aligncenter size-full wp-image-5001\" src=\"https:\/\/drzwitarasy.pl\/wp-content\/uploads\/2025\/04\/IMG_4737.jpg\" alt=\"\" width=\"915\" height=\"873\" srcset=\"https:\/\/drzwitarasy.pl\/wp-content\/uploads\/2025\/04\/IMG_4737.jpg 915w, https:\/\/drzwitarasy.pl\/wp-content\/uploads\/2025\/04\/IMG_4737-300x286.jpg 300w, https:\/\/drzwitarasy.pl\/wp-content\/uploads\/2025\/04\/IMG_4737-600x572.jpg 600w, https:\/\/drzwitarasy.pl\/wp-content\/uploads\/2025\/04\/IMG_4737-768x733.jpg 768w\" sizes=\"auto, (max-width: 915px) 100vw, 915px\" \/><\/p>\n<p>&nbsp;<\/p>\n<p>&nbsp;<\/p>\n<p><img loading=\"lazy\" decoding=\"async\" class=\"aligncenter size-large wp-image-4999\" src=\"https:\/\/drzwitarasy.pl\/wp-content\/uploads\/2025\/04\/IMG_4735-747x1024.jpg\" alt=\"\" width=\"640\" height=\"877\" srcset=\"https:\/\/drzwitarasy.pl\/wp-content\/uploads\/2025\/04\/IMG_4735-747x1024.jpg 747w, https:\/\/drzwitarasy.pl\/wp-content\/uploads\/2025\/04\/IMG_4735-300x411.jpg 300w, https:\/\/drzwitarasy.pl\/wp-content\/uploads\/2025\/04\/IMG_4735-600x823.jpg 600w, https:\/\/drzwitarasy.pl\/wp-content\/uploads\/2025\/04\/IMG_4735-219x300.jpg 219w, https:\/\/drzwitarasy.pl\/wp-content\/uploads\/2025\/04\/IMG_4735-768x1053.jpg 768w, https:\/\/drzwitarasy.pl\/wp-content\/uploads\/2025\/04\/IMG_4735.jpg 871w\" sizes=\"auto, (max-width: 640px) 100vw, 640px\" \/> <img loading=\"lazy\" decoding=\"async\" class=\"aligncenter size-large wp-image-5000\" src=\"https:\/\/drzwitarasy.pl\/wp-content\/uploads\/2025\/04\/IMG_4736-765x1024.jpg\" alt=\"\" width=\"640\" height=\"857\" srcset=\"https:\/\/drzwitarasy.pl\/wp-content\/uploads\/2025\/04\/IMG_4736-765x1024.jpg 765w, https:\/\/drzwitarasy.pl\/wp-content\/uploads\/2025\/04\/IMG_4736-300x402.jpg 300w, https:\/\/drzwitarasy.pl\/wp-content\/uploads\/2025\/04\/IMG_4736-600x803.jpg 600w, https:\/\/drzwitarasy.pl\/wp-content\/uploads\/2025\/04\/IMG_4736-224x300.jpg 224w, https:\/\/drzwitarasy.pl\/wp-content\/uploads\/2025\/04\/IMG_4736-768x1028.jpg 768w, https:\/\/drzwitarasy.pl\/wp-content\/uploads\/2025\/04\/IMG_4736.jpg 882w\" sizes=\"auto, (max-width: 640px) 100vw, 640px\" \/><\/p>\n<p>&nbsp;<\/p>\n<p><img loading=\"lazy\" decoding=\"async\" class=\"aligncenter size-large wp-image-7285\" src=\"https:\/\/drzwitarasy.pl\/wp-content\/uploads\/2025\/04\/panel-boczny-staly-1024x1024.jpg\" alt=\"\" width=\"640\" height=\"640\" srcset=\"https:\/\/drzwitarasy.pl\/wp-content\/uploads\/2025\/04\/panel-boczny-staly-1024x1024.jpg 1024w, https:\/\/drzwitarasy.pl\/wp-content\/uploads\/2025\/04\/panel-boczny-staly-300x300.jpg 300w, https:\/\/drzwitarasy.pl\/wp-content\/uploads\/2025\/04\/panel-boczny-staly-150x150.jpg 150w, https:\/\/drzwitarasy.pl\/wp-content\/uploads\/2025\/04\/panel-boczny-staly-768x768.jpg 768w, https:\/\/drzwitarasy.pl\/wp-content\/uploads\/2025\/04\/panel-boczny-staly-600x600.jpg 600w, https:\/\/drzwitarasy.pl\/wp-content\/uploads\/2025\/04\/panel-boczny-staly-100x100.jpg 100w, https:\/\/drzwitarasy.pl\/wp-content\/uploads\/2025\/04\/panel-boczny-staly-50x50.jpg 50w, https:\/\/drzwitarasy.pl\/wp-content\/uploads\/2025\/04\/panel-boczny-staly.jpg 1500w\" sizes=\"auto, (max-width: 640px) 100vw, 640px\" \/> <img loading=\"lazy\" decoding=\"async\" class=\"aligncenter size-large wp-image-7284\" src=\"https:\/\/drzwitarasy.pl\/wp-content\/uploads\/2025\/04\/roleta-przeciw-wiatrowa-1024x1024.jpg\" alt=\"\" width=\"640\" height=\"640\" srcset=\"https:\/\/drzwitarasy.pl\/wp-content\/uploads\/2025\/04\/roleta-przeciw-wiatrowa-1024x1024.jpg 1024w, https:\/\/drzwitarasy.pl\/wp-content\/uploads\/2025\/04\/roleta-przeciw-wiatrowa-300x300.jpg 300w, https:\/\/drzwitarasy.pl\/wp-content\/uploads\/2025\/04\/roleta-przeciw-wiatrowa-150x150.jpg 150w, https:\/\/drzwitarasy.pl\/wp-content\/uploads\/2025\/04\/roleta-przeciw-wiatrowa-768x768.jpg 768w, https:\/\/drzwitarasy.pl\/wp-content\/uploads\/2025\/04\/roleta-przeciw-wiatrowa-600x600.jpg 600w, https:\/\/drzwitarasy.pl\/wp-content\/uploads\/2025\/04\/roleta-przeciw-wiatrowa-100x100.jpg 100w, https:\/\/drzwitarasy.pl\/wp-content\/uploads\/2025\/04\/roleta-przeciw-wiatrowa-50x50.jpg 50w, https:\/\/drzwitarasy.pl\/wp-content\/uploads\/2025\/04\/roleta-przeciw-wiatrowa.jpg 1500w\" sizes=\"auto, (max-width: 640px) 100vw, 640px\" \/><\/p>\n","protected":false},"excerpt":{"rendered":"<p>Pergola aluminiowa 3000x4000x2550mm &nbsp; Wymiary element\u00f3w pergoli: S\u0142upki 116x116x1,2mm. Belki 153x75x1,8mm. \u017baluzja dachowa 169x30x1,2mm. Wymiary element\u00f3w dodatkowych pergoli: Panel boczny dodatkowy 1235x2340mm Panel boczny dodatkowy 950x2340mm Roleta przeciwwiatrowa 2790x2340mm Roleta przeciwwiatrowa 3750x2340mm &nbsp; Przestronna strefa relaksu na tarasie i w ogrodzie Pergola aluminiowa 3000x4000x2550 mm to nowoczesna konstrukcja przeznaczona do tworzenia komfortowej przestrzeni wypoczynkowej w [&hellip;]<\/p>\n","protected":false},"featured_media":7281,"template":"","meta":{"_acf_changed":false,"om_disable_all_campaigns":false,"_monsterinsights_skip_tracking":false,"_monsterinsights_sitenote_active":false,"_monsterinsights_sitenote_note":"","_monsterinsights_sitenote_category":0},"product_brand":[],"product_cat":[631],"product_tag":[494,495],"class_list":{"0":"post-7294","1":"product","2":"type-product","3":"status-publish","4":"has-post-thumbnail","6":"product_cat-pergola","7":"product_tag-pergola","8":"product_tag-pergola-aluminiowa","10":"first","11":"instock","12":"sale","13":"shipping-taxable","14":"purchasable","15":"product-type-simple","16":"add-to-wishlist-after_add_to_cart"},"acf":[],"aioseo_notices":[],"jetpack_sharing_enabled":true,"_links":{"self":[{"href":"https:\/\/drzwitarasy.pl\/index.php?rest_route=\/wp\/v2\/product\/7294","targetHints":{"allow":["GET"]}}],"collection":[{"href":"https:\/\/drzwitarasy.pl\/index.php?rest_route=\/wp\/v2\/product"}],"about":[{"href":"https:\/\/drzwitarasy.pl\/index.php?rest_route=\/wp\/v2\/types\/product"}],"wp:featuredmedia":[{"embeddable":true,"href":"https:\/\/drzwitarasy.pl\/index.php?rest_route=\/wp\/v2\/media\/7281"}],"wp:attachment":[{"href":"https:\/\/drzwitarasy.pl\/index.php?rest_route=%2Fwp%2Fv2%2Fmedia&parent=7294"}],"wp:term":[{"taxonomy":"product_brand","embeddable":true,"href":"https:\/\/drzwitarasy.pl\/index.php?rest_route=%2Fwp%2Fv2%2Fproduct_brand&post=7294"},{"taxonomy":"product_cat","embeddable":true,"href":"https:\/\/drzwitarasy.pl\/index.php?rest_route=%2Fwp%2Fv2%2Fproduct_cat&post=7294"},{"taxonomy":"product_tag","embeddable":true,"href":"https:\/\/drzwitarasy.pl\/index.php?rest_route=%2Fwp%2Fv2%2Fproduct_tag&post=7294"}],"curies":[{"name":"wp","href":"https:\/\/api.w.org\/{rel}","templated":true}]}}