{"id":7236,"date":"2026-04-20T09:52:43","date_gmt":"2026-04-20T07:52:43","guid":{"rendered":"https:\/\/drzwitarasy.pl\/?post_type=product&#038;p=7236"},"modified":"2026-04-20T10:04:49","modified_gmt":"2026-04-20T08:04:49","slug":"sztacheta-kompozytowa-2-generacji-szczotkowanie-i-struktura-drewna-braz","status":"publish","type":"product","link":"https:\/\/drzwitarasy.pl\/?product=sztacheta-kompozytowa-2-generacji-szczotkowanie-i-struktura-drewna-braz","title":{"rendered":"Sztacheta kompozytowa 2 generacji szczotkowanie i struktura drewna BR\u0104Z"},"content":{"rendered":"<h2 style=\"text-align: center;\"><strong>Sztacheta kompozytowa 2 generacji szczotkowanie i struktura drewna kolor br\u0105z <\/strong><\/h2>\n<p><img loading=\"lazy\" decoding=\"async\" class=\"aligncenter size-full wp-image-7237\" src=\"https:\/\/drzwitarasy.pl\/wp-content\/uploads\/2026\/04\/Sztacheta-BRAZ.jpg\" alt=\"\" width=\"1024\" height=\"656\" srcset=\"https:\/\/drzwitarasy.pl\/wp-content\/uploads\/2026\/04\/Sztacheta-BRAZ.jpg 1024w, https:\/\/drzwitarasy.pl\/wp-content\/uploads\/2026\/04\/Sztacheta-BRAZ-300x192.jpg 300w, https:\/\/drzwitarasy.pl\/wp-content\/uploads\/2026\/04\/Sztacheta-BRAZ-768x492.jpg 768w, https:\/\/drzwitarasy.pl\/wp-content\/uploads\/2026\/04\/Sztacheta-BRAZ-600x384.jpg 600w\" sizes=\"auto, (max-width: 1024px) 100vw, 1024px\" \/><\/p>\n<p>&nbsp;<\/p>\n<p>&nbsp;<\/p>\n<p>PRZEKR\u00d3J SZTYCHETY i STRUKTURY WYKO\u0143CENIA &#8211; SZCZOTKOWANIE i STRUKTURA DREWNA<\/p>\n<p><img loading=\"lazy\" decoding=\"async\" class=\"aligncenter size-large wp-image-7238\" src=\"https:\/\/drzwitarasy.pl\/wp-content\/uploads\/2026\/04\/SZTACHETA-BRAZ-DWIE-1024x1024.jpg\" alt=\"\" width=\"640\" height=\"640\" srcset=\"https:\/\/drzwitarasy.pl\/wp-content\/uploads\/2026\/04\/SZTACHETA-BRAZ-DWIE-1024x1024.jpg 1024w, https:\/\/drzwitarasy.pl\/wp-content\/uploads\/2026\/04\/SZTACHETA-BRAZ-DWIE-300x300.jpg 300w, https:\/\/drzwitarasy.pl\/wp-content\/uploads\/2026\/04\/SZTACHETA-BRAZ-DWIE-150x150.jpg 150w, https:\/\/drzwitarasy.pl\/wp-content\/uploads\/2026\/04\/SZTACHETA-BRAZ-DWIE-768x768.jpg 768w, https:\/\/drzwitarasy.pl\/wp-content\/uploads\/2026\/04\/SZTACHETA-BRAZ-DWIE-1536x1536.jpg 1536w, https:\/\/drzwitarasy.pl\/wp-content\/uploads\/2026\/04\/SZTACHETA-BRAZ-DWIE-600x600.jpg 600w, https:\/\/drzwitarasy.pl\/wp-content\/uploads\/2026\/04\/SZTACHETA-BRAZ-DWIE-100x100.jpg 100w, https:\/\/drzwitarasy.pl\/wp-content\/uploads\/2026\/04\/SZTACHETA-BRAZ-DWIE-50x50.jpg 50w, https:\/\/drzwitarasy.pl\/wp-content\/uploads\/2026\/04\/SZTACHETA-BRAZ-DWIE.jpg 2000w\" sizes=\"auto, (max-width: 640px) 100vw, 640px\" \/><\/p>\n<p>&nbsp;<\/p>\n<h2 data-section-id=\"dq6hau\" data-start=\"124\" data-end=\"143\">\ud83d\udcdd OPIS PRODUKTU<\/h2>\n<p data-start=\"145\" data-end=\"228\"><strong data-start=\"145\" data-end=\"228\">Sztacheta kompozytowa II generacji \u2013 <\/strong><strong>br\u0105z<\/strong><strong data-start=\"145\" data-end=\"228\"> | struktura drewna \/ szczotkowana<\/strong><\/p>\n<p data-start=\"230\" data-end=\"475\">Nowoczesna sztacheta kompozytowa II generacji to idealne rozwi\u0105zanie dla os\u00f3b, kt\u00f3re szukaj\u0105 trwa\u0142ego, estetycznego i bezobs\u0142ugowego ogrodzenia. Produkt \u0142\u0105czy naturalny wygl\u0105d drewna z wyj\u0105tkow\u0105 odporno\u015bci\u0105 nowoczesnych materia\u0142\u00f3w kompozytowych.<\/p>\n<p data-start=\"477\" data-end=\"808\">Dzi\u0119ki zastosowaniu technologii wsp\u00f3\u0142wyt\u0142aczania (co-extrusion), sztacheta zosta\u0142a pokryta ochronn\u0105 warstw\u0105 polimerow\u0105, kt\u00f3ra zabezpiecza j\u0105 przed dzia\u0142aniem czynnik\u00f3w zewn\u0119trznych oraz utrat\u0105 koloru . Efekt realistycznej struktury drewna sprawia, \u017ce ogrodzenie wygl\u0105da elegancko i nowocze\u015bnie.<\/p>\n<hr data-start=\"810\" data-end=\"813\" \/>\n<h2 data-section-id=\"1vaj5ir\" data-start=\"815\" data-end=\"840\">\u2705 NAJWA\u017bNIEJSZE ZALETY<\/h2>\n<p data-start=\"842\" data-end=\"1388\">\u2714 <strong data-start=\"844\" data-end=\"860\">Bezobs\u0142ugowa<\/strong> \u2013 nie wymaga malowania ani impregnacji<br \/>\n\u2714 <strong data-start=\"904\" data-end=\"940\">Odporna na warunki atmosferyczne<\/strong> \u2013 deszcz, \u015bnieg, mr\u00f3z i promieniowanie UV<br \/>\n\u2714 <strong data-start=\"1025\" data-end=\"1049\">Nie gnije i nie p\u0119ka<\/strong> \u2013 odporno\u015b\u0107 na ple\u015b\u0144, grzyby i owady<br \/>\n\u2714 <strong data-start=\"1129\" data-end=\"1145\">Trwa\u0142y kolor<\/strong> \u2013 pow\u0142oka ochronna ogranicza blakni\u0119cie<br \/>\n\u2714 <strong data-start=\"1190\" data-end=\"1217\">Naturalny wygl\u0105d drewna<\/strong> \u2013 realistyczna struktura i szczotkowane wyko\u0144czenie<br \/>\n\u2714 <strong data-start=\"1274\" data-end=\"1301\">Dwustronna powierzchnia<\/strong> \u2013\u00a0 struktura drewna i szczotkowanie<\/p>\n<hr data-start=\"1390\" data-end=\"1393\" \/>\n<h2 data-section-id=\"1imsigr\" data-start=\"1395\" data-end=\"1413\">\ud83e\uddf1 SPECYFIKACJA<\/h2>\n<ul data-start=\"1415\" data-end=\"1661\">\n<li data-section-id=\"1y18ddm\" data-start=\"1415\" data-end=\"1461\">Materia\u0142: kompozyt drewna i tworzywa (WPC)<\/li>\n<li data-section-id=\"1lq78fg\" data-start=\"1462\" data-end=\"1500\">Generacja: II (z pow\u0142ok\u0105 ochronn\u0105)<\/li>\n<li data-section-id=\"q42ps1\" data-start=\"1501\" data-end=\"1520\">Kolor:<strong data-start=\"145\" data-end=\"228\">\u00a0<\/strong><strong>br\u0105z<\/strong><\/li>\n<li data-section-id=\"1dmh6g9\" data-start=\"1521\" data-end=\"1569\">Wyko\u0144czenie: struktura drewna \/ szczotkowana<\/li>\n<li data-section-id=\"1tu1j5u\" data-start=\"1570\" data-end=\"1601\">Monta\u017c: pionowy lub poziomy<\/li>\n<li data-section-id=\"1heuoyg\" data-start=\"1602\" data-end=\"1661\">Zastosowanie: ogrodzenia, prz\u0119s\u0142a, zabudowy, maskownice<\/li>\n<\/ul>\n<hr data-start=\"1663\" data-end=\"1666\" \/>\n<h2 data-section-id=\"19tfaq3\" data-start=\"1668\" data-end=\"1697\">\ud83d\udd2c CZYM JEST KOMPOZYT WPC?<\/h2>\n<p data-start=\"1699\" data-end=\"1898\">Sztacheta wykonana jest z mieszanki m\u0105czki drzewnej i polimer\u00f3w, dzi\u0119ki czemu \u0142\u0105czy naturalny wygl\u0105d drewna z wysok\u0105 odporno\u015bci\u0105 na wilgo\u0107 i zmiany temperatur .<\/p>\n<hr data-start=\"1900\" data-end=\"1903\" \/>\n<h2 data-section-id=\"vvxvc3\" data-start=\"1905\" data-end=\"1923\">\ud83c\udfe1 ZASTOSOWANIE<\/h2>\n<ul data-start=\"1925\" data-end=\"2069\">\n<li data-section-id=\"5tv34p\" data-start=\"1925\" data-end=\"1947\">ogrodzenia posesji<\/li>\n<li data-section-id=\"15pq4r4\" data-start=\"1948\" data-end=\"1983\">nowoczesne prz\u0119s\u0142a ogrodzeniowe<\/li>\n<li data-section-id=\"18nt0tz\" data-start=\"1984\" data-end=\"2015\">os\u0142ony tarasowe i balkonowe<\/li>\n<li data-section-id=\"1ifhuv2\" data-start=\"2016\" data-end=\"2069\">maskowanie koszy, \u015bmietnik\u00f3w i stref technicznych<\/li>\n<\/ul>\n<hr data-start=\"2071\" data-end=\"2074\" \/>\n<h2 data-section-id=\"qt4x1g\" data-start=\"2076\" data-end=\"2097\">\ud83d\udca1 DLACZEGO WARTO?<\/h2>\n<p data-start=\"2099\" data-end=\"2424\">Sztachety kompozytowe II generacji to inwestycja na lata \u2013 zachowuj\u0105 estetyczny wygl\u0105d bez konieczno\u015bci konserwacji i s\u0105 znacznie bardziej odporne ni\u017c tradycyjne drewno. Dzi\u0119ki nowoczesnej technologii produkcji sprawdzaj\u0105 si\u0119 przez ca\u0142y rok, nawet w trudnych warunkach atmosferycznych .<\/p>\n<hr data-start=\"2426\" data-end=\"2429\" \/>\n<h2 data-section-id=\"1a8xncl\" data-start=\"2431\" data-end=\"2449\">\ud83d\udce6 PODSUMOWANIE<\/h2>\n<p data-start=\"2451\" data-end=\"2648\">Je\u015bli szukasz trwa\u0142ego, eleganckiego i bezproblemowego ogrodzenia \u2013 sztacheta kompozytowa II generacji w kolorze<strong data-start=\"145\" data-end=\"228\">\u00a0<\/strong><strong>br\u0105z<\/strong> to doskona\u0142y wyb\u00f3r \u0142\u0105cz\u0105cy design, funkcjonalno\u015b\u0107 i nowoczesn\u0105 technologi\u0119.<\/p>\n<p>&nbsp;<\/p>\n<p><b>KOMPOZYTOWA SZTACHETA PREMIUM II GENERACJI SZCZOTKA \/ DESE\u0143<\/b><\/p>\n<p>&nbsp;<\/p>\n<p>Sztachety kompozytowe Premium drugiej generacji to innowacyjne rozwi\u0105zania w produkcji kompozytu drewna na \u015bwiecie. Dynamiczny rozw\u00f3j technologii pozwoli\u0142 stworzy\u0107 produkt przewy\u017cszaj\u0105cy swoimi parametrami tradycyjne rozwi\u0105zania. Sztacheta Kompozytowa nowej generacji Premium to produkt wysokiej jako\u015bci. Dzi\u0119ki nowoczesnej technologii produkcji sztacheta ma charakterystyczn\u0105 struktur\u0119 naturalnego drewna. Dese\u0144 drewna jest wyt\u0142aczany na powierzchni za pomoc\u0105 pras w wysokich temperaturach z na\u0142o\u017con\u0105 zewn\u0119trzn\u0105 pow\u0142ok\u0105 polimerow\u0105, kt\u00f3ra otacza sztachet\u0119 ze wszystkich stron i chroni j\u0105 przed plamami oraz utrat\u0105 koloru. Dzi\u0119ki tej metodzie produkcji jest te\u017c trwa\u0142a i odporna na \u015bcieranie. Druga strona jest w innym uszlachetnieniu-szczotkowana przez co sztachet\u0119 mo\u017cemy stosowa\u0107 na dwie strony w zale\u017cno\u015bci od preferencji.<\/p>\n<p>&nbsp;<\/p>\n<p>&nbsp;<\/p>\n<p>&#8211; odporne na wysokie i niskie temperatury, dzia\u0142anie grzyb\u00f3w i insekt\u00f3w<\/p>\n<p>&#8211; nie blaknie na s\u0142o\u0144cu<\/p>\n<p>&#8211; nie wymagaj\u0105 malowania, olejowania czy impregnowania<\/p>\n<p>&#8211; nie absorbuje wody, t\u0142uszczy<\/p>\n<p>&#8211; \u0142atwe w utrzymaniu czysto\u015bci<\/p>\n<p>&#8211; \u0142atwy monta\u017c<\/p>\n<p>&nbsp;<\/p>\n<h1>Dost\u0119pne rozmiary sztachet:<\/h1>\n<ul>\n<li>20 mm x 150 mm x 1000 mm<\/li>\n<li>20 mm x 150 mm x 1250 mm<\/li>\n<li>20 mm x 150 mm x 1500 mm<\/li>\n<li>20 mm x 150 mm x 1800 mm<\/li>\n<li>20 mm x 150 mm x 2000 mm<\/li>\n<li>20 mm x 150 mm x 2520 mm<\/li>\n<li>20 mm x 150 mm x 3000 mm<\/li>\n<\/ul>\n<p>&nbsp;<\/p>\n<p><img loading=\"lazy\" decoding=\"async\" class=\"aligncenter size-full wp-image-7237\" src=\"https:\/\/drzwitarasy.pl\/wp-content\/uploads\/2026\/04\/Sztacheta-BRAZ.jpg\" alt=\"\" width=\"1024\" height=\"656\" srcset=\"https:\/\/drzwitarasy.pl\/wp-content\/uploads\/2026\/04\/Sztacheta-BRAZ.jpg 1024w, https:\/\/drzwitarasy.pl\/wp-content\/uploads\/2026\/04\/Sztacheta-BRAZ-300x192.jpg 300w, https:\/\/drzwitarasy.pl\/wp-content\/uploads\/2026\/04\/Sztacheta-BRAZ-768x492.jpg 768w, https:\/\/drzwitarasy.pl\/wp-content\/uploads\/2026\/04\/Sztacheta-BRAZ-600x384.jpg 600w\" sizes=\"auto, (max-width: 1024px) 100vw, 1024px\" \/><\/p>\n","protected":false},"excerpt":{"rendered":"<p>Sztacheta kompozytowa 2 generacji szczotkowanie i struktura drewna kolor br\u0105z &nbsp; &nbsp; PRZEKR\u00d3J SZTYCHETY i STRUKTURY WYKO\u0143CENIA &#8211; SZCZOTKOWANIE i STRUKTURA DREWNA &nbsp; \ud83d\udcdd OPIS PRODUKTU Sztacheta kompozytowa II generacji \u2013 br\u0105z | struktura drewna \/ szczotkowana Nowoczesna sztacheta kompozytowa II generacji to idealne rozwi\u0105zanie dla os\u00f3b, kt\u00f3re szukaj\u0105 trwa\u0142ego, estetycznego i bezobs\u0142ugowego ogrodzenia. Produkt [&hellip;]<\/p>\n","protected":false},"featured_media":7237,"template":"","meta":{"_acf_changed":false,"om_disable_all_campaigns":false,"_monsterinsights_skip_tracking":false,"_monsterinsights_sitenote_active":false,"_monsterinsights_sitenote_note":"","_monsterinsights_sitenote_category":0},"product_brand":[],"product_cat":[530],"product_tag":[262,626,263],"class_list":{"0":"post-7236","1":"product","2":"type-product","3":"status-publish","4":"has-post-thumbnail","6":"product_cat-kompozyt","7":"product_tag-sztacheta","8":"product_tag-sztacheta-drugiej-generacji","9":"product_tag-sztachety-kompozytowe","10":"product_shipping_class-deskasztacheta","12":"first","13":"instock","14":"sale","15":"shipping-taxable","16":"purchasable","17":"product-type-simple","18":"add-to-wishlist-after_add_to_cart"},"acf":[],"aioseo_notices":[],"jetpack_sharing_enabled":true,"_links":{"self":[{"href":"https:\/\/drzwitarasy.pl\/index.php?rest_route=\/wp\/v2\/product\/7236","targetHints":{"allow":["GET"]}}],"collection":[{"href":"https:\/\/drzwitarasy.pl\/index.php?rest_route=\/wp\/v2\/product"}],"about":[{"href":"https:\/\/drzwitarasy.pl\/index.php?rest_route=\/wp\/v2\/types\/product"}],"wp:featuredmedia":[{"embeddable":true,"href":"https:\/\/drzwitarasy.pl\/index.php?rest_route=\/wp\/v2\/media\/7237"}],"wp:attachment":[{"href":"https:\/\/drzwitarasy.pl\/index.php?rest_route=%2Fwp%2Fv2%2Fmedia&parent=7236"}],"wp:term":[{"taxonomy":"product_brand","embeddable":true,"href":"https:\/\/drzwitarasy.pl\/index.php?rest_route=%2Fwp%2Fv2%2Fproduct_brand&post=7236"},{"taxonomy":"product_cat","embeddable":true,"href":"https:\/\/drzwitarasy.pl\/index.php?rest_route=%2Fwp%2Fv2%2Fproduct_cat&post=7236"},{"taxonomy":"product_tag","embeddable":true,"href":"https:\/\/drzwitarasy.pl\/index.php?rest_route=%2Fwp%2Fv2%2Fproduct_tag&post=7236"}],"curies":[{"name":"wp","href":"https:\/\/api.w.org\/{rel}","templated":true}]}}