{"id":7043,"date":"2026-03-14T01:22:51","date_gmt":"2026-03-14T00:22:51","guid":{"rendered":"https:\/\/drzwitarasy.pl\/?post_type=product&#038;p=7043"},"modified":"2026-03-14T01:45:49","modified_gmt":"2026-03-14T00:45:49","slug":"drzwi-wejsciowe-wewnatrzklatkowe-andromeda-set-z-oscieznica-i-klamka-grafit-80-prawe-wyprzedaz-magazynu","status":"publish","type":"product","link":"https:\/\/drzwitarasy.pl\/?product=drzwi-wejsciowe-wewnatrzklatkowe-andromeda-set-z-oscieznica-i-klamka-grafit-80-prawe-wyprzedaz-magazynu","title":{"rendered":"Drzwi wej\u015bciowe wewn\u0105trzklatkowe Andromeda Set z o\u015bcie\u017cnic\u0105 i klamk\u0105 GRAFIT 80 PRAWE &#8211; WYPRZEDA\u017b MAGAZYNU"},"content":{"rendered":"<p><img loading=\"lazy\" decoding=\"async\" class=\"aligncenter size-full wp-image-6997\" src=\"https:\/\/drzwitarasy.pl\/wp-content\/uploads\/2024\/09\/ANDROMEDA-WIZUAL-Z-LOGO.jpg\" alt=\"\" width=\"1202\" height=\"1154\" srcset=\"https:\/\/drzwitarasy.pl\/wp-content\/uploads\/2024\/09\/ANDROMEDA-WIZUAL-Z-LOGO.jpg 1202w, https:\/\/drzwitarasy.pl\/wp-content\/uploads\/2024\/09\/ANDROMEDA-WIZUAL-Z-LOGO-300x288.jpg 300w, https:\/\/drzwitarasy.pl\/wp-content\/uploads\/2024\/09\/ANDROMEDA-WIZUAL-Z-LOGO-1024x983.jpg 1024w, https:\/\/drzwitarasy.pl\/wp-content\/uploads\/2024\/09\/ANDROMEDA-WIZUAL-Z-LOGO-768x737.jpg 768w, https:\/\/drzwitarasy.pl\/wp-content\/uploads\/2024\/09\/ANDROMEDA-WIZUAL-Z-LOGO-600x576.jpg 600w\" sizes=\"auto, (max-width: 1202px) 100vw, 1202px\" \/><\/p>\n<p>&nbsp;<\/p>\n<h2 style=\"text-align: center;\"><strong>WYPRZEDA\u017b MAGAZYNOWA &#8211; PRZED ZAKUPEM UPEWNIJ SI\u0118 O DOST\u0118PNO\u015a\u0106 !\u00a0 \u00a0 \u00a0 \u00a0 \u00a0 \u00a0 \u00a0 <\/strong><\/h2>\n<h2 style=\"text-align: center;\"><strong>! OFERTA BEZZWROTNA !<\/strong><\/h2>\n<p style=\"text-align: center;\"><span style=\"font-size: 14pt;\">Drzwi wewn\u0105trz klatkowe Andromeda Set z o\u015bcie\u017cnic\u0105 i klamk\u0105 \u2013 komplet<\/span><\/p>\n<blockquote>\n<p style=\"text-align: center;\">kolorystyka: GRAFIT &#8211; SZEROKO\u015a\u0106 80tka &#8211; STRONA PRAWE.<\/p>\n<\/blockquote>\n<p>&nbsp;<\/p>\n<p>&nbsp;<\/p>\n<ul>\n<li><strong>Dost\u0119pne szeroko\u015bci:<\/strong> 80,<\/li>\n<li><strong>Wymiary drzwi:<\/strong> 2040 x 844 x 46 mm<\/li>\n<li><strong>Wymiary z o\u015bcie\u017cnic\u0105:\u00a0<\/strong>2080 x 900 x 120 mm<\/li>\n<li><strong>Wymiar w \u015bwietle o\u015bcie\u017cnicy:\u00a0<\/strong>2090 x 910 mm<\/li>\n<li><strong>Okucia:<\/strong>\u00a0kolor srebrny<\/li>\n<li><strong>Izolacyjno\u015b\u0107 akustyczna:<\/strong>\u00a032dB<\/li>\n<li><strong>Wyposa\u017cenie:<\/strong> \u2013 wizjer panoramiczny do samodzielnego monta\u017cu, \u2013 zestaw klamki z szyldem, \u2013 pr\u00f3g aluminiowy z uszczelk\u0105, \u2013 o\u015bcie\u017cnica sta\u0142a przylgowa w kolorze skrzyd\u0142a, \u2013 stalowe, odlewane i regulowane zaczepy zainstalowane w pionie o\u015bcie\u017cnicy, \u2013 2 uszczelki, \u2013 4 stalowe zawiasy \u015brednicy 16 mm, z regulacj\u0105 3D, \u2013 trzy bolce anty wywa\u017ceniowe (po stronie zawias\u00f3w), \u2013 2 zamki trzpieniowe w systemie jednego klucza, rozmiar 30\/40<\/li>\n<\/ul>\n<p>&nbsp;<\/p>\n<p><img loading=\"lazy\" decoding=\"async\" class=\"aligncenter size-full wp-image-7044\" src=\"https:\/\/drzwitarasy.pl\/wp-content\/uploads\/2026\/03\/andromeda-grafit.jpg\" alt=\"\" width=\"650\" height=\"1024\" srcset=\"https:\/\/drzwitarasy.pl\/wp-content\/uploads\/2026\/03\/andromeda-grafit.jpg 650w, https:\/\/drzwitarasy.pl\/wp-content\/uploads\/2026\/03\/andromeda-grafit-190x300.jpg 190w, https:\/\/drzwitarasy.pl\/wp-content\/uploads\/2026\/03\/andromeda-grafit-300x473.jpg 300w, https:\/\/drzwitarasy.pl\/wp-content\/uploads\/2026\/03\/andromeda-grafit-600x945.jpg 600w\" sizes=\"auto, (max-width: 650px) 100vw, 650px\" \/><\/p>\n<p>&nbsp;<\/p>\n<p><img loading=\"lazy\" decoding=\"async\" class=\"aligncenter wp-image-3546 size-medium\" src=\"https:\/\/drzwitarasy.pl\/wp-content\/uploads\/2024\/09\/bolce-2-173x300.jpg\" alt=\"\" width=\"173\" height=\"300\" srcset=\"https:\/\/drzwitarasy.pl\/wp-content\/uploads\/2024\/09\/bolce-2-173x300.jpg 173w, https:\/\/drzwitarasy.pl\/wp-content\/uploads\/2024\/09\/bolce-2-300x519.jpg 300w, https:\/\/drzwitarasy.pl\/wp-content\/uploads\/2024\/09\/bolce-2.jpg 470w\" sizes=\"auto, (max-width: 173px) 100vw, 173px\" \/><img loading=\"lazy\" decoding=\"async\" class=\"aligncenter wp-image-3547 size-medium\" src=\"https:\/\/drzwitarasy.pl\/wp-content\/uploads\/2024\/09\/bolce-75x300.jpg\" alt=\"\" width=\"75\" height=\"300\" srcset=\"https:\/\/drzwitarasy.pl\/wp-content\/uploads\/2024\/09\/bolce-75x300.jpg 75w, https:\/\/drzwitarasy.pl\/wp-content\/uploads\/2024\/09\/bolce.jpg 228w\" sizes=\"auto, (max-width: 75px) 100vw, 75px\" \/><\/p>\n<p><img loading=\"lazy\" decoding=\"async\" class=\"aligncenter size-full wp-image-6996\" src=\"https:\/\/drzwitarasy.pl\/wp-content\/uploads\/2024\/09\/ANDROMEDA-SZCZEGOLY.jpg\" alt=\"\" width=\"591\" height=\"706\" srcset=\"https:\/\/drzwitarasy.pl\/wp-content\/uploads\/2024\/09\/ANDROMEDA-SZCZEGOLY.jpg 591w, https:\/\/drzwitarasy.pl\/wp-content\/uploads\/2024\/09\/ANDROMEDA-SZCZEGOLY-251x300.jpg 251w, https:\/\/drzwitarasy.pl\/wp-content\/uploads\/2024\/09\/ANDROMEDA-SZCZEGOLY-300x358.jpg 300w\" sizes=\"auto, (max-width: 591px) 100vw, 591px\" \/><\/p>\n<p><img loading=\"lazy\" decoding=\"async\" class=\"aligncenter wp-image-6635 size-full\" src=\"https:\/\/drzwitarasy.pl\/wp-content\/uploads\/2024\/09\/ANDROMEDA-PLUS-KLAMKA.png\" alt=\"\" width=\"401\" height=\"945\" srcset=\"https:\/\/drzwitarasy.pl\/wp-content\/uploads\/2024\/09\/ANDROMEDA-PLUS-KLAMKA.png 401w, https:\/\/drzwitarasy.pl\/wp-content\/uploads\/2024\/09\/ANDROMEDA-PLUS-KLAMKA-127x300.png 127w, https:\/\/drzwitarasy.pl\/wp-content\/uploads\/2024\/09\/ANDROMEDA-PLUS-KLAMKA-300x707.png 300w\" sizes=\"auto, (max-width: 401px) 100vw, 401px\" \/><\/p>\n<p data-start=\"0\" data-end=\"39\"><span class=\"hover:entity-accent entity-underline inline cursor-pointer align-baseline\"><span class=\"whitespace-normal\">Windoor Drzwi Andromeda<\/span><\/span><\/p>\n<h2 data-section-id=\"1tmnw0c\" data-start=\"41\" data-end=\"75\">Opis produktu \u2013 Drzwi Andromeda<\/h2>\n<p data-start=\"77\" data-end=\"453\">Drzwi <strong data-start=\"83\" data-end=\"96\">Andromeda<\/strong> to solidne drzwi wewn\u0105trz klatkowe przeznaczone jako wej\u015bcie z klatki schodowej do mieszkania lub pomieszcze\u0144 biurowych. Model ten \u0142\u0105czy nowoczesny wygl\u0105d z dobr\u0105 izolacj\u0105 akustyczn\u0105 i trwa\u0142\u0105 konstrukcj\u0105, dzi\u0119ki czemu skutecznie chroni wn\u0119trze przed ha\u0142asem z klatki schodowej oraz zapewnia bezpiecze\u0144stwo domownik\u00f3w.<\/p>\n<p data-start=\"455\" data-end=\"776\">Skrzyd\u0142o drzwiowe wykonane jest z p\u0142yty <strong data-start=\"495\" data-end=\"537\">MDF wzmocnionej stalowym p\u0142askownikiem<\/strong>, co zwi\u0119ksza jego wytrzyma\u0142o\u015b\u0107 i odporno\u015b\u0107 na uszkodzenia. Wype\u0142nienie akustyczne typu <strong data-start=\"625\" data-end=\"640\">Solid (LDF)<\/strong> poprawia komfort u\u017cytkowania, ograniczaj\u0105c przenikanie d\u017awi\u0119k\u00f3w oraz cz\u0119\u015bciowo izoluj\u0105c ciep\u0142o.<\/p>\n<p data-start=\"778\" data-end=\"1217\">Drzwi wyposa\u017cone s\u0105 w <strong data-start=\"800\" data-end=\"829\">cztery regulowane zawiasy<\/strong>, <strong data-start=\"831\" data-end=\"891\">dwa zamki na wk\u0142adk\u0119 patentow\u0105 w systemie jednego klucza<\/strong> oraz <strong data-start=\"897\" data-end=\"927\">trzy bolce anty wywa\u017ceniowe<\/strong>, kt\u00f3re zwi\u0119kszaj\u0105 poziom zabezpieczenia przed w\u0142amaniem. W standardowym zestawie znajduje si\u0119 r\u00f3wnie\u017c <strong data-start=\"1030\" data-end=\"1135\">wizjer panoramiczny, klamka z szyldem, pr\u00f3g aluminiowy z uszczelk\u0105 oraz o\u015bcie\u017cnica w kolorze skrzyd\u0142a<\/strong>, dzi\u0119ki czemu drzwi s\u0105 gotowe do monta\u017cu.<\/p>\n<p data-start=\"1219\" data-end=\"1482\">Grubo\u015b\u0107 skrzyd\u0142a wynosz\u0105ca <strong data-start=\"1246\" data-end=\"1255\">46 mm<\/strong> oraz izolacyjno\u015b\u0107 akustyczna na poziomie <strong data-start=\"1297\" data-end=\"1306\">32 dB<\/strong> sprawiaj\u0105, \u017ce model Andromeda dobrze sprawdza si\u0119 w budynkach wielorodzinnych, gdzie komfort ciszy w mieszkaniu jest szczeg\u00f3lnie wa\u017cny.<\/p>\n<p data-start=\"1484\" data-end=\"1724\">Drzwi dost\u0119pne s\u0105 w kilku dekorach imituj\u0105cych drewno oraz w dw\u00f3ch popularnych szeroko\u015bciach \u2013 <strong data-start=\"1579\" data-end=\"1596\">80 cm<\/strong>, co pozwala dopasowa\u0107 je do wi\u0119kszo\u015bci standardowych otwor\u00f3w drzwiowych w mieszkaniach.<\/p>\n<hr data-start=\"1726\" data-end=\"1729\" \/>\n<h3 data-section-id=\"3hos7t\" data-start=\"1731\" data-end=\"1754\">Najwa\u017cniejsze cechy<\/h3>\n<ul data-start=\"1755\" data-end=\"2276\">\n<li data-section-id=\"1y8t767\" data-start=\"1755\" data-end=\"1807\">\n<p data-start=\"1757\" data-end=\"1807\">drzwi wej\u015bciowe do mieszkania z klatki schodowej<\/p>\n<\/li>\n<li data-section-id=\"1msmnjj\" data-start=\"1808\" data-end=\"1839\">\n<p data-start=\"1810\" data-end=\"1839\">grubo\u015b\u0107 skrzyd\u0142a: <strong data-start=\"1828\" data-end=\"1837\">46 mm<\/strong><\/p>\n<\/li>\n<li data-section-id=\"hrdzr2\" data-start=\"1840\" data-end=\"1878\">\n<p data-start=\"1842\" data-end=\"1878\">izolacyjno\u015b\u0107 akustyczna: <strong data-start=\"1867\" data-end=\"1876\">32 dB<\/strong><\/p>\n<\/li>\n<li data-section-id=\"8w6bg2\" data-start=\"1879\" data-end=\"1923\">\n<p data-start=\"1881\" data-end=\"1923\">wype\u0142nienie wyg\u0142uszaj\u0105ce <strong data-start=\"1906\" data-end=\"1921\">Solid \/ LDF<\/strong><\/p>\n<\/li>\n<li data-section-id=\"sti4zf\" data-start=\"1924\" data-end=\"1965\">\n<p data-start=\"1926\" data-end=\"1965\">skrzyd\u0142o z p\u0142yty MDF wzmocnione stal\u0105<\/p>\n<\/li>\n<li data-section-id=\"1ik9xi6\" data-start=\"1966\" data-end=\"1997\">\n<p data-start=\"1968\" data-end=\"1997\"><strong data-start=\"1968\" data-end=\"1995\">4 zawiasy regulowane 3D<\/strong><\/p>\n<\/li>\n<li data-section-id=\"1pbyhtg\" data-start=\"1998\" data-end=\"2050\">\n<p data-start=\"2000\" data-end=\"2050\"><strong data-start=\"2000\" data-end=\"2048\">2 zamki na wk\u0142adk\u0119 w systemie jednego klucza<\/strong><\/p>\n<\/li>\n<li data-section-id=\"h1vyth\" data-start=\"2051\" data-end=\"2082\">\n<p data-start=\"2053\" data-end=\"2082\"><strong data-start=\"2053\" data-end=\"2080\">3 bolce anty wywa\u017ceniowe<\/strong><\/p>\n<\/li>\n<li data-section-id=\"970cjj\" data-start=\"2083\" data-end=\"2153\">\n<p data-start=\"2085\" data-end=\"2153\">w zestawie: o\u015bcie\u017cnica, klamka, wizjer, pr\u00f3g aluminiowy, uszczelki<\/p>\n<\/li>\n<li data-section-id=\"s7hsi8\" data-start=\"2154\" data-end=\"2196\">\n<p data-start=\"2156\" data-end=\"2196\">dost\u0119pne szeroko\u015bci: <strong data-start=\"2177\" data-end=\"2194\">80 cm\u00a0<\/strong><\/p>\n<\/li>\n<\/ul>\n","protected":false},"excerpt":{"rendered":"<p style=\"text-align: left;\"><strong><img loading=\"lazy\" decoding=\"async\" class=\"alignleft wp-image-7003 size-medium\" src=\"https:\/\/drzwitarasy.pl\/wp-content\/uploads\/2024\/02\/BANER-OD-REKI-300x171.jpg\" alt=\"\" width=\"300\" height=\"171\" srcset=\"https:\/\/drzwitarasy.pl\/wp-content\/uploads\/2024\/02\/BANER-OD-REKI-300x171.jpg 300w, https:\/\/drzwitarasy.pl\/wp-content\/uploads\/2024\/02\/BANER-OD-REKI-768x437.jpg 768w, https:\/\/drzwitarasy.pl\/wp-content\/uploads\/2024\/02\/BANER-OD-REKI-600x341.jpg 600w, https:\/\/drzwitarasy.pl\/wp-content\/uploads\/2024\/02\/BANER-OD-REKI.jpg 869w\" sizes=\"auto, (max-width: 300px) 100vw, 300px\" \/><span style=\"color: red\">WYPRZEDA\u017b MAGAZYNOWA<span style=\"color: red\"><\/strong><\/p>\n<p style=\"text-align: left;\"><strong><span style=\"color: blue\">OFERTA BEZZWROTNA<span style=\"color: blue\"><\/strong><\/p>\n<p style=\"text-align: left;\"><strong><span style=\"color: blue\">ILO\u015a\u0106 OGRANICZONA<span style=\"color: blue\"><\/strong><\/p>\n<ul>\n","protected":false},"featured_media":7045,"template":"","meta":{"_acf_changed":false,"_monsterinsights_skip_tracking":false,"_monsterinsights_sitenote_active":false,"_monsterinsights_sitenote_note":"","_monsterinsights_sitenote_category":0},"product_brand":[527],"product_cat":[532,246,21,516,354],"product_tag":[244,270,285,319,282,317,320,323,324,321,326,325,322,308,350,287,187,348,327,330,333,342,338,336,343,337,340,339,335,332,341,309,312,306,347,243,274,275,277,280,273,276,279,349,278,272,307,311,310,269,177,292,298,294,299,293,296,295,297,300,301,242,313,344,346,284,286,304,328,283,303,281,329,314,316,315,318,331,302,305,334,271,345,173,288,290,289,291],"class_list":{"0":"post-7043","1":"product","2":"type-product","3":"status-publish","4":"has-post-thumbnail","6":"product_brand-windoor","7":"product_cat-drzwi-od-reki-2","8":"product_cat-drzwi-wewnatrzklatkowe","9":"product_cat-drzwi-wewnetrzne","10":"product_cat-windoor","11":"product_cat-outlet","12":"product_tag-andromeda-set","13":"product_tag-castorama-drzwi-wewnetrzne","14":"product_tag-ciemne-drzwi-wewnetrzne","15":"product_tag-dre-drzwi-bezprzylgowe","16":"product_tag-drewniane-drzwi-wewnetrzne","17":"product_tag-drzwi-bezprzylgowe-co-to-znaczy","18":"product_tag-drzwi-bezprzylgowe-biale","19":"product_tag-drzwi-bezprzylgowe-castorama","20":"product_tag-drzwi-bezprzylgowe-leroy","21":"product_tag-drzwi-bezprzylgowe-oscieznica","22":"product_tag-drzwi-bezprzylgowe-z-oscieznica-cena","23":"product_tag-drzwi-bezprzylgowe-z-oscieznica-komplet","24":"product_tag-drzwi-bezprzylgowe-z-szyba","25":"product_tag-drzwi-drewniane-windoor","26":"product_tag-drzwi-loftowe-przesuwne","27":"product_tag-drzwi-nowoczesne-wewnetrzne","28":"product_tag-drzwi-od-reki","29":"product_tag-drzwi-prysznicowe-przesuwne","30":"product_tag-drzwi-przesuwne","31":"product_tag-drzwi-przesuwne-biale","32":"product_tag-drzwi-przesuwne-bricomarche","33":"product_tag-drzwi-przesuwne-castorama","34":"product_tag-drzwi-przesuwne-chowane-w-sciane","35":"product_tag-drzwi-przesuwne-do-lazienki","36":"product_tag-drzwi-przesuwne-ikea","37":"product_tag-drzwi-przesuwne-leroy-merlin","38":"product_tag-drzwi-przesuwne-na-wymiar","39":"product_tag-drzwi-przesuwne-nascienne","40":"product_tag-drzwi-przesuwne-oscieznica","41":"product_tag-drzwi-przesuwne-otwarte-teraz","42":"product_tag-drzwi-przesuwne-szklane","43":"product_tag-drzwi-przesuwne-windoor","44":"product_tag-drzwi-rozwierane-windoor","45":"product_tag-drzwi-rozwierane-windoor-80-cm","46":"product_tag-drzwi-tarasowe-przesuwne","47":"product_tag-drzwi-wewnatrzklatkowe","48":"product_tag-drzwi-wewnetrzne-biale","49":"product_tag-drzwi-wewnetrzne-castorama","50":"product_tag-drzwi-wewnetrzne-cena","51":"product_tag-drzwi-wewnetrzne-czarne","52":"product_tag-drzwi-wewnetrzne-dre","53":"product_tag-drzwi-wewnetrzne-drewniane","54":"product_tag-drzwi-wewnetrzne-nowoczesne","55":"product_tag-drzwi-wewnetrzne-przesuwne","56":"product_tag-drzwi-wewnetrzne-szare","57":"product_tag-drzwi-wewnetrzne-szklane","58":"product_tag-drzwi-wewnetrzne-windoor","59":"product_tag-drzwi-wewnetrzne-windoor-castorama","60":"product_tag-drzwi-wewnetrzne-windoor-radom","61":"product_tag-drzwi-wewnetrzne-z-oscieznica","62":"product_tag-drzwi-windoor","63":"product_tag-drzwi-windoor-bricomarche","64":"product_tag-drzwi-windoor-castorama","65":"product_tag-drzwi-windoor-elegance","66":"product_tag-drzwi-windoor-elegance-opinie","67":"product_tag-drzwi-windoor-opinie","68":"product_tag-drzwi-windoor-orzech-north","69":"product_tag-drzwi-windoor-pegasus","70":"product_tag-drzwi-windoor-trame-orzech-north","71":"product_tag-drzwi-windoor-virgo-sonoma","72":"product_tag-drzwi-windoor-wymiary","73":"product_tag-drzwi-zewnatrzne","74":"product_tag-drzwidladomu","75":"product_tag-ikea-drzwi-przesuwne","76":"product_tag-ikea-drzwi-przesuwne-pokojowe","77":"product_tag-jak-wstawic-drzwi-wewnetrzne","78":"product_tag-jakiej-firmy-drzwi-wewnetrzne-wybrac","79":"product_tag-katalog-drzwi-windoor","80":"product_tag-kompletny-zestaw","81":"product_tag-leroy-merlin-drzwi-wewnetrzne","82":"product_tag-montaz-drzwi-windoor","83":"product_tag-nowoczesne-drzwi-wewnetrzne","84":"product_tag-obi-drzwi-przesuwne","85":"product_tag-oscieznica-regulowana","86":"product_tag-oscieznica-regulowana-a-stala","87":"product_tag-oscieznica-regulowana-montaz","88":"product_tag-porta-drzwi-bezprzylgowe","89":"product_tag-porta-drzwi-przesuwne","90":"product_tag-producent-drzwi-windoor","91":"product_tag-producent-drzwi-windoor-opinie","92":"product_tag-system-drzwi-przesuwnych","93":"product_tag-tanie-drzwi-pokojowe","94":"product_tag-tanie-drzwi-przesuwne-nascienne","95":"product_tag-windoor","96":"product_tag-windoor-drzwi-castorama","97":"product_tag-windoor-drzwi-cennik","98":"product_tag-windoor-drzwi-opinie","99":"product_tag-windoor-sklep","100":"product_shipping_class-wewnatrzklatkowe","102":"first","103":"instock","104":"sale","105":"shipping-taxable","106":"purchasable","107":"product-type-simple","108":"add-to-wishlist-after_add_to_cart"},"acf":[],"aioseo_notices":[],"jetpack_sharing_enabled":true,"_links":{"self":[{"href":"https:\/\/drzwitarasy.pl\/index.php?rest_route=\/wp\/v2\/product\/7043","targetHints":{"allow":["GET"]}}],"collection":[{"href":"https:\/\/drzwitarasy.pl\/index.php?rest_route=\/wp\/v2\/product"}],"about":[{"href":"https:\/\/drzwitarasy.pl\/index.php?rest_route=\/wp\/v2\/types\/product"}],"wp:featuredmedia":[{"embeddable":true,"href":"https:\/\/drzwitarasy.pl\/index.php?rest_route=\/wp\/v2\/media\/7045"}],"wp:attachment":[{"href":"https:\/\/drzwitarasy.pl\/index.php?rest_route=%2Fwp%2Fv2%2Fmedia&parent=7043"}],"wp:term":[{"taxonomy":"product_brand","embeddable":true,"href":"https:\/\/drzwitarasy.pl\/index.php?rest_route=%2Fwp%2Fv2%2Fproduct_brand&post=7043"},{"taxonomy":"product_cat","embeddable":true,"href":"https:\/\/drzwitarasy.pl\/index.php?rest_route=%2Fwp%2Fv2%2Fproduct_cat&post=7043"},{"taxonomy":"product_tag","embeddable":true,"href":"https:\/\/drzwitarasy.pl\/index.php?rest_route=%2Fwp%2Fv2%2Fproduct_tag&post=7043"}],"curies":[{"name":"wp","href":"https:\/\/api.w.org\/{rel}","templated":true}]}}