{"id":6908,"date":"2024-02-28T03:39:17","date_gmt":"2024-02-28T02:39:17","guid":{"rendered":"https:\/\/drzwitarasy.pl\/?post_type=product&#038;p=6908"},"modified":"2026-03-09T00:30:21","modified_gmt":"2026-03-08T23:30:21","slug":"drzwi-bezprzylgowe-prim-slim-windoor-biale-z-oscieznica-regulowana-90-od-reki","status":"publish","type":"product","link":"https:\/\/drzwitarasy.pl\/?product=drzwi-bezprzylgowe-prim-slim-windoor-biale-z-oscieznica-regulowana-90-od-reki","title":{"rendered":"Drzwi bezprzylgowe PRIM SLIM WINDOOR BIA\u0141E z o\u015bcie\u017cnic\u0105 regulowan\u0105 90\u00b0 od r\u0119ki"},"content":{"rendered":"<p>&nbsp;<\/p>\n<p><img loading=\"lazy\" decoding=\"async\" class=\"aligncenter size-full wp-image-6900\" src=\"https:\/\/drzwitarasy.pl\/wp-content\/uploads\/2026\/02\/prim-WIZUAL-ok.jpg\" alt=\"\" width=\"1049\" height=\"1025\" srcset=\"https:\/\/drzwitarasy.pl\/wp-content\/uploads\/2026\/02\/prim-WIZUAL-ok.jpg 1049w, https:\/\/drzwitarasy.pl\/wp-content\/uploads\/2026\/02\/prim-WIZUAL-ok-300x293.jpg 300w, https:\/\/drzwitarasy.pl\/wp-content\/uploads\/2026\/02\/prim-WIZUAL-ok-1024x1001.jpg 1024w, https:\/\/drzwitarasy.pl\/wp-content\/uploads\/2026\/02\/prim-WIZUAL-ok-768x750.jpg 768w, https:\/\/drzwitarasy.pl\/wp-content\/uploads\/2026\/02\/prim-WIZUAL-ok-600x586.jpg 600w, https:\/\/drzwitarasy.pl\/wp-content\/uploads\/2026\/02\/prim-WIZUAL-ok-50x50.jpg 50w\" sizes=\"auto, (max-width: 1049px) 100vw, 1049px\" \/><\/p>\n<p><img loading=\"lazy\" decoding=\"async\" class=\"aligncenter size-full wp-image-7004\" src=\"https:\/\/drzwitarasy.pl\/wp-content\/uploads\/2024\/02\/DOSTEPNE-OD-REKI.jpg\" alt=\"\" width=\"1288\" height=\"835\" srcset=\"https:\/\/drzwitarasy.pl\/wp-content\/uploads\/2024\/02\/DOSTEPNE-OD-REKI.jpg 1288w, https:\/\/drzwitarasy.pl\/wp-content\/uploads\/2024\/02\/DOSTEPNE-OD-REKI-300x194.jpg 300w, https:\/\/drzwitarasy.pl\/wp-content\/uploads\/2024\/02\/DOSTEPNE-OD-REKI-1024x664.jpg 1024w, https:\/\/drzwitarasy.pl\/wp-content\/uploads\/2024\/02\/DOSTEPNE-OD-REKI-768x498.jpg 768w, https:\/\/drzwitarasy.pl\/wp-content\/uploads\/2024\/02\/DOSTEPNE-OD-REKI-600x389.jpg 600w\" sizes=\"auto, (max-width: 1288px) 100vw, 1288px\" \/><\/p>\n<p style=\"text-align: center;\"><img loading=\"lazy\" decoding=\"async\" class=\"aligncenter size-full wp-image-6909\" src=\"https:\/\/drzwitarasy.pl\/wp-content\/uploads\/2026\/02\/prim-bialy-pk-wc-scaled.jpg\" alt=\"\" width=\"2560\" height=\"2283\" srcset=\"https:\/\/drzwitarasy.pl\/wp-content\/uploads\/2026\/02\/prim-bialy-pk-wc-scaled.jpg 2560w, https:\/\/drzwitarasy.pl\/wp-content\/uploads\/2026\/02\/prim-bialy-pk-wc-300x268.jpg 300w, https:\/\/drzwitarasy.pl\/wp-content\/uploads\/2026\/02\/prim-bialy-pk-wc-1024x913.jpg 1024w, https:\/\/drzwitarasy.pl\/wp-content\/uploads\/2026\/02\/prim-bialy-pk-wc-768x685.jpg 768w, https:\/\/drzwitarasy.pl\/wp-content\/uploads\/2026\/02\/prim-bialy-pk-wc-1536x1370.jpg 1536w, https:\/\/drzwitarasy.pl\/wp-content\/uploads\/2026\/02\/prim-bialy-pk-wc-2048x1826.jpg 2048w, https:\/\/drzwitarasy.pl\/wp-content\/uploads\/2026\/02\/prim-bialy-pk-wc-600x535.jpg 600w\" sizes=\"auto, (max-width: 2560px) 100vw, 2560px\" \/><\/p>\n<h2 data-start=\"139\" data-end=\"211\">\ud83d\udeaa Drzwi bezprzylgowe PRIM SLIM WINDOOR Bia\u0142e z o\u015bcie\u017cnic\u0105 regulowan\u0105 90\u00b0 OD R\u0118KI<\/h2>\n<p data-start=\"213\" data-end=\"551\">Nowoczesne drzwi wewn\u0119trzne <strong data-start=\"241\" data-end=\"268\">PRIM SLIM marki WINDOOR<\/strong> w klasycznym bia\u0142ym kolorze to idealne rozwi\u0105zanie do mieszka\u0144 i dom\u00f3w urz\u0105dzonych w stylu nowoczesnym, skandynawskim oraz minimalistycznym. System bezprzylgowy sprawia, \u017ce skrzyd\u0142o po zamkni\u0119ciu tworzy jednolit\u0105 powierzchni\u0119 z o\u015bcie\u017cnic\u0105, nadaj\u0105c wn\u0119trzu elegancki i sp\u00f3jny wygl\u0105d.<\/p>\n<p data-start=\"553\" data-end=\"729\">Drzwi zosta\u0142y wykonane z trwa\u0142ej konstrukcji MDF i wyko\u0144czone wysokiej jako\u015bci oklein\u0105 odporn\u0105 na codzienne u\u017cytkowanie, zarysowania oraz dzia\u0142anie promieni UV.<\/p>\n<hr data-start=\"731\" data-end=\"734\" \/>\n<h2 data-start=\"736\" data-end=\"769\">\u2705 Najwa\u017cniejsze cechy produktu<\/h2>\n<ul data-start=\"770\" data-end=\"1022\">\n<li data-start=\"770\" data-end=\"805\">\n<p data-start=\"772\" data-end=\"805\">nowoczesne drzwi <strong data-start=\"789\" data-end=\"805\">bezprzylgowe POKOJOWE &#8211; \u0141AZIENKOWE<\/strong><\/p>\n<\/li>\n<li data-start=\"806\" data-end=\"824\">\n<p data-start=\"808\" data-end=\"824\">kolor: <strong data-start=\"815\" data-end=\"824\">Bia\u0142y<\/strong><\/p>\n<\/li>\n<li data-start=\"825\" data-end=\"857\">\n<p data-start=\"827\" data-end=\"857\">skrzyd\u0142o licuj\u0105ce z o\u015bcie\u017cnic\u0105<\/p>\n<\/li>\n<li data-start=\"858\" data-end=\"888\">\n<p data-start=\"860\" data-end=\"888\">2 srebrne ukryte zawiasy 3D w standardzie (zawiasy pakowane w o\u015bcie\u017cnicy)<\/p>\n<\/li>\n<li data-start=\"889\" data-end=\"908\">\n<p data-start=\"891\" data-end=\"908\">zamek magnetyczny \u2013 klucz (drzwi pokojowe) \u2013 wc (drzwi \u0142azienkowe)<\/p>\n<\/li>\n<li data-start=\"909\" data-end=\"933\">\n<p data-start=\"911\" data-end=\"933\">trwa\u0142a konstrukcja MDF<\/p>\n<\/li>\n<li data-start=\"934\" data-end=\"969\">\n<p data-start=\"936\" data-end=\"969\">odporna na uszkodzenia okleina<\/p>\n<\/li>\n<li data-start=\"970\" data-end=\"1022\">\n<p data-start=\"972\" data-end=\"1022\">minimalistyczny design pasuj\u0105cy do ka\u017cdego wn\u0119trza<\/p>\n<\/li>\n<\/ul>\n<hr data-start=\"1024\" data-end=\"1027\" \/>\n<h2 data-start=\"1029\" data-end=\"1049\">\ud83d\udce6 Zestaw zawiera<\/h2>\n<p data-start=\"1050\" data-end=\"1195\">\u2714 skrzyd\u0142o drzwiowe PRIM SLIM<br data-start=\"1079\" data-end=\"1082\" \/>\u2714 o\u015bcie\u017cnic\u0119 regulowan\u0105 bezprzylgow\u0105 (LISTWY MASKUJ\u0104CE 8cm w o\u015bcie\u017cnicy &#8211; \u0142\u0105czone na prosto 90\u00b0) (dodatkowa op\u0142ata \u2013 naliczana automatycznie wybieraj\u0105c zakres regulacji o\u015bcie\u017cnicy)<br data-start=\"1118\" data-end=\"1121\" \/>\u2714 2 srebrne ukryte zawiasy 3D w standardzie (zawiasy pakowane w o\u015bcie\u017cnicy)<\/p>\n<p data-start=\"1050\" data-end=\"1195\">\u2714 zamek magnetyczny \u2013 klucz (drzwi pokojowe) \u2013 wc (drzwi \u0142azienkowe)<br data-start=\"1159\" data-end=\"1162\" \/>\u2714 komplet element\u00f3w monta\u017cowych<\/p>\n<hr data-start=\"1197\" data-end=\"1200\" \/>\n<h2 data-start=\"1202\" data-end=\"1223\">\ud83d\udcd0 Dane techniczne<\/h2>\n<ul data-start=\"1224\" data-end=\"1502\">\n<li data-start=\"1224\" data-end=\"1256\">\n<p data-start=\"1226\" data-end=\"1256\">wysoko\u015b\u0107 skrzyd\u0142a: <strong data-start=\"1245\" data-end=\"1256\">2035 mm<\/strong><\/p>\n<\/li>\n<li data-start=\"1257\" data-end=\"1290\">\n<p data-start=\"1259\" data-end=\"1290\">grubo\u015b\u0107 skrzyd\u0142a: ok. <strong data-start=\"1281\" data-end=\"1290\">40 mm<\/strong><\/p>\n<\/li>\n<li data-start=\"1291\" data-end=\"1333\">\n<p data-start=\"1293\" data-end=\"1333\">dost\u0119pne szeroko\u015bci: <strong data-start=\"1314\" data-end=\"1333\">70 \/ 80 \/ 90 cm<\/strong><\/p>\n<\/li>\n<li data-start=\"1334\" data-end=\"1371\">\n<p data-start=\"1336\" data-end=\"1371\">kierunek otwierania: lewe lub prawe<\/p>\n<\/li>\n<li data-start=\"1372\" data-end=\"1411\">\n<p data-start=\"1374\" data-end=\"1411\">wyko\u0144czenie: folia polipropylenowa PP<\/p>\n<\/li>\n<li data-start=\"1412\" data-end=\"1462\">\n<p data-start=\"1414\" data-end=\"1462\">zastosowanie: pomieszczenia mieszkalne i biurowe<\/p>\n<\/li>\n<li data-start=\"1463\" data-end=\"1502\">\n<p data-start=\"1465\" data-end=\"1502\">gwarancja producenta: <strong data-start=\"1487\" data-end=\"1502\">24 miesi\u0105ce<\/strong><\/p>\n<\/li>\n<\/ul>\n<hr data-start=\"1504\" data-end=\"1507\" \/>\n<h2 data-start=\"1509\" data-end=\"1527\">\ud83c\udfe0 Zastosowanie<\/h2>\n<p data-start=\"1528\" data-end=\"1572\">Drzwi PRIM SLIM doskonale sprawdz\u0105 si\u0119 jako:<\/p>\n<ul data-start=\"1573\" data-end=\"1696\">\n<li data-start=\"1573\" data-end=\"1589\">\n<p data-start=\"1575\" data-end=\"1589\">drzwi pokojowe, \u0142azienkowe<\/p>\n<\/li>\n<li data-start=\"1590\" data-end=\"1609\">\n<p data-start=\"1592\" data-end=\"1609\">drzwi do sypialni<\/p>\n<\/li>\n<li data-start=\"1610\" data-end=\"1629\">\n<p data-start=\"1612\" data-end=\"1629\">drzwi do gabinetu<\/p>\n<\/li>\n<li data-start=\"1630\" data-end=\"1659\">\n<p data-start=\"1632\" data-end=\"1659\">drzwi do pokoju dzieci\u0119cego<\/p>\n<\/li>\n<li data-start=\"1660\" data-end=\"1696\">\n<p data-start=\"1662\" data-end=\"1696\">drzwi do nowoczesnych apartament\u00f3w<\/p>\n<\/li>\n<\/ul>\n<p data-start=\"1698\" data-end=\"1790\">Pe\u0142na konstrukcja skrzyd\u0142a poprawia komfort akustyczny oraz zapewnia prywatno\u015b\u0107 u\u017cytkowania.<\/p>\n<hr data-start=\"1792\" data-end=\"1795\" \/>\n<h2 data-start=\"1797\" data-end=\"1842\">\u2b50 Dlaczego warto wybra\u0107 PRIM SLIM WINDOOR?<\/h2>\n<p data-start=\"1843\" data-end=\"2018\">\u2714 nowoczesny efekt drzwi licowanych ze \u015bcian\u0105<br data-start=\"1888\" data-end=\"1891\" \/>\u2714 ponadczasowy bia\u0142y kolor<br data-start=\"1917\" data-end=\"1920\" \/>\u2714 komplet z o\u015bcie\u017cnic\u0105 w zestawie (dop\u0142ata)<br data-start=\"1953\" data-end=\"1956\" \/>\u2714 wysoka estetyka wykonania<br data-start=\"1983\" data-end=\"1986\" \/>\u2714 produkt polskiego producenta<\/p>\n<p>&nbsp;<\/p>\n<p>&nbsp;<\/p>\n<p>Poszukujesz drzwi, kt\u00f3re nie tylko b\u0119d\u0105 funkcjonalne, ale tak\u017ce nadadz\u0105 Twojemu wn\u0119trzu wyj\u0105tkowy, nowoczesny styl? Chcesz, aby by\u0142y trwa\u0142e, estetyczne i \u0142atwe w konserwacji? Oto nasza propozycja \u2013 Drzwi PRIM SLIM \u2013 drzwi bezprzylgowe plus futryna regulowana \u2013 OD R\u0118KI !<\/p>\n<h4>Dlaczego warto wybra\u0107 drzwi PRIM?<\/h4>\n<p>Nasze drzwi PRIM to kwintesencja wysokiej jako\u015bci i nowoczesnego designu. Konstrukcja drzwi opiera si\u0119 na pe\u0142nej p\u0142ycie MDF wraz ze szkleniem mlecznym, co zapewnia ich niezwyk\u0142\u0105 trwa\u0142o\u015b\u0107 i odporno\u015b\u0107 na uszkodzenia mechaniczne.<\/p>\n<h4>Najwa\u017cniejsze cechy:<\/h4>\n<p><strong>Wysoka jako\u015b\u0107 i trwa\u0142o\u015b\u0107<\/strong>: Wykonane z pe\u0142nej p\u0142yty MDF, drzwi te s\u0105 wyj\u0105tkowo odporne na wszelkie uszkodzenia mechaniczne, co gwarantuje ich d\u0142ugowieczno\u015b\u0107.<\/p>\n<p><strong>Nowoczesny design<\/strong>: Drzwi PRIM wyr\u00f3\u017cniaj\u0105 si\u0119 eleganckim wygl\u0105dem, kt\u00f3ry doskonale komponuje si\u0119 z nowoczesnymi wn\u0119trzami.<\/p>\n<p><strong>Technologia SOFTLine<\/strong>: Profile drzwi wykonane s\u0105 w technologii SOFTLine, kt\u00f3ra wyr\u00f3\u017cnia si\u0119 brakiem \u0142\u0105cze\u0144 okleiny na kraw\u0119dziach, co dodaje im estetycznego wygl\u0105du.<\/p>\n<p><strong>Stabilna konstrukcja<\/strong>: Technologia czopowania i ko\u0142kowania u\u017cyta do po\u0142\u0105czenia element\u00f3w pionowych i poziomych zapobiega wypaczaniu oraz opuszczaniu drzwi, nawet podczas wieloletniego u\u017cytkowania.<\/p>\n<p><strong>Komfort u\u017cytkowania<\/strong>: Drzwi wyposa\u017cone s\u0105 w 2 zawiasy CHOWANE 3D W KOLORZE srebrnym oraz srebrny zamek MAGNETYCZNY, co zapewnia \u0142atwo\u015b\u0107 monta\u017cu i stabilno\u015b\u0107.<\/p>\n<p><strong>Wszechstronne rozmiary<\/strong>: Dost\u0119pne od r\u0119ki POKOJOWE w szeroko\u015bciach:\u00a0 70tki, 80tki i 90tki, o wymiarach 2035 x \/744\/844\/944\/ x 40 mm, co pozwala dopasowa\u0107 je do r\u00f3\u017cnych przestrzeni. (60tki \u2013 dost\u0119pne na zam\u00f3wienie )<\/p>\n<p>Dost\u0119pne od r\u0119ki \u0141AZIENKOWE w szeroko\u015bciach:\u00a0 70tki i 80tki, o wymiarach 2035 x \/744\/844\/ x 40 mm, co pozwala dopasowa\u0107 je do r\u00f3\u017cnych przestrzeni. (60tki i 90tki \u2013 dost\u0119pne na zam\u00f3wienie )<\/p>\n<h4>Idealne do ka\u017cdego wn\u0119trza<\/h4>\n<p>Drzwi Prim slim kolor BIA\u0141Y \u015bwietnie sprawdz\u0105 si\u0119 zar\u00f3wno w nowoczesnych loftach, jak i eleganckich, klasycznych wn\u0119trzach. Dzi\u0119ki swojej uniwersalno\u015bci, mog\u0105 by\u0107 zastosowane w r\u00f3\u017cnych pomieszczeniach \u2013 od kuchni, przez salon, a\u017c po biura i gabinety.<\/p>\n<h4>Dodaj nowoczesny akcent do swojego domu ju\u017c dzi\u015b!<\/h4>\n<p>Nie czekaj \u2013 zadbaj o styl i funkcjonalno\u015b\u0107 swojego wn\u0119trza z naszymi drzwiami PRIM. Kliknij \u201eDodaj do koszyka\u201d i ciesz si\u0119 wysok\u0105 jako\u015bci\u0105 oraz nowoczesnym designem ka\u017cdego dnia.<\/p>\n<p>Sprawd\u017a nasz\u0105 ofert\u0119 i wybierz drzwi, kt\u00f3re spe\u0142ni\u0105 wszystkie Twoje oczekiwania. Tw\u00f3j dom zas\u0142uguje na najlepsze!<\/p>\n<p>&nbsp;<\/p>\n<p>&nbsp;<\/p>\n<p>&nbsp;<\/p>\n<p>&nbsp;<\/p>\n<p>&nbsp;<\/p>\n<p><b>Kolekcja drzwi Prim<\/b> designerskie bezprzylgowe drzwi ramiakowe z Linii <b>SLIM<\/b>. Skrzyd\u0142a tej serii charakteryzuj\u0105 si\u0119\u00a0<b>modernistyczn\u0105 stylizacj\u0105<\/b>\u00a0oraz\u00a0<b>wysok\u0105 trwa\u0142o\u015bci\u0105.<\/b><\/p>\n<p>&nbsp;<\/p>\n<p>&nbsp;<\/p>\n<p>&nbsp;<\/p>\n<p><img loading=\"lazy\" decoding=\"async\" class=\"aligncenter size-full wp-image-5943\" src=\"https:\/\/drzwitarasy.pl\/wp-content\/uploads\/2025\/09\/REG-8CM-BIALA-90.jpg\" alt=\"\" width=\"554\" height=\"779\" srcset=\"https:\/\/drzwitarasy.pl\/wp-content\/uploads\/2025\/09\/REG-8CM-BIALA-90.jpg 554w, https:\/\/drzwitarasy.pl\/wp-content\/uploads\/2025\/09\/REG-8CM-BIALA-90-300x422.jpg 300w, https:\/\/drzwitarasy.pl\/wp-content\/uploads\/2025\/09\/REG-8CM-BIALA-90-213x300.jpg 213w\" sizes=\"auto, (max-width: 554px) 100vw, 554px\" \/><img loading=\"lazy\" decoding=\"async\" class=\"aligncenter size-full wp-image-5944\" src=\"https:\/\/drzwitarasy.pl\/wp-content\/uploads\/2025\/09\/WYMIARY.jpg\" alt=\"\" width=\"726\" height=\"817\" srcset=\"https:\/\/drzwitarasy.pl\/wp-content\/uploads\/2025\/09\/WYMIARY.jpg 726w, https:\/\/drzwitarasy.pl\/wp-content\/uploads\/2025\/09\/WYMIARY-300x338.jpg 300w, https:\/\/drzwitarasy.pl\/wp-content\/uploads\/2025\/09\/WYMIARY-600x675.jpg 600w, https:\/\/drzwitarasy.pl\/wp-content\/uploads\/2025\/09\/WYMIARY-267x300.jpg 267w\" sizes=\"auto, (max-width: 726px) 100vw, 726px\" \/><\/p>\n","protected":false},"excerpt":{"rendered":"<p><img loading=\"lazy\" decoding=\"async\" class=\"wp-image-6781 alignleft\" src=\"https:\/\/drzwitarasy.pl\/wp-content\/uploads\/2025\/07\/kat-90\u00b0.jpg\" alt=\"\" width=\"160\" height=\"140\" srcset=\"https:\/\/drzwitarasy.pl\/wp-content\/uploads\/2025\/07\/kat-90\u00b0.jpg 795w, https:\/\/drzwitarasy.pl\/wp-content\/uploads\/2025\/07\/kat-90\u00b0-300x263.jpg 300w, https:\/\/drzwitarasy.pl\/wp-content\/uploads\/2025\/07\/kat-90\u00b0-768x674.jpg 768w, https:\/\/drzwitarasy.pl\/wp-content\/uploads\/2025\/07\/kat-90\u00b0-600x527.jpg 600w\" sizes=\"auto, (max-width: 160px) 100vw, 160px\" \/> <img loading=\"lazy\" decoding=\"async\" class=\"wp-image-7003 size-medium alignnone\" src=\"https:\/\/drzwitarasy.pl\/wp-content\/uploads\/2024\/02\/BANER-OD-REKI-300x171.jpg\" alt=\"\" width=\"300\" height=\"171\" srcset=\"https:\/\/drzwitarasy.pl\/wp-content\/uploads\/2024\/02\/BANER-OD-REKI-300x171.jpg 300w, https:\/\/drzwitarasy.pl\/wp-content\/uploads\/2024\/02\/BANER-OD-REKI-768x437.jpg 768w, https:\/\/drzwitarasy.pl\/wp-content\/uploads\/2024\/02\/BANER-OD-REKI-600x341.jpg 600w, https:\/\/drzwitarasy.pl\/wp-content\/uploads\/2024\/02\/BANER-OD-REKI.jpg 869w\" sizes=\"auto, (max-width: 300px) 100vw, 300px\" \/><\/p>\n","protected":false},"featured_media":7002,"template":"","meta":{"_acf_changed":false,"om_disable_all_campaigns":false,"_monsterinsights_skip_tracking":false,"_monsterinsights_sitenote_active":false,"_monsterinsights_sitenote_note":"","_monsterinsights_sitenote_category":0},"product_brand":[527],"product_cat":[514,532,112,30,21,516],"product_tag":[270,285,319,282,317,320,323,324,321,326,325,322,308,178,350,287,187,348,327,330,333,342,338,336,343,337,340,339,335,332,341,309,312,306,347,274,275,277,280,273,276,279,349,278,272,307,311,174,310,269,177,292,298,294,299,293,296,295,297,300,301,313,344,346,284,286,304,328,283,303,281,329,314,316,315,318,331,302,305,334,271,345,288,290,289,291],"class_list":{"0":"post-6908","1":"product","2":"type-product","3":"status-publish","4":"has-post-thumbnail","6":"product_brand-windoor","7":"product_cat-bezprzylgowe-windoor-od-reki","8":"product_cat-drzwi-od-reki-2","9":"product_cat-drzwi-od-reki","10":"product_cat-drzwi-prestige","11":"product_cat-drzwi-wewnetrzne","12":"product_cat-windoor","13":"product_tag-castorama-drzwi-wewnetrzne","14":"product_tag-ciemne-drzwi-wewnetrzne","15":"product_tag-dre-drzwi-bezprzylgowe","16":"product_tag-drewniane-drzwi-wewnetrzne","17":"product_tag-drzwi-bezprzylgowe-co-to-znaczy","18":"product_tag-drzwi-bezprzylgowe-biale","19":"product_tag-drzwi-bezprzylgowe-castorama","20":"product_tag-drzwi-bezprzylgowe-leroy","21":"product_tag-drzwi-bezprzylgowe-oscieznica","22":"product_tag-drzwi-bezprzylgowe-z-oscieznica-cena","23":"product_tag-drzwi-bezprzylgowe-z-oscieznica-komplet","24":"product_tag-drzwi-bezprzylgowe-z-szyba","25":"product_tag-drzwi-drewniane-windoor","26":"product_tag-drzwi-elegance","27":"product_tag-drzwi-loftowe-przesuwne","28":"product_tag-drzwi-nowoczesne-wewnetrzne","29":"product_tag-drzwi-od-reki","30":"product_tag-drzwi-prysznicowe-przesuwne","31":"product_tag-drzwi-przesuwne","32":"product_tag-drzwi-przesuwne-biale","33":"product_tag-drzwi-przesuwne-bricomarche","34":"product_tag-drzwi-przesuwne-castorama","35":"product_tag-drzwi-przesuwne-chowane-w-sciane","36":"product_tag-drzwi-przesuwne-do-lazienki","37":"product_tag-drzwi-przesuwne-ikea","38":"product_tag-drzwi-przesuwne-leroy-merlin","39":"product_tag-drzwi-przesuwne-na-wymiar","40":"product_tag-drzwi-przesuwne-nascienne","41":"product_tag-drzwi-przesuwne-oscieznica","42":"product_tag-drzwi-przesuwne-otwarte-teraz","43":"product_tag-drzwi-przesuwne-szklane","44":"product_tag-drzwi-przesuwne-windoor","45":"product_tag-drzwi-rozwierane-windoor","46":"product_tag-drzwi-rozwierane-windoor-80-cm","47":"product_tag-drzwi-tarasowe-przesuwne","48":"product_tag-drzwi-wewnetrzne-biale","49":"product_tag-drzwi-wewnetrzne-castorama","50":"product_tag-drzwi-wewnetrzne-cena","51":"product_tag-drzwi-wewnetrzne-czarne","52":"product_tag-drzwi-wewnetrzne-dre","53":"product_tag-drzwi-wewnetrzne-drewniane","54":"product_tag-drzwi-wewnetrzne-nowoczesne","55":"product_tag-drzwi-wewnetrzne-przesuwne","56":"product_tag-drzwi-wewnetrzne-szare","57":"product_tag-drzwi-wewnetrzne-szklane","58":"product_tag-drzwi-wewnetrzne-windoor","59":"product_tag-drzwi-wewnetrzne-windoor-castorama","60":"product_tag-drzwi-wewnetrzne-windoor-elegance","61":"product_tag-drzwi-wewnetrzne-windoor-radom","62":"product_tag-drzwi-wewnetrzne-z-oscieznica","63":"product_tag-drzwi-windoor","64":"product_tag-drzwi-windoor-bricomarche","65":"product_tag-drzwi-windoor-castorama","66":"product_tag-drzwi-windoor-elegance","67":"product_tag-drzwi-windoor-elegance-opinie","68":"product_tag-drzwi-windoor-opinie","69":"product_tag-drzwi-windoor-orzech-north","70":"product_tag-drzwi-windoor-pegasus","71":"product_tag-drzwi-windoor-trame-orzech-north","72":"product_tag-drzwi-windoor-virgo-sonoma","73":"product_tag-drzwi-windoor-wymiary","74":"product_tag-drzwidladomu","75":"product_tag-ikea-drzwi-przesuwne","76":"product_tag-ikea-drzwi-przesuwne-pokojowe","77":"product_tag-jak-wstawic-drzwi-wewnetrzne","78":"product_tag-jakiej-firmy-drzwi-wewnetrzne-wybrac","79":"product_tag-katalog-drzwi-windoor","80":"product_tag-kompletny-zestaw","81":"product_tag-leroy-merlin-drzwi-wewnetrzne","82":"product_tag-montaz-drzwi-windoor","83":"product_tag-nowoczesne-drzwi-wewnetrzne","84":"product_tag-obi-drzwi-przesuwne","85":"product_tag-oscieznica-regulowana","86":"product_tag-oscieznica-regulowana-a-stala","87":"product_tag-oscieznica-regulowana-montaz","88":"product_tag-porta-drzwi-bezprzylgowe","89":"product_tag-porta-drzwi-przesuwne","90":"product_tag-producent-drzwi-windoor","91":"product_tag-producent-drzwi-windoor-opinie","92":"product_tag-system-drzwi-przesuwnych","93":"product_tag-tanie-drzwi-pokojowe","94":"product_tag-tanie-drzwi-przesuwne-nascienne","95":"product_tag-windoor-drzwi-castorama","96":"product_tag-windoor-drzwi-cennik","97":"product_tag-windoor-drzwi-opinie","98":"product_tag-windoor-sklep","99":"product_shipping_class-drzwi-od-reki","101":"first","102":"instock","103":"sale","104":"featured","105":"shipping-taxable","106":"purchasable","107":"product-type-simple","108":"add-to-wishlist-after_add_to_cart"},"acf":[],"aioseo_notices":[],"jetpack_sharing_enabled":true,"_links":{"self":[{"href":"https:\/\/drzwitarasy.pl\/index.php?rest_route=\/wp\/v2\/product\/6908","targetHints":{"allow":["GET"]}}],"collection":[{"href":"https:\/\/drzwitarasy.pl\/index.php?rest_route=\/wp\/v2\/product"}],"about":[{"href":"https:\/\/drzwitarasy.pl\/index.php?rest_route=\/wp\/v2\/types\/product"}],"wp:featuredmedia":[{"embeddable":true,"href":"https:\/\/drzwitarasy.pl\/index.php?rest_route=\/wp\/v2\/media\/7002"}],"wp:attachment":[{"href":"https:\/\/drzwitarasy.pl\/index.php?rest_route=%2Fwp%2Fv2%2Fmedia&parent=6908"}],"wp:term":[{"taxonomy":"product_brand","embeddable":true,"href":"https:\/\/drzwitarasy.pl\/index.php?rest_route=%2Fwp%2Fv2%2Fproduct_brand&post=6908"},{"taxonomy":"product_cat","embeddable":true,"href":"https:\/\/drzwitarasy.pl\/index.php?rest_route=%2Fwp%2Fv2%2Fproduct_cat&post=6908"},{"taxonomy":"product_tag","embeddable":true,"href":"https:\/\/drzwitarasy.pl\/index.php?rest_route=%2Fwp%2Fv2%2Fproduct_tag&post=6908"}],"curies":[{"name":"wp","href":"https:\/\/api.w.org\/{rel}","templated":true}]}}