{"id":6879,"date":"2026-02-27T00:42:44","date_gmt":"2026-02-26T23:42:44","guid":{"rendered":"https:\/\/drzwitarasy.pl\/?post_type=product&#038;p=6879"},"modified":"2026-02-27T02:04:27","modified_gmt":"2026-02-27T01:04:27","slug":"canis-przesuwne-drzwi-wewnetrzne-windoor-nowoczesne-drzwi","status":"publish","type":"product","link":"https:\/\/drzwitarasy.pl\/?product=canis-przesuwne-drzwi-wewnetrzne-windoor-nowoczesne-drzwi","title":{"rendered":"Canis Przesuwne Drzwi Wewn\u0119trzne Windoor \u2013 Nowoczesne Drzwi"},"content":{"rendered":"<p>&nbsp;<\/p>\n<p><img loading=\"lazy\" decoding=\"async\" class=\"aligncenter size-full wp-image-5927\" src=\"https:\/\/drzwitarasy.pl\/wp-content\/uploads\/2019\/08\/CANIS-WIZUAL.jpg\" alt=\"\" width=\"1096\" height=\"1249\" srcset=\"https:\/\/drzwitarasy.pl\/wp-content\/uploads\/2019\/08\/CANIS-WIZUAL.jpg 1096w, https:\/\/drzwitarasy.pl\/wp-content\/uploads\/2019\/08\/CANIS-WIZUAL-300x342.jpg 300w, https:\/\/drzwitarasy.pl\/wp-content\/uploads\/2019\/08\/CANIS-WIZUAL-600x684.jpg 600w, https:\/\/drzwitarasy.pl\/wp-content\/uploads\/2019\/08\/CANIS-WIZUAL-263x300.jpg 263w, https:\/\/drzwitarasy.pl\/wp-content\/uploads\/2019\/08\/CANIS-WIZUAL-899x1024.jpg 899w, https:\/\/drzwitarasy.pl\/wp-content\/uploads\/2019\/08\/CANIS-WIZUAL-768x875.jpg 768w\" sizes=\"auto, (max-width: 1096px) 100vw, 1096px\" \/><\/p>\n<p>&nbsp;<\/p>\n<p><img loading=\"lazy\" decoding=\"async\" class=\"aligncenter size-full wp-image-6880\" src=\"https:\/\/drzwitarasy.pl\/wp-content\/uploads\/2026\/02\/CANIS-d-gorski-przesU.jpg\" alt=\"\" width=\"1185\" height=\"1211\" srcset=\"https:\/\/drzwitarasy.pl\/wp-content\/uploads\/2026\/02\/CANIS-d-gorski-przesU.jpg 1185w, https:\/\/drzwitarasy.pl\/wp-content\/uploads\/2026\/02\/CANIS-d-gorski-przesU-294x300.jpg 294w, https:\/\/drzwitarasy.pl\/wp-content\/uploads\/2026\/02\/CANIS-d-gorski-przesU-1002x1024.jpg 1002w, https:\/\/drzwitarasy.pl\/wp-content\/uploads\/2026\/02\/CANIS-d-gorski-przesU-768x785.jpg 768w, https:\/\/drzwitarasy.pl\/wp-content\/uploads\/2026\/02\/CANIS-d-gorski-przesU-300x307.jpg 300w, https:\/\/drzwitarasy.pl\/wp-content\/uploads\/2026\/02\/CANIS-d-gorski-przesU-600x613.jpg 600w, https:\/\/drzwitarasy.pl\/wp-content\/uploads\/2026\/02\/CANIS-d-gorski-przesU-50x50.jpg 50w\" sizes=\"auto, (max-width: 1185px) 100vw, 1185px\" \/><\/p>\n<p style=\"text-align: center;\"><strong><span style=\"font-size: 18pt;\">DRZWI CANIS PRZESUWNE\u00a0<\/span><\/strong><\/p>\n<p>&nbsp;<\/p>\n<p style=\"text-align: center;\">Mamy przyjemno\u015b\u0107 przedstawi\u0107\u00a0<b>najnowsz\u0105 kolekcj\u0119<\/b>\u00a0drzwi wewn\u0119trznych. Skrzyd\u0142a te pokryte s\u0105 oklein\u0105 drewnopodobn\u0105 zapewniaj\u0105c\u0105\u00a0<b>wysokie walory estetyczne<\/b>, dzi\u0119ki kt\u00f3rym drzwi doskonale prezentuj\u0105 si\u0119 w Pa\u0144stwa domach.<\/p>\n<p style=\"text-align: center;\"><b>Unikalna struktura folii<\/b>\u00a0umo\u017cliwia odbijanie promieni s\u0142onecznych, co sprawia, \u017ce drzwi posiadaj\u0105 r\u00f3\u017cne odcienie w zale\u017cno\u015bci od pory dnia i nas\u0142onecznienia.<\/p>\n<p style=\"text-align: center;\">Proponowany model to skrzyd\u0142o drzwiowe wykonane z ramy MDF wype\u0142nionej wk\u0142adem stabilizuj\u0105cym w postaci tzw. plastra miodu. Rama wraz z wype\u0142nieniem jest dwustronnie ob\u0142o\u017cona p\u0142yt\u0105 HDF i oklejona Finish Foli\u0105 w kolorze drewna.<\/p>\n<p class=\"p1\"><span class=\"s1\"><b>KOLORY STANDARD<\/b><\/span><\/p>\n<p class=\"p1\"><span class=\"s2\">BIA\u0141Y &#8211; <\/span>SILVER &#8211; SONOMA &#8211; ORZECH<\/p>\n<p class=\"p1\"><span class=\"s1\"><b>KOLORY PREMIUM<\/b><\/span><\/p>\n<p class=\"p1\">D\u0104B COUNTRY &#8211; D\u0104B G\u00d3RSKI\u00a0 &#8211; ORZECH NORTH &#8211; CIEMNY BETON.<\/p>\n<p>&nbsp;<\/p>\n<p><img loading=\"lazy\" decoding=\"async\" class=\"aligncenter size-full wp-image-6876\" src=\"https:\/\/drzwitarasy.pl\/wp-content\/uploads\/2022\/10\/KOLORY-CANIS-NOWE.jpg\" alt=\"\" width=\"1100\" height=\"621\" srcset=\"https:\/\/drzwitarasy.pl\/wp-content\/uploads\/2022\/10\/KOLORY-CANIS-NOWE.jpg 1100w, https:\/\/drzwitarasy.pl\/wp-content\/uploads\/2022\/10\/KOLORY-CANIS-NOWE-300x169.jpg 300w, https:\/\/drzwitarasy.pl\/wp-content\/uploads\/2022\/10\/KOLORY-CANIS-NOWE-1024x578.jpg 1024w, https:\/\/drzwitarasy.pl\/wp-content\/uploads\/2022\/10\/KOLORY-CANIS-NOWE-768x434.jpg 768w, https:\/\/drzwitarasy.pl\/wp-content\/uploads\/2022\/10\/KOLORY-CANIS-NOWE-600x339.jpg 600w\" sizes=\"auto, (max-width: 1100px) 100vw, 1100px\" \/><\/p>\n<p>&nbsp;<\/p>\n<h1><\/h1>\n<p><img loading=\"lazy\" decoding=\"async\" class=\"aligncenter size-full wp-image-2394\" src=\"https:\/\/drzwitarasy.pl\/wp-content\/uploads\/2022\/10\/PRZEKRO%CC%81J.jpeg\" alt=\"\" width=\"720\" height=\"388\" \/><\/p>\n<p><img loading=\"lazy\" decoding=\"async\" class=\"aligncenter size-full wp-image-4460\" src=\"https:\/\/drzwitarasy.pl\/wp-content\/uploads\/2024\/11\/KONTAKT-ok.jpg\" alt=\"\" width=\"1619\" height=\"1410\" srcset=\"https:\/\/drzwitarasy.pl\/wp-content\/uploads\/2024\/11\/KONTAKT-ok.jpg 1619w, https:\/\/drzwitarasy.pl\/wp-content\/uploads\/2024\/11\/KONTAKT-ok-300x261.jpg 300w, https:\/\/drzwitarasy.pl\/wp-content\/uploads\/2024\/11\/KONTAKT-ok-600x523.jpg 600w, https:\/\/drzwitarasy.pl\/wp-content\/uploads\/2024\/11\/KONTAKT-ok-1024x892.jpg 1024w, https:\/\/drzwitarasy.pl\/wp-content\/uploads\/2024\/11\/KONTAKT-ok-768x669.jpg 768w, https:\/\/drzwitarasy.pl\/wp-content\/uploads\/2024\/11\/KONTAKT-ok-1536x1338.jpg 1536w\" sizes=\"auto, (max-width: 1619px) 100vw, 1619px\" \/><\/p>\n<p>&nbsp;<\/p>\n<p><img loading=\"lazy\" decoding=\"async\" class=\"aligncenter size-full wp-image-5926\" src=\"https:\/\/drzwitarasy.pl\/wp-content\/uploads\/2022\/10\/canisy.jpg\" alt=\"\" width=\"2108\" height=\"2551\" srcset=\"https:\/\/drzwitarasy.pl\/wp-content\/uploads\/2022\/10\/canisy.jpg 2108w, https:\/\/drzwitarasy.pl\/wp-content\/uploads\/2022\/10\/canisy-300x363.jpg 300w, https:\/\/drzwitarasy.pl\/wp-content\/uploads\/2022\/10\/canisy-600x726.jpg 600w, https:\/\/drzwitarasy.pl\/wp-content\/uploads\/2022\/10\/canisy-248x300.jpg 248w, https:\/\/drzwitarasy.pl\/wp-content\/uploads\/2022\/10\/canisy-846x1024.jpg 846w, https:\/\/drzwitarasy.pl\/wp-content\/uploads\/2022\/10\/canisy-768x929.jpg 768w, https:\/\/drzwitarasy.pl\/wp-content\/uploads\/2022\/10\/canisy-1269x1536.jpg 1269w, https:\/\/drzwitarasy.pl\/wp-content\/uploads\/2022\/10\/canisy-1692x2048.jpg 1692w\" sizes=\"auto, (max-width: 2108px) 100vw, 2108px\" \/><\/p>\n<p>&nbsp;<\/p>\n<p><img loading=\"lazy\" decoding=\"async\" class=\"aligncenter size-full wp-image-6877\" src=\"https:\/\/drzwitarasy.pl\/wp-content\/uploads\/2022\/10\/CACIS-BIALY-WIZUAL.jpg\" alt=\"\" width=\"943\" height=\"630\" srcset=\"https:\/\/drzwitarasy.pl\/wp-content\/uploads\/2022\/10\/CACIS-BIALY-WIZUAL.jpg 943w, https:\/\/drzwitarasy.pl\/wp-content\/uploads\/2022\/10\/CACIS-BIALY-WIZUAL-300x200.jpg 300w, https:\/\/drzwitarasy.pl\/wp-content\/uploads\/2022\/10\/CACIS-BIALY-WIZUAL-768x513.jpg 768w, https:\/\/drzwitarasy.pl\/wp-content\/uploads\/2022\/10\/CACIS-BIALY-WIZUAL-600x401.jpg 600w\" sizes=\"auto, (max-width: 943px) 100vw, 943px\" \/><\/p>\n<p><img loading=\"lazy\" decoding=\"async\" class=\"aligncenter size-full wp-image-6878\" src=\"https:\/\/drzwitarasy.pl\/wp-content\/uploads\/2022\/10\/CANIS-BIALE-DWA-PK-WC-Z-OPISEM.jpg\" alt=\"\" width=\"949\" height=\"805\" srcset=\"https:\/\/drzwitarasy.pl\/wp-content\/uploads\/2022\/10\/CANIS-BIALE-DWA-PK-WC-Z-OPISEM.jpg 949w, https:\/\/drzwitarasy.pl\/wp-content\/uploads\/2022\/10\/CANIS-BIALE-DWA-PK-WC-Z-OPISEM-300x254.jpg 300w, https:\/\/drzwitarasy.pl\/wp-content\/uploads\/2022\/10\/CANIS-BIALE-DWA-PK-WC-Z-OPISEM-768x651.jpg 768w, https:\/\/drzwitarasy.pl\/wp-content\/uploads\/2022\/10\/CANIS-BIALE-DWA-PK-WC-Z-OPISEM-600x509.jpg 600w\" sizes=\"auto, (max-width: 949px) 100vw, 949px\" \/><\/p>\n<p>&nbsp;<\/p>\n<p>DRZWI PRZESUWNE<\/p>\n<p>Canis, dost\u0119pne tak\u017ce drzwi inwestycyjne, drzwi przylgowe, drzwi bezprzylgowe<\/p>\n<p>&nbsp;<\/p>\n<p>&nbsp;<\/p>\n<p>&nbsp;<\/p>\n","protected":false},"excerpt":{"rendered":"<p>&nbsp; &nbsp; DRZWI CANIS PRZESUWNE\u00a0 &nbsp; Mamy przyjemno\u015b\u0107 przedstawi\u0107\u00a0najnowsz\u0105 kolekcj\u0119\u00a0drzwi wewn\u0119trznych. Skrzyd\u0142a te pokryte s\u0105 oklein\u0105 drewnopodobn\u0105 zapewniaj\u0105c\u0105\u00a0wysokie walory estetyczne, dzi\u0119ki kt\u00f3rym drzwi doskonale prezentuj\u0105 si\u0119 w Pa\u0144stwa domach. Unikalna struktura folii\u00a0umo\u017cliwia odbijanie promieni s\u0142onecznych, co sprawia, \u017ce drzwi posiadaj\u0105 r\u00f3\u017cne odcienie w zale\u017cno\u015bci od pory dnia i nas\u0142onecznienia. Proponowany model to skrzyd\u0142o drzwiowe wykonane [&hellip;]<\/p>\n","protected":false},"featured_media":6880,"template":"","meta":{"_acf_changed":false,"om_disable_all_campaigns":false,"_monsterinsights_skip_tracking":false,"_monsterinsights_sitenote_active":false,"_monsterinsights_sitenote_note":"","_monsterinsights_sitenote_category":0},"product_brand":[527],"product_cat":[22,561,562,21,516],"product_tag":[360,363,361,362],"class_list":{"0":"post-6879","1":"product","2":"type-product","3":"status-publish","4":"has-post-thumbnail","6":"product_brand-windoor","7":"product_cat-drzwi-standard","8":"product_cat-drzwi-przesuwne-windoor","9":"product_cat-drzwi-przesuwne-windoor-drzwi-wewnetrzne","10":"product_cat-drzwi-wewnetrzne","11":"product_cat-windoor","12":"product_tag-canis","13":"product_tag-drzwi-bezprzylgowe","14":"product_tag-drzwi-inwestycyjne","15":"product_tag-drzwi-przylgowe","16":"product_shipping_class-drzwi-windoor","18":"first","19":"instock","20":"sale","21":"shipping-taxable","22":"purchasable","23":"product-type-simple","24":"add-to-wishlist-after_add_to_cart"},"acf":[],"aioseo_notices":[],"jetpack_sharing_enabled":true,"_links":{"self":[{"href":"https:\/\/drzwitarasy.pl\/index.php?rest_route=\/wp\/v2\/product\/6879","targetHints":{"allow":["GET"]}}],"collection":[{"href":"https:\/\/drzwitarasy.pl\/index.php?rest_route=\/wp\/v2\/product"}],"about":[{"href":"https:\/\/drzwitarasy.pl\/index.php?rest_route=\/wp\/v2\/types\/product"}],"wp:featuredmedia":[{"embeddable":true,"href":"https:\/\/drzwitarasy.pl\/index.php?rest_route=\/wp\/v2\/media\/6880"}],"wp:attachment":[{"href":"https:\/\/drzwitarasy.pl\/index.php?rest_route=%2Fwp%2Fv2%2Fmedia&parent=6879"}],"wp:term":[{"taxonomy":"product_brand","embeddable":true,"href":"https:\/\/drzwitarasy.pl\/index.php?rest_route=%2Fwp%2Fv2%2Fproduct_brand&post=6879"},{"taxonomy":"product_cat","embeddable":true,"href":"https:\/\/drzwitarasy.pl\/index.php?rest_route=%2Fwp%2Fv2%2Fproduct_cat&post=6879"},{"taxonomy":"product_tag","embeddable":true,"href":"https:\/\/drzwitarasy.pl\/index.php?rest_route=%2Fwp%2Fv2%2Fproduct_tag&post=6879"}],"curies":[{"name":"wp","href":"https:\/\/api.w.org\/{rel}","templated":true}]}}