{"id":6733,"date":"2024-02-13T20:54:11","date_gmt":"2024-02-13T19:54:11","guid":{"rendered":"https:\/\/drzwitarasy.pl\/?post_type=product&#038;p=6733"},"modified":"2026-02-15T00:00:34","modified_gmt":"2026-02-14T23:00:34","slug":"drzwi-bezprzylgowe-elegance-slim-windoor-biale-60-i-90tki-z-oscieznica-regulowana","status":"publish","type":"product","link":"https:\/\/drzwitarasy.pl\/?product=drzwi-bezprzylgowe-elegance-slim-windoor-biale-60-i-90tki-z-oscieznica-regulowana","title":{"rendered":"Drzwi bezprzylgowe ELEGANCE SLIM WINDOOR BIA\u0141E 60 i 90tki z o\u015bcie\u017cnic\u0105 regulowan\u0105"},"content":{"rendered":"<p><img loading=\"lazy\" decoding=\"async\" class=\"aligncenter size-full wp-image-5941\" src=\"https:\/\/drzwitarasy.pl\/wp-content\/uploads\/2025\/09\/WIZUAL-Z-LOGO-PL.jpg\" alt=\"\" width=\"2395\" height=\"2503\" srcset=\"https:\/\/drzwitarasy.pl\/wp-content\/uploads\/2025\/09\/WIZUAL-Z-LOGO-PL.jpg 2395w, https:\/\/drzwitarasy.pl\/wp-content\/uploads\/2025\/09\/WIZUAL-Z-LOGO-PL-300x314.jpg 300w, https:\/\/drzwitarasy.pl\/wp-content\/uploads\/2025\/09\/WIZUAL-Z-LOGO-PL-600x627.jpg 600w, https:\/\/drzwitarasy.pl\/wp-content\/uploads\/2025\/09\/WIZUAL-Z-LOGO-PL-287x300.jpg 287w, https:\/\/drzwitarasy.pl\/wp-content\/uploads\/2025\/09\/WIZUAL-Z-LOGO-PL-980x1024.jpg 980w, https:\/\/drzwitarasy.pl\/wp-content\/uploads\/2025\/09\/WIZUAL-Z-LOGO-PL-768x803.jpg 768w, https:\/\/drzwitarasy.pl\/wp-content\/uploads\/2025\/09\/WIZUAL-Z-LOGO-PL-1470x1536.jpg 1470w, https:\/\/drzwitarasy.pl\/wp-content\/uploads\/2025\/09\/WIZUAL-Z-LOGO-PL-1960x2048.jpg 1960w\" sizes=\"auto, (max-width: 2395px) 100vw, 2395px\" \/><\/p>\n<p>Poszukujesz drzwi, kt\u00f3re nie tylko b\u0119d\u0105 funkcjonalne, ale tak\u017ce nadadz\u0105 Twojemu wn\u0119trzu wyj\u0105tkowy, nowoczesny styl? Chcesz, aby by\u0142y trwa\u0142e, estetyczne i \u0142atwe w konserwacji? Oto nasza propozycja \u2013 Drzwi Elegance SLIM &#8211; drzwi bezprzylgowe plus futryna regulowana &#8211;<\/p>\n<p style=\"text-align: center;\"><span style=\"font-size: 18pt;\">REALIZACJA OKO\u0141O 2 TYGODNIE!<\/span><\/p>\n<h4>Dlaczego warto wybra\u0107 drzwi Elegance?<\/h4>\n<p>Nasze drzwi Elegance to kwintesencja wysokiej jako\u015bci i nowoczesnego designu. Konstrukcja drzwi opiera si\u0119 na pe\u0142nej p\u0142ycie MDF, co zapewnia ich niezwyk\u0142\u0105 trwa\u0142o\u015b\u0107 i odporno\u015b\u0107 na uszkodzenia mechaniczne.<\/p>\n<h4>Najwa\u017cniejsze cechy:<\/h4>\n<p><strong>Wysoka jako\u015b\u0107 i trwa\u0142o\u015b\u0107<\/strong>: Wykonane z pe\u0142nej p\u0142yty MDF, drzwi te s\u0105 wyj\u0105tkowo odporne na wszelkie uszkodzenia mechaniczne, co gwarantuje ich d\u0142ugowieczno\u015b\u0107.<\/p>\n<p><strong>Nowoczesny design<\/strong>: Drzwi Elegance wyr\u00f3\u017cniaj\u0105 si\u0119 eleganckim wygl\u0105dem, kt\u00f3ry doskonale komponuje si\u0119 z nowoczesnymi wn\u0119trzami.<\/p>\n<p><strong>Technologia SOFTLine<\/strong>: Profile drzwi wykonane s\u0105 w technologii SOFTLine, kt\u00f3ra wyr\u00f3\u017cnia si\u0119 brakiem \u0142\u0105cze\u0144 okleiny na kraw\u0119dziach, co dodaje im estetycznego wygl\u0105du.<\/p>\n<p><strong>Stabilna konstrukcja<\/strong>: Technologia czopowania i ko\u0142kowania u\u017cyta do po\u0142\u0105czenia element\u00f3w pionowych i poziomych zapobiega wypaczaniu oraz opuszczaniu drzwi, nawet podczas wieloletniego u\u017cytkowania.<\/p>\n<p><strong>Komfort u\u017cytkowania<\/strong>: Drzwi wyposa\u017cone s\u0105 w 2 zawiasy CHOWANE 3D W KOLORZE SREBRNYM, co zapewnia \u0142atwo\u015b\u0107 monta\u017cu i stabilno\u015b\u0107.<\/p>\n<p><strong>Wszechstronne rozmiary<\/strong>: Dost\u0119pne od r\u0119ki w szeroko\u015bciach:\u00a0 60 i 90 cm, o wymiarach 2035 x \/644\/944\/ x 40 mm, co pozwala dopasowa\u0107 je do r\u00f3\u017cnych przestrzeni. (60 i 90 tki &#8211; dost\u0119pne na zam\u00f3wienie )<\/p>\n<h4>Idealne do ka\u017cdego wn\u0119trza<\/h4>\n<p>Drzwi Elegance \u015bwietnie sprawdz\u0105 si\u0119 zar\u00f3wno w nowoczesnych loftach, jak i eleganckich, klasycznych wn\u0119trzach. Dzi\u0119ki swojej uniwersalno\u015bci, mog\u0105 by\u0107 zastosowane w r\u00f3\u017cnych pomieszczeniach \u2013 od kuchni, przez salon, a\u017c po biura i gabinety.<\/p>\n<h4>Dodaj nowoczesny akcent do swojego domu ju\u017c dzi\u015b!<\/h4>\n<p>Nie czekaj \u2013 zadbaj o styl i funkcjonalno\u015b\u0107 swojego wn\u0119trza z naszymi drzwiami Elegance. Kliknij \u201eDodaj do koszyka\u201d i ciesz si\u0119 wysok\u0105 jako\u015bci\u0105 oraz nowoczesnym designem ka\u017cdego dnia.<\/p>\n<p>Sprawd\u017a nasz\u0105 ofert\u0119 i wybierz drzwi, kt\u00f3re spe\u0142ni\u0105 wszystkie Twoje oczekiwania. Tw\u00f3j dom zas\u0142uguje na najlepsze!<\/p>\n<p>&nbsp;<\/p>\n<p>&nbsp;<\/p>\n<p>&nbsp;<\/p>\n<p>&nbsp;<\/p>\n<p>&nbsp;<\/p>\n<p style=\"text-align: center;\"><b>Kolekcja drzwi Elegance<\/b> designerskie drzwi ramiakowe z Linii <b>SLIM<\/b>. Skrzyd\u0142a tej serii charakteryzuj\u0105 si\u0119\u00a0<b>modernistyczn\u0105 stylizacj\u0105<\/b>\u00a0oraz\u00a0<b>wysok\u0105 trwa\u0142o\u015bci\u0105.<\/b><\/p>\n<p>&nbsp;<\/p>\n<p>&nbsp;<\/p>\n<p>Elegance SLIM \u2013 luksus,<\/p>\n<p>Perfekcyjna forma, nowoczesna estetyka i natychmiastowa dost\u0119pno\u015b\u0107. Elegance SLIM bezprzylgowe z regulowan\u0105 o\u015bcie\u017cnic\u0105 to drzwi stworzone dla wn\u0119trz, w kt\u00f3rych liczy si\u0119 ka\u017cdy detal. G\u0142adka powierzchnia skrzyd\u0142a, ukryte zawiasy oraz precyzyjne wyko\u0144czenie sprawiaj\u0105, \u017ce drzwi idealnie komponuj\u0105 si\u0119 ze \u015bcian\u0105, tworz\u0105c sp\u00f3jn\u0105, eleganck\u0105 przestrze\u0144.<\/p>\n<p>Najwi\u0119ksza zaleta? Produkt dost\u0119pny na zam\u00f3wienie. Bez d\u0142ugiego oczekiwania, bez kompromis\u00f3w. Wybierasz, zamawiasz i montujesz \u2014 dok\u0142adnie wtedy, kiedy tego potrzebujesz. Regulowana o\u015bcie\u017cnica zapewnia perfekcyjne dopasowanie do grubo\u015bci muru i estetyczny efekt klasy premium.<\/p>\n<p>Dlaczego Elegance SLIM to wyb\u00f3r \u015bwiadomy:<\/p>\n<p>bezprzylgowa konstrukcja z ukrytymi zawiasami<\/p>\n<p>regulowana o\u015bcie\u017cnica w komplecie<\/p>\n<p>nowoczesny, luksusowy design<\/p>\n<p>dost\u0119pno\u015b\u0107 na zam\u00f3wienie\u00a0 \u2013 realizacja oko\u0142o 2 tygodnie (60 i 70 tki)<\/p>\n<p>elegancja premium w atrakcyjnej cenie<\/p>\n<p>Wybierz drzwi, kt\u00f3re nie ka\u017c\u0105 czeka\u0107 na efekt. Elegance SLIM to natychmiastowa metamorfoza wn\u0119trza i ponadczasowy styl, kt\u00f3ry zostaje na lata.<\/p>\n<p>&nbsp;<\/p>\n<p>&nbsp;<\/p>\n<h2 data-start=\"151\" data-end=\"174\">\ud83d\udccc Co to za produkt?<\/h2>\n<p data-start=\"175\" data-end=\"451\"><span style=\"font-size: 14pt;\"><strong data-start=\"175\" data-end=\"274\">Drzwi wewn\u0119trzne Windoor \u2013 Elegance SLIM bezprzylgowe z o\u015bcie\u017cnic\u0105 regulowan\u0105 w kolorze bia\u0142ym<\/strong>. To <strong data-start=\"279\" data-end=\"319\">gotowe do monta\u017cu drzwi bezprzylgowe<\/strong> z rama MDF pokryte foli\u0105 finish, dost\u0119pne w popularnym kolorze BIA\u0141YM.<\/span><\/p>\n<hr data-start=\"453\" data-end=\"456\" \/>\n<h2 data-start=\"458\" data-end=\"484\">\ud83d\udee0\ufe0f Najwa\u017cniejsze cechy<\/h2>\n<h3 data-start=\"486\" data-end=\"510\">\u2714 Konstrukcja i styl<\/h3>\n<ul data-start=\"511\" data-end=\"934\">\n<li data-start=\"511\" data-end=\"612\">\n<p data-start=\"513\" data-end=\"612\"><strong data-start=\"513\" data-end=\"535\">Drzwi bezprzylgowe<\/strong> \u2013 nowoczesny wygl\u0105d, ukryte zawiasy.<\/p>\n<\/li>\n<li data-start=\"613\" data-end=\"699\">\n<p data-start=\"615\" data-end=\"699\"><strong data-start=\"615\" data-end=\"632\">Kolor bia\u0142y<\/strong>.<\/p>\n<\/li>\n<li data-start=\"700\" data-end=\"815\">\n<p data-start=\"702\" data-end=\"815\"><strong data-start=\"702\" data-end=\"726\">Technologia SOFTLine<\/strong> \u2013 brak widocznych \u0142\u0105cze\u0144 okleiny na kraw\u0119dziach.<\/p>\n<\/li>\n<li data-start=\"816\" data-end=\"934\">\n<p data-start=\"818\" data-end=\"934\">Stabilna konstrukcja dzi\u0119ki <strong data-start=\"846\" data-end=\"885\">technologii czopowania i ko\u0142kowania<\/strong> element\u00f3w.<\/p>\n<\/li>\n<\/ul>\n<h3 data-start=\"936\" data-end=\"966\">\u2714 O\u015bcie\u017cnica i wyposa\u017cenie<\/h3>\n<ul data-start=\"967\" data-end=\"1327\">\n<li data-start=\"967\" data-end=\"1105\">\n<p data-start=\"969\" data-end=\"1105\"><strong data-start=\"969\" data-end=\"1007\">O\u015bcie\u017cnica regulowana bezprzylgowa<\/strong> z listwami 8\u202fcm (k\u0105t 90\u00b0), dopasowana do szeroko\u015bci muru.<\/p>\n<\/li>\n<li data-start=\"1106\" data-end=\"1222\">\n<p data-start=\"1108\" data-end=\"1222\"><strong data-start=\"1108\" data-end=\"1129\">Zawiasy ukryte 3D<\/strong> i <strong data-start=\"1132\" data-end=\"1153\">magnetyczne zamki<\/strong>: na klucz lub \u0142azienkowy WC.<\/p>\n<\/li>\n<li data-start=\"1223\" data-end=\"1327\">\n<p data-start=\"1225\" data-end=\"1327\">Opcje wentylacji: bez podci\u0119cia wentylacyjnego lub z podci\u0119ciem.<\/p>\n<\/li>\n<\/ul>\n<h3 data-start=\"1329\" data-end=\"1354\">\u2714 Rozmiary i warianty<\/h3>\n<ul data-start=\"1355\" data-end=\"1484\">\n<li data-start=\"1355\" data-end=\"1484\">\n<p data-start=\"1357\" data-end=\"1484\">Dost\u0119pne <strong data-start=\"1366\" data-end=\"1395\">szeroko\u015bci: 60\u202fcm i 90\u202fcm<\/strong> (te szeroko\u015bci dost\u0119pne \u201ena zam\u00f3wienie\u201d).<\/p>\n<\/li>\n<\/ul>\n<hr data-start=\"1486\" data-end=\"1489\" \/>\n<h2 data-start=\"1491\" data-end=\"1509\">\ud83c\udfe0 Zastosowanie<\/h2>\n<p data-start=\"1510\" data-end=\"1775\">Drzwi <strong data-start=\"1516\" data-end=\"1533\">Elegance SLIM<\/strong> \u0142\u0105cz\u0105 nowoczesny design z funkcjonalno\u015bci\u0105 i solidn\u0105 konstrukcj\u0105. To <strong data-start=\"1603\" data-end=\"1635\">uniwersalne drzwi wewn\u0119trzne<\/strong> stosowane w mieszkaniach, domach, biurach \u2014 pasuj\u0105 zar\u00f3wno do nowoczesnych, jak i klasycznych wn\u0119trz.<\/p>\n<hr data-start=\"1777\" data-end=\"1780\" \/>\n<h2 data-start=\"1782\" data-end=\"1800\">\ud83d\udccc Podsumowanie<\/h2>\n<p data-start=\"1801\" data-end=\"2104\"><strong data-start=\"1801\" data-end=\"1890\">Drzwi wewn\u0119trzne Windoor Elegance SLIM bezprzylgowe z o\u015bcie\u017cnic\u0105 regulowan\u0105<\/strong>\u00a0to produkt dost\u0119pny od r\u0119ki, kt\u00f3ry \u0142\u0105czy <strong data-start=\"1932\" data-end=\"1978\">estetyk\u0119 nowoczesnych drzwi bezprzylgowych<\/strong> z <strong data-start=\"1981\" data-end=\"2028\">praktycznym systemem regulowanej o\u015bcie\u017cnicy<\/strong> idealnym do r\u00f3\u017cnych grubo\u015bci \u015bcian.<\/p>\n<p><img loading=\"lazy\" decoding=\"async\" class=\"aligncenter size-full wp-image-5737\" src=\"https:\/\/drzwitarasy.pl\/wp-content\/uploads\/2024\/08\/ELEGANCE-Z-PODPISAMI-OK.jpg\" alt=\"\" width=\"1232\" height=\"2440\" srcset=\"https:\/\/drzwitarasy.pl\/wp-content\/uploads\/2024\/08\/ELEGANCE-Z-PODPISAMI-OK.jpg 1232w, https:\/\/drzwitarasy.pl\/wp-content\/uploads\/2024\/08\/ELEGANCE-Z-PODPISAMI-OK-300x594.jpg 300w, https:\/\/drzwitarasy.pl\/wp-content\/uploads\/2024\/08\/ELEGANCE-Z-PODPISAMI-OK-600x1188.jpg 600w, https:\/\/drzwitarasy.pl\/wp-content\/uploads\/2024\/08\/ELEGANCE-Z-PODPISAMI-OK-151x300.jpg 151w, https:\/\/drzwitarasy.pl\/wp-content\/uploads\/2024\/08\/ELEGANCE-Z-PODPISAMI-OK-517x1024.jpg 517w, https:\/\/drzwitarasy.pl\/wp-content\/uploads\/2024\/08\/ELEGANCE-Z-PODPISAMI-OK-768x1521.jpg 768w, https:\/\/drzwitarasy.pl\/wp-content\/uploads\/2024\/08\/ELEGANCE-Z-PODPISAMI-OK-776x1536.jpg 776w, https:\/\/drzwitarasy.pl\/wp-content\/uploads\/2024\/08\/ELEGANCE-Z-PODPISAMI-OK-1034x2048.jpg 1034w\" sizes=\"auto, (max-width: 1232px) 100vw, 1232px\" \/><\/p>\n<p><img loading=\"lazy\" decoding=\"async\" class=\"aligncenter size-full wp-image-5739\" src=\"https:\/\/drzwitarasy.pl\/wp-content\/uploads\/2024\/08\/ELEGANCE-KOLOR.jpg\" alt=\"\" width=\"781\" height=\"929\" srcset=\"https:\/\/drzwitarasy.pl\/wp-content\/uploads\/2024\/08\/ELEGANCE-KOLOR.jpg 781w, https:\/\/drzwitarasy.pl\/wp-content\/uploads\/2024\/08\/ELEGANCE-KOLOR-300x357.jpg 300w, https:\/\/drzwitarasy.pl\/wp-content\/uploads\/2024\/08\/ELEGANCE-KOLOR-600x714.jpg 600w, https:\/\/drzwitarasy.pl\/wp-content\/uploads\/2024\/08\/ELEGANCE-KOLOR-252x300.jpg 252w, https:\/\/drzwitarasy.pl\/wp-content\/uploads\/2024\/08\/ELEGANCE-KOLOR-768x914.jpg 768w\" sizes=\"auto, (max-width: 781px) 100vw, 781px\" \/><\/p>\n<p><img loading=\"lazy\" decoding=\"async\" class=\"aligncenter size-full wp-image-5942\" src=\"https:\/\/drzwitarasy.pl\/wp-content\/uploads\/2025\/09\/elegance-bialy-Z-REG.jpg\" alt=\"\" width=\"1621\" height=\"2560\" srcset=\"https:\/\/drzwitarasy.pl\/wp-content\/uploads\/2025\/09\/elegance-bialy-Z-REG.jpg 1621w, https:\/\/drzwitarasy.pl\/wp-content\/uploads\/2025\/09\/elegance-bialy-Z-REG-300x474.jpg 300w, https:\/\/drzwitarasy.pl\/wp-content\/uploads\/2025\/09\/elegance-bialy-Z-REG-600x948.jpg 600w, https:\/\/drzwitarasy.pl\/wp-content\/uploads\/2025\/09\/elegance-bialy-Z-REG-190x300.jpg 190w, https:\/\/drzwitarasy.pl\/wp-content\/uploads\/2025\/09\/elegance-bialy-Z-REG-648x1024.jpg 648w, https:\/\/drzwitarasy.pl\/wp-content\/uploads\/2025\/09\/elegance-bialy-Z-REG-768x1213.jpg 768w, https:\/\/drzwitarasy.pl\/wp-content\/uploads\/2025\/09\/elegance-bialy-Z-REG-973x1536.jpg 973w, https:\/\/drzwitarasy.pl\/wp-content\/uploads\/2025\/09\/elegance-bialy-Z-REG-1297x2048.jpg 1297w\" sizes=\"auto, (max-width: 1621px) 100vw, 1621px\" \/><img loading=\"lazy\" decoding=\"async\" class=\"aligncenter size-full wp-image-5943\" src=\"https:\/\/drzwitarasy.pl\/wp-content\/uploads\/2025\/09\/REG-8CM-BIALA-90.jpg\" alt=\"\" width=\"554\" height=\"779\" srcset=\"https:\/\/drzwitarasy.pl\/wp-content\/uploads\/2025\/09\/REG-8CM-BIALA-90.jpg 554w, https:\/\/drzwitarasy.pl\/wp-content\/uploads\/2025\/09\/REG-8CM-BIALA-90-300x422.jpg 300w, https:\/\/drzwitarasy.pl\/wp-content\/uploads\/2025\/09\/REG-8CM-BIALA-90-213x300.jpg 213w\" sizes=\"auto, (max-width: 554px) 100vw, 554px\" \/><img loading=\"lazy\" decoding=\"async\" class=\"aligncenter size-full wp-image-5944\" src=\"https:\/\/drzwitarasy.pl\/wp-content\/uploads\/2025\/09\/WYMIARY.jpg\" alt=\"\" width=\"726\" height=\"817\" srcset=\"https:\/\/drzwitarasy.pl\/wp-content\/uploads\/2025\/09\/WYMIARY.jpg 726w, https:\/\/drzwitarasy.pl\/wp-content\/uploads\/2025\/09\/WYMIARY-300x338.jpg 300w, https:\/\/drzwitarasy.pl\/wp-content\/uploads\/2025\/09\/WYMIARY-600x675.jpg 600w, https:\/\/drzwitarasy.pl\/wp-content\/uploads\/2025\/09\/WYMIARY-267x300.jpg 267w\" sizes=\"auto, (max-width: 726px) 100vw, 726px\" \/><\/p>\n","protected":false},"excerpt":{"rendered":"<p>Poszukujesz drzwi, kt\u00f3re nie tylko b\u0119d\u0105 funkcjonalne, ale tak\u017ce nadadz\u0105 Twojemu wn\u0119trzu wyj\u0105tkowy, nowoczesny styl? Chcesz, aby by\u0142y trwa\u0142e, estetyczne i \u0142atwe w konserwacji? Oto nasza propozycja \u2013 Drzwi Elegance SLIM &#8211; drzwi bezprzylgowe plus futryna regulowana &#8211; REALIZACJA OKO\u0141O 2 TYGODNIE! Dlaczego warto wybra\u0107 drzwi Elegance? Nasze drzwi Elegance to kwintesencja wysokiej jako\u015bci i [&hellip;]<\/p>\n","protected":false},"featured_media":5942,"template":"","meta":{"_acf_changed":false,"om_disable_all_campaigns":false,"_monsterinsights_skip_tracking":false,"_monsterinsights_sitenote_active":false,"_monsterinsights_sitenote_note":"","_monsterinsights_sitenote_category":0},"product_brand":[527],"product_cat":[30,21,516],"product_tag":[270,285,319,282,317,320,323,324,321,326,325,322,308,178,350,287,187,348,327,330,333,342,338,336,343,337,340,339,335,332,341,309,312,306,347,274,275,277,280,273,276,279,349,278,272,307,311,174,310,269,177,292,298,294,299,293,296,295,297,300,301,313,344,346,284,286,304,328,283,303,281,329,314,316,315,318,331,302,305,334,271,345,288,290,289,291],"class_list":{"0":"post-6733","1":"product","2":"type-product","3":"status-publish","4":"has-post-thumbnail","6":"product_brand-windoor","7":"product_cat-drzwi-prestige","8":"product_cat-drzwi-wewnetrzne","9":"product_cat-windoor","10":"product_tag-castorama-drzwi-wewnetrzne","11":"product_tag-ciemne-drzwi-wewnetrzne","12":"product_tag-dre-drzwi-bezprzylgowe","13":"product_tag-drewniane-drzwi-wewnetrzne","14":"product_tag-drzwi-bezprzylgowe-co-to-znaczy","15":"product_tag-drzwi-bezprzylgowe-biale","16":"product_tag-drzwi-bezprzylgowe-castorama","17":"product_tag-drzwi-bezprzylgowe-leroy","18":"product_tag-drzwi-bezprzylgowe-oscieznica","19":"product_tag-drzwi-bezprzylgowe-z-oscieznica-cena","20":"product_tag-drzwi-bezprzylgowe-z-oscieznica-komplet","21":"product_tag-drzwi-bezprzylgowe-z-szyba","22":"product_tag-drzwi-drewniane-windoor","23":"product_tag-drzwi-elegance","24":"product_tag-drzwi-loftowe-przesuwne","25":"product_tag-drzwi-nowoczesne-wewnetrzne","26":"product_tag-drzwi-od-reki","27":"product_tag-drzwi-prysznicowe-przesuwne","28":"product_tag-drzwi-przesuwne","29":"product_tag-drzwi-przesuwne-biale","30":"product_tag-drzwi-przesuwne-bricomarche","31":"product_tag-drzwi-przesuwne-castorama","32":"product_tag-drzwi-przesuwne-chowane-w-sciane","33":"product_tag-drzwi-przesuwne-do-lazienki","34":"product_tag-drzwi-przesuwne-ikea","35":"product_tag-drzwi-przesuwne-leroy-merlin","36":"product_tag-drzwi-przesuwne-na-wymiar","37":"product_tag-drzwi-przesuwne-nascienne","38":"product_tag-drzwi-przesuwne-oscieznica","39":"product_tag-drzwi-przesuwne-otwarte-teraz","40":"product_tag-drzwi-przesuwne-szklane","41":"product_tag-drzwi-przesuwne-windoor","42":"product_tag-drzwi-rozwierane-windoor","43":"product_tag-drzwi-rozwierane-windoor-80-cm","44":"product_tag-drzwi-tarasowe-przesuwne","45":"product_tag-drzwi-wewnetrzne-biale","46":"product_tag-drzwi-wewnetrzne-castorama","47":"product_tag-drzwi-wewnetrzne-cena","48":"product_tag-drzwi-wewnetrzne-czarne","49":"product_tag-drzwi-wewnetrzne-dre","50":"product_tag-drzwi-wewnetrzne-drewniane","51":"product_tag-drzwi-wewnetrzne-nowoczesne","52":"product_tag-drzwi-wewnetrzne-przesuwne","53":"product_tag-drzwi-wewnetrzne-szare","54":"product_tag-drzwi-wewnetrzne-szklane","55":"product_tag-drzwi-wewnetrzne-windoor","56":"product_tag-drzwi-wewnetrzne-windoor-castorama","57":"product_tag-drzwi-wewnetrzne-windoor-elegance","58":"product_tag-drzwi-wewnetrzne-windoor-radom","59":"product_tag-drzwi-wewnetrzne-z-oscieznica","60":"product_tag-drzwi-windoor","61":"product_tag-drzwi-windoor-bricomarche","62":"product_tag-drzwi-windoor-castorama","63":"product_tag-drzwi-windoor-elegance","64":"product_tag-drzwi-windoor-elegance-opinie","65":"product_tag-drzwi-windoor-opinie","66":"product_tag-drzwi-windoor-orzech-north","67":"product_tag-drzwi-windoor-pegasus","68":"product_tag-drzwi-windoor-trame-orzech-north","69":"product_tag-drzwi-windoor-virgo-sonoma","70":"product_tag-drzwi-windoor-wymiary","71":"product_tag-drzwidladomu","72":"product_tag-ikea-drzwi-przesuwne","73":"product_tag-ikea-drzwi-przesuwne-pokojowe","74":"product_tag-jak-wstawic-drzwi-wewnetrzne","75":"product_tag-jakiej-firmy-drzwi-wewnetrzne-wybrac","76":"product_tag-katalog-drzwi-windoor","77":"product_tag-kompletny-zestaw","78":"product_tag-leroy-merlin-drzwi-wewnetrzne","79":"product_tag-montaz-drzwi-windoor","80":"product_tag-nowoczesne-drzwi-wewnetrzne","81":"product_tag-obi-drzwi-przesuwne","82":"product_tag-oscieznica-regulowana","83":"product_tag-oscieznica-regulowana-a-stala","84":"product_tag-oscieznica-regulowana-montaz","85":"product_tag-porta-drzwi-bezprzylgowe","86":"product_tag-porta-drzwi-przesuwne","87":"product_tag-producent-drzwi-windoor","88":"product_tag-producent-drzwi-windoor-opinie","89":"product_tag-system-drzwi-przesuwnych","90":"product_tag-tanie-drzwi-pokojowe","91":"product_tag-tanie-drzwi-przesuwne-nascienne","92":"product_tag-windoor-drzwi-castorama","93":"product_tag-windoor-drzwi-cennik","94":"product_tag-windoor-drzwi-opinie","95":"product_tag-windoor-sklep","97":"first","98":"onbackorder","99":"sale","100":"shipping-taxable","101":"purchasable","102":"product-type-simple","103":"add-to-wishlist-after_add_to_cart"},"acf":[],"aioseo_notices":[],"jetpack_sharing_enabled":true,"_links":{"self":[{"href":"https:\/\/drzwitarasy.pl\/index.php?rest_route=\/wp\/v2\/product\/6733","targetHints":{"allow":["GET"]}}],"collection":[{"href":"https:\/\/drzwitarasy.pl\/index.php?rest_route=\/wp\/v2\/product"}],"about":[{"href":"https:\/\/drzwitarasy.pl\/index.php?rest_route=\/wp\/v2\/types\/product"}],"wp:featuredmedia":[{"embeddable":true,"href":"https:\/\/drzwitarasy.pl\/index.php?rest_route=\/wp\/v2\/media\/5942"}],"wp:attachment":[{"href":"https:\/\/drzwitarasy.pl\/index.php?rest_route=%2Fwp%2Fv2%2Fmedia&parent=6733"}],"wp:term":[{"taxonomy":"product_brand","embeddable":true,"href":"https:\/\/drzwitarasy.pl\/index.php?rest_route=%2Fwp%2Fv2%2Fproduct_brand&post=6733"},{"taxonomy":"product_cat","embeddable":true,"href":"https:\/\/drzwitarasy.pl\/index.php?rest_route=%2Fwp%2Fv2%2Fproduct_cat&post=6733"},{"taxonomy":"product_tag","embeddable":true,"href":"https:\/\/drzwitarasy.pl\/index.php?rest_route=%2Fwp%2Fv2%2Fproduct_tag&post=6733"}],"curies":[{"name":"wp","href":"https:\/\/api.w.org\/{rel}","templated":true}]}}