{"id":6619,"date":"2026-01-30T23:35:01","date_gmt":"2026-01-30T22:35:01","guid":{"rendered":"https:\/\/drzwitarasy.pl\/?post_type=product&#038;p=6619"},"modified":"2026-04-22T01:41:57","modified_gmt":"2026-04-21T23:41:57","slug":"drzwi-bezprzylgowe-loretto-defendoor-od-reki","status":"publish","type":"product","link":"https:\/\/drzwitarasy.pl\/?product=drzwi-bezprzylgowe-loretto-defendoor-od-reki","title":{"rendered":"Drzwi bezprzylgowe LORETTO Defendoor &#8211; od r\u0119ki"},"content":{"rendered":"<p><img loading=\"lazy\" decoding=\"async\" class=\"aligncenter size-full wp-image-6620\" src=\"https:\/\/drzwitarasy.pl\/wp-content\/uploads\/2026\/01\/LORETTO-WIZUAL-ok.jpg\" alt=\"\" width=\"1574\" height=\"1319\" srcset=\"https:\/\/drzwitarasy.pl\/wp-content\/uploads\/2026\/01\/LORETTO-WIZUAL-ok.jpg 1574w, https:\/\/drzwitarasy.pl\/wp-content\/uploads\/2026\/01\/LORETTO-WIZUAL-ok-300x251.jpg 300w, https:\/\/drzwitarasy.pl\/wp-content\/uploads\/2026\/01\/LORETTO-WIZUAL-ok-1024x858.jpg 1024w, https:\/\/drzwitarasy.pl\/wp-content\/uploads\/2026\/01\/LORETTO-WIZUAL-ok-768x644.jpg 768w, https:\/\/drzwitarasy.pl\/wp-content\/uploads\/2026\/01\/LORETTO-WIZUAL-ok-1536x1287.jpg 1536w, https:\/\/drzwitarasy.pl\/wp-content\/uploads\/2026\/01\/LORETTO-WIZUAL-ok-600x503.jpg 600w\" sizes=\"auto, (max-width: 1574px) 100vw, 1574px\" \/><\/p>\n<p>&nbsp;<\/p>\n<p><img loading=\"lazy\" decoding=\"async\" class=\"aligncenter size-full wp-image-7004\" src=\"https:\/\/drzwitarasy.pl\/wp-content\/uploads\/2024\/02\/DOSTEPNE-OD-REKI.jpg\" alt=\"\" width=\"1288\" height=\"835\" srcset=\"https:\/\/drzwitarasy.pl\/wp-content\/uploads\/2024\/02\/DOSTEPNE-OD-REKI.jpg 1288w, https:\/\/drzwitarasy.pl\/wp-content\/uploads\/2024\/02\/DOSTEPNE-OD-REKI-300x194.jpg 300w, https:\/\/drzwitarasy.pl\/wp-content\/uploads\/2024\/02\/DOSTEPNE-OD-REKI-1024x664.jpg 1024w, https:\/\/drzwitarasy.pl\/wp-content\/uploads\/2024\/02\/DOSTEPNE-OD-REKI-768x498.jpg 768w, https:\/\/drzwitarasy.pl\/wp-content\/uploads\/2024\/02\/DOSTEPNE-OD-REKI-600x389.jpg 600w\" sizes=\"auto, (max-width: 1288px) 100vw, 1288px\" \/><\/p>\n<p><img loading=\"lazy\" decoding=\"async\" class=\"aligncenter wp-image-6623 size-full\" src=\"https:\/\/drzwitarasy.pl\/wp-content\/uploads\/2026\/01\/LORETTO-BEZPRZYLGOWE-AKCESORIA.jpg\" alt=\"\" width=\"640\" height=\"535\" srcset=\"https:\/\/drzwitarasy.pl\/wp-content\/uploads\/2026\/01\/LORETTO-BEZPRZYLGOWE-AKCESORIA.jpg 640w, https:\/\/drzwitarasy.pl\/wp-content\/uploads\/2026\/01\/LORETTO-BEZPRZYLGOWE-AKCESORIA-300x251.jpg 300w, https:\/\/drzwitarasy.pl\/wp-content\/uploads\/2026\/01\/LORETTO-BEZPRZYLGOWE-AKCESORIA-600x502.jpg 600w\" sizes=\"auto, (max-width: 640px) 100vw, 640px\" \/><\/p>\n<p><img loading=\"lazy\" decoding=\"async\" class=\"aligncenter size-full wp-image-2680\" src=\"https:\/\/drzwitarasy.pl\/wp-content\/uploads\/2023\/09\/IMG_2316.jpg\" alt=\"\" width=\"892\" height=\"1232\" srcset=\"https:\/\/drzwitarasy.pl\/wp-content\/uploads\/2023\/09\/IMG_2316.jpg 892w, https:\/\/drzwitarasy.pl\/wp-content\/uploads\/2023\/09\/IMG_2316-300x414.jpg 300w, https:\/\/drzwitarasy.pl\/wp-content\/uploads\/2023\/09\/IMG_2316-600x829.jpg 600w, https:\/\/drzwitarasy.pl\/wp-content\/uploads\/2023\/09\/IMG_2316-217x300.jpg 217w, https:\/\/drzwitarasy.pl\/wp-content\/uploads\/2023\/09\/IMG_2316-768x1061.jpg 768w, https:\/\/drzwitarasy.pl\/wp-content\/uploads\/2023\/09\/IMG_2316-741x1024.jpg 741w\" sizes=\"auto, (max-width: 892px) 100vw, 892px\" \/><\/p>\n<p><img loading=\"lazy\" decoding=\"async\" class=\"aligncenter wp-image-6655 size-full\" src=\"https:\/\/drzwitarasy.pl\/wp-content\/uploads\/2026\/01\/LORETTO-PODCIECIE-I-PELNE-REAL-scaled.jpg\" alt=\"\" width=\"2560\" height=\"1735\" srcset=\"https:\/\/drzwitarasy.pl\/wp-content\/uploads\/2026\/01\/LORETTO-PODCIECIE-I-PELNE-REAL-scaled.jpg 2560w, https:\/\/drzwitarasy.pl\/wp-content\/uploads\/2026\/01\/LORETTO-PODCIECIE-I-PELNE-REAL-300x203.jpg 300w, https:\/\/drzwitarasy.pl\/wp-content\/uploads\/2026\/01\/LORETTO-PODCIECIE-I-PELNE-REAL-1024x694.jpg 1024w, https:\/\/drzwitarasy.pl\/wp-content\/uploads\/2026\/01\/LORETTO-PODCIECIE-I-PELNE-REAL-768x520.jpg 768w, https:\/\/drzwitarasy.pl\/wp-content\/uploads\/2026\/01\/LORETTO-PODCIECIE-I-PELNE-REAL-1536x1041.jpg 1536w, https:\/\/drzwitarasy.pl\/wp-content\/uploads\/2026\/01\/LORETTO-PODCIECIE-I-PELNE-REAL-2048x1388.jpg 2048w, https:\/\/drzwitarasy.pl\/wp-content\/uploads\/2026\/01\/LORETTO-PODCIECIE-I-PELNE-REAL-600x407.jpg 600w\" sizes=\"auto, (max-width: 2560px) 100vw, 2560px\" \/><\/p>\n<p>&nbsp;<\/p>\n<p><img loading=\"lazy\" decoding=\"async\" class=\"aligncenter size-full wp-image-6660\" src=\"https:\/\/drzwitarasy.pl\/wp-content\/uploads\/2026\/01\/LORETTO-BEZPRZ-MOJE-a.jpg\" alt=\"\" width=\"790\" height=\"1689\" srcset=\"https:\/\/drzwitarasy.pl\/wp-content\/uploads\/2026\/01\/LORETTO-BEZPRZ-MOJE-a.jpg 790w, https:\/\/drzwitarasy.pl\/wp-content\/uploads\/2026\/01\/LORETTO-BEZPRZ-MOJE-a-140x300.jpg 140w, https:\/\/drzwitarasy.pl\/wp-content\/uploads\/2026\/01\/LORETTO-BEZPRZ-MOJE-a-479x1024.jpg 479w, https:\/\/drzwitarasy.pl\/wp-content\/uploads\/2026\/01\/LORETTO-BEZPRZ-MOJE-a-768x1642.jpg 768w, https:\/\/drzwitarasy.pl\/wp-content\/uploads\/2026\/01\/LORETTO-BEZPRZ-MOJE-a-718x1536.jpg 718w, https:\/\/drzwitarasy.pl\/wp-content\/uploads\/2026\/01\/LORETTO-BEZPRZ-MOJE-a-300x641.jpg 300w, https:\/\/drzwitarasy.pl\/wp-content\/uploads\/2026\/01\/LORETTO-BEZPRZ-MOJE-a-600x1283.jpg 600w\" sizes=\"auto, (max-width: 790px) 100vw, 790px\" \/> <img loading=\"lazy\" decoding=\"async\" class=\"aligncenter size-full wp-image-2682\" src=\"https:\/\/drzwitarasy.pl\/wp-content\/uploads\/2023\/09\/IMG_2319.jpg\" alt=\"\" width=\"700\" height=\"440\" srcset=\"https:\/\/drzwitarasy.pl\/wp-content\/uploads\/2023\/09\/IMG_2319.jpg 700w, https:\/\/drzwitarasy.pl\/wp-content\/uploads\/2023\/09\/IMG_2319-300x189.jpg 300w, https:\/\/drzwitarasy.pl\/wp-content\/uploads\/2023\/09\/IMG_2319-600x377.jpg 600w\" sizes=\"auto, (max-width: 700px) 100vw, 700px\" \/><\/p>\n<p>&nbsp;<\/p>\n<p><img loading=\"lazy\" decoding=\"async\" class=\"wp-image-6662 size-medium alignleft\" src=\"https:\/\/drzwitarasy.pl\/wp-content\/uploads\/2026\/01\/loretto-wc-cezprzylg-ok-220x300.jpg\" alt=\"\" width=\"220\" height=\"300\" srcset=\"https:\/\/drzwitarasy.pl\/wp-content\/uploads\/2026\/01\/loretto-wc-cezprzylg-ok-220x300.jpg 220w, https:\/\/drzwitarasy.pl\/wp-content\/uploads\/2026\/01\/loretto-wc-cezprzylg-ok-751x1024.jpg 751w, https:\/\/drzwitarasy.pl\/wp-content\/uploads\/2026\/01\/loretto-wc-cezprzylg-ok-768x1047.jpg 768w, https:\/\/drzwitarasy.pl\/wp-content\/uploads\/2026\/01\/loretto-wc-cezprzylg-ok-300x409.jpg 300w, https:\/\/drzwitarasy.pl\/wp-content\/uploads\/2026\/01\/loretto-wc-cezprzylg-ok-600x818.jpg 600w, https:\/\/drzwitarasy.pl\/wp-content\/uploads\/2026\/01\/loretto-wc-cezprzylg-ok.jpg 938w\" sizes=\"auto, (max-width: 220px) 100vw, 220px\" \/> <img loading=\"lazy\" decoding=\"async\" class=\"aligncenter wp-image-6661 size-medium\" src=\"https:\/\/drzwitarasy.pl\/wp-content\/uploads\/2026\/01\/loretto-pelne-bezprzylgowa-160x300.jpg\" alt=\"\" width=\"160\" height=\"300\" srcset=\"https:\/\/drzwitarasy.pl\/wp-content\/uploads\/2026\/01\/loretto-pelne-bezprzylgowa-160x300.jpg 160w, https:\/\/drzwitarasy.pl\/wp-content\/uploads\/2026\/01\/loretto-pelne-bezprzylgowa-545x1024.jpg 545w, https:\/\/drzwitarasy.pl\/wp-content\/uploads\/2026\/01\/loretto-pelne-bezprzylgowa-300x564.jpg 300w, https:\/\/drzwitarasy.pl\/wp-content\/uploads\/2026\/01\/loretto-pelne-bezprzylgowa.jpg 576w\" sizes=\"auto, (max-width: 160px) 100vw, 160px\" \/><\/p>\n<p>&nbsp;<\/p>\n<p><img loading=\"lazy\" decoding=\"async\" class=\"alignleft wp-image-6663 size-medium\" src=\"https:\/\/drzwitarasy.pl\/wp-content\/uploads\/2026\/01\/loretto-wc-PLUS-CZARNA-REG-BEZPRZ-komplet-a-220x300.jpg\" alt=\"\" width=\"220\" height=\"300\" srcset=\"https:\/\/drzwitarasy.pl\/wp-content\/uploads\/2026\/01\/loretto-wc-PLUS-CZARNA-REG-BEZPRZ-komplet-a-220x300.jpg 220w, https:\/\/drzwitarasy.pl\/wp-content\/uploads\/2026\/01\/loretto-wc-PLUS-CZARNA-REG-BEZPRZ-komplet-a-751x1024.jpg 751w, https:\/\/drzwitarasy.pl\/wp-content\/uploads\/2026\/01\/loretto-wc-PLUS-CZARNA-REG-BEZPRZ-komplet-a-768x1047.jpg 768w, https:\/\/drzwitarasy.pl\/wp-content\/uploads\/2026\/01\/loretto-wc-PLUS-CZARNA-REG-BEZPRZ-komplet-a-300x409.jpg 300w, https:\/\/drzwitarasy.pl\/wp-content\/uploads\/2026\/01\/loretto-wc-PLUS-CZARNA-REG-BEZPRZ-komplet-a-600x818.jpg 600w, https:\/\/drzwitarasy.pl\/wp-content\/uploads\/2026\/01\/loretto-wc-PLUS-CZARNA-REG-BEZPRZ-komplet-a.jpg 938w\" sizes=\"auto, (max-width: 220px) 100vw, 220px\" \/> <img loading=\"lazy\" decoding=\"async\" class=\"aligncenter wp-image-6664 size-medium\" src=\"https:\/\/drzwitarasy.pl\/wp-content\/uploads\/2026\/01\/loretto-wc-PLUS-CZARNA-REG-BEZPRZ-290x300.jpg\" alt=\"\" width=\"290\" height=\"300\" srcset=\"https:\/\/drzwitarasy.pl\/wp-content\/uploads\/2026\/01\/loretto-wc-PLUS-CZARNA-REG-BEZPRZ-290x300.jpg 290w, https:\/\/drzwitarasy.pl\/wp-content\/uploads\/2026\/01\/loretto-wc-PLUS-CZARNA-REG-BEZPRZ-989x1024.jpg 989w, https:\/\/drzwitarasy.pl\/wp-content\/uploads\/2026\/01\/loretto-wc-PLUS-CZARNA-REG-BEZPRZ-768x795.jpg 768w, https:\/\/drzwitarasy.pl\/wp-content\/uploads\/2026\/01\/loretto-wc-PLUS-CZARNA-REG-BEZPRZ-300x311.jpg 300w, https:\/\/drzwitarasy.pl\/wp-content\/uploads\/2026\/01\/loretto-wc-PLUS-CZARNA-REG-BEZPRZ-600x621.jpg 600w, https:\/\/drzwitarasy.pl\/wp-content\/uploads\/2026\/01\/loretto-wc-PLUS-CZARNA-REG-BEZPRZ.jpg 1046w\" sizes=\"auto, (max-width: 290px) 100vw, 290px\" \/><\/p>\n<p>&nbsp;<\/p>\n<p>&nbsp;<\/p>\n<p>&nbsp;<\/p>\n<p><img loading=\"lazy\" decoding=\"async\" class=\"wp-image-6625 size-medium alignleft\" src=\"https:\/\/drzwitarasy.pl\/wp-content\/uploads\/2026\/01\/OSC-BEZP-BIALA-SAMA-184x300.jpg\" alt=\"\" width=\"184\" height=\"300\" srcset=\"https:\/\/drzwitarasy.pl\/wp-content\/uploads\/2026\/01\/OSC-BEZP-BIALA-SAMA-184x300.jpg 184w, https:\/\/drzwitarasy.pl\/wp-content\/uploads\/2026\/01\/OSC-BEZP-BIALA-SAMA-300x488.jpg 300w, https:\/\/drzwitarasy.pl\/wp-content\/uploads\/2026\/01\/OSC-BEZP-BIALA-SAMA.jpg 536w\" sizes=\"auto, (max-width: 184px) 100vw, 184px\" \/><\/p>\n<p><img loading=\"lazy\" decoding=\"async\" class=\"wp-image-6626 size-medium aligncenter\" src=\"https:\/\/drzwitarasy.pl\/wp-content\/uploads\/2026\/01\/OSC-BEZP-CZARNA-SAMA-184x300.jpg\" alt=\"\" width=\"184\" height=\"300\" srcset=\"https:\/\/drzwitarasy.pl\/wp-content\/uploads\/2026\/01\/OSC-BEZP-CZARNA-SAMA-184x300.jpg 184w, https:\/\/drzwitarasy.pl\/wp-content\/uploads\/2026\/01\/OSC-BEZP-CZARNA-SAMA-300x488.jpg 300w, https:\/\/drzwitarasy.pl\/wp-content\/uploads\/2026\/01\/OSC-BEZP-CZARNA-SAMA.jpg 536w\" sizes=\"auto, (max-width: 184px) 100vw, 184px\" \/><\/p>\n<p>&nbsp;<\/p>\n<p>&nbsp;<\/p>\n<p>&nbsp;<\/p>\n<h1><\/h1>\n<h1><\/h1>\n<h1><\/h1>\n<h1>LORETTO BIA\u0141E DRZWI &#8211; PE\u0141NE SKRZYD\u0141O BEZPRZYLGOWE &#8211; wklejka ze szk\u0142a &#8211; lacobel.<\/h1>\n<p><b>CENA DRZWI (szt.) &#8211; 529 z\u0142\u00a0 \/\u00a0 \u0141azienka z podci\u0119ciem wentylacyjnym : 589 z\u0142<\/b><\/p>\n<p><b>dost\u0119pne kolory: BIA\u0141Y<\/b><\/p>\n<p>Dane techniczne<\/p>\n<ul>\n<li>\u2022 2 srebrne zawiasy chowane 3D (zawiasy znajduj\u0105 si\u0119 tylko w o\u015bcie\u017cnicy &#8211; do drzwi i o\u015bcie\u017cnicy)<\/li>\n<li>wype\u0142nienie plaster miodu oraz pe\u0142ny mdf (mix) ( waga oko\u0142o 28kg)<\/li>\n<li>wewn\u0119trzna rama z litego MDF<\/li>\n<li>powierzchnia z p\u0142yty HDF<\/li>\n<li>zamek magnetyczny na klucz, \u0142azienka zamek magnetyczny Wc<\/li>\n<li>wyko\u0144czenie w okleinie BIA\u0141EJ<\/li>\n<li>SZK\u0141O LACOBEL WKLEJANE W P\u0141YTE HDF<\/li>\n<\/ul>\n<p>skrzyd\u0142o bez klamki.<\/p>\n<p>Drzwi dost\u0119pne od r\u0119ki w Radomiu (1-2 dni) lub dostawa na terenie ca\u0142ego kraju ok. 8 dni. (EKSPRES oko\u0142o 3 dni)<\/p>\n<p>&nbsp;<\/p>\n<p>opis produktu:<\/p>\n<p>Nowoczesne drzwi wewn\u0119trzne bezprzylgowe Loretto od polskiego producenta Defendoor to idealne rozwi\u0105zanie dla os\u00f3b remontuj\u0105cych mieszkanie lub dom. Ponadczasowa biel i elegancka, czarna wstawka ze szk\u0142a Lacobel wprowadz\u0105 do Twojego wn\u0119trza lekko\u015b\u0107 i styl, a p\u0142aska, bezprzylgowa konstrukcja zapewnia minimalistyczny wygl\u0105d i \u0142atwe dopasowanie do nowoczesnych aran\u017cacji. Drzwi dost\u0119pne od r\u0119ki \u2014 gotowe do szybkiej realizacji zam\u00f3wienia!<\/p>\n<p>Najwa\u017cniejsze cechy:<\/p>\n<ul>\n<li>Drzwi wewn\u0119trzne bezprzylgowe \u2013 nowoczesna stylistyka.<\/li>\n<li>Elegancka bia\u0142a powierzchnia z czarn\u0105 szyb\u0105 Lacobel.<\/li>\n<li>Stabilna konstrukcja z wype\u0142nieniem plaster miodu oraz ram\u0105 MDF i powierzchni\u0105 HDF.<\/li>\n<li>Szybka dost\u0119pno\u015b\u0107 \u2013 od r\u0119ki w Radomiu lub dostawa w ok. 8 dni.<\/li>\n<li>Mo\u017cliwo\u015b\u0107 wyboru szeroko\u015bci: 60, 70, 80, 90 cm.<\/li>\n<\/ul>\n<p>Korzy\u015bci dla klienta:<\/p>\n<p><img decoding=\"async\" class=\"an1\" draggable=\"false\" src=\"https:\/\/fonts.gstatic.com\/s\/e\/notoemoji\/16.0\/2714_fe0f\/72.png\" alt=\"\u2714\ufe0f\" data-emoji=\"\u2714\ufe0f\" aria-label=\"\u2714\ufe0f\" \/>\u00a0Gotowe do monta\u017cu bez d\u0142ugiego oczekiwania \u2013 brak kolejek produkcyjnych.<\/p>\n<p><img decoding=\"async\" class=\"an1\" draggable=\"false\" src=\"https:\/\/fonts.gstatic.com\/s\/e\/notoemoji\/16.0\/2714_fe0f\/72.png\" alt=\"\u2714\ufe0f\" data-emoji=\"\u2714\ufe0f\" aria-label=\"\u2714\ufe0f\" \/>\u00a0Ponadczasowy styl pasuj\u0105cy do wn\u0119trz nowoczesnych i minimalistycznych.<\/p>\n<p><img decoding=\"async\" class=\"an1\" draggable=\"false\" src=\"https:\/\/fonts.gstatic.com\/s\/e\/notoemoji\/16.0\/2714_fe0f\/72.png\" alt=\"\u2714\ufe0f\" data-emoji=\"\u2714\ufe0f\" aria-label=\"\u2714\ufe0f\" \/>\u00a0Wszechstronne zastosowanie \u2013 salon, sypialnia, korytarz czy pok\u00f3j go\u015bcinny.<\/p>\n<p><img decoding=\"async\" class=\"an1\" draggable=\"false\" src=\"https:\/\/fonts.gstatic.com\/s\/e\/notoemoji\/16.0\/2714_fe0f\/72.png\" alt=\"\u2714\ufe0f\" data-emoji=\"\u2714\ufe0f\" aria-label=\"\u2714\ufe0f\" \/>\u00a0Solidna jako\u015b\u0107 wykonania od polskiego producenta Defendoor.<\/p>\n<p>&nbsp;<\/p>\n<p data-start=\"20\" data-end=\"96\"><strong data-start=\"20\" data-end=\"96\">Drzwi bezprzylgowe LORETTO Defendoor \u2013 \u201eod r\u0119ki\u201d (bia\u0142e z szyb\u0105 Lacobel)<\/strong><\/p>\n<p data-start=\"98\" data-end=\"251\">Nowoczesne drzwi wewn\u0119trzne marki <strong data-start=\"132\" data-end=\"145\">Defendoor<\/strong>, zaprojektowane w minimalistycznym stylu, idealne do mieszka\u0144 i dom\u00f3w urz\u0105dzonych w nowoczesnej estetyce.<\/p>\n<h4 data-start=\"253\" data-end=\"285\">\ud83d\udd27 Konstrukcja i materia\u0142y:<\/h4>\n<ul data-start=\"286\" data-end=\"476\">\n<li data-section-id=\"tlwjbe\" data-start=\"286\" data-end=\"331\">skrzyd\u0142o o konstrukcji z <strong data-start=\"313\" data-end=\"331\">litej ramy MDF<\/strong><\/li>\n<li data-section-id=\"1hm7y02\" data-start=\"332\" data-end=\"370\">powierzchnia z trwa\u0142ej p\u0142yty <strong data-start=\"363\" data-end=\"370\">HDF<\/strong><\/li>\n<li data-section-id=\"a18k4y\" data-start=\"371\" data-end=\"455\">wype\u0142nienie: <strong data-start=\"386\" data-end=\"403\">wzmocniony plaster miodu<\/strong> (standardowa konstrukcja drzwi wewn\u0119trznych)<\/li>\n<li data-section-id=\"1j13blg\" data-start=\"456\" data-end=\"476\"><strong data-start=\"458\" data-end=\"476\">waga ok. 28 kg<\/strong><\/li>\n<\/ul>\n<h4 data-start=\"478\" data-end=\"493\">\ud83c\udfa8 Wygl\u0105d:<\/h4>\n<ul data-start=\"494\" data-end=\"718\">\n<li data-section-id=\"q5jadd\" data-start=\"494\" data-end=\"541\">kolor: <strong data-start=\"503\" data-end=\"541\">bia\u0142y \/ okleina bia\u0142a<\/strong><\/li>\n<li data-section-id=\"1m6m1wl\" data-start=\"542\" data-end=\"615\">styl: <strong data-start=\"550\" data-end=\"615\">bezprzylgowy (licowany z o\u015bcie\u017cnic\u0105, bez wystaj\u0105cego stopnia)<\/strong><\/li>\n<li data-section-id=\"ays0kb\" data-start=\"616\" data-end=\"681\">dekor: <strong data-start=\"625\" data-end=\"660\">czarna wstawka ze szk\u0142a Lacobel<\/strong> (wk\u0142adka w skrzydle)<\/li>\n<li data-section-id=\"1s3ruy5\" data-start=\"682\" data-end=\"718\">nowoczesny, minimalistyczny design<\/li>\n<\/ul>\n<h4 data-start=\"720\" data-end=\"743\">\ud83d\udeaa Funkcjonalno\u015b\u0107:<\/h4>\n<ul data-start=\"744\" data-end=\"942\">\n<li data-section-id=\"sspqt5\" data-start=\"744\" data-end=\"791\">dost\u0119pne szeroko\u015bci: <strong data-start=\"767\" data-end=\"791\">60 \/ 70 \/ 80 \/ 90 cm<\/strong><\/li>\n<li data-section-id=\"15vwxdu\" data-start=\"792\" data-end=\"819\">drzwi <strong data-start=\"800\" data-end=\"819\">jednoskrzyd\u0142owe<\/strong><\/li>\n<li data-section-id=\"hikwwr\" data-start=\"820\" data-end=\"866\">mo\u017cliwo\u015b\u0107 wyboru zamka: klucz \/ WC \/ wk\u0142adka<\/li>\n<li data-section-id=\"qq20aw\" data-start=\"867\" data-end=\"891\">zawiasy <strong data-start=\"877\" data-end=\"891\">chowane 3D<\/strong><\/li>\n<li data-section-id=\"jq1ur4\" data-start=\"892\" data-end=\"942\">opcja podci\u0119cia wentylacyjnego (np. do \u0142azienki)<\/li>\n<\/ul>\n<h4 data-start=\"944\" data-end=\"971\">\u2699\ufe0f Parametry u\u017cytkowe:<\/h4>\n<ul data-start=\"972\" data-end=\"1197\">\n<li data-section-id=\"cqawu1\" data-start=\"972\" data-end=\"1010\">drzwi wewn\u0119trzne do mieszka\u0144 i dom\u00f3w<\/li>\n<li data-section-id=\"13gdjpd\" data-start=\"1011\" data-end=\"1073\">standardowe zastosowanie: pokoje, salon, sypialnia, \u0142azienka<\/li>\n<li data-section-id=\"16tfkzs\" data-start=\"1074\" data-end=\"1141\">konstrukcja zapewnia <strong data-start=\"1097\" data-end=\"1141\">lekko\u015b\u0107 i podstawow\u0105 izolacj\u0119 akustyczn\u0105<\/strong><\/li>\n<li data-section-id=\"1u0ih5k\" data-start=\"1142\" data-end=\"1197\">przeznaczone do szybkiego monta\u017cu (produkt \u201eod r\u0119ki\u201d)<\/li>\n<\/ul>\n<h4 data-start=\"1199\" data-end=\"1217\">\u23f1 Dost\u0119pno\u015b\u0107:<\/h4>\n<ul data-start=\"1218\" data-end=\"1277\">\n<li data-section-id=\"1wiqwri\" data-start=\"1218\" data-end=\"1277\">produkt magazynowy \u2013 wysy\u0142ka zwykle <strong data-start=\"1256\" data-end=\"1277\">1\u20133 dni (ekspres)<\/strong><\/li>\n<\/ul>\n<h4 data-start=\"1279\" data-end=\"1303\">\ud83d\udca1 Charakterystyka:<\/h4>\n<p data-start=\"1304\" data-end=\"1379\">To s\u0105 <strong data-start=\"1310\" data-end=\"1350\">bud\u017cetowe, nowoczesne drzwi pokojowe<\/strong> \u2013 najwa\u017cniejszy ich atut to:<\/p>\n<ul data-start=\"1380\" data-end=\"1504\">\n<li data-section-id=\"r65pd4\" data-start=\"1380\" data-end=\"1399\">szybka dost\u0119pno\u015b\u0107<\/li>\n<li data-section-id=\"1dkw0mu\" data-start=\"1400\" data-end=\"1426\">prosty, elegancki wygl\u0105d<\/li>\n<li data-section-id=\"1v5t9zq\" data-start=\"1427\" data-end=\"1504\">bezprzylgowa konstrukcja (bardziej \u201epremium\u201d wizualnie ni\u017c klasyczne drzwi)<\/li>\n<\/ul>\n","protected":false},"excerpt":{"rendered":"<p><img loading=\"lazy\" decoding=\"async\" class=\"alignleft wp-image-7003 size-medium\" src=\"https:\/\/drzwitarasy.pl\/wp-content\/uploads\/2024\/02\/BANER-OD-REKI-300x171.jpg\" alt=\"\" width=\"300\" height=\"171\" srcset=\"https:\/\/drzwitarasy.pl\/wp-content\/uploads\/2024\/02\/BANER-OD-REKI-300x171.jpg 300w, https:\/\/drzwitarasy.pl\/wp-content\/uploads\/2024\/02\/BANER-OD-REKI-768x437.jpg 768w, https:\/\/drzwitarasy.pl\/wp-content\/uploads\/2024\/02\/BANER-OD-REKI-600x341.jpg 600w, https:\/\/drzwitarasy.pl\/wp-content\/uploads\/2024\/02\/BANER-OD-REKI.jpg 869w\" sizes=\"auto, (max-width: 300px) 100vw, 300px\" \/><\/p>\n","protected":false},"featured_media":7280,"template":"","meta":{"_acf_changed":false,"_monsterinsights_skip_tracking":false,"_monsterinsights_sitenote_active":false,"_monsterinsights_sitenote_note":"","_monsterinsights_sitenote_category":0},"product_brand":[528],"product_cat":[514,517,532,112,473,21],"product_tag":[270,285,319,282,317,320,323,324,321,326,325,322,308,350,287,187,348,327,330,333,342,338,336,343,337,340,339,335,332,341,309,312,306,347,274,275,277,280,273,276,279,349,278,272,307,311,310,269,177,292,298,294,299,293,296,295,297,300,301,313,344,346,284,286,304,328,283,303,281,329,314,316,315,318,331,302,305,334,271,345,288,290,289,291],"class_list":{"0":"post-6619","1":"product","2":"type-product","3":"status-publish","4":"has-post-thumbnail","6":"product_brand-defendoor","7":"product_cat-bezprzylgowe-windoor-od-reki","8":"product_cat-defendoor","9":"product_cat-drzwi-od-reki-2","10":"product_cat-drzwi-od-reki","11":"product_cat-drzwi_ramowe_defendoor","12":"product_cat-drzwi-wewnetrzne","13":"product_tag-castorama-drzwi-wewnetrzne","14":"product_tag-ciemne-drzwi-wewnetrzne","15":"product_tag-dre-drzwi-bezprzylgowe","16":"product_tag-drewniane-drzwi-wewnetrzne","17":"product_tag-drzwi-bezprzylgowe-co-to-znaczy","18":"product_tag-drzwi-bezprzylgowe-biale","19":"product_tag-drzwi-bezprzylgowe-castorama","20":"product_tag-drzwi-bezprzylgowe-leroy","21":"product_tag-drzwi-bezprzylgowe-oscieznica","22":"product_tag-drzwi-bezprzylgowe-z-oscieznica-cena","23":"product_tag-drzwi-bezprzylgowe-z-oscieznica-komplet","24":"product_tag-drzwi-bezprzylgowe-z-szyba","25":"product_tag-drzwi-drewniane-windoor","26":"product_tag-drzwi-loftowe-przesuwne","27":"product_tag-drzwi-nowoczesne-wewnetrzne","28":"product_tag-drzwi-od-reki","29":"product_tag-drzwi-prysznicowe-przesuwne","30":"product_tag-drzwi-przesuwne","31":"product_tag-drzwi-przesuwne-biale","32":"product_tag-drzwi-przesuwne-bricomarche","33":"product_tag-drzwi-przesuwne-castorama","34":"product_tag-drzwi-przesuwne-chowane-w-sciane","35":"product_tag-drzwi-przesuwne-do-lazienki","36":"product_tag-drzwi-przesuwne-ikea","37":"product_tag-drzwi-przesuwne-leroy-merlin","38":"product_tag-drzwi-przesuwne-na-wymiar","39":"product_tag-drzwi-przesuwne-nascienne","40":"product_tag-drzwi-przesuwne-oscieznica","41":"product_tag-drzwi-przesuwne-otwarte-teraz","42":"product_tag-drzwi-przesuwne-szklane","43":"product_tag-drzwi-przesuwne-windoor","44":"product_tag-drzwi-rozwierane-windoor","45":"product_tag-drzwi-rozwierane-windoor-80-cm","46":"product_tag-drzwi-tarasowe-przesuwne","47":"product_tag-drzwi-wewnetrzne-biale","48":"product_tag-drzwi-wewnetrzne-castorama","49":"product_tag-drzwi-wewnetrzne-cena","50":"product_tag-drzwi-wewnetrzne-czarne","51":"product_tag-drzwi-wewnetrzne-dre","52":"product_tag-drzwi-wewnetrzne-drewniane","53":"product_tag-drzwi-wewnetrzne-nowoczesne","54":"product_tag-drzwi-wewnetrzne-przesuwne","55":"product_tag-drzwi-wewnetrzne-szare","56":"product_tag-drzwi-wewnetrzne-szklane","57":"product_tag-drzwi-wewnetrzne-windoor","58":"product_tag-drzwi-wewnetrzne-windoor-castorama","59":"product_tag-drzwi-wewnetrzne-windoor-radom","60":"product_tag-drzwi-wewnetrzne-z-oscieznica","61":"product_tag-drzwi-windoor","62":"product_tag-drzwi-windoor-bricomarche","63":"product_tag-drzwi-windoor-castorama","64":"product_tag-drzwi-windoor-elegance","65":"product_tag-drzwi-windoor-elegance-opinie","66":"product_tag-drzwi-windoor-opinie","67":"product_tag-drzwi-windoor-orzech-north","68":"product_tag-drzwi-windoor-pegasus","69":"product_tag-drzwi-windoor-trame-orzech-north","70":"product_tag-drzwi-windoor-virgo-sonoma","71":"product_tag-drzwi-windoor-wymiary","72":"product_tag-drzwidladomu","73":"product_tag-ikea-drzwi-przesuwne","74":"product_tag-ikea-drzwi-przesuwne-pokojowe","75":"product_tag-jak-wstawic-drzwi-wewnetrzne","76":"product_tag-jakiej-firmy-drzwi-wewnetrzne-wybrac","77":"product_tag-katalog-drzwi-windoor","78":"product_tag-kompletny-zestaw","79":"product_tag-leroy-merlin-drzwi-wewnetrzne","80":"product_tag-montaz-drzwi-windoor","81":"product_tag-nowoczesne-drzwi-wewnetrzne","82":"product_tag-obi-drzwi-przesuwne","83":"product_tag-oscieznica-regulowana","84":"product_tag-oscieznica-regulowana-a-stala","85":"product_tag-oscieznica-regulowana-montaz","86":"product_tag-porta-drzwi-bezprzylgowe","87":"product_tag-porta-drzwi-przesuwne","88":"product_tag-producent-drzwi-windoor","89":"product_tag-producent-drzwi-windoor-opinie","90":"product_tag-system-drzwi-przesuwnych","91":"product_tag-tanie-drzwi-pokojowe","92":"product_tag-tanie-drzwi-przesuwne-nascienne","93":"product_tag-windoor-drzwi-castorama","94":"product_tag-windoor-drzwi-cennik","95":"product_tag-windoor-drzwi-opinie","96":"product_tag-windoor-sklep","97":"product_shipping_class-drzwi-od-reki","99":"first","100":"instock","101":"sale","102":"featured","103":"shipping-taxable","104":"purchasable","105":"product-type-simple","106":"add-to-wishlist-after_add_to_cart"},"acf":[],"aioseo_notices":[],"jetpack_sharing_enabled":true,"_links":{"self":[{"href":"https:\/\/drzwitarasy.pl\/index.php?rest_route=\/wp\/v2\/product\/6619","targetHints":{"allow":["GET"]}}],"collection":[{"href":"https:\/\/drzwitarasy.pl\/index.php?rest_route=\/wp\/v2\/product"}],"about":[{"href":"https:\/\/drzwitarasy.pl\/index.php?rest_route=\/wp\/v2\/types\/product"}],"wp:featuredmedia":[{"embeddable":true,"href":"https:\/\/drzwitarasy.pl\/index.php?rest_route=\/wp\/v2\/media\/7280"}],"wp:attachment":[{"href":"https:\/\/drzwitarasy.pl\/index.php?rest_route=%2Fwp%2Fv2%2Fmedia&parent=6619"}],"wp:term":[{"taxonomy":"product_brand","embeddable":true,"href":"https:\/\/drzwitarasy.pl\/index.php?rest_route=%2Fwp%2Fv2%2Fproduct_brand&post=6619"},{"taxonomy":"product_cat","embeddable":true,"href":"https:\/\/drzwitarasy.pl\/index.php?rest_route=%2Fwp%2Fv2%2Fproduct_cat&post=6619"},{"taxonomy":"product_tag","embeddable":true,"href":"https:\/\/drzwitarasy.pl\/index.php?rest_route=%2Fwp%2Fv2%2Fproduct_tag&post=6619"}],"curies":[{"name":"wp","href":"https:\/\/api.w.org\/{rel}","templated":true}]}}