{"id":6476,"date":"2026-01-09T22:43:04","date_gmt":"2026-01-09T21:43:04","guid":{"rendered":"https:\/\/drzwitarasy.pl\/?post_type=product&#038;p=6476"},"modified":"2026-01-09T22:43:14","modified_gmt":"2026-01-09T21:43:14","slug":"deska-tarasowa-kawalki-scinki-jako-podklady","status":"publish","type":"product","link":"https:\/\/drzwitarasy.pl\/?product=deska-tarasowa-kawalki-scinki-jako-podklady","title":{"rendered":"DESKA TARASOWA &#8211; KAWA\u0141KI, \u015aCINKI JAKO PODK\u0141ADY"},"content":{"rendered":"<p><img loading=\"lazy\" decoding=\"async\" class=\"aligncenter wp-image-6036 size-full\" src=\"https:\/\/drzwitarasy.pl\/wp-content\/uploads\/2024\/12\/BANER-NOWY-ZMIENIONY.jpg\" alt=\"\" width=\"2420\" height=\"948\" srcset=\"https:\/\/drzwitarasy.pl\/wp-content\/uploads\/2024\/12\/BANER-NOWY-ZMIENIONY.jpg 2420w, https:\/\/drzwitarasy.pl\/wp-content\/uploads\/2024\/12\/BANER-NOWY-ZMIENIONY-300x118.jpg 300w, https:\/\/drzwitarasy.pl\/wp-content\/uploads\/2024\/12\/BANER-NOWY-ZMIENIONY-600x235.jpg 600w, https:\/\/drzwitarasy.pl\/wp-content\/uploads\/2024\/12\/BANER-NOWY-ZMIENIONY-1024x401.jpg 1024w, https:\/\/drzwitarasy.pl\/wp-content\/uploads\/2024\/12\/BANER-NOWY-ZMIENIONY-768x301.jpg 768w, https:\/\/drzwitarasy.pl\/wp-content\/uploads\/2024\/12\/BANER-NOWY-ZMIENIONY-1536x602.jpg 1536w, https:\/\/drzwitarasy.pl\/wp-content\/uploads\/2024\/12\/BANER-NOWY-ZMIENIONY-2048x802.jpg 2048w\" sizes=\"auto, (max-width: 2420px) 100vw, 2420px\" \/><\/p>\n<p>&nbsp;<\/p>\n<p style=\"text-align: center;\"><strong>W SPRZEDA\u017bY ( wyprzeda\u017c ) KAWA\u0141KI, \u015aCINKI DESEK TARASOWYCH KOMPOZYTOWYCH : W WYMIARACH 22mm X 140mm X 100- 150mm &#8211; kolory i struktura wysy\u0142ana losowo.<\/strong><\/p>\n<p>&nbsp;<\/p>\n<p><img loading=\"lazy\" decoding=\"async\" class=\"aligncenter wp-image-6479 size-full\" src=\"https:\/\/drzwitarasy.pl\/wp-content\/uploads\/2026\/01\/DESKI-IKONKA.jpg\" alt=\"\" width=\"1080\" height=\"693\" srcset=\"https:\/\/drzwitarasy.pl\/wp-content\/uploads\/2026\/01\/DESKI-IKONKA.jpg 1080w, https:\/\/drzwitarasy.pl\/wp-content\/uploads\/2026\/01\/DESKI-IKONKA-300x193.jpg 300w, https:\/\/drzwitarasy.pl\/wp-content\/uploads\/2026\/01\/DESKI-IKONKA-1024x657.jpg 1024w, https:\/\/drzwitarasy.pl\/wp-content\/uploads\/2026\/01\/DESKI-IKONKA-768x493.jpg 768w, https:\/\/drzwitarasy.pl\/wp-content\/uploads\/2026\/01\/DESKI-IKONKA-600x385.jpg 600w\" sizes=\"auto, (max-width: 1080px) 100vw, 1080px\" \/><\/p>\n<p><img loading=\"lazy\" decoding=\"async\" class=\"aligncenter wp-image-6480 size-full\" src=\"https:\/\/drzwitarasy.pl\/wp-content\/uploads\/2026\/01\/DESKI-WYMIARY.jpg\" alt=\"\" width=\"917\" height=\"1410\" srcset=\"https:\/\/drzwitarasy.pl\/wp-content\/uploads\/2026\/01\/DESKI-WYMIARY.jpg 917w, https:\/\/drzwitarasy.pl\/wp-content\/uploads\/2026\/01\/DESKI-WYMIARY-195x300.jpg 195w, https:\/\/drzwitarasy.pl\/wp-content\/uploads\/2026\/01\/DESKI-WYMIARY-666x1024.jpg 666w, https:\/\/drzwitarasy.pl\/wp-content\/uploads\/2026\/01\/DESKI-WYMIARY-768x1181.jpg 768w, https:\/\/drzwitarasy.pl\/wp-content\/uploads\/2026\/01\/DESKI-WYMIARY-300x461.jpg 300w, https:\/\/drzwitarasy.pl\/wp-content\/uploads\/2026\/01\/DESKI-WYMIARY-600x923.jpg 600w\" sizes=\"auto, (max-width: 917px) 100vw, 917px\" \/><\/p>\n<p><img loading=\"lazy\" decoding=\"async\" class=\"aligncenter size-medium wp-image-6484\" src=\"https:\/\/drzwitarasy.pl\/wp-content\/uploads\/2026\/01\/PROBNIK-4-300x206.jpg\" alt=\"\" width=\"300\" height=\"206\" srcset=\"https:\/\/drzwitarasy.pl\/wp-content\/uploads\/2026\/01\/PROBNIK-4-300x206.jpg 300w, https:\/\/drzwitarasy.pl\/wp-content\/uploads\/2026\/01\/PROBNIK-4-600x413.jpg 600w, https:\/\/drzwitarasy.pl\/wp-content\/uploads\/2026\/01\/PROBNIK-4.jpg 768w\" sizes=\"auto, (max-width: 300px) 100vw, 300px\" \/> <img loading=\"lazy\" decoding=\"async\" class=\"aligncenter size-medium wp-image-6483\" src=\"https:\/\/drzwitarasy.pl\/wp-content\/uploads\/2026\/01\/PROBNIK-3-300x233.jpg\" alt=\"\" width=\"300\" height=\"233\" srcset=\"https:\/\/drzwitarasy.pl\/wp-content\/uploads\/2026\/01\/PROBNIK-3-300x233.jpg 300w, https:\/\/drzwitarasy.pl\/wp-content\/uploads\/2026\/01\/PROBNIK-3-600x466.jpg 600w, https:\/\/drzwitarasy.pl\/wp-content\/uploads\/2026\/01\/PROBNIK-3.jpg 768w\" sizes=\"auto, (max-width: 300px) 100vw, 300px\" \/> <img loading=\"lazy\" decoding=\"async\" class=\"aligncenter size-medium wp-image-6482\" src=\"https:\/\/drzwitarasy.pl\/wp-content\/uploads\/2026\/01\/PROBNIK-2-300x300.jpg\" alt=\"\" width=\"300\" height=\"300\" srcset=\"https:\/\/drzwitarasy.pl\/wp-content\/uploads\/2026\/01\/PROBNIK-2-300x301.jpg 300w, https:\/\/drzwitarasy.pl\/wp-content\/uploads\/2026\/01\/PROBNIK-2-150x150.jpg 150w, https:\/\/drzwitarasy.pl\/wp-content\/uploads\/2026\/01\/PROBNIK-2-600x602.jpg 600w, https:\/\/drzwitarasy.pl\/wp-content\/uploads\/2026\/01\/PROBNIK-2-100x100.jpg 100w, https:\/\/drzwitarasy.pl\/wp-content\/uploads\/2026\/01\/PROBNIK-2.jpg 768w\" sizes=\"auto, (max-width: 300px) 100vw, 300px\" \/> <img loading=\"lazy\" decoding=\"async\" class=\"aligncenter size-medium wp-image-6481\" src=\"https:\/\/drzwitarasy.pl\/wp-content\/uploads\/2026\/01\/PROBNIK-1-285x300.jpg\" alt=\"\" width=\"285\" height=\"300\" srcset=\"https:\/\/drzwitarasy.pl\/wp-content\/uploads\/2026\/01\/PROBNIK-1-285x300.jpg 285w, https:\/\/drzwitarasy.pl\/wp-content\/uploads\/2026\/01\/PROBNIK-1-300x316.jpg 300w, https:\/\/drzwitarasy.pl\/wp-content\/uploads\/2026\/01\/PROBNIK-1-600x631.jpg 600w, https:\/\/drzwitarasy.pl\/wp-content\/uploads\/2026\/01\/PROBNIK-1.jpg 768w\" sizes=\"auto, (max-width: 285px) 100vw, 285px\" \/><\/p>\n<p><img loading=\"lazy\" decoding=\"async\" class=\"aligncenter wp-image-6478 size-full\" src=\"https:\/\/drzwitarasy.pl\/wp-content\/uploads\/2026\/01\/deski-piec.jpg\" alt=\"\" width=\"1139\" height=\"608\" srcset=\"https:\/\/drzwitarasy.pl\/wp-content\/uploads\/2026\/01\/deski-piec.jpg 1139w, https:\/\/drzwitarasy.pl\/wp-content\/uploads\/2026\/01\/deski-piec-300x160.jpg 300w, https:\/\/drzwitarasy.pl\/wp-content\/uploads\/2026\/01\/deski-piec-1024x547.jpg 1024w, https:\/\/drzwitarasy.pl\/wp-content\/uploads\/2026\/01\/deski-piec-768x410.jpg 768w, https:\/\/drzwitarasy.pl\/wp-content\/uploads\/2026\/01\/deski-piec-600x320.jpg 600w\" sizes=\"auto, (max-width: 1139px) 100vw, 1139px\" \/><\/p>\n","protected":false},"excerpt":{"rendered":"<p>&nbsp; W SPRZEDA\u017bY ( wyprzeda\u017c ) KAWA\u0141KI, \u015aCINKI DESEK TARASOWYCH KOMPOZYTOWYCH : W WYMIARACH 22mm X 140mm X 100- 150mm &#8211; kolory i struktura wysy\u0142ana losowo. &nbsp;<\/p>\n","protected":false},"featured_media":6479,"template":"","meta":{"_acf_changed":false,"_monsterinsights_skip_tracking":false,"_monsterinsights_sitenote_active":false,"_monsterinsights_sitenote_note":"","_monsterinsights_sitenote_category":0},"product_brand":[],"product_cat":[354],"product_tag":[],"class_list":{"0":"post-6476","1":"product","2":"type-product","3":"status-publish","4":"has-post-thumbnail","6":"product_cat-outlet","7":"product_shipping_class-klamki","9":"first","10":"instock","11":"shipping-taxable","12":"purchasable","13":"product-type-simple","14":"add-to-wishlist-after_add_to_cart"},"acf":[],"aioseo_notices":[],"jetpack_sharing_enabled":true,"_links":{"self":[{"href":"https:\/\/drzwitarasy.pl\/index.php?rest_route=\/wp\/v2\/product\/6476","targetHints":{"allow":["GET"]}}],"collection":[{"href":"https:\/\/drzwitarasy.pl\/index.php?rest_route=\/wp\/v2\/product"}],"about":[{"href":"https:\/\/drzwitarasy.pl\/index.php?rest_route=\/wp\/v2\/types\/product"}],"wp:featuredmedia":[{"embeddable":true,"href":"https:\/\/drzwitarasy.pl\/index.php?rest_route=\/wp\/v2\/media\/6479"}],"wp:attachment":[{"href":"https:\/\/drzwitarasy.pl\/index.php?rest_route=%2Fwp%2Fv2%2Fmedia&parent=6476"}],"wp:term":[{"taxonomy":"product_brand","embeddable":true,"href":"https:\/\/drzwitarasy.pl\/index.php?rest_route=%2Fwp%2Fv2%2Fproduct_brand&post=6476"},{"taxonomy":"product_cat","embeddable":true,"href":"https:\/\/drzwitarasy.pl\/index.php?rest_route=%2Fwp%2Fv2%2Fproduct_cat&post=6476"},{"taxonomy":"product_tag","embeddable":true,"href":"https:\/\/drzwitarasy.pl\/index.php?rest_route=%2Fwp%2Fv2%2Fproduct_tag&post=6476"}],"curies":[{"name":"wp","href":"https:\/\/api.w.org\/{rel}","templated":true}]}}