{"id":6073,"date":"2025-10-07T03:26:21","date_gmt":"2025-10-07T01:26:21","guid":{"rendered":"https:\/\/drzwitarasy.pl\/?product=system-przesuwny-easy-slide-kaseta-do-drzwi"},"modified":"2026-04-01T23:18:20","modified_gmt":"2026-04-01T21:18:20","slug":"system-przesuwny-easy-slide-kaseta-do-drzwi","status":"publish","type":"product","link":"https:\/\/drzwitarasy.pl\/?product=system-przesuwny-easy-slide-kaseta-do-drzwi","title":{"rendered":"System przesuwny EASY SLIDE KASETA do drzwi"},"content":{"rendered":"<h1 style=\"text-align: center;\"><strong>Easy Slide \u2013 funkcjonalno\u015b\u0107, kt\u00f3ra robi r\u00f3\u017cnic\u0119.<\/strong><\/h1>\n<p><img loading=\"lazy\" decoding=\"async\" class=\"aligncenter size-full wp-image-7113\" src=\"https:\/\/drzwitarasy.pl\/wp-content\/uploads\/2025\/10\/canis-easyyy-wizual.jpg\" alt=\"\" width=\"1083\" height=\"675\" srcset=\"https:\/\/drzwitarasy.pl\/wp-content\/uploads\/2025\/10\/canis-easyyy-wizual.jpg 1083w, https:\/\/drzwitarasy.pl\/wp-content\/uploads\/2025\/10\/canis-easyyy-wizual-300x187.jpg 300w, https:\/\/drzwitarasy.pl\/wp-content\/uploads\/2025\/10\/canis-easyyy-wizual-1024x638.jpg 1024w, https:\/\/drzwitarasy.pl\/wp-content\/uploads\/2025\/10\/canis-easyyy-wizual-768x479.jpg 768w, https:\/\/drzwitarasy.pl\/wp-content\/uploads\/2025\/10\/canis-easyyy-wizual-600x374.jpg 600w\" sizes=\"auto, (max-width: 1083px) 100vw, 1083px\" \/><\/p>\n<p><img loading=\"lazy\" decoding=\"async\" class=\"aligncenter size-full wp-image-7110\" src=\"https:\/\/drzwitarasy.pl\/wp-content\/uploads\/2025\/10\/canis-easy-trzy-wizual.jpg\" alt=\"\" width=\"1352\" height=\"479\" srcset=\"https:\/\/drzwitarasy.pl\/wp-content\/uploads\/2025\/10\/canis-easy-trzy-wizual.jpg 1352w, https:\/\/drzwitarasy.pl\/wp-content\/uploads\/2025\/10\/canis-easy-trzy-wizual-300x106.jpg 300w, https:\/\/drzwitarasy.pl\/wp-content\/uploads\/2025\/10\/canis-easy-trzy-wizual-1024x363.jpg 1024w, https:\/\/drzwitarasy.pl\/wp-content\/uploads\/2025\/10\/canis-easy-trzy-wizual-768x272.jpg 768w, https:\/\/drzwitarasy.pl\/wp-content\/uploads\/2025\/10\/canis-easy-trzy-wizual-1350x479.jpg 1350w, https:\/\/drzwitarasy.pl\/wp-content\/uploads\/2025\/10\/canis-easy-trzy-wizual-600x213.jpg 600w\" sizes=\"auto, (max-width: 1352px) 100vw, 1352px\" \/> <img loading=\"lazy\" decoding=\"async\" class=\"aligncenter size-full wp-image-7112\" src=\"https:\/\/drzwitarasy.pl\/wp-content\/uploads\/2025\/10\/canis-easy-wymiary.jpg\" alt=\"\" width=\"953\" height=\"454\" srcset=\"https:\/\/drzwitarasy.pl\/wp-content\/uploads\/2025\/10\/canis-easy-wymiary.jpg 953w, https:\/\/drzwitarasy.pl\/wp-content\/uploads\/2025\/10\/canis-easy-wymiary-300x143.jpg 300w, https:\/\/drzwitarasy.pl\/wp-content\/uploads\/2025\/10\/canis-easy-wymiary-768x366.jpg 768w, https:\/\/drzwitarasy.pl\/wp-content\/uploads\/2025\/10\/canis-easy-wymiary-600x286.jpg 600w\" sizes=\"auto, (max-width: 953px) 100vw, 953px\" \/><\/p>\n<h2 class=\"m_-7443567958421791995isselectedend\"><strong>Dlaczego Easy Slide?<\/strong><\/h2>\n<h4 class=\"m_-7443567958421791995isselectedend\">\nTo rozwi\u0105zanie wyr\u00f3\u017cnia si\u0119 przede wszystkim:<u><\/u><u><\/u><\/h4>\n<h4 class=\"m_-7443567958421791995isselectedend\"><u><\/u>\u00b7\u00a0\u00a0\u00a0\u00a0\u00a0\u00a0\u00a0\u00a0\u00a0<u><\/u>wyj\u0105tkow\u0105 p\u0142ynno\u015bci\u0105 dzia\u0142ania i komfortem u\u017cytkowania,<u><\/u><u><\/u><\/h4>\n<h4 class=\"m_-7443567958421791995isselectedend\"><u><\/u>\u00b7\u00a0\u00a0\u00a0\u00a0\u00a0\u00a0\u00a0\u00a0\u00a0<u><\/u>nowoczesnym designem dopasowanym do aktualnych trend\u00f3w,<u><\/u><u><\/u><\/h4>\n<h4 class=\"m_-7443567958421791995isselectedend\"><u><\/u>\u00b7\u00a0\u00a0\u00a0\u00a0\u00a0\u00a0\u00a0\u00a0\u00a0<u><\/u>wysok\u0105 jako\u015bci\u0105 wykonania i trwa\u0142o\u015bci\u0105,<u><\/u><u><\/u><\/h4>\n<h4 class=\"m_-7443567958421791995isselectedend\"><u><\/u>\u00b7\u00a0\u00a0\u00a0\u00a0\u00a0\u00a0\u00a0\u00a0\u00a0<u><\/u>prostym monta\u017cem oraz uniwersalnym zastosowaniem.<u><\/u><u><\/u><\/h4>\n<h2 class=\"m_-7443567958421791995isselectedend\">System Easy Slide doskonale sprawdza si\u0119 zar\u00f3wno w przestrzeniach prywatnych, jak i komercyjnych, oferuj\u0105c niezawodno\u015b\u0107 oraz estetyk\u0119 na najwy\u017cszym poziomie.<\/h2>\n<p>&nbsp;<\/p>\n<p>SYSTEM EASY SLIDE<\/p>\n<p>KASETA OCYNK DO DRZWI PRZESUWNYCH CHOWANYCH W \u015aCIANIE.<\/p>\n<p>DO DRZWI 60, 70, 80 i 90tek.<\/p>\n","protected":false},"excerpt":{"rendered":"<p>Easy Slide \u2013 funkcjonalno\u015b\u0107, kt\u00f3ra robi r\u00f3\u017cnic\u0119. Dlaczego Easy Slide? To rozwi\u0105zanie wyr\u00f3\u017cnia si\u0119 przede wszystkim: \u00b7\u00a0\u00a0\u00a0\u00a0\u00a0\u00a0\u00a0\u00a0\u00a0wyj\u0105tkow\u0105 p\u0142ynno\u015bci\u0105 dzia\u0142ania i komfortem u\u017cytkowania, \u00b7\u00a0\u00a0\u00a0\u00a0\u00a0\u00a0\u00a0\u00a0\u00a0nowoczesnym designem dopasowanym do aktualnych trend\u00f3w, \u00b7\u00a0\u00a0\u00a0\u00a0\u00a0\u00a0\u00a0\u00a0\u00a0wysok\u0105 jako\u015bci\u0105 wykonania i trwa\u0142o\u015bci\u0105, \u00b7\u00a0\u00a0\u00a0\u00a0\u00a0\u00a0\u00a0\u00a0\u00a0prostym monta\u017cem oraz uniwersalnym zastosowaniem. System Easy Slide doskonale sprawdza si\u0119 zar\u00f3wno w przestrzeniach prywatnych, jak i komercyjnych, oferuj\u0105c niezawodno\u015b\u0107 oraz estetyk\u0119 [&hellip;]<\/p>\n","protected":false},"featured_media":6068,"template":"","meta":{"_acf_changed":false,"_monsterinsights_skip_tracking":false,"_monsterinsights_sitenote_active":false,"_monsterinsights_sitenote_note":"","_monsterinsights_sitenote_category":0},"product_brand":[527],"product_cat":[252],"product_tag":[],"class_list":{"0":"post-6073","1":"product","2":"type-product","3":"status-publish","4":"has-post-thumbnail","6":"product_brand-windoor","7":"product_cat-tunel-regulowany","9":"first","10":"instock","11":"sale","12":"featured","13":"shipping-taxable","14":"purchasable","15":"product-type-simple","16":"add-to-wishlist-after_add_to_cart"},"acf":[],"aioseo_notices":[],"jetpack_sharing_enabled":true,"_links":{"self":[{"href":"https:\/\/drzwitarasy.pl\/index.php?rest_route=\/wp\/v2\/product\/6073","targetHints":{"allow":["GET"]}}],"collection":[{"href":"https:\/\/drzwitarasy.pl\/index.php?rest_route=\/wp\/v2\/product"}],"about":[{"href":"https:\/\/drzwitarasy.pl\/index.php?rest_route=\/wp\/v2\/types\/product"}],"wp:featuredmedia":[{"embeddable":true,"href":"https:\/\/drzwitarasy.pl\/index.php?rest_route=\/wp\/v2\/media\/6068"}],"wp:attachment":[{"href":"https:\/\/drzwitarasy.pl\/index.php?rest_route=%2Fwp%2Fv2%2Fmedia&parent=6073"}],"wp:term":[{"taxonomy":"product_brand","embeddable":true,"href":"https:\/\/drzwitarasy.pl\/index.php?rest_route=%2Fwp%2Fv2%2Fproduct_brand&post=6073"},{"taxonomy":"product_cat","embeddable":true,"href":"https:\/\/drzwitarasy.pl\/index.php?rest_route=%2Fwp%2Fv2%2Fproduct_cat&post=6073"},{"taxonomy":"product_tag","embeddable":true,"href":"https:\/\/drzwitarasy.pl\/index.php?rest_route=%2Fwp%2Fv2%2Fproduct_tag&post=6073"}],"curies":[{"name":"wp","href":"https:\/\/api.w.org\/{rel}","templated":true}]}}