{"id":600,"date":"2019-01-30T09:37:27","date_gmt":"2019-01-30T08:37:27","guid":{"rendered":"http:\/\/drzwitarasy.pl\/?post_type=product&#038;p=600"},"modified":"2026-04-14T03:37:23","modified_gmt":"2026-04-14T01:37:23","slug":"drzwi-trame-windoor","status":"publish","type":"product","link":"https:\/\/drzwitarasy.pl\/?product=drzwi-trame-windoor","title":{"rendered":"Trame ramowe drzwi wewn\u0119trzne Prestige"},"content":{"rendered":"<p>&nbsp;<\/p>\n<p><img loading=\"lazy\" decoding=\"async\" class=\"aligncenter size-full wp-image-4548\" src=\"https:\/\/drzwitarasy.pl\/wp-content\/uploads\/2019\/01\/WIZUAL-TRAME.jpg\" alt=\"\" width=\"1177\" height=\"752\" srcset=\"https:\/\/drzwitarasy.pl\/wp-content\/uploads\/2019\/01\/WIZUAL-TRAME.jpg 1177w, https:\/\/drzwitarasy.pl\/wp-content\/uploads\/2019\/01\/WIZUAL-TRAME-300x192.jpg 300w, https:\/\/drzwitarasy.pl\/wp-content\/uploads\/2019\/01\/WIZUAL-TRAME-600x383.jpg 600w, https:\/\/drzwitarasy.pl\/wp-content\/uploads\/2019\/01\/WIZUAL-TRAME-1024x654.jpg 1024w, https:\/\/drzwitarasy.pl\/wp-content\/uploads\/2019\/01\/WIZUAL-TRAME-768x491.jpg 768w\" sizes=\"auto, (max-width: 1177px) 100vw, 1177px\" \/><\/p>\n<p style=\"text-align: center;\">Mamy przyjemno\u015b\u0107 przedstawi\u0107\u00a0<b>najnowsz\u0105 kolekcj\u0119<\/b>\u00a0designerskich drzwi ramiakowych z Linii\u00a0<b>PRESTIGE<\/b>. Skrzyd\u0142a tej serii charakteryzuj\u0105 si\u0119\u00a0<b>modernistyczn\u0105 stylizacj\u0105<\/b>\u00a0oraz\u00a0<b>wysok\u0105 trwa\u0142o\u015bcia<\/b>, zachowuj\u0105c przy tym\u00a0<b>najni\u017csz\u0105 cen\u0119<\/b>\u00a0na rynku.<\/p>\n<p style=\"text-align: center;\">Linia Prestige to rodzina skrzyde\u0142 o bardzo wysokiej jako\u015bci i odporno\u015bci na uszkodzenia mechaniczne, a tak\u017ce gwarancja uzyskania nowoczesnej stylizacji wn\u0119trz w kt\u00f3rych zostan\u0105 one zastosowane.<\/p>\n<p style=\"text-align: center;\">Proponowany model to skrzyd\u0142o drzwiowe wykonane z ramiak\u00f3w MDF uszlachetnionych oklein\u0105 drewnopodobn\u0105 o zwi\u0119kszonej odporno\u015bci na zarysowania.<\/p>\n<h1><\/h1>\n<p><img loading=\"lazy\" decoding=\"async\" class=\"aligncenter size-full wp-image-4542\" src=\"https:\/\/drzwitarasy.pl\/wp-content\/uploads\/2025\/02\/trame-z-opisami.jpeg\" alt=\"\" width=\"1664\" height=\"2356\" srcset=\"https:\/\/drzwitarasy.pl\/wp-content\/uploads\/2025\/02\/trame-z-opisami.jpeg 1664w, https:\/\/drzwitarasy.pl\/wp-content\/uploads\/2025\/02\/trame-z-opisami-300x425.jpeg 300w, https:\/\/drzwitarasy.pl\/wp-content\/uploads\/2025\/02\/trame-z-opisami-600x850.jpeg 600w, https:\/\/drzwitarasy.pl\/wp-content\/uploads\/2025\/02\/trame-z-opisami-212x300.jpeg 212w, https:\/\/drzwitarasy.pl\/wp-content\/uploads\/2025\/02\/trame-z-opisami-723x1024.jpeg 723w, https:\/\/drzwitarasy.pl\/wp-content\/uploads\/2025\/02\/trame-z-opisami-768x1087.jpeg 768w, https:\/\/drzwitarasy.pl\/wp-content\/uploads\/2025\/02\/trame-z-opisami-1085x1536.jpeg 1085w, https:\/\/drzwitarasy.pl\/wp-content\/uploads\/2025\/02\/trame-z-opisami-1446x2048.jpeg 1446w\" sizes=\"auto, (max-width: 1664px) 100vw, 1664px\" \/><\/p>\n<p><img loading=\"lazy\" decoding=\"async\" class=\"aligncenter wp-image-5788 size-full\" src=\"https:\/\/drzwitarasy.pl\/wp-content\/uploads\/2019\/01\/KOLORY-TRAME-1.jpg\" alt=\"\" width=\"1440\" height=\"1488\" srcset=\"https:\/\/drzwitarasy.pl\/wp-content\/uploads\/2019\/01\/KOLORY-TRAME-1.jpg 1440w, https:\/\/drzwitarasy.pl\/wp-content\/uploads\/2019\/01\/KOLORY-TRAME-1-300x310.jpg 300w, https:\/\/drzwitarasy.pl\/wp-content\/uploads\/2019\/01\/KOLORY-TRAME-1-600x620.jpg 600w, https:\/\/drzwitarasy.pl\/wp-content\/uploads\/2019\/01\/KOLORY-TRAME-1-290x300.jpg 290w, https:\/\/drzwitarasy.pl\/wp-content\/uploads\/2019\/01\/KOLORY-TRAME-1-991x1024.jpg 991w, https:\/\/drzwitarasy.pl\/wp-content\/uploads\/2019\/01\/KOLORY-TRAME-1-768x794.jpg 768w\" sizes=\"auto, (max-width: 1440px) 100vw, 1440px\" \/><\/p>\n<p><img loading=\"lazy\" decoding=\"async\" class=\"aligncenter size-full wp-image-5754\" src=\"https:\/\/drzwitarasy.pl\/wp-content\/uploads\/2019\/01\/KONSTRUKCJA-ALU-I-ZAWIASY.jpeg\" alt=\"\" width=\"676\" height=\"1946\" srcset=\"https:\/\/drzwitarasy.pl\/wp-content\/uploads\/2019\/01\/KONSTRUKCJA-ALU-I-ZAWIASY.jpeg 676w, https:\/\/drzwitarasy.pl\/wp-content\/uploads\/2019\/01\/KONSTRUKCJA-ALU-I-ZAWIASY-300x864.jpeg 300w, https:\/\/drzwitarasy.pl\/wp-content\/uploads\/2019\/01\/KONSTRUKCJA-ALU-I-ZAWIASY-600x1727.jpeg 600w, https:\/\/drzwitarasy.pl\/wp-content\/uploads\/2019\/01\/KONSTRUKCJA-ALU-I-ZAWIASY-104x300.jpeg 104w, https:\/\/drzwitarasy.pl\/wp-content\/uploads\/2019\/01\/KONSTRUKCJA-ALU-I-ZAWIASY-356x1024.jpeg 356w, https:\/\/drzwitarasy.pl\/wp-content\/uploads\/2019\/01\/KONSTRUKCJA-ALU-I-ZAWIASY-534x1536.jpeg 534w\" sizes=\"auto, (max-width: 676px) 100vw, 676px\" \/><\/p>\n<p>&nbsp;<\/p>\n<p>&nbsp;<\/p>\n<p>&nbsp;<\/p>\n<p>&nbsp;<\/p>\n<p>&nbsp;<\/p>\n<p><img loading=\"lazy\" decoding=\"async\" class=\"aligncenter size-full wp-image-4460\" src=\"https:\/\/drzwitarasy.pl\/wp-content\/uploads\/2024\/11\/KONTAKT-ok.jpg\" alt=\"\" width=\"1619\" height=\"1410\" srcset=\"https:\/\/drzwitarasy.pl\/wp-content\/uploads\/2024\/11\/KONTAKT-ok.jpg 1619w, https:\/\/drzwitarasy.pl\/wp-content\/uploads\/2024\/11\/KONTAKT-ok-300x261.jpg 300w, https:\/\/drzwitarasy.pl\/wp-content\/uploads\/2024\/11\/KONTAKT-ok-600x523.jpg 600w, https:\/\/drzwitarasy.pl\/wp-content\/uploads\/2024\/11\/KONTAKT-ok-1024x892.jpg 1024w, https:\/\/drzwitarasy.pl\/wp-content\/uploads\/2024\/11\/KONTAKT-ok-768x669.jpg 768w, https:\/\/drzwitarasy.pl\/wp-content\/uploads\/2024\/11\/KONTAKT-ok-1536x1338.jpg 1536w\" sizes=\"auto, (max-width: 1619px) 100vw, 1619px\" \/><\/p>\n","protected":false},"excerpt":{"rendered":"<p>&nbsp; Mamy przyjemno\u015b\u0107 przedstawi\u0107\u00a0najnowsz\u0105 kolekcj\u0119\u00a0designerskich drzwi ramiakowych z Linii\u00a0PRESTIGE. Skrzyd\u0142a tej serii charakteryzuj\u0105 si\u0119\u00a0modernistyczn\u0105 stylizacj\u0105\u00a0oraz\u00a0wysok\u0105 trwa\u0142o\u015bcia, zachowuj\u0105c przy tym\u00a0najni\u017csz\u0105 cen\u0119\u00a0na rynku. Linia Prestige to rodzina skrzyde\u0142 o bardzo wysokiej jako\u015bci i odporno\u015bci na uszkodzenia mechaniczne, a tak\u017ce gwarancja uzyskania nowoczesnej stylizacji wn\u0119trz w kt\u00f3rych zostan\u0105 one zastosowane. Proponowany model to skrzyd\u0142o drzwiowe wykonane z ramiak\u00f3w [&hellip;]<\/p>\n","protected":false},"featured_media":4543,"template":"","meta":{"_acf_changed":false,"_monsterinsights_skip_tracking":false,"_monsterinsights_sitenote_active":false,"_monsterinsights_sitenote_note":"","_monsterinsights_sitenote_category":0},"product_brand":[527],"product_cat":[30,21,516,605],"product_tag":[181,177,410,186],"class_list":{"0":"post-600","1":"product","2":"type-product","3":"status-publish","4":"has-post-thumbnail","6":"product_brand-windoor","7":"product_cat-drzwi-prestige","8":"product_cat-drzwi-wewnetrzne","9":"product_cat-windoor","10":"product_cat-trame","11":"product_tag-drzwi-do-domu","12":"product_tag-drzwi-windoor","13":"product_tag-solidne-drzwi","14":"product_tag-trame","16":"first","17":"instock","18":"sale","19":"purchasable","20":"product-type-simple","21":"add-to-wishlist-after_add_to_cart"},"acf":[],"aioseo_notices":[],"jetpack_sharing_enabled":true,"_links":{"self":[{"href":"https:\/\/drzwitarasy.pl\/index.php?rest_route=\/wp\/v2\/product\/600","targetHints":{"allow":["GET"]}}],"collection":[{"href":"https:\/\/drzwitarasy.pl\/index.php?rest_route=\/wp\/v2\/product"}],"about":[{"href":"https:\/\/drzwitarasy.pl\/index.php?rest_route=\/wp\/v2\/types\/product"}],"wp:featuredmedia":[{"embeddable":true,"href":"https:\/\/drzwitarasy.pl\/index.php?rest_route=\/wp\/v2\/media\/4543"}],"wp:attachment":[{"href":"https:\/\/drzwitarasy.pl\/index.php?rest_route=%2Fwp%2Fv2%2Fmedia&parent=600"}],"wp:term":[{"taxonomy":"product_brand","embeddable":true,"href":"https:\/\/drzwitarasy.pl\/index.php?rest_route=%2Fwp%2Fv2%2Fproduct_brand&post=600"},{"taxonomy":"product_cat","embeddable":true,"href":"https:\/\/drzwitarasy.pl\/index.php?rest_route=%2Fwp%2Fv2%2Fproduct_cat&post=600"},{"taxonomy":"product_tag","embeddable":true,"href":"https:\/\/drzwitarasy.pl\/index.php?rest_route=%2Fwp%2Fv2%2Fproduct_tag&post=600"}],"curies":[{"name":"wp","href":"https:\/\/api.w.org\/{rel}","templated":true}]}}