{"id":5882,"date":"2025-09-01T00:23:16","date_gmt":"2025-08-31T22:23:16","guid":{"rendered":"https:\/\/drzwitarasy.pl\/?post_type=product&#038;p=5882"},"modified":"2025-10-14T00:13:16","modified_gmt":"2025-10-13T22:13:16","slug":"listwa-przypodlogowa-defendoor","status":"publish","type":"product","link":"https:\/\/drzwitarasy.pl\/?product=listwa-przypodlogowa-defendoor","title":{"rendered":"Listwa przypod\u0142ogowa DEFENDOOR"},"content":{"rendered":"<p><img \/><img loading=\"lazy\" decoding=\"async\" class=\"aligncenter size-full wp-image-4576\" src=\"https:\/\/drzwitarasy.pl\/wp-content\/uploads\/2025\/02\/img_2952-2.jpeg\" alt=\"\" width=\"1092\" height=\"1199\" srcset=\"https:\/\/drzwitarasy.pl\/wp-content\/uploads\/2025\/02\/img_2952-2.jpeg 1092w, https:\/\/drzwitarasy.pl\/wp-content\/uploads\/2025\/02\/img_2952-2-300x329.jpeg 300w, https:\/\/drzwitarasy.pl\/wp-content\/uploads\/2025\/02\/img_2952-2-600x659.jpeg 600w, https:\/\/drzwitarasy.pl\/wp-content\/uploads\/2025\/02\/img_2952-2-273x300.jpeg 273w, https:\/\/drzwitarasy.pl\/wp-content\/uploads\/2025\/02\/img_2952-2-933x1024.jpeg 933w, https:\/\/drzwitarasy.pl\/wp-content\/uploads\/2025\/02\/img_2952-2-768x843.jpeg 768w\" sizes=\"auto, (max-width: 1092px) 100vw, 1092px\" \/><\/p>\n<p>LISTWA PRZYPOD\u0141OGOWA BIA\u0141Y P\u00d3\u0141MAT<\/p>\n<p>WYSOKO\u015a\u0106 8cm<\/p>\n<p>GRUBO\u015a\u0106 1,5cm<\/p>\n<p>D\u0141UGO\u015a\u0106 200cm<\/p>\n<p>&nbsp;<\/p>\n<p>Listwa przypod\u0142ogowa jest\u00a0<strong>wyj\u0105tkowym detalem<\/strong>\u00a0w ka\u017cdym pomieszczeniu, zdobi\u0105cym styk \u015bcian z pod\u0142og\u0105. Ponadto listwy doskonale\u00a0<strong>maskuj\u0105<\/strong> nieestetyczne kable, przewody jak r\u00f3wnie\u017c szczelin\u0119 dylatacyjn\u0105. Listwy przypod\u0142ogowe dost\u0119pne s\u0105 w \u00a0<strong>kolorystyce<\/strong> : BIA\u0141Y P\u00d3\u0141MAT.<\/p>\n<p><strong>Dost\u0119pne wymiary (d\u0142ugo\u015b\u0107\/wysoko\u015b\u0107\/grubo\u015b\u0107):<\/strong><\/p>\n<ul>\n<li>2000 x 80 x 15 mm<\/li>\n<\/ul>\n<p><strong>Materia\u0142:\u00a0<\/strong>MDF oklejony foli\u0105 finish<\/p>\n<p>&nbsp;<\/p>\n<p><img loading=\"lazy\" decoding=\"async\" class=\"aligncenter wp-image-5883 size-full\" src=\"https:\/\/drzwitarasy.pl\/wp-content\/uploads\/2025\/09\/LISTWA-PRZYPODLOGOWA-BIALA.jpeg\" alt=\"\" width=\"789\" height=\"870\" srcset=\"https:\/\/drzwitarasy.pl\/wp-content\/uploads\/2025\/09\/LISTWA-PRZYPODLOGOWA-BIALA.jpeg 789w, https:\/\/drzwitarasy.pl\/wp-content\/uploads\/2025\/09\/LISTWA-PRZYPODLOGOWA-BIALA-300x331.jpeg 300w, https:\/\/drzwitarasy.pl\/wp-content\/uploads\/2025\/09\/LISTWA-PRZYPODLOGOWA-BIALA-600x662.jpeg 600w, https:\/\/drzwitarasy.pl\/wp-content\/uploads\/2025\/09\/LISTWA-PRZYPODLOGOWA-BIALA-272x300.jpeg 272w, https:\/\/drzwitarasy.pl\/wp-content\/uploads\/2025\/09\/LISTWA-PRZYPODLOGOWA-BIALA-768x847.jpeg 768w\" sizes=\"auto, (max-width: 789px) 100vw, 789px\" \/><\/p>\n<p><img loading=\"lazy\" decoding=\"async\" class=\"aligncenter size-full wp-image-4628\" src=\"https:\/\/drzwitarasy.pl\/wp-content\/uploads\/2019\/02\/LISTWA-PRZYP-WIZUA.jpg\" alt=\"\" width=\"1024\" height=\"637\" srcset=\"https:\/\/drzwitarasy.pl\/wp-content\/uploads\/2019\/02\/LISTWA-PRZYP-WIZUA.jpg 1024w, https:\/\/drzwitarasy.pl\/wp-content\/uploads\/2019\/02\/LISTWA-PRZYP-WIZUA-300x187.jpg 300w, https:\/\/drzwitarasy.pl\/wp-content\/uploads\/2019\/02\/LISTWA-PRZYP-WIZUA-600x373.jpg 600w, https:\/\/drzwitarasy.pl\/wp-content\/uploads\/2019\/02\/LISTWA-PRZYP-WIZUA-768x478.jpg 768w\" sizes=\"auto, (max-width: 1024px) 100vw, 1024px\" \/><\/p>\n","protected":false},"excerpt":{"rendered":"<p>&nbsp;<\/p>\n<p>&nbsp;<\/p>\n<p>&nbsp;<\/p>\n","protected":false},"featured_media":5883,"template":"","meta":{"_acf_changed":false,"_monsterinsights_skip_tracking":false,"_monsterinsights_sitenote_active":false,"_monsterinsights_sitenote_note":"","_monsterinsights_sitenote_category":0},"product_brand":[528],"product_cat":[21,254],"product_tag":[438,439,173],"class_list":{"0":"post-5882","1":"product","2":"type-product","3":"status-publish","4":"has-post-thumbnail","6":"product_brand-defendoor","7":"product_cat-drzwi-wewnetrzne","8":"product_cat-listwy-masku","9":"product_tag-listwa-przypodlogowa","10":"product_tag-listwy","11":"product_tag-windoor","13":"first","14":"instock","15":"sale","16":"shipping-taxable","17":"purchasable","18":"product-type-simple","19":"add-to-wishlist-after_add_to_cart"},"acf":[],"aioseo_notices":[],"jetpack_sharing_enabled":true,"_links":{"self":[{"href":"https:\/\/drzwitarasy.pl\/index.php?rest_route=\/wp\/v2\/product\/5882","targetHints":{"allow":["GET"]}}],"collection":[{"href":"https:\/\/drzwitarasy.pl\/index.php?rest_route=\/wp\/v2\/product"}],"about":[{"href":"https:\/\/drzwitarasy.pl\/index.php?rest_route=\/wp\/v2\/types\/product"}],"wp:featuredmedia":[{"embeddable":true,"href":"https:\/\/drzwitarasy.pl\/index.php?rest_route=\/wp\/v2\/media\/5883"}],"wp:attachment":[{"href":"https:\/\/drzwitarasy.pl\/index.php?rest_route=%2Fwp%2Fv2%2Fmedia&parent=5882"}],"wp:term":[{"taxonomy":"product_brand","embeddable":true,"href":"https:\/\/drzwitarasy.pl\/index.php?rest_route=%2Fwp%2Fv2%2Fproduct_brand&post=5882"},{"taxonomy":"product_cat","embeddable":true,"href":"https:\/\/drzwitarasy.pl\/index.php?rest_route=%2Fwp%2Fv2%2Fproduct_cat&post=5882"},{"taxonomy":"product_tag","embeddable":true,"href":"https:\/\/drzwitarasy.pl\/index.php?rest_route=%2Fwp%2Fv2%2Fproduct_tag&post=5882"}],"curies":[{"name":"wp","href":"https:\/\/api.w.org\/{rel}","templated":true}]}}