{"id":5813,"date":"2025-08-18T19:42:03","date_gmt":"2025-08-18T17:42:03","guid":{"rendered":"https:\/\/drzwitarasy.pl\/?post_type=product&#038;p=5813"},"modified":"2026-03-04T01:43:59","modified_gmt":"2026-03-04T00:43:59","slug":"tunel-regulowany-cpl-pp-do-drzwi-prestige-i-plycinowych-standard","status":"publish","type":"product","link":"https:\/\/drzwitarasy.pl\/?product=tunel-regulowany-cpl-pp-do-drzwi-prestige-i-plycinowych-standard","title":{"rendered":"Tunel regulowany CPL PP do drzwi Prestige i P\u0142ycinowych Standard"},"content":{"rendered":"<p>Tunel panelowy &#8211; regulowany dedykowany jest do <strong>drzwi przesuwnych,<\/strong><\/p>\n<p>tunel sk\u0142ada si\u0119 z <strong>dw\u00f3ch pion\u00f3w g\u0142\u00f3wnych (baz)<\/strong>\u00a0oraz\u00a0<strong>jednej belki poziomej (g\u0142\u00f3wki) (bez nawierce\u0144, bez zawias\u00f3w)<\/strong>.<\/p>\n<p>Tunel jest dedykowany do zamaskowania wewn\u0119trznej cz\u0119\u015bci otworu w murze.<\/p>\n<p>Cz\u0119\u015b\u0107 czo\u0142ow\u0105 z obu stron stanowi\u0105 p\u0142askie\u00a0<strong>opaski maskuj\u0105ce\u00a0<\/strong>o szeroko\u015bci 6 cm lub 8 cm.<\/p>\n<p><img loading=\"lazy\" decoding=\"async\" class=\"aligncenter size-full wp-image-6804\" src=\"https:\/\/drzwitarasy.pl\/wp-content\/uploads\/2025\/03\/KOLORY-WSZYSTKIE-NOWE.jpg\" alt=\"\" width=\"1301\" height=\"1234\" srcset=\"https:\/\/drzwitarasy.pl\/wp-content\/uploads\/2025\/03\/KOLORY-WSZYSTKIE-NOWE.jpg 1301w, https:\/\/drzwitarasy.pl\/wp-content\/uploads\/2025\/03\/KOLORY-WSZYSTKIE-NOWE-300x285.jpg 300w, https:\/\/drzwitarasy.pl\/wp-content\/uploads\/2025\/03\/KOLORY-WSZYSTKIE-NOWE-1024x971.jpg 1024w, https:\/\/drzwitarasy.pl\/wp-content\/uploads\/2025\/03\/KOLORY-WSZYSTKIE-NOWE-768x728.jpg 768w, https:\/\/drzwitarasy.pl\/wp-content\/uploads\/2025\/03\/KOLORY-WSZYSTKIE-NOWE-600x569.jpg 600w\" sizes=\"auto, (max-width: 1301px) 100vw, 1301px\" \/><\/p>\n<p><img loading=\"lazy\" decoding=\"async\" class=\"aligncenter size-full wp-image-6939\" src=\"https:\/\/drzwitarasy.pl\/wp-content\/uploads\/2024\/09\/tunel-1.jpg\" alt=\"\" width=\"852\" height=\"717\" srcset=\"https:\/\/drzwitarasy.pl\/wp-content\/uploads\/2024\/09\/tunel-1.jpg 852w, https:\/\/drzwitarasy.pl\/wp-content\/uploads\/2024\/09\/tunel-1-300x252.jpg 300w, https:\/\/drzwitarasy.pl\/wp-content\/uploads\/2024\/09\/tunel-1-768x646.jpg 768w, https:\/\/drzwitarasy.pl\/wp-content\/uploads\/2024\/09\/tunel-1-600x505.jpg 600w\" sizes=\"auto, (max-width: 852px) 100vw, 852px\" \/><\/p>\n<p><img loading=\"lazy\" decoding=\"async\" class=\"aligncenter size-full wp-image-6946\" src=\"https:\/\/drzwitarasy.pl\/wp-content\/uploads\/2024\/09\/tunel-2.jpg\" alt=\"\" width=\"1206\" height=\"1117\" srcset=\"https:\/\/drzwitarasy.pl\/wp-content\/uploads\/2024\/09\/tunel-2.jpg 1206w, https:\/\/drzwitarasy.pl\/wp-content\/uploads\/2024\/09\/tunel-2-300x278.jpg 300w, https:\/\/drzwitarasy.pl\/wp-content\/uploads\/2024\/09\/tunel-2-1024x948.jpg 1024w, https:\/\/drzwitarasy.pl\/wp-content\/uploads\/2024\/09\/tunel-2-768x711.jpg 768w, https:\/\/drzwitarasy.pl\/wp-content\/uploads\/2024\/09\/tunel-2-600x556.jpg 600w\" sizes=\"auto, (max-width: 1206px) 100vw, 1206px\" \/><\/p>\n<p><img loading=\"lazy\" decoding=\"async\" class=\"aligncenter size-full wp-image-4460\" src=\"https:\/\/drzwitarasy.pl\/wp-content\/uploads\/2024\/11\/KONTAKT-ok.jpg\" alt=\"\" width=\"1619\" height=\"1410\" srcset=\"https:\/\/drzwitarasy.pl\/wp-content\/uploads\/2024\/11\/KONTAKT-ok.jpg 1619w, https:\/\/drzwitarasy.pl\/wp-content\/uploads\/2024\/11\/KONTAKT-ok-300x261.jpg 300w, https:\/\/drzwitarasy.pl\/wp-content\/uploads\/2024\/11\/KONTAKT-ok-600x523.jpg 600w, https:\/\/drzwitarasy.pl\/wp-content\/uploads\/2024\/11\/KONTAKT-ok-1024x892.jpg 1024w, https:\/\/drzwitarasy.pl\/wp-content\/uploads\/2024\/11\/KONTAKT-ok-768x669.jpg 768w, https:\/\/drzwitarasy.pl\/wp-content\/uploads\/2024\/11\/KONTAKT-ok-1536x1338.jpg 1536w\" sizes=\"auto, (max-width: 1619px) 100vw, 1619px\" \/><\/p>\n","protected":false},"excerpt":{"rendered":"<p><img loading=\"lazy\" decoding=\"async\" class=\"aligncenter wp-image-6747\" src=\"https:\/\/drzwitarasy.pl\/wp-content\/uploads\/2025\/04\/kat-45\u00b0.jpg\" alt=\"\" width=\"170\" height=\"138\" srcset=\"https:\/\/drzwitarasy.pl\/wp-content\/uploads\/2025\/04\/kat-45\u00b0.jpg 922w, https:\/\/drzwitarasy.pl\/wp-content\/uploads\/2025\/04\/kat-45\u00b0-300x243.jpg 300w, https:\/\/drzwitarasy.pl\/wp-content\/uploads\/2025\/04\/kat-45\u00b0-768x622.jpg 768w, https:\/\/drzwitarasy.pl\/wp-content\/uploads\/2025\/04\/kat-45\u00b0-360x290.jpg 360w, https:\/\/drzwitarasy.pl\/wp-content\/uploads\/2025\/04\/kat-45\u00b0-600x486.jpg 600w\" sizes=\"auto, (max-width: 170px) 100vw, 170px\" \/><\/p>\n","protected":false},"featured_media":3638,"template":"","meta":{"_acf_changed":false,"_monsterinsights_skip_tracking":false,"_monsterinsights_sitenote_active":false,"_monsterinsights_sitenote_note":"","_monsterinsights_sitenote_category":0},"product_brand":[527],"product_cat":[21,253,32,252],"product_tag":[270,285,319,282,317,320,323,324,321,326,325,322,308,350,287,187,348,327,330,333,342,338,336,343,337,340,339,335,332,341,309,312,306,347,274,275,277,280,273,276,279,349,278,272,307,311,310,269,177,292,298,294,299,293,296,295,297,300,301,313,344,346,284,286,304,328,283,303,281,329,314,316,315,318,331,302,305,334,271,345,288,290,289,291],"class_list":{"0":"post-5813","1":"product","2":"type-product","3":"status-publish","4":"has-post-thumbnail","6":"product_brand-windoor","7":"product_cat-drzwi-wewnetrzne","8":"product_cat-oscieznice-prestige-standard","9":"product_cat-oscieznice-akcesoria","10":"product_cat-tunel-regulowany","11":"product_tag-castorama-drzwi-wewnetrzne","12":"product_tag-ciemne-drzwi-wewnetrzne","13":"product_tag-dre-drzwi-bezprzylgowe","14":"product_tag-drewniane-drzwi-wewnetrzne","15":"product_tag-drzwi-bezprzylgowe-co-to-znaczy","16":"product_tag-drzwi-bezprzylgowe-biale","17":"product_tag-drzwi-bezprzylgowe-castorama","18":"product_tag-drzwi-bezprzylgowe-leroy","19":"product_tag-drzwi-bezprzylgowe-oscieznica","20":"product_tag-drzwi-bezprzylgowe-z-oscieznica-cena","21":"product_tag-drzwi-bezprzylgowe-z-oscieznica-komplet","22":"product_tag-drzwi-bezprzylgowe-z-szyba","23":"product_tag-drzwi-drewniane-windoor","24":"product_tag-drzwi-loftowe-przesuwne","25":"product_tag-drzwi-nowoczesne-wewnetrzne","26":"product_tag-drzwi-od-reki","27":"product_tag-drzwi-prysznicowe-przesuwne","28":"product_tag-drzwi-przesuwne","29":"product_tag-drzwi-przesuwne-biale","30":"product_tag-drzwi-przesuwne-bricomarche","31":"product_tag-drzwi-przesuwne-castorama","32":"product_tag-drzwi-przesuwne-chowane-w-sciane","33":"product_tag-drzwi-przesuwne-do-lazienki","34":"product_tag-drzwi-przesuwne-ikea","35":"product_tag-drzwi-przesuwne-leroy-merlin","36":"product_tag-drzwi-przesuwne-na-wymiar","37":"product_tag-drzwi-przesuwne-nascienne","38":"product_tag-drzwi-przesuwne-oscieznica","39":"product_tag-drzwi-przesuwne-otwarte-teraz","40":"product_tag-drzwi-przesuwne-szklane","41":"product_tag-drzwi-przesuwne-windoor","42":"product_tag-drzwi-rozwierane-windoor","43":"product_tag-drzwi-rozwierane-windoor-80-cm","44":"product_tag-drzwi-tarasowe-przesuwne","45":"product_tag-drzwi-wewnetrzne-biale","46":"product_tag-drzwi-wewnetrzne-castorama","47":"product_tag-drzwi-wewnetrzne-cena","48":"product_tag-drzwi-wewnetrzne-czarne","49":"product_tag-drzwi-wewnetrzne-dre","50":"product_tag-drzwi-wewnetrzne-drewniane","51":"product_tag-drzwi-wewnetrzne-nowoczesne","52":"product_tag-drzwi-wewnetrzne-przesuwne","53":"product_tag-drzwi-wewnetrzne-szare","54":"product_tag-drzwi-wewnetrzne-szklane","55":"product_tag-drzwi-wewnetrzne-windoor","56":"product_tag-drzwi-wewnetrzne-windoor-castorama","57":"product_tag-drzwi-wewnetrzne-windoor-radom","58":"product_tag-drzwi-wewnetrzne-z-oscieznica","59":"product_tag-drzwi-windoor","60":"product_tag-drzwi-windoor-bricomarche","61":"product_tag-drzwi-windoor-castorama","62":"product_tag-drzwi-windoor-elegance","63":"product_tag-drzwi-windoor-elegance-opinie","64":"product_tag-drzwi-windoor-opinie","65":"product_tag-drzwi-windoor-orzech-north","66":"product_tag-drzwi-windoor-pegasus","67":"product_tag-drzwi-windoor-trame-orzech-north","68":"product_tag-drzwi-windoor-virgo-sonoma","69":"product_tag-drzwi-windoor-wymiary","70":"product_tag-drzwidladomu","71":"product_tag-ikea-drzwi-przesuwne","72":"product_tag-ikea-drzwi-przesuwne-pokojowe","73":"product_tag-jak-wstawic-drzwi-wewnetrzne","74":"product_tag-jakiej-firmy-drzwi-wewnetrzne-wybrac","75":"product_tag-katalog-drzwi-windoor","76":"product_tag-kompletny-zestaw","77":"product_tag-leroy-merlin-drzwi-wewnetrzne","78":"product_tag-montaz-drzwi-windoor","79":"product_tag-nowoczesne-drzwi-wewnetrzne","80":"product_tag-obi-drzwi-przesuwne","81":"product_tag-oscieznica-regulowana","82":"product_tag-oscieznica-regulowana-a-stala","83":"product_tag-oscieznica-regulowana-montaz","84":"product_tag-porta-drzwi-bezprzylgowe","85":"product_tag-porta-drzwi-przesuwne","86":"product_tag-producent-drzwi-windoor","87":"product_tag-producent-drzwi-windoor-opinie","88":"product_tag-system-drzwi-przesuwnych","89":"product_tag-tanie-drzwi-pokojowe","90":"product_tag-tanie-drzwi-przesuwne-nascienne","91":"product_tag-windoor-drzwi-castorama","92":"product_tag-windoor-drzwi-cennik","93":"product_tag-windoor-drzwi-opinie","94":"product_tag-windoor-sklep","96":"first","97":"instock","98":"shipping-taxable","99":"purchasable","100":"product-type-simple","101":"add-to-wishlist-after_add_to_cart"},"acf":[],"aioseo_notices":[],"jetpack_sharing_enabled":true,"_links":{"self":[{"href":"https:\/\/drzwitarasy.pl\/index.php?rest_route=\/wp\/v2\/product\/5813","targetHints":{"allow":["GET"]}}],"collection":[{"href":"https:\/\/drzwitarasy.pl\/index.php?rest_route=\/wp\/v2\/product"}],"about":[{"href":"https:\/\/drzwitarasy.pl\/index.php?rest_route=\/wp\/v2\/types\/product"}],"wp:featuredmedia":[{"embeddable":true,"href":"https:\/\/drzwitarasy.pl\/index.php?rest_route=\/wp\/v2\/media\/3638"}],"wp:attachment":[{"href":"https:\/\/drzwitarasy.pl\/index.php?rest_route=%2Fwp%2Fv2%2Fmedia&parent=5813"}],"wp:term":[{"taxonomy":"product_brand","embeddable":true,"href":"https:\/\/drzwitarasy.pl\/index.php?rest_route=%2Fwp%2Fv2%2Fproduct_brand&post=5813"},{"taxonomy":"product_cat","embeddable":true,"href":"https:\/\/drzwitarasy.pl\/index.php?rest_route=%2Fwp%2Fv2%2Fproduct_cat&post=5813"},{"taxonomy":"product_tag","embeddable":true,"href":"https:\/\/drzwitarasy.pl\/index.php?rest_route=%2Fwp%2Fv2%2Fproduct_tag&post=5813"}],"curies":[{"name":"wp","href":"https:\/\/api.w.org\/{rel}","templated":true}]}}