{"id":5671,"date":"2025-07-16T23:51:12","date_gmt":"2025-07-16T21:51:12","guid":{"rendered":"https:\/\/drzwitarasy.pl\/?post_type=product&#038;p=5671"},"modified":"2025-07-16T23:52:23","modified_gmt":"2025-07-16T21:52:23","slug":"prim-dab-szary-pokoj-70-prawy-drzwi-wewnetrzne-prestige","status":"publish","type":"product","link":"https:\/\/drzwitarasy.pl\/?product=prim-dab-szary-pokoj-70-prawy-drzwi-wewnetrzne-prestige","title":{"rendered":"Prim d\u0105b szary pok\u00f3j 70 prawy drzwi wewn\u0119trzne prestige"},"content":{"rendered":"<p><img loading=\"lazy\" decoding=\"async\" class=\"aligncenter size-full wp-image-4200\" src=\"https:\/\/drzwitarasy.pl\/wp-content\/uploads\/2024\/03\/prim-wizual.jpg\" alt=\"\" width=\"1005\" height=\"636\" srcset=\"https:\/\/drzwitarasy.pl\/wp-content\/uploads\/2024\/03\/prim-wizual.jpg 1005w, https:\/\/drzwitarasy.pl\/wp-content\/uploads\/2024\/03\/prim-wizual-300x190.jpg 300w, https:\/\/drzwitarasy.pl\/wp-content\/uploads\/2024\/03\/prim-wizual-600x380.jpg 600w, https:\/\/drzwitarasy.pl\/wp-content\/uploads\/2024\/03\/prim-wizual-768x486.jpg 768w\" sizes=\"auto, (max-width: 1005px) 100vw, 1005px\" \/><\/p>\n<p>&nbsp;<\/p>\n<p>Poszukujesz drzwi, kt\u00f3re nie tylko b\u0119d\u0105 funkcjonalne, ale tak\u017ce nadadz\u0105 Twojemu wn\u0119trzu wyj\u0105tkowy, nowoczesny styl? Chcesz, aby by\u0142y trwa\u0142e, estetyczne i \u0142atwe w konserwacji? Oto nasza propozycja \u2013 Drzwi Ramiakowe z Serii SLIM!<\/p>\n<h4>Dlaczego warto wybra\u0107 nasze drzwi ramiakowe z Serii SLIM?<\/h4>\n<p>Nasze drzwi ramiakowe z Serii SLIM to kwintesencja wysokiej jako\u015bci i nowoczesnego designu. Charakteryzuj\u0105 si\u0119 smuklejszym wygl\u0105dem dzi\u0119ki w\u0119\u017cszej szeroko\u015bci ramiak\u00f3w pionowych oraz mniejsz\u0105 wag\u0105, co oznacza mniejsze obci\u0105\u017cenie zawias\u00f3w.<\/p>\n<p><strong>Najwa\u017cniejsze cechy:<\/strong><\/p>\n<ul>\n<li><strong>Wysoka jako\u015b\u0107 i trwa\u0142o\u015b\u0107:<\/strong> Wykonane z pe\u0142nej p\u0142yty MDF, drzwi te s\u0105 wyj\u0105tkowo odporne na wszelkie uszkodzenia mechaniczne, co gwarantuje ich d\u0142ugowieczno\u015b\u0107.<\/li>\n<li><strong>Nowoczesny design:<\/strong> Drzwi dost\u0119pne s\u0105 w eleganckich kolorach, kt\u00f3re pozwalaj\u0105 dopasowa\u0107 je do ka\u017cdego wn\u0119trza<\/li>\n<li><strong>Technologia SOFTLine:<\/strong> Profile drzwi wykonane s\u0105 w technologii SOFTLine, kt\u00f3ra wyr\u00f3\u017cnia si\u0119 brakiem \u0142\u0105cze\u0144 okleiny na kraw\u0119dziach, co dodaje im estetycznego wygl\u0105du.<\/li>\n<li><strong>Stabilna konstrukcja:<\/strong> Technologia czopowania i ko\u0142kowania u\u017cyta do po\u0142\u0105czenia element\u00f3w pionowych i poziomych zapobiega wypaczaniu oraz opuszczaniu drzwi, nawet podczas wieloletniego u\u017cytkowania.<\/li>\n<li><strong>Komfort u\u017cytkowania:<\/strong> Drzwi wyposa\u017cone s\u0105 w 3 wkr\u0119cane zawiasy oraz szk\u0142o mleczne wzmacniane o grubo\u015bci 4mm, co zapewnia \u0142atwo\u015b\u0107 monta\u017cu, stabilno\u015b\u0107 i dodatkow\u0105 wytrzyma\u0142o\u015b\u0107.<\/li>\n<\/ul>\n<h3>Idealne do ka\u017cdego wn\u0119trza<\/h3>\n<p>Te drzwi doskonale sprawdz\u0105 si\u0119 zar\u00f3wno w nowoczesnych loftach, jak i eleganckich, klasycznych wn\u0119trzach. Dzi\u0119ki swojej uniwersalno\u015bci, mog\u0105 by\u0107 zastosowane w r\u00f3\u017cnych pomieszczeniach \u2013 od kuchni, przez salon, a\u017c po biura i gabinety.<\/p>\n<h3>Dodaj nowoczesny akcent do swojego domu ju\u017c dzi\u015b!<\/h3>\n<p>Nie czekaj \u2013 zadbaj o styl i funkcjonalno\u015b\u0107 swojego wn\u0119trza z naszymi drzwiami ramiakowymi z Serii SLIM. Kliknij \u201eDodaj do koszyka\u201d i ciesz si\u0119 wysok\u0105 jako\u015bci\u0105 oraz nowoczesnym designem ka\u017cdego dnia.<\/p>\n<p>Sprawd\u017a nasz\u0105 ofert\u0119 i wybierz drzwi, kt\u00f3re spe\u0142ni\u0105 wszystkie Twoje oczekiwania. Tw\u00f3j dom zas\u0142uguje na najlepsze!<\/p>\n<p>&nbsp;<\/p>\n<p>&nbsp;<\/p>\n<p>&nbsp;<\/p>\n<p>&nbsp;<\/p>\n<p>&nbsp;<\/p>\n<p>&nbsp;<\/p>\n<p style=\"text-align: center;\"><img loading=\"lazy\" decoding=\"async\" class=\"aligncenter size-full wp-image-2860\" src=\"https:\/\/drzwitarasy.pl\/wp-content\/uploads\/2022\/10\/PRIM-SLIM-CZTERY-KOLORY-Z-OPISAMI.jpeg\" alt=\"\" width=\"1508\" height=\"802\" srcset=\"https:\/\/drzwitarasy.pl\/wp-content\/uploads\/2022\/10\/PRIM-SLIM-CZTERY-KOLORY-Z-OPISAMI.jpeg 1508w, https:\/\/drzwitarasy.pl\/wp-content\/uploads\/2022\/10\/PRIM-SLIM-CZTERY-KOLORY-Z-OPISAMI-300x160.jpeg 300w, https:\/\/drzwitarasy.pl\/wp-content\/uploads\/2022\/10\/PRIM-SLIM-CZTERY-KOLORY-Z-OPISAMI-600x319.jpeg 600w, https:\/\/drzwitarasy.pl\/wp-content\/uploads\/2022\/10\/PRIM-SLIM-CZTERY-KOLORY-Z-OPISAMI-768x408.jpeg 768w, https:\/\/drzwitarasy.pl\/wp-content\/uploads\/2022\/10\/PRIM-SLIM-CZTERY-KOLORY-Z-OPISAMI-1024x545.jpeg 1024w\" sizes=\"auto, (max-width: 1508px) 100vw, 1508px\" \/> <img loading=\"lazy\" decoding=\"async\" class=\"aligncenter size-full wp-image-2861\" src=\"https:\/\/drzwitarasy.pl\/wp-content\/uploads\/2022\/10\/PRIMY-Z-OPISAMI.jpeg\" alt=\"\" width=\"1776\" height=\"2088\" srcset=\"https:\/\/drzwitarasy.pl\/wp-content\/uploads\/2022\/10\/PRIMY-Z-OPISAMI.jpeg 1776w, https:\/\/drzwitarasy.pl\/wp-content\/uploads\/2022\/10\/PRIMY-Z-OPISAMI-300x353.jpeg 300w, https:\/\/drzwitarasy.pl\/wp-content\/uploads\/2022\/10\/PRIMY-Z-OPISAMI-600x705.jpeg 600w, https:\/\/drzwitarasy.pl\/wp-content\/uploads\/2022\/10\/PRIMY-Z-OPISAMI-255x300.jpeg 255w, https:\/\/drzwitarasy.pl\/wp-content\/uploads\/2022\/10\/PRIMY-Z-OPISAMI-768x903.jpeg 768w, https:\/\/drzwitarasy.pl\/wp-content\/uploads\/2022\/10\/PRIMY-Z-OPISAMI-871x1024.jpeg 871w\" sizes=\"auto, (max-width: 1776px) 100vw, 1776px\" \/><\/p>\n<p><img loading=\"lazy\" decoding=\"async\" class=\"aligncenter size-large wp-image-3951\" src=\"https:\/\/drzwitarasy.pl\/wp-content\/uploads\/2022\/10\/PRIMY-KOLORY-PRAWIDLOWE-1024x864.jpg\" alt=\"\" width=\"640\" height=\"540\" srcset=\"https:\/\/drzwitarasy.pl\/wp-content\/uploads\/2022\/10\/PRIMY-KOLORY-PRAWIDLOWE-1024x864.jpg 1024w, https:\/\/drzwitarasy.pl\/wp-content\/uploads\/2022\/10\/PRIMY-KOLORY-PRAWIDLOWE-300x253.jpg 300w, https:\/\/drzwitarasy.pl\/wp-content\/uploads\/2022\/10\/PRIMY-KOLORY-PRAWIDLOWE-600x506.jpg 600w, https:\/\/drzwitarasy.pl\/wp-content\/uploads\/2022\/10\/PRIMY-KOLORY-PRAWIDLOWE-768x648.jpg 768w, https:\/\/drzwitarasy.pl\/wp-content\/uploads\/2022\/10\/PRIMY-KOLORY-PRAWIDLOWE.jpg 1398w\" sizes=\"auto, (max-width: 640px) 100vw, 640px\" \/><\/p>\n<p><img loading=\"lazy\" decoding=\"async\" class=\"aligncenter size-full wp-image-4569\" src=\"https:\/\/drzwitarasy.pl\/wp-content\/uploads\/2025\/02\/img_2910.jpeg\" alt=\"\" width=\"1805\" height=\"2560\" srcset=\"https:\/\/drzwitarasy.pl\/wp-content\/uploads\/2025\/02\/img_2910.jpeg 1805w, https:\/\/drzwitarasy.pl\/wp-content\/uploads\/2025\/02\/img_2910-300x425.jpeg 300w, https:\/\/drzwitarasy.pl\/wp-content\/uploads\/2025\/02\/img_2910-600x851.jpeg 600w, https:\/\/drzwitarasy.pl\/wp-content\/uploads\/2025\/02\/img_2910-212x300.jpeg 212w, https:\/\/drzwitarasy.pl\/wp-content\/uploads\/2025\/02\/img_2910-722x1024.jpeg 722w, https:\/\/drzwitarasy.pl\/wp-content\/uploads\/2025\/02\/img_2910-768x1089.jpeg 768w, https:\/\/drzwitarasy.pl\/wp-content\/uploads\/2025\/02\/img_2910-1083x1536.jpeg 1083w, https:\/\/drzwitarasy.pl\/wp-content\/uploads\/2025\/02\/img_2910-1444x2048.jpeg 1444w\" sizes=\"auto, (max-width: 1805px) 100vw, 1805px\" \/><\/p>\n<p style=\"text-align: center;\"><img loading=\"lazy\" decoding=\"async\" class=\"aligncenter size-full wp-image-4564\" src=\"https:\/\/drzwitarasy.pl\/wp-content\/uploads\/2025\/02\/prim-pk-d-g-przes-mini.jpeg\" alt=\"\" width=\"1483\" height=\"1162\" srcset=\"https:\/\/drzwitarasy.pl\/wp-content\/uploads\/2025\/02\/prim-pk-d-g-przes-mini.jpeg 1483w, https:\/\/drzwitarasy.pl\/wp-content\/uploads\/2025\/02\/prim-pk-d-g-przes-mini-300x235.jpeg 300w, https:\/\/drzwitarasy.pl\/wp-content\/uploads\/2025\/02\/prim-pk-d-g-przes-mini-600x470.jpeg 600w, https:\/\/drzwitarasy.pl\/wp-content\/uploads\/2025\/02\/prim-pk-d-g-przes-mini-1024x802.jpeg 1024w, https:\/\/drzwitarasy.pl\/wp-content\/uploads\/2025\/02\/prim-pk-d-g-przes-mini-768x602.jpeg 768w\" sizes=\"auto, (max-width: 1483px) 100vw, 1483px\" \/><br \/>\nMamy przyjemno\u015b\u0107 przedstawi\u0107\u00a0<b>najnowsz\u0105 kolekcj\u0119<\/b>\u00a0designerskich drzwi ramiakowych z Linii\u00a0<b>PRESTIGE<\/b>. Skrzyd\u0142a tej serii charakteryzuj\u0105 si\u0119\u00a0<b>modernistyczn\u0105 stylizacj\u0105<\/b>\u00a0oraz\u00a0<b>wysok\u0105 trwa\u0142o\u015bcia<\/b>, zachowuj\u0105c przy tym\u00a0<b>najni\u017csz\u0105 cen\u0119<\/b>\u00a0na rynku.<\/p>\n<p style=\"text-align: center;\">Linia Prestige to rodzina skrzyde\u0142 o bardzo wysokiej jako\u015bci i odporno\u015bci na uszkodzenia mechaniczne, a tak\u017ce gwarancja uzyskania nowoczesnej stylizacji wn\u0119trz w kt\u00f3rych zostan\u0105 one zastosowane.<\/p>\n<p style=\"text-align: center;\">Proponowany model to skrzyd\u0142o drzwiowe wykonane z ramiak\u00f3w MDF uszlachetnionych oklein\u0105 drewnopodobn\u0105 o zwi\u0119kszonej odporno\u015bci na zarysowania.<\/p>\n<p><img loading=\"lazy\" decoding=\"async\" class=\"size-medium wp-image-2018 alignleft\" src=\"https:\/\/drzwitarasy.pl\/wp-content\/uploads\/2022\/10\/KOLOR-DA\u0328B-COUNTRY-300x293.jpg\" alt=\"\" width=\"300\" height=\"293\" srcset=\"https:\/\/drzwitarasy.pl\/wp-content\/uploads\/2022\/10\/KOLOR-DA\u0328B-COUNTRY-300x293.jpg 300w, https:\/\/drzwitarasy.pl\/wp-content\/uploads\/2022\/10\/KOLOR-DA\u0328B-COUNTRY-600x586.jpg 600w, https:\/\/drzwitarasy.pl\/wp-content\/uploads\/2022\/10\/KOLOR-DA\u0328B-COUNTRY-768x750.jpg 768w, https:\/\/drzwitarasy.pl\/wp-content\/uploads\/2022\/10\/KOLOR-DA\u0328B-COUNTRY-1024x1001.jpg 1024w, https:\/\/drzwitarasy.pl\/wp-content\/uploads\/2022\/10\/KOLOR-DA\u0328B-COUNTRY.jpg 1048w\" sizes=\"auto, (max-width: 300px) 100vw, 300px\" \/><\/p>\n<p><img loading=\"lazy\" decoding=\"async\" class=\"aligncenter size-medium wp-image-2019\" src=\"https:\/\/drzwitarasy.pl\/wp-content\/uploads\/2022\/10\/prim-da\u0328b-country-dwie-sztuki-265x300.jpg\" alt=\"\" width=\"265\" height=\"300\" srcset=\"https:\/\/drzwitarasy.pl\/wp-content\/uploads\/2022\/10\/prim-da\u0328b-country-dwie-sztuki-265x300.jpg 265w, https:\/\/drzwitarasy.pl\/wp-content\/uploads\/2022\/10\/prim-da\u0328b-country-dwie-sztuki-scaled-300x340.jpg 300w, https:\/\/drzwitarasy.pl\/wp-content\/uploads\/2022\/10\/prim-da\u0328b-country-dwie-sztuki-600x679.jpg 600w, https:\/\/drzwitarasy.pl\/wp-content\/uploads\/2022\/10\/prim-da\u0328b-country-dwie-sztuki-768x870.jpg 768w, https:\/\/drzwitarasy.pl\/wp-content\/uploads\/2022\/10\/prim-da\u0328b-country-dwie-sztuki-904x1024.jpg 904w\" sizes=\"auto, (max-width: 265px) 100vw, 265px\" \/><\/p>\n<p>&nbsp;<\/p>\n<p>&nbsp;<\/p>\n<p>&nbsp;<\/p>\n<p><img loading=\"lazy\" decoding=\"async\" class=\"aligncenter size-full wp-image-2011\" src=\"https:\/\/drzwitarasy.pl\/wp-content\/uploads\/2022\/10\/DA\u0328B-COUNTRY-PRZYK\u0141ADOWE-ZDJE\u0328CIE.jpg\" alt=\"\" width=\"1648\" height=\"2552\" srcset=\"https:\/\/drzwitarasy.pl\/wp-content\/uploads\/2022\/10\/DA\u0328B-COUNTRY-PRZYK\u0141ADOWE-ZDJE\u0328CIE.jpg 1648w, https:\/\/drzwitarasy.pl\/wp-content\/uploads\/2022\/10\/DA\u0328B-COUNTRY-PRZYK\u0141ADOWE-ZDJE\u0328CIE-300x465.jpg 300w, https:\/\/drzwitarasy.pl\/wp-content\/uploads\/2022\/10\/DA\u0328B-COUNTRY-PRZYK\u0141ADOWE-ZDJE\u0328CIE-600x929.jpg 600w, https:\/\/drzwitarasy.pl\/wp-content\/uploads\/2022\/10\/DA\u0328B-COUNTRY-PRZYK\u0141ADOWE-ZDJE\u0328CIE-194x300.jpg 194w, https:\/\/drzwitarasy.pl\/wp-content\/uploads\/2022\/10\/DA\u0328B-COUNTRY-PRZYK\u0141ADOWE-ZDJE\u0328CIE-768x1189.jpg 768w, https:\/\/drzwitarasy.pl\/wp-content\/uploads\/2022\/10\/DA\u0328B-COUNTRY-PRZYK\u0141ADOWE-ZDJE\u0328CIE-661x1024.jpg 661w\" sizes=\"auto, (max-width: 1648px) 100vw, 1648px\" \/><\/p>\n","protected":false},"excerpt":{"rendered":"<p>&nbsp; Poszukujesz drzwi, kt\u00f3re nie tylko b\u0119d\u0105 funkcjonalne, ale tak\u017ce nadadz\u0105 Twojemu wn\u0119trzu wyj\u0105tkowy, nowoczesny styl? Chcesz, aby by\u0142y trwa\u0142e, estetyczne i \u0142atwe w konserwacji? Oto nasza propozycja \u2013 Drzwi Ramiakowe z Serii SLIM! Dlaczego warto wybra\u0107 nasze drzwi ramiakowe z Serii SLIM? Nasze drzwi ramiakowe z Serii SLIM to kwintesencja wysokiej jako\u015bci i nowoczesnego [&hellip;]<\/p>\n","protected":false},"featured_media":5669,"template":"","meta":{"_acf_changed":false,"om_disable_all_campaigns":false,"_monsterinsights_skip_tracking":false,"_monsterinsights_sitenote_active":false,"_monsterinsights_sitenote_note":"","_monsterinsights_sitenote_category":0},"product_brand":[],"product_cat":[21,354],"product_tag":[270,285,319,282,317,320,323,324,321,326,325,322,308,350,287,187,348,327,330,333,342,338,336,343,337,340,339,335,332,341,309,312,306,347,274,275,277,280,273,276,279,349,278,272,307,311,310,269,177,292,298,294,299,293,296,295,176,297,300,301,313,344,346,284,286,304,328,283,303,281,329,314,316,315,318,331,302,305,334,271,345,173,288,290,289,291],"class_list":{"0":"post-5671","1":"product","2":"type-product","3":"status-publish","4":"has-post-thumbnail","6":"product_cat-drzwi-wewnetrzne","7":"product_cat-outlet","8":"product_tag-castorama-drzwi-wewnetrzne","9":"product_tag-ciemne-drzwi-wewnetrzne","10":"product_tag-dre-drzwi-bezprzylgowe","11":"product_tag-drewniane-drzwi-wewnetrzne","12":"product_tag-drzwi-bezprzylgowe-co-to-znaczy","13":"product_tag-drzwi-bezprzylgowe-biale","14":"product_tag-drzwi-bezprzylgowe-castorama","15":"product_tag-drzwi-bezprzylgowe-leroy","16":"product_tag-drzwi-bezprzylgowe-oscieznica","17":"product_tag-drzwi-bezprzylgowe-z-oscieznica-cena","18":"product_tag-drzwi-bezprzylgowe-z-oscieznica-komplet","19":"product_tag-drzwi-bezprzylgowe-z-szyba","20":"product_tag-drzwi-drewniane-windoor","21":"product_tag-drzwi-loftowe-przesuwne","22":"product_tag-drzwi-nowoczesne-wewnetrzne","23":"product_tag-drzwi-od-reki","24":"product_tag-drzwi-prysznicowe-przesuwne","25":"product_tag-drzwi-przesuwne","26":"product_tag-drzwi-przesuwne-biale","27":"product_tag-drzwi-przesuwne-bricomarche","28":"product_tag-drzwi-przesuwne-castorama","29":"product_tag-drzwi-przesuwne-chowane-w-sciane","30":"product_tag-drzwi-przesuwne-do-lazienki","31":"product_tag-drzwi-przesuwne-ikea","32":"product_tag-drzwi-przesuwne-leroy-merlin","33":"product_tag-drzwi-przesuwne-na-wymiar","34":"product_tag-drzwi-przesuwne-nascienne","35":"product_tag-drzwi-przesuwne-oscieznica","36":"product_tag-drzwi-przesuwne-otwarte-teraz","37":"product_tag-drzwi-przesuwne-szklane","38":"product_tag-drzwi-przesuwne-windoor","39":"product_tag-drzwi-rozwierane-windoor","40":"product_tag-drzwi-rozwierane-windoor-80-cm","41":"product_tag-drzwi-tarasowe-przesuwne","42":"product_tag-drzwi-wewnetrzne-biale","43":"product_tag-drzwi-wewnetrzne-castorama","44":"product_tag-drzwi-wewnetrzne-cena","45":"product_tag-drzwi-wewnetrzne-czarne","46":"product_tag-drzwi-wewnetrzne-dre","47":"product_tag-drzwi-wewnetrzne-drewniane","48":"product_tag-drzwi-wewnetrzne-nowoczesne","49":"product_tag-drzwi-wewnetrzne-przesuwne","50":"product_tag-drzwi-wewnetrzne-szare","51":"product_tag-drzwi-wewnetrzne-szklane","52":"product_tag-drzwi-wewnetrzne-windoor","53":"product_tag-drzwi-wewnetrzne-windoor-castorama","54":"product_tag-drzwi-wewnetrzne-windoor-radom","55":"product_tag-drzwi-wewnetrzne-z-oscieznica","56":"product_tag-drzwi-windoor","57":"product_tag-drzwi-windoor-bricomarche","58":"product_tag-drzwi-windoor-castorama","59":"product_tag-drzwi-windoor-elegance","60":"product_tag-drzwi-windoor-elegance-opinie","61":"product_tag-drzwi-windoor-opinie","62":"product_tag-drzwi-windoor-orzech-north","63":"product_tag-drzwi-windoor-pegasus","64":"product_tag-drzwi-windoor-prim","65":"product_tag-drzwi-windoor-trame-orzech-north","66":"product_tag-drzwi-windoor-virgo-sonoma","67":"product_tag-drzwi-windoor-wymiary","68":"product_tag-drzwidladomu","69":"product_tag-ikea-drzwi-przesuwne","70":"product_tag-ikea-drzwi-przesuwne-pokojowe","71":"product_tag-jak-wstawic-drzwi-wewnetrzne","72":"product_tag-jakiej-firmy-drzwi-wewnetrzne-wybrac","73":"product_tag-katalog-drzwi-windoor","74":"product_tag-kompletny-zestaw","75":"product_tag-leroy-merlin-drzwi-wewnetrzne","76":"product_tag-montaz-drzwi-windoor","77":"product_tag-nowoczesne-drzwi-wewnetrzne","78":"product_tag-obi-drzwi-przesuwne","79":"product_tag-oscieznica-regulowana","80":"product_tag-oscieznica-regulowana-a-stala","81":"product_tag-oscieznica-regulowana-montaz","82":"product_tag-porta-drzwi-bezprzylgowe","83":"product_tag-porta-drzwi-przesuwne","84":"product_tag-producent-drzwi-windoor","85":"product_tag-producent-drzwi-windoor-opinie","86":"product_tag-system-drzwi-przesuwnych","87":"product_tag-tanie-drzwi-pokojowe","88":"product_tag-tanie-drzwi-przesuwne-nascienne","89":"product_tag-windoor","90":"product_tag-windoor-drzwi-castorama","91":"product_tag-windoor-drzwi-cennik","92":"product_tag-windoor-drzwi-opinie","93":"product_tag-windoor-sklep","95":"first","96":"instock","97":"sale","98":"featured","99":"shipping-taxable","100":"purchasable","101":"product-type-simple","102":"add-to-wishlist-after_add_to_cart"},"acf":[],"aioseo_notices":[],"jetpack_sharing_enabled":true,"_links":{"self":[{"href":"https:\/\/drzwitarasy.pl\/index.php?rest_route=\/wp\/v2\/product\/5671","targetHints":{"allow":["GET"]}}],"collection":[{"href":"https:\/\/drzwitarasy.pl\/index.php?rest_route=\/wp\/v2\/product"}],"about":[{"href":"https:\/\/drzwitarasy.pl\/index.php?rest_route=\/wp\/v2\/types\/product"}],"wp:featuredmedia":[{"embeddable":true,"href":"https:\/\/drzwitarasy.pl\/index.php?rest_route=\/wp\/v2\/media\/5669"}],"wp:attachment":[{"href":"https:\/\/drzwitarasy.pl\/index.php?rest_route=%2Fwp%2Fv2%2Fmedia&parent=5671"}],"wp:term":[{"taxonomy":"product_brand","embeddable":true,"href":"https:\/\/drzwitarasy.pl\/index.php?rest_route=%2Fwp%2Fv2%2Fproduct_brand&post=5671"},{"taxonomy":"product_cat","embeddable":true,"href":"https:\/\/drzwitarasy.pl\/index.php?rest_route=%2Fwp%2Fv2%2Fproduct_cat&post=5671"},{"taxonomy":"product_tag","embeddable":true,"href":"https:\/\/drzwitarasy.pl\/index.php?rest_route=%2Fwp%2Fv2%2Fproduct_tag&post=5671"}],"curies":[{"name":"wp","href":"https:\/\/api.w.org\/{rel}","templated":true}]}}