{"id":5588,"date":"2025-07-15T19:47:47","date_gmt":"2025-07-15T17:47:47","guid":{"rendered":"https:\/\/drzwitarasy.pl\/?post_type=product&#038;p=5588"},"modified":"2026-03-23T21:49:29","modified_gmt":"2026-03-23T20:49:29","slug":"drzwi-lizbona-defendoor-przylgowe","status":"publish","type":"product","link":"https:\/\/drzwitarasy.pl\/?product=drzwi-lizbona-defendoor-przylgowe","title":{"rendered":"Drzwi Lizbona przylgowe Defendoor od r\u0119ki"},"content":{"rendered":"<div class=\"flex flex-grow flex-col max-w-full\">\n<div class=\"min-h-[20px] text-message flex flex-col items-start whitespace-pre-wrap break-words [.text-message+&amp;]:mt-5 juice:w-full juice:items-end overflow-x-auto gap-2\" dir=\"auto\" data-message-author-role=\"assistant\" data-message-id=\"1ed9b0b8-9499-48c5-8566-287b178f4eb1\">\n<div class=\"flex w-full flex-col gap-1 juice:empty:hidden juice:first:pt-[3px]\">\n<div class=\"markdown prose w-full break-words dark:prose-invert light\">\n<p><img loading=\"lazy\" decoding=\"async\" class=\"aligncenter size-full wp-image-5542\" src=\"https:\/\/drzwitarasy.pl\/wp-content\/uploads\/2022\/10\/BANER-NOWY-ZMIENIONY-1.jpg\" alt=\"\" width=\"2420\" height=\"948\" srcset=\"https:\/\/drzwitarasy.pl\/wp-content\/uploads\/2022\/10\/BANER-NOWY-ZMIENIONY-1.jpg 2420w, https:\/\/drzwitarasy.pl\/wp-content\/uploads\/2022\/10\/BANER-NOWY-ZMIENIONY-1-300x118.jpg 300w, https:\/\/drzwitarasy.pl\/wp-content\/uploads\/2022\/10\/BANER-NOWY-ZMIENIONY-1-600x235.jpg 600w, https:\/\/drzwitarasy.pl\/wp-content\/uploads\/2022\/10\/BANER-NOWY-ZMIENIONY-1-1024x401.jpg 1024w, https:\/\/drzwitarasy.pl\/wp-content\/uploads\/2022\/10\/BANER-NOWY-ZMIENIONY-1-768x301.jpg 768w, https:\/\/drzwitarasy.pl\/wp-content\/uploads\/2022\/10\/BANER-NOWY-ZMIENIONY-1-1536x602.jpg 1536w, https:\/\/drzwitarasy.pl\/wp-content\/uploads\/2022\/10\/BANER-NOWY-ZMIENIONY-1-2048x802.jpg 2048w\" sizes=\"auto, (max-width: 2420px) 100vw, 2420px\" \/><\/p>\n<p><img loading=\"lazy\" decoding=\"async\" class=\"size-full wp-image-4260\" src=\"https:\/\/drzwitarasy.pl\/wp-content\/uploads\/2024\/08\/WIZUAL-elegance-grandson.jpg\" alt=\"\" width=\"1508\" height=\"966\" srcset=\"https:\/\/drzwitarasy.pl\/wp-content\/uploads\/2024\/08\/WIZUAL-elegance-grandson.jpg 1508w, https:\/\/drzwitarasy.pl\/wp-content\/uploads\/2024\/08\/WIZUAL-elegance-grandson-300x192.jpg 300w, https:\/\/drzwitarasy.pl\/wp-content\/uploads\/2024\/08\/WIZUAL-elegance-grandson-600x384.jpg 600w, https:\/\/drzwitarasy.pl\/wp-content\/uploads\/2024\/08\/WIZUAL-elegance-grandson-1024x656.jpg 1024w, https:\/\/drzwitarasy.pl\/wp-content\/uploads\/2024\/08\/WIZUAL-elegance-grandson-768x492.jpg 768w\" sizes=\"auto, (max-width: 1508px) 100vw, 1508px\" \/><\/p>\n<\/div>\n<\/div>\n<\/div>\n<\/div>\n<p>&nbsp;<\/p>\n<div class=\"flex flex-grow flex-col max-w-full\">\n<div class=\"min-h-[20px] text-message flex flex-col items-start whitespace-pre-wrap break-words [.text-message+&amp;]:mt-5 juice:w-full juice:items-end overflow-x-auto gap-2\" dir=\"auto\" data-message-author-role=\"assistant\" data-message-id=\"1ed9b0b8-9499-48c5-8566-287b178f4eb1\">\n<div class=\"flex w-full flex-col gap-1 juice:empty:hidden juice:first:pt-[3px]\">\n<div class=\"markdown prose w-full break-words dark:prose-invert light\">\n<h3 data-start=\"150\" data-end=\"211\">Drzwi Lizbona Defendoor \u2013 Przylgowe, Nowoczesne i Solidne<\/h3>\n<p data-start=\"213\" data-end=\"512\">Drzwi <strong data-start=\"219\" data-end=\"240\">Lizbona Defendoor<\/strong> to eleganckie i funkcjonalne rozwi\u0105zanie do ka\u017cdego wn\u0119trza. Ich nowoczesny design \u015bwietnie komponuje si\u0119 zar\u00f3wno z klasycznymi, jak i nowoczesnymi aran\u017cacjami. Model w wersji <strong data-start=\"417\" data-end=\"431\">przylgowej<\/strong> jest prosty w monta\u017cu i zapewnia estetyczne wyko\u0144czenie ka\u017cdego pomieszczenia.<\/p>\n<p data-start=\"514\" data-end=\"745\">Skrzyd\u0142a drzwi Lizbona wykonano z solidnych materia\u0142\u00f3w, dzi\u0119ki czemu s\u0105 trwa\u0142e i odporne na codzienne u\u017cytkowanie. Dost\u0119pne w r\u00f3\u017cnych <strong data-start=\"648\" data-end=\"676\">szeroko\u015bciach i kolorach<\/strong>, pozwalaj\u0105 idealnie dopasowa\u0107 drzwi do charakteru Twojego wn\u0119trza.<\/p>\n<hr data-start=\"747\" data-end=\"750\" \/>\n<h3 data-start=\"752\" data-end=\"785\">Najwa\u017cniejsze cechy produktu:<\/h3>\n<ul data-start=\"786\" data-end=\"1156\">\n<li data-start=\"786\" data-end=\"846\">\n<p data-start=\"788\" data-end=\"846\"><strong data-start=\"788\" data-end=\"808\">Wersja przylgowa<\/strong> \u2013 klasyczna i uniwersalna w monta\u017cu<\/p>\n<\/li>\n<li data-start=\"847\" data-end=\"913\">\n<p data-start=\"849\" data-end=\"913\"><strong data-start=\"849\" data-end=\"872\">Solidna konstrukcja<\/strong> \u2013 wytrzyma\u0142e zawiasy i stabilny ramiak<\/p>\n<\/li>\n<li data-start=\"914\" data-end=\"1005\">\n<p data-start=\"916\" data-end=\"1005\"><strong data-start=\"916\" data-end=\"938\">Uniwersalny design<\/strong> \u2013 pasuje do salonu, sypialni, pokoju dzieci\u0119cego czy przedpokoju<\/p>\n<\/li>\n<li data-start=\"1006\" data-end=\"1076\">\n<p data-start=\"1008\" data-end=\"1076\"><strong data-start=\"1008\" data-end=\"1035\">R\u00f3\u017cne rozmiary i kolory<\/strong> \u2013 \u0142atwe dopasowanie do ka\u017cdego wn\u0119trza<\/p>\n<\/li>\n<li data-start=\"1077\" data-end=\"1156\">\n<p data-start=\"1079\" data-end=\"1156\"><strong data-start=\"1079\" data-end=\"1094\">Opcje zamka<\/strong> \u2013 mo\u017cliwo\u015b\u0107 wyboru zamka na klucz, \u0142azienkowego lub wk\u0142adki<\/p>\n<\/li>\n<\/ul>\n<p data-start=\"1158\" data-end=\"1392\">Drzwi Lizbona Defendoor to <strong data-start=\"1185\" data-end=\"1226\">praktyczne i stylowe drzwi wewn\u0119trzne<\/strong>, kt\u00f3re \u0142\u0105cz\u0105 estetyk\u0119 z trwa\u0142o\u015bci\u0105. To doskona\u0142y wyb\u00f3r do mieszka\u0144, dom\u00f3w i biur, zapewniaj\u0105cy komfort codziennego u\u017cytkowania oraz eleganckie wyko\u0144czenie wn\u0119trza.<\/p>\n<p>&nbsp;<\/p>\n<p>Poszukujesz drzwi, kt\u00f3re nie tylko zachwyc\u0105 nowoczesnym wygl\u0105dem, ale r\u00f3wnie\u017c zapewni\u0105 trwa\u0142o\u015b\u0107 i funkcjonalno\u015b\u0107? Drzwi Lizbona Defendoor to idealny wyb\u00f3r! Dost\u0119pne zar\u00f3wno w wersji przylgowej, jak i bezprzylgowej, oferujemy je od r\u0119ki.<\/p>\n<h4>Dlaczego warto wybra\u0107 drzwi Lizbona Defendoor?<\/h4>\n<p>Drzwi Lizbona Defendoor \u0142\u0105cz\u0105 w sobie wysok\u0105 jako\u015b\u0107 wykonania z eleganckim, nowoczesnym designem. S\u0105 one doskona\u0142ym rozwi\u0105zaniem do ka\u017cdego wn\u0119trza, gwarantuj\u0105c trwa\u0142o\u015b\u0107 i komfort u\u017cytkowania.<\/p>\n<h4>Najwa\u017cniejsze cechy:<\/h4>\n<p><strong>Zawiasy<\/strong>:<\/p>\n<ul>\n<li><strong>Przylgowe<\/strong>: 3 srebrne zawiasy czopowe. ( czarne za dop\u0142at\u0105 )<\/li>\n<\/ul>\n<p><strong>Zamki<\/strong>:<\/p>\n<ul>\n<li><strong>Na klucz<\/strong>: Dost\u0119pny dla wersji pe\u0142ne.<\/li>\n<li><strong>Na wk\u0142adk\u0119 patentow\u0105<\/strong>: Opcja za dodatkow\u0105 op\u0142at\u0105.<\/li>\n<li><strong>Obrotowy<\/strong>: Dost\u0119pny dla wersji \u0142azienkowej.<\/li>\n<\/ul>\n<p>&nbsp;<\/p>\n<p><strong>Klamka i o\u015bcie\u017cnica<\/strong>: Dost\u0119pne za dodatkow\u0105 op\u0142at\u0105 (nie wchodz\u0105 w cen\u0119 skrzyd\u0142a).<\/p>\n<h4>Idealne do ka\u017cdego wn\u0119trza<\/h4>\n<p>Drzwi Lizbona Defendoor doskonale sprawdz\u0105 si\u0119 zar\u00f3wno w nowoczesnych, jak i klasycznych wn\u0119trzach. Dzi\u0119ki swojej wszechstronno\u015bci, mog\u0105 by\u0107 zastosowane w r\u00f3\u017cnych pomieszczeniach \u2013 od kuchni, przez salon, a\u017c po biura i gabinety.<\/p>\n<h4>Dodaj nowoczesny akcent do swojego domu ju\u017c dzi\u015b!<\/h4>\n<p>Nie czekaj \u2013 zadbaj o styl i funkcjonalno\u015b\u0107 swojego wn\u0119trza z naszymi drzwiami Lizbona Defendoor. Kliknij \u201eDodaj do koszyka\u201d i ciesz si\u0119 wysok\u0105 jako\u015bci\u0105 oraz nowoczesnym designem ka\u017cdego dnia.<\/p>\n<p>Sprawd\u017a nasz\u0105 ofert\u0119 i wybierz drzwi, kt\u00f3re spe\u0142ni\u0105 wszystkie Twoje oczekiwania. Tw\u00f3j dom zas\u0142uguje na najlepsze.<\/p>\n<\/div>\n<p><img loading=\"lazy\" decoding=\"async\" class=\"aligncenter size-full wp-image-7004\" src=\"https:\/\/drzwitarasy.pl\/wp-content\/uploads\/2024\/02\/DOSTEPNE-OD-REKI.jpg\" alt=\"\" width=\"1288\" height=\"835\" srcset=\"https:\/\/drzwitarasy.pl\/wp-content\/uploads\/2024\/02\/DOSTEPNE-OD-REKI.jpg 1288w, https:\/\/drzwitarasy.pl\/wp-content\/uploads\/2024\/02\/DOSTEPNE-OD-REKI-300x194.jpg 300w, https:\/\/drzwitarasy.pl\/wp-content\/uploads\/2024\/02\/DOSTEPNE-OD-REKI-1024x664.jpg 1024w, https:\/\/drzwitarasy.pl\/wp-content\/uploads\/2024\/02\/DOSTEPNE-OD-REKI-768x498.jpg 768w, https:\/\/drzwitarasy.pl\/wp-content\/uploads\/2024\/02\/DOSTEPNE-OD-REKI-600x389.jpg 600w\" sizes=\"auto, (max-width: 1288px) 100vw, 1288px\" \/><\/p>\n<\/div>\n<\/div>\n<p>&nbsp;<\/p>\n<\/div>\n<p style=\"text-align: center;\"><strong>DOST\u0118PNE W KOLORACH G\u0141ADKICH : BIA\u0141Y &#8211; CZARNY MAT &#8211; NOWO\u015a\u0106 KASZMIR.<\/strong><\/p>\n<p><img loading=\"lazy\" decoding=\"async\" class=\"aligncenter size-full wp-image-7102\" src=\"https:\/\/drzwitarasy.pl\/wp-content\/uploads\/2025\/07\/LIZBONY-BIALE-I-CZARNE-kaszmir-trzy.jpg\" alt=\"\" width=\"1364\" height=\"1134\" srcset=\"https:\/\/drzwitarasy.pl\/wp-content\/uploads\/2025\/07\/LIZBONY-BIALE-I-CZARNE-kaszmir-trzy.jpg 1364w, https:\/\/drzwitarasy.pl\/wp-content\/uploads\/2025\/07\/LIZBONY-BIALE-I-CZARNE-kaszmir-trzy-300x249.jpg 300w, https:\/\/drzwitarasy.pl\/wp-content\/uploads\/2025\/07\/LIZBONY-BIALE-I-CZARNE-kaszmir-trzy-1024x851.jpg 1024w, https:\/\/drzwitarasy.pl\/wp-content\/uploads\/2025\/07\/LIZBONY-BIALE-I-CZARNE-kaszmir-trzy-768x638.jpg 768w, https:\/\/drzwitarasy.pl\/wp-content\/uploads\/2025\/07\/LIZBONY-BIALE-I-CZARNE-kaszmir-trzy-600x499.jpg 600w\" sizes=\"auto, (max-width: 1364px) 100vw, 1364px\" \/><\/p>\n<p><img loading=\"lazy\" decoding=\"async\" class=\"aligncenter size-full wp-image-2704\" src=\"https:\/\/drzwitarasy.pl\/wp-content\/uploads\/2022\/06\/nowos\u0301c\u0301.png\" alt=\"\" width=\"400\" height=\"400\" srcset=\"https:\/\/drzwitarasy.pl\/wp-content\/uploads\/2022\/06\/nowos\u0301c\u0301.png 400w, https:\/\/drzwitarasy.pl\/wp-content\/uploads\/2022\/06\/nowos\u0301c\u0301-300x300.png 300w, https:\/\/drzwitarasy.pl\/wp-content\/uploads\/2022\/06\/nowos\u0301c\u0301-100x100.png 100w, https:\/\/drzwitarasy.pl\/wp-content\/uploads\/2022\/06\/nowos\u0301c\u0301-150x150.png 150w\" sizes=\"auto, (max-width: 400px) 100vw, 400px\" \/><\/p>\n<p>&nbsp;<\/p>\n<p style=\"text-align: center;\"><img loading=\"lazy\" decoding=\"async\" class=\"alignnone size-medium wp-image-1848\" src=\"https:\/\/drzwitarasy.pl\/wp-content\/uploads\/2022\/06\/lizbona-sklep-300x208.jpeg\" alt=\"\" width=\"300\" height=\"208\" srcset=\"https:\/\/drzwitarasy.pl\/wp-content\/uploads\/2022\/06\/lizbona-sklep-300x208.jpeg 300w, https:\/\/drzwitarasy.pl\/wp-content\/uploads\/2022\/06\/lizbona-sklep-600x417.jpeg 600w, https:\/\/drzwitarasy.pl\/wp-content\/uploads\/2022\/06\/lizbona-sklep-768x534.jpeg 768w, https:\/\/drzwitarasy.pl\/wp-content\/uploads\/2022\/06\/lizbona-sklep-1024x712.jpeg 1024w, https:\/\/drzwitarasy.pl\/wp-content\/uploads\/2022\/06\/lizbona-sklep.jpeg 1170w\" sizes=\"auto, (max-width: 300px) 100vw, 300px\" \/><\/p>\n<p><img loading=\"lazy\" decoding=\"async\" class=\"aligncenter size-full wp-image-4263\" src=\"https:\/\/drzwitarasy.pl\/wp-content\/uploads\/2024\/03\/LIZBONY-BIALE-I-CZARNE.jpg\" alt=\"\" width=\"1060\" height=\"1134\" srcset=\"https:\/\/drzwitarasy.pl\/wp-content\/uploads\/2024\/03\/LIZBONY-BIALE-I-CZARNE.jpg 1060w, https:\/\/drzwitarasy.pl\/wp-content\/uploads\/2024\/03\/LIZBONY-BIALE-I-CZARNE-300x321.jpg 300w, https:\/\/drzwitarasy.pl\/wp-content\/uploads\/2024\/03\/LIZBONY-BIALE-I-CZARNE-600x642.jpg 600w, https:\/\/drzwitarasy.pl\/wp-content\/uploads\/2024\/03\/LIZBONY-BIALE-I-CZARNE-280x300.jpg 280w, https:\/\/drzwitarasy.pl\/wp-content\/uploads\/2024\/03\/LIZBONY-BIALE-I-CZARNE-957x1024.jpg 957w, https:\/\/drzwitarasy.pl\/wp-content\/uploads\/2024\/03\/LIZBONY-BIALE-I-CZARNE-768x822.jpg 768w\" sizes=\"auto, (max-width: 1060px) 100vw, 1060px\" \/><\/p>\n<p><img loading=\"lazy\" decoding=\"async\" class=\"aligncenter size-full wp-image-7100\" src=\"https:\/\/drzwitarasy.pl\/wp-content\/uploads\/2026\/01\/elegance-kaszmir-wc.jpg\" alt=\"\" width=\"638\" height=\"1049\" srcset=\"https:\/\/drzwitarasy.pl\/wp-content\/uploads\/2026\/01\/elegance-kaszmir-wc.jpg 638w, https:\/\/drzwitarasy.pl\/wp-content\/uploads\/2026\/01\/elegance-kaszmir-wc-182x300.jpg 182w, https:\/\/drzwitarasy.pl\/wp-content\/uploads\/2026\/01\/elegance-kaszmir-wc-623x1024.jpg 623w, https:\/\/drzwitarasy.pl\/wp-content\/uploads\/2026\/01\/elegance-kaszmir-wc-300x493.jpg 300w, https:\/\/drzwitarasy.pl\/wp-content\/uploads\/2026\/01\/elegance-kaszmir-wc-600x987.jpg 600w\" sizes=\"auto, (max-width: 638px) 100vw, 638px\" \/> <img loading=\"lazy\" decoding=\"async\" class=\"aligncenter size-full wp-image-7101\" src=\"https:\/\/drzwitarasy.pl\/wp-content\/uploads\/2026\/01\/elegance-bialy-wc.jpg\" alt=\"\" width=\"650\" height=\"1039\" srcset=\"https:\/\/drzwitarasy.pl\/wp-content\/uploads\/2026\/01\/elegance-bialy-wc.jpg 650w, https:\/\/drzwitarasy.pl\/wp-content\/uploads\/2026\/01\/elegance-bialy-wc-188x300.jpg 188w, https:\/\/drzwitarasy.pl\/wp-content\/uploads\/2026\/01\/elegance-bialy-wc-641x1024.jpg 641w, https:\/\/drzwitarasy.pl\/wp-content\/uploads\/2026\/01\/elegance-bialy-wc-300x480.jpg 300w, https:\/\/drzwitarasy.pl\/wp-content\/uploads\/2026\/01\/elegance-bialy-wc-600x959.jpg 600w\" sizes=\"auto, (max-width: 650px) 100vw, 650px\" \/><\/p>\n<p>&nbsp;<\/p>\n<p>&nbsp;<\/p>\n","protected":false},"excerpt":{"rendered":"<p><img loading=\"lazy\" decoding=\"async\" class=\"alignleft wp-image-7003 size-medium\" src=\"https:\/\/drzwitarasy.pl\/wp-content\/uploads\/2024\/02\/BANER-OD-REKI-300x171.jpg\" alt=\"\" width=\"300\" height=\"171\" srcset=\"https:\/\/drzwitarasy.pl\/wp-content\/uploads\/2024\/02\/BANER-OD-REKI-300x171.jpg 300w, https:\/\/drzwitarasy.pl\/wp-content\/uploads\/2024\/02\/BANER-OD-REKI-768x437.jpg 768w, https:\/\/drzwitarasy.pl\/wp-content\/uploads\/2024\/02\/BANER-OD-REKI-600x341.jpg 600w, https:\/\/drzwitarasy.pl\/wp-content\/uploads\/2024\/02\/BANER-OD-REKI.jpg 869w\" sizes=\"auto, (max-width: 300px) 100vw, 300px\" \/><\/p>\n","protected":false},"featured_media":7103,"template":"","meta":{"_acf_changed":false,"_monsterinsights_skip_tracking":false,"_monsterinsights_sitenote_active":false,"_monsterinsights_sitenote_note":"","_monsterinsights_sitenote_category":0},"product_brand":[528],"product_cat":[517,532,112,473,21],"product_tag":[270,285,319,282,317,320,323,324,321,326,325,322,308,350,287,187,348,327,330,333,342,338,336,343,337,340,339,335,332,341,309,312,306,347,274,275,277,280,273,276,279,349,278,272,307,311,310,269,177,292,298,294,299,293,296,295,297,300,301,313,344,346,284,286,304,328,283,303,281,329,314,316,315,318,331,302,305,334,271,345,288,290,289,291],"class_list":{"0":"post-5588","1":"product","2":"type-product","3":"status-publish","4":"has-post-thumbnail","6":"product_brand-defendoor","7":"product_cat-defendoor","8":"product_cat-drzwi-od-reki-2","9":"product_cat-drzwi-od-reki","10":"product_cat-drzwi_ramowe_defendoor","11":"product_cat-drzwi-wewnetrzne","12":"product_tag-castorama-drzwi-wewnetrzne","13":"product_tag-ciemne-drzwi-wewnetrzne","14":"product_tag-dre-drzwi-bezprzylgowe","15":"product_tag-drewniane-drzwi-wewnetrzne","16":"product_tag-drzwi-bezprzylgowe-co-to-znaczy","17":"product_tag-drzwi-bezprzylgowe-biale","18":"product_tag-drzwi-bezprzylgowe-castorama","19":"product_tag-drzwi-bezprzylgowe-leroy","20":"product_tag-drzwi-bezprzylgowe-oscieznica","21":"product_tag-drzwi-bezprzylgowe-z-oscieznica-cena","22":"product_tag-drzwi-bezprzylgowe-z-oscieznica-komplet","23":"product_tag-drzwi-bezprzylgowe-z-szyba","24":"product_tag-drzwi-drewniane-windoor","25":"product_tag-drzwi-loftowe-przesuwne","26":"product_tag-drzwi-nowoczesne-wewnetrzne","27":"product_tag-drzwi-od-reki","28":"product_tag-drzwi-prysznicowe-przesuwne","29":"product_tag-drzwi-przesuwne","30":"product_tag-drzwi-przesuwne-biale","31":"product_tag-drzwi-przesuwne-bricomarche","32":"product_tag-drzwi-przesuwne-castorama","33":"product_tag-drzwi-przesuwne-chowane-w-sciane","34":"product_tag-drzwi-przesuwne-do-lazienki","35":"product_tag-drzwi-przesuwne-ikea","36":"product_tag-drzwi-przesuwne-leroy-merlin","37":"product_tag-drzwi-przesuwne-na-wymiar","38":"product_tag-drzwi-przesuwne-nascienne","39":"product_tag-drzwi-przesuwne-oscieznica","40":"product_tag-drzwi-przesuwne-otwarte-teraz","41":"product_tag-drzwi-przesuwne-szklane","42":"product_tag-drzwi-przesuwne-windoor","43":"product_tag-drzwi-rozwierane-windoor","44":"product_tag-drzwi-rozwierane-windoor-80-cm","45":"product_tag-drzwi-tarasowe-przesuwne","46":"product_tag-drzwi-wewnetrzne-biale","47":"product_tag-drzwi-wewnetrzne-castorama","48":"product_tag-drzwi-wewnetrzne-cena","49":"product_tag-drzwi-wewnetrzne-czarne","50":"product_tag-drzwi-wewnetrzne-dre","51":"product_tag-drzwi-wewnetrzne-drewniane","52":"product_tag-drzwi-wewnetrzne-nowoczesne","53":"product_tag-drzwi-wewnetrzne-przesuwne","54":"product_tag-drzwi-wewnetrzne-szare","55":"product_tag-drzwi-wewnetrzne-szklane","56":"product_tag-drzwi-wewnetrzne-windoor","57":"product_tag-drzwi-wewnetrzne-windoor-castorama","58":"product_tag-drzwi-wewnetrzne-windoor-radom","59":"product_tag-drzwi-wewnetrzne-z-oscieznica","60":"product_tag-drzwi-windoor","61":"product_tag-drzwi-windoor-bricomarche","62":"product_tag-drzwi-windoor-castorama","63":"product_tag-drzwi-windoor-elegance","64":"product_tag-drzwi-windoor-elegance-opinie","65":"product_tag-drzwi-windoor-opinie","66":"product_tag-drzwi-windoor-orzech-north","67":"product_tag-drzwi-windoor-pegasus","68":"product_tag-drzwi-windoor-trame-orzech-north","69":"product_tag-drzwi-windoor-virgo-sonoma","70":"product_tag-drzwi-windoor-wymiary","71":"product_tag-drzwidladomu","72":"product_tag-ikea-drzwi-przesuwne","73":"product_tag-ikea-drzwi-przesuwne-pokojowe","74":"product_tag-jak-wstawic-drzwi-wewnetrzne","75":"product_tag-jakiej-firmy-drzwi-wewnetrzne-wybrac","76":"product_tag-katalog-drzwi-windoor","77":"product_tag-kompletny-zestaw","78":"product_tag-leroy-merlin-drzwi-wewnetrzne","79":"product_tag-montaz-drzwi-windoor","80":"product_tag-nowoczesne-drzwi-wewnetrzne","81":"product_tag-obi-drzwi-przesuwne","82":"product_tag-oscieznica-regulowana","83":"product_tag-oscieznica-regulowana-a-stala","84":"product_tag-oscieznica-regulowana-montaz","85":"product_tag-porta-drzwi-bezprzylgowe","86":"product_tag-porta-drzwi-przesuwne","87":"product_tag-producent-drzwi-windoor","88":"product_tag-producent-drzwi-windoor-opinie","89":"product_tag-system-drzwi-przesuwnych","90":"product_tag-tanie-drzwi-pokojowe","91":"product_tag-tanie-drzwi-przesuwne-nascienne","92":"product_tag-windoor-drzwi-castorama","93":"product_tag-windoor-drzwi-cennik","94":"product_tag-windoor-drzwi-opinie","95":"product_tag-windoor-sklep","96":"product_shipping_class-drzwi-od-reki","98":"first","99":"instock","100":"sale","101":"featured","102":"shipping-taxable","103":"purchasable","104":"product-type-simple","105":"add-to-wishlist-after_add_to_cart"},"acf":[],"aioseo_notices":[],"jetpack_sharing_enabled":true,"_links":{"self":[{"href":"https:\/\/drzwitarasy.pl\/index.php?rest_route=\/wp\/v2\/product\/5588","targetHints":{"allow":["GET"]}}],"collection":[{"href":"https:\/\/drzwitarasy.pl\/index.php?rest_route=\/wp\/v2\/product"}],"about":[{"href":"https:\/\/drzwitarasy.pl\/index.php?rest_route=\/wp\/v2\/types\/product"}],"wp:featuredmedia":[{"embeddable":true,"href":"https:\/\/drzwitarasy.pl\/index.php?rest_route=\/wp\/v2\/media\/7103"}],"wp:attachment":[{"href":"https:\/\/drzwitarasy.pl\/index.php?rest_route=%2Fwp%2Fv2%2Fmedia&parent=5588"}],"wp:term":[{"taxonomy":"product_brand","embeddable":true,"href":"https:\/\/drzwitarasy.pl\/index.php?rest_route=%2Fwp%2Fv2%2Fproduct_brand&post=5588"},{"taxonomy":"product_cat","embeddable":true,"href":"https:\/\/drzwitarasy.pl\/index.php?rest_route=%2Fwp%2Fv2%2Fproduct_cat&post=5588"},{"taxonomy":"product_tag","embeddable":true,"href":"https:\/\/drzwitarasy.pl\/index.php?rest_route=%2Fwp%2Fv2%2Fproduct_tag&post=5588"}],"curies":[{"name":"wp","href":"https:\/\/api.w.org\/{rel}","templated":true}]}}