{"id":5235,"date":"2025-05-09T02:35:39","date_gmt":"2025-05-09T00:35:39","guid":{"rendered":"https:\/\/drzwitarasy.pl\/?post_type=product&#038;p=5235"},"modified":"2026-03-15T04:47:17","modified_gmt":"2026-03-15T03:47:17","slug":"drzwi-wewnetrzne-lizbona-defendoor-pelne-szyba-lustro","status":"publish","type":"product","link":"https:\/\/drzwitarasy.pl\/?product=drzwi-wewnetrzne-lizbona-defendoor-pelne-szyba-lustro","title":{"rendered":"Drzwi wewn\u0119trzne Lizbona Defendoor pe\u0142ne, szyba, lustro"},"content":{"rendered":"<div class=\"flex flex-grow flex-col max-w-full\">\n<div class=\"min-h-[20px] text-message flex flex-col items-start whitespace-pre-wrap break-words [.text-message+&amp;]:mt-5 juice:w-full juice:items-end overflow-x-auto gap-2\" dir=\"auto\" data-message-author-role=\"assistant\" data-message-id=\"1ed9b0b8-9499-48c5-8566-287b178f4eb1\">\n<div class=\"flex w-full flex-col gap-1 juice:empty:hidden juice:first:pt-[3px]\">\n<div class=\"markdown prose w-full break-words dark:prose-invert light\">\n<p><img loading=\"lazy\" decoding=\"async\" class=\"aligncenter size-full wp-image-5243\" src=\"https:\/\/drzwitarasy.pl\/wp-content\/uploads\/2025\/05\/BANER-NOWY-pegasus.jpg\" alt=\"\" width=\"2413\" height=\"1891\" srcset=\"https:\/\/drzwitarasy.pl\/wp-content\/uploads\/2025\/05\/BANER-NOWY-pegasus.jpg 2413w, https:\/\/drzwitarasy.pl\/wp-content\/uploads\/2025\/05\/BANER-NOWY-pegasus-300x235.jpg 300w, https:\/\/drzwitarasy.pl\/wp-content\/uploads\/2025\/05\/BANER-NOWY-pegasus-600x470.jpg 600w, https:\/\/drzwitarasy.pl\/wp-content\/uploads\/2025\/05\/BANER-NOWY-pegasus-1024x802.jpg 1024w, https:\/\/drzwitarasy.pl\/wp-content\/uploads\/2025\/05\/BANER-NOWY-pegasus-768x602.jpg 768w, https:\/\/drzwitarasy.pl\/wp-content\/uploads\/2025\/05\/BANER-NOWY-pegasus-1536x1204.jpg 1536w, https:\/\/drzwitarasy.pl\/wp-content\/uploads\/2025\/05\/BANER-NOWY-pegasus-2048x1605.jpg 2048w\" sizes=\"auto, (max-width: 2413px) 100vw, 2413px\" \/><\/p>\n<p><img loading=\"lazy\" decoding=\"async\" class=\"size-full wp-image-4260\" src=\"https:\/\/drzwitarasy.pl\/wp-content\/uploads\/2024\/08\/WIZUAL-elegance-grandson.jpg\" alt=\"\" width=\"1508\" height=\"966\" srcset=\"https:\/\/drzwitarasy.pl\/wp-content\/uploads\/2024\/08\/WIZUAL-elegance-grandson.jpg 1508w, https:\/\/drzwitarasy.pl\/wp-content\/uploads\/2024\/08\/WIZUAL-elegance-grandson-300x192.jpg 300w, https:\/\/drzwitarasy.pl\/wp-content\/uploads\/2024\/08\/WIZUAL-elegance-grandson-600x384.jpg 600w, https:\/\/drzwitarasy.pl\/wp-content\/uploads\/2024\/08\/WIZUAL-elegance-grandson-1024x656.jpg 1024w, https:\/\/drzwitarasy.pl\/wp-content\/uploads\/2024\/08\/WIZUAL-elegance-grandson-768x492.jpg 768w\" sizes=\"auto, (max-width: 1508px) 100vw, 1508px\" \/><\/p>\n<\/div>\n<\/div>\n<p>&nbsp;<\/p>\n<div class=\"flex w-full flex-col gap-1 juice:empty:hidden juice:first:pt-[3px]\">\n<div class=\"markdown prose w-full break-words dark:prose-invert light\">\n<p>&nbsp;<\/p>\n<h2 data-section-id=\"195c88k\" data-start=\"185\" data-end=\"275\"><strong data-start=\"188\" data-end=\"275\">Drzwi wewn\u0119trzne LIZBONA Defendoor \u2013 styl, \u015bwiat\u0142o i funkcjonalno\u015b\u0107 w Twoim wn\u0119trzu<\/strong><\/h2>\n<p data-start=\"277\" data-end=\"574\">Drzwi <strong data-start=\"283\" data-end=\"304\">LIZBONA Defendoor<\/strong> to eleganckie i nowoczesne drzwi wewn\u0119trzne, kt\u00f3re \u0142\u0105cz\u0105 w sobie <strong data-start=\"370\" data-end=\"436\">ponadczasowy design, solidne wykonanie oraz wyj\u0105tkow\u0105 estetyk\u0119<\/strong>. Idealne do salonu, sypialni, pokoju dziennego czy biura \u2014 sprawdz\u0105 si\u0119 w ka\u017cdym wn\u0119trzu, gdzie liczy si\u0119 <strong data-start=\"543\" data-end=\"573\">styl i komfort u\u017cytkowania<\/strong>.<\/p>\n<p data-start=\"576\" data-end=\"618\">\u2728 <strong data-start=\"578\" data-end=\"618\">Co wyr\u00f3\u017cnia model LIZBONA Defendoor?<\/strong><\/p>\n<ul data-start=\"619\" data-end=\"1142\">\n<li data-section-id=\"1kjibk0\" data-start=\"619\" data-end=\"756\">\n<p data-start=\"621\" data-end=\"756\"><strong data-start=\"621\" data-end=\"665\">Pe\u0142na konstrukcja z du\u017c\u0105 szyb\u0105 i lustrem<\/strong> \u2013 \u015bwiat\u0142o naturalne w domu, optyczne powi\u0119kszenie przestrzeni i elegancki wygl\u0105d w jednym.<\/p>\n<\/li>\n<li data-section-id=\"1wuxxru\" data-start=\"757\" data-end=\"859\">\n<p data-start=\"759\" data-end=\"859\"><strong data-start=\"759\" data-end=\"806\">Szk\u0142o hartowane lub lustro wysokiej jako\u015bci<\/strong> \u2013 trwa\u0142e, bezpieczne i \u0142atwe w utrzymaniu czysto\u015bci.<\/p>\n<\/li>\n<li data-section-id=\"141qnxj\" data-start=\"860\" data-end=\"936\">\n<p data-start=\"862\" data-end=\"936\"><strong data-start=\"862\" data-end=\"889\">Uniwersalne wyko\u0144czenie<\/strong> \u2013 pasuje do wn\u0119trz nowoczesnych i klasycznych.<\/p>\n<\/li>\n<li data-section-id=\"12fvzdm\" data-start=\"937\" data-end=\"1054\">\n<p data-start=\"939\" data-end=\"1054\"><strong data-start=\"939\" data-end=\"975\">Mo\u017cliwo\u015b\u0107 dopasowania pod wymiar<\/strong> \u2013 idealne rozwi\u0105zanie dla standardowych i niestandardowych drzwiowych otwor\u00f3w.<\/p>\n<\/li>\n<li data-section-id=\"1d9qah6\" data-start=\"1055\" data-end=\"1142\">\n<p data-start=\"1057\" data-end=\"1142\"><strong data-start=\"1057\" data-end=\"1092\">Solidne zawiasy i trwa\u0142e okucia<\/strong> \u2013 zapewniaj\u0105 p\u0142ynne otwieranie i d\u0142ug\u0105 \u017cywotno\u015b\u0107.<\/p>\n<\/li>\n<\/ul>\n<p data-start=\"1144\" data-end=\"1399\">\ud83d\udca1 <strong data-start=\"1147\" data-end=\"1182\">Dlaczego warto wybra\u0107 te drzwi?<\/strong><br \/>\nModel LIZBONA Defendoor to nie tylko <strong data-start=\"1220\" data-end=\"1237\">pi\u0119kny wygl\u0105d<\/strong>, ale i <strong data-start=\"1245\" data-end=\"1271\">praktyczne rozwi\u0105zania<\/strong> \u2014 lustro optycznie powi\u0119ksza przestrze\u0144, a szk\u0142o pozwala na do\u015bwietlenie pomieszcze\u0144 bez konieczno\u015bci rezygnacji z prywatno\u015bci.<\/p>\n<p data-start=\"1401\" data-end=\"1434\">\ud83d\udd27 <strong data-start=\"1404\" data-end=\"1434\">Dost\u0119pne opcje i warianty:<\/strong><\/p>\n<ul data-start=\"1435\" data-end=\"1654\">\n<li data-section-id=\"1pu3uq0\" data-start=\"1435\" data-end=\"1526\">\n<p data-start=\"1437\" data-end=\"1526\">Wersje z <strong data-start=\"1446\" data-end=\"1463\">pe\u0142nym szk\u0142em<\/strong>, <strong data-start=\"1465\" data-end=\"1494\">lustrem po jednej stronie<\/strong> lub <strong data-start=\"1499\" data-end=\"1526\">lustrem po obu stronach<\/strong><\/p>\n<\/li>\n<li data-section-id=\"1cjopmm\" data-start=\"1527\" data-end=\"1565\">\n<p data-start=\"1529\" data-end=\"1565\">Wiele <strong data-start=\"1535\" data-end=\"1565\">kolor\u00f3w oklein i wyko\u0144cze\u0144<\/strong><\/p>\n<\/li>\n<li data-section-id=\"1228qff\" data-start=\"1566\" data-end=\"1606\">\n<p data-start=\"1568\" data-end=\"1606\">Mo\u017cliwo\u015b\u0107 wyboru <strong data-start=\"1585\" data-end=\"1606\">strony otwierania<\/strong><\/p>\n<\/li>\n<li data-section-id=\"env1m3\" data-start=\"1607\" data-end=\"1654\">\n<p data-start=\"1609\" data-end=\"1654\">Klamki i o\u015bcie\u017cnice dopasowane do stylu drzwi<\/p>\n<\/li>\n<\/ul>\n<p data-start=\"1656\" data-end=\"1687\">\ud83d\udccf <strong data-start=\"1659\" data-end=\"1687\">Specyfikacja techniczna:<\/strong><\/p>\n<ul data-start=\"1688\" data-end=\"1851\">\n<li data-section-id=\"1i7nuul\" data-start=\"1688\" data-end=\"1714\">\n<p data-start=\"1690\" data-end=\"1714\">Rodzaj: Drzwi wewn\u0119trzne<\/p>\n<\/li>\n<li data-section-id=\"17yelve\" data-start=\"1715\" data-end=\"1741\">\n<p data-start=\"1717\" data-end=\"1741\">Model: LIZBONA Defendoor<\/p>\n<\/li>\n<li data-section-id=\"1vxy47j\" data-start=\"1742\" data-end=\"1763\">\n<p data-start=\"1744\" data-end=\"1763\">Szk\u0142o \/ lustro: TAK<\/p>\n<\/li>\n<li data-section-id=\"vyglgo\" data-start=\"1764\" data-end=\"1803\">\n<p data-start=\"1766\" data-end=\"1803\">Wykonanie: wysokiej jako\u015bci materia\u0142y<\/p>\n<\/li>\n<li data-section-id=\"1ol1sjn\" data-start=\"1804\" data-end=\"1851\">\n<p data-start=\"1806\" data-end=\"1851\">Monta\u017c: \u0142atwy monta\u017c z do\u0142\u0105czonymi elementami<\/p>\n<\/li>\n<\/ul>\n<hr data-start=\"1853\" data-end=\"1856\" \/>\n<h3 data-section-id=\"25wui8\" data-start=\"1858\" data-end=\"1903\"><strong data-start=\"1862\" data-end=\"1903\">Postaw na drzwi, kt\u00f3re robi\u0105 r\u00f3\u017cnic\u0119!<\/strong><\/h3>\n<p data-start=\"1904\" data-end=\"2045\">Drzwi <strong data-start=\"1910\" data-end=\"1931\">LIZBONA Defendoor<\/strong> to idealna r\u00f3wnowaga mi\u0119dzy designem a funkcjonalno\u015bci\u0105 \u2014 <strong data-start=\"1990\" data-end=\"2044\">\u015bwietny wyb\u00f3r do nowoczesnych i klasycznych wn\u0119trz<\/strong>.<\/p>\n<p>&nbsp;<\/p>\n<p>Poszukujesz drzwi, kt\u00f3re nie tylko zachwyc\u0105 nowoczesnym wygl\u0105dem, ale r\u00f3wnie\u017c zapewni\u0105 trwa\u0142o\u015b\u0107 i funkcjonalno\u015b\u0107? Drzwi Lizbona Defendoor to idealny wyb\u00f3r! Dost\u0119pne zar\u00f3wno w wersji przylgowej, jak i bezprzylgowej, oferujemy je od r\u0119ki.<\/p>\n<h4>Dlaczego warto wybra\u0107 drzwi Lizbona Defendoor?<\/h4>\n<p>Drzwi Lizbona Defendoor \u0142\u0105cz\u0105 w sobie wysok\u0105 jako\u015b\u0107 wykonania z eleganckim, nowoczesnym designem. S\u0105 one doskona\u0142ym rozwi\u0105zaniem do ka\u017cdego wn\u0119trza, gwarantuj\u0105c trwa\u0142o\u015b\u0107 i komfort u\u017cytkowania.<\/p>\n<h4>Najwa\u017cniejsze cechy:<\/h4>\n<p><strong>Zawiasy<\/strong>:<\/p>\n<ul>\n<li><strong>Przylgowe<\/strong>: 3 srebrne zawiasy czopowe.<\/li>\n<li><strong>Bezprzylgowe<\/strong>: 2 zawiasy chowane, kt\u00f3re dodaj\u0105 drzwiom nowoczesnego wygl\u0105du.<\/li>\n<\/ul>\n<p><strong>Zamki<\/strong>:<\/p>\n<ul>\n<li><strong>Na klucz<\/strong>: Dost\u0119pny dla wersji pok\u00f3j i pe\u0142ne.<\/li>\n<li><strong>Na wk\u0142adk\u0119 patentow\u0105<\/strong>: Opcja za dodatkow\u0105 op\u0142at\u0105.<\/li>\n<li><strong>Obrotowy<\/strong>: Dost\u0119pny dla wersji \u0142azienkowej.<\/li>\n<\/ul>\n<p><strong>Magnetyczne zamki<\/strong>:<\/p>\n<ul>\n<li><strong>Pe\u0142ne<\/strong>: Zamek magnetyczny na klucz.<\/li>\n<li><strong>\u0141azienkowe<\/strong>: Z podci\u0119ciem i zamkiem magnetycznym WC \u2013 obrotowy.<\/li>\n<\/ul>\n<p><strong>Klamka i o\u015bcie\u017cnica<\/strong>: Dost\u0119pne za dodatkow\u0105 op\u0142at\u0105 (nie wchodz\u0105 w cen\u0119 skrzyd\u0142a).<\/p>\n<h4>Idealne do ka\u017cdego wn\u0119trza<\/h4>\n<p>Drzwi Lizbona Defendoor doskonale sprawdz\u0105 si\u0119 zar\u00f3wno w nowoczesnych, jak i klasycznych wn\u0119trzach. Dzi\u0119ki swojej wszechstronno\u015bci, mog\u0105 by\u0107 zastosowane w r\u00f3\u017cnych pomieszczeniach \u2013 od kuchni, przez salon, a\u017c po biura i gabinety.<\/p>\n<h4>Dodaj nowoczesny akcent do swojego domu ju\u017c dzi\u015b!<\/h4>\n<p>Nie czekaj \u2013 zadbaj o styl i funkcjonalno\u015b\u0107 swojego wn\u0119trza z naszymi drzwiami Lizbona Defendoor. Kliknij \u201eDodaj do koszyka\u201d i ciesz si\u0119 wysok\u0105 jako\u015bci\u0105 oraz nowoczesnym designem ka\u017cdego dnia.<\/p>\n<p>Sprawd\u017a nasz\u0105 ofert\u0119 i wybierz drzwi, kt\u00f3re spe\u0142ni\u0105 wszystkie Twoje oczekiwania. Tw\u00f3j dom zas\u0142uguje na najlepsze.<\/p>\n<\/div>\n<p><img loading=\"lazy\" decoding=\"async\" class=\"aligncenter size-full wp-image-5244\" src=\"https:\/\/drzwitarasy.pl\/wp-content\/uploads\/2025\/05\/TRZY-Z-OPISEM.jpg\" alt=\"\" width=\"1206\" height=\"1004\" srcset=\"https:\/\/drzwitarasy.pl\/wp-content\/uploads\/2025\/05\/TRZY-Z-OPISEM.jpg 1206w, https:\/\/drzwitarasy.pl\/wp-content\/uploads\/2025\/05\/TRZY-Z-OPISEM-300x250.jpg 300w, https:\/\/drzwitarasy.pl\/wp-content\/uploads\/2025\/05\/TRZY-Z-OPISEM-600x500.jpg 600w, https:\/\/drzwitarasy.pl\/wp-content\/uploads\/2025\/05\/TRZY-Z-OPISEM-1024x852.jpg 1024w, https:\/\/drzwitarasy.pl\/wp-content\/uploads\/2025\/05\/TRZY-Z-OPISEM-768x639.jpg 768w\" sizes=\"auto, (max-width: 1206px) 100vw, 1206px\" \/><\/p>\n<\/div>\n<\/div>\n<\/div>\n<p><img loading=\"lazy\" decoding=\"async\" class=\"aligncenter size-full wp-image-2704\" src=\"https:\/\/drzwitarasy.pl\/wp-content\/uploads\/2022\/06\/nowos\u0301c\u0301.png\" alt=\"\" width=\"400\" height=\"400\" srcset=\"https:\/\/drzwitarasy.pl\/wp-content\/uploads\/2022\/06\/nowos\u0301c\u0301.png 400w, https:\/\/drzwitarasy.pl\/wp-content\/uploads\/2022\/06\/nowos\u0301c\u0301-300x300.png 300w, https:\/\/drzwitarasy.pl\/wp-content\/uploads\/2022\/06\/nowos\u0301c\u0301-100x100.png 100w, https:\/\/drzwitarasy.pl\/wp-content\/uploads\/2022\/06\/nowos\u0301c\u0301-150x150.png 150w\" sizes=\"auto, (max-width: 400px) 100vw, 400px\" \/><\/p>\n<p>&nbsp;<\/p>\n<p style=\"text-align: center;\"><img loading=\"lazy\" decoding=\"async\" class=\"alignnone size-medium wp-image-1848\" src=\"https:\/\/drzwitarasy.pl\/wp-content\/uploads\/2022\/06\/lizbona-sklep-300x208.jpeg\" alt=\"\" width=\"300\" height=\"208\" srcset=\"https:\/\/drzwitarasy.pl\/wp-content\/uploads\/2022\/06\/lizbona-sklep-300x208.jpeg 300w, https:\/\/drzwitarasy.pl\/wp-content\/uploads\/2022\/06\/lizbona-sklep-600x417.jpeg 600w, https:\/\/drzwitarasy.pl\/wp-content\/uploads\/2022\/06\/lizbona-sklep-768x534.jpeg 768w, https:\/\/drzwitarasy.pl\/wp-content\/uploads\/2022\/06\/lizbona-sklep-1024x712.jpeg 1024w, https:\/\/drzwitarasy.pl\/wp-content\/uploads\/2022\/06\/lizbona-sklep.jpeg 1170w\" sizes=\"auto, (max-width: 300px) 100vw, 300px\" \/><\/p>\n<p><img loading=\"lazy\" decoding=\"async\" class=\"aligncenter size-full wp-image-4262\" src=\"https:\/\/drzwitarasy.pl\/wp-content\/uploads\/2024\/03\/LIZBONA-black-z-reg-BLACK-I-BIALA-A.jpg\" alt=\"\" width=\"1674\" height=\"1366\" srcset=\"https:\/\/drzwitarasy.pl\/wp-content\/uploads\/2024\/03\/LIZBONA-black-z-reg-BLACK-I-BIALA-A.jpg 1674w, https:\/\/drzwitarasy.pl\/wp-content\/uploads\/2024\/03\/LIZBONA-black-z-reg-BLACK-I-BIALA-A-300x245.jpg 300w, https:\/\/drzwitarasy.pl\/wp-content\/uploads\/2024\/03\/LIZBONA-black-z-reg-BLACK-I-BIALA-A-600x490.jpg 600w, https:\/\/drzwitarasy.pl\/wp-content\/uploads\/2024\/03\/LIZBONA-black-z-reg-BLACK-I-BIALA-A-1024x836.jpg 1024w, https:\/\/drzwitarasy.pl\/wp-content\/uploads\/2024\/03\/LIZBONA-black-z-reg-BLACK-I-BIALA-A-768x627.jpg 768w, https:\/\/drzwitarasy.pl\/wp-content\/uploads\/2024\/03\/LIZBONA-black-z-reg-BLACK-I-BIALA-A-1536x1253.jpg 1536w\" sizes=\"auto, (max-width: 1674px) 100vw, 1674px\" \/> <img loading=\"lazy\" decoding=\"async\" class=\"aligncenter size-full wp-image-4263\" src=\"https:\/\/drzwitarasy.pl\/wp-content\/uploads\/2024\/03\/LIZBONY-BIALE-I-CZARNE.jpg\" alt=\"\" width=\"1060\" height=\"1134\" srcset=\"https:\/\/drzwitarasy.pl\/wp-content\/uploads\/2024\/03\/LIZBONY-BIALE-I-CZARNE.jpg 1060w, https:\/\/drzwitarasy.pl\/wp-content\/uploads\/2024\/03\/LIZBONY-BIALE-I-CZARNE-300x321.jpg 300w, https:\/\/drzwitarasy.pl\/wp-content\/uploads\/2024\/03\/LIZBONY-BIALE-I-CZARNE-600x642.jpg 600w, https:\/\/drzwitarasy.pl\/wp-content\/uploads\/2024\/03\/LIZBONY-BIALE-I-CZARNE-280x300.jpg 280w, https:\/\/drzwitarasy.pl\/wp-content\/uploads\/2024\/03\/LIZBONY-BIALE-I-CZARNE-957x1024.jpg 957w, https:\/\/drzwitarasy.pl\/wp-content\/uploads\/2024\/03\/LIZBONY-BIALE-I-CZARNE-768x822.jpg 768w\" sizes=\"auto, (max-width: 1060px) 100vw, 1060px\" \/><\/p>\n<p><img loading=\"lazy\" decoding=\"async\" class=\"aligncenter size-full wp-image-5246\" src=\"https:\/\/drzwitarasy.pl\/wp-content\/uploads\/2025\/05\/KOLORY-WSZYSTKIE-lizbony.jpg\" alt=\"\" width=\"1706\" height=\"1616\" srcset=\"https:\/\/drzwitarasy.pl\/wp-content\/uploads\/2025\/05\/KOLORY-WSZYSTKIE-lizbony.jpg 1706w, https:\/\/drzwitarasy.pl\/wp-content\/uploads\/2025\/05\/KOLORY-WSZYSTKIE-lizbony-300x284.jpg 300w, https:\/\/drzwitarasy.pl\/wp-content\/uploads\/2025\/05\/KOLORY-WSZYSTKIE-lizbony-600x568.jpg 600w, https:\/\/drzwitarasy.pl\/wp-content\/uploads\/2025\/05\/KOLORY-WSZYSTKIE-lizbony-1024x970.jpg 1024w, https:\/\/drzwitarasy.pl\/wp-content\/uploads\/2025\/05\/KOLORY-WSZYSTKIE-lizbony-768x727.jpg 768w, https:\/\/drzwitarasy.pl\/wp-content\/uploads\/2025\/05\/KOLORY-WSZYSTKIE-lizbony-1536x1455.jpg 1536w\" sizes=\"auto, (max-width: 1706px) 100vw, 1706px\" \/><\/p>\n<p>&nbsp;<\/p>\n","protected":false},"excerpt":{"rendered":"<p>3 srebrne zawiasy czopowe (dost\u0119pne czarne zawiasy )<\/p>\n<ul>\n<li>zamek: na klucz ( pe\u0142ne), na wk\u0142adk\u0119 patentow\u0105 (dodatkowa op\u0142ata) lub obrotowy (\u0142azienkowe)<\/li>\n<li>klamka\/o\u015bcie\u017cnica za dodatkow\u0105 op\u0142at\u0105 (nie wchodzi w cen\u0119 skrzyd\u0142a)<\/li>\n<li>DRZWI BEZPRZYLGOWE:<\/li>\n<li>2 ZAWIASY CHOWANE<\/li>\n<li>PE\u0141NE ZAMEK MAGNETYCZNY KLUCZ,<\/li>\n<li>DRZWI PE\u0141NE<\/li>\n<li>DRZWI Z SZYB\u0104 HARTOWAN\u0104 PRZEZROCZYST\u0104<\/li>\n<li>DRZWI Z SZYB\u0104 HARTOWAN\u0104 MLECZN\u0104<\/li>\n<li>DRZWI Z LUSTREM PO JEDNEJ STRONIE ( NALE\u017bY PODA\u0106 USTAWIENIE LUSTRA &#8211; NP. PO STRONIE ZAWIAS\u00d3W )<\/li>\n<li>DRZWI Z LUSTREM OBUSTRONNIE<\/li>\n<li>\u0141AZIENKOWE Z PODCI\u0118CIEM ZAMEK MAGNETYCZNY WC &#8211; OBROTOWY<\/li>\n<\/ul>\n","protected":false},"featured_media":5245,"template":"","meta":{"_acf_changed":false,"_monsterinsights_skip_tracking":false,"_monsterinsights_sitenote_active":false,"_monsterinsights_sitenote_note":"","_monsterinsights_sitenote_category":0},"product_brand":[528],"product_cat":[473,21],"product_tag":[270,285,319,282,317,320,323,324,321,326,325,322,308,350,287,187,348,327,330,333,342,338,336,343,337,340,339,335,332,341,309,312,306,347,274,275,277,280,273,276,279,349,278,272,307,311,310,269,177,292,298,294,299,293,296,295,297,300,301,313,344,346,284,286,304,328,283,303,281,329,314,316,315,318,331,302,305,334,271,345,288,290,289,291],"class_list":{"0":"post-5235","1":"product","2":"type-product","3":"status-publish","4":"has-post-thumbnail","6":"product_brand-defendoor","7":"product_cat-drzwi_ramowe_defendoor","8":"product_cat-drzwi-wewnetrzne","9":"product_tag-castorama-drzwi-wewnetrzne","10":"product_tag-ciemne-drzwi-wewnetrzne","11":"product_tag-dre-drzwi-bezprzylgowe","12":"product_tag-drewniane-drzwi-wewnetrzne","13":"product_tag-drzwi-bezprzylgowe-co-to-znaczy","14":"product_tag-drzwi-bezprzylgowe-biale","15":"product_tag-drzwi-bezprzylgowe-castorama","16":"product_tag-drzwi-bezprzylgowe-leroy","17":"product_tag-drzwi-bezprzylgowe-oscieznica","18":"product_tag-drzwi-bezprzylgowe-z-oscieznica-cena","19":"product_tag-drzwi-bezprzylgowe-z-oscieznica-komplet","20":"product_tag-drzwi-bezprzylgowe-z-szyba","21":"product_tag-drzwi-drewniane-windoor","22":"product_tag-drzwi-loftowe-przesuwne","23":"product_tag-drzwi-nowoczesne-wewnetrzne","24":"product_tag-drzwi-od-reki","25":"product_tag-drzwi-prysznicowe-przesuwne","26":"product_tag-drzwi-przesuwne","27":"product_tag-drzwi-przesuwne-biale","28":"product_tag-drzwi-przesuwne-bricomarche","29":"product_tag-drzwi-przesuwne-castorama","30":"product_tag-drzwi-przesuwne-chowane-w-sciane","31":"product_tag-drzwi-przesuwne-do-lazienki","32":"product_tag-drzwi-przesuwne-ikea","33":"product_tag-drzwi-przesuwne-leroy-merlin","34":"product_tag-drzwi-przesuwne-na-wymiar","35":"product_tag-drzwi-przesuwne-nascienne","36":"product_tag-drzwi-przesuwne-oscieznica","37":"product_tag-drzwi-przesuwne-otwarte-teraz","38":"product_tag-drzwi-przesuwne-szklane","39":"product_tag-drzwi-przesuwne-windoor","40":"product_tag-drzwi-rozwierane-windoor","41":"product_tag-drzwi-rozwierane-windoor-80-cm","42":"product_tag-drzwi-tarasowe-przesuwne","43":"product_tag-drzwi-wewnetrzne-biale","44":"product_tag-drzwi-wewnetrzne-castorama","45":"product_tag-drzwi-wewnetrzne-cena","46":"product_tag-drzwi-wewnetrzne-czarne","47":"product_tag-drzwi-wewnetrzne-dre","48":"product_tag-drzwi-wewnetrzne-drewniane","49":"product_tag-drzwi-wewnetrzne-nowoczesne","50":"product_tag-drzwi-wewnetrzne-przesuwne","51":"product_tag-drzwi-wewnetrzne-szare","52":"product_tag-drzwi-wewnetrzne-szklane","53":"product_tag-drzwi-wewnetrzne-windoor","54":"product_tag-drzwi-wewnetrzne-windoor-castorama","55":"product_tag-drzwi-wewnetrzne-windoor-radom","56":"product_tag-drzwi-wewnetrzne-z-oscieznica","57":"product_tag-drzwi-windoor","58":"product_tag-drzwi-windoor-bricomarche","59":"product_tag-drzwi-windoor-castorama","60":"product_tag-drzwi-windoor-elegance","61":"product_tag-drzwi-windoor-elegance-opinie","62":"product_tag-drzwi-windoor-opinie","63":"product_tag-drzwi-windoor-orzech-north","64":"product_tag-drzwi-windoor-pegasus","65":"product_tag-drzwi-windoor-trame-orzech-north","66":"product_tag-drzwi-windoor-virgo-sonoma","67":"product_tag-drzwi-windoor-wymiary","68":"product_tag-drzwidladomu","69":"product_tag-ikea-drzwi-przesuwne","70":"product_tag-ikea-drzwi-przesuwne-pokojowe","71":"product_tag-jak-wstawic-drzwi-wewnetrzne","72":"product_tag-jakiej-firmy-drzwi-wewnetrzne-wybrac","73":"product_tag-katalog-drzwi-windoor","74":"product_tag-kompletny-zestaw","75":"product_tag-leroy-merlin-drzwi-wewnetrzne","76":"product_tag-montaz-drzwi-windoor","77":"product_tag-nowoczesne-drzwi-wewnetrzne","78":"product_tag-obi-drzwi-przesuwne","79":"product_tag-oscieznica-regulowana","80":"product_tag-oscieznica-regulowana-a-stala","81":"product_tag-oscieznica-regulowana-montaz","82":"product_tag-porta-drzwi-bezprzylgowe","83":"product_tag-porta-drzwi-przesuwne","84":"product_tag-producent-drzwi-windoor","85":"product_tag-producent-drzwi-windoor-opinie","86":"product_tag-system-drzwi-przesuwnych","87":"product_tag-tanie-drzwi-pokojowe","88":"product_tag-tanie-drzwi-przesuwne-nascienne","89":"product_tag-windoor-drzwi-castorama","90":"product_tag-windoor-drzwi-cennik","91":"product_tag-windoor-drzwi-opinie","92":"product_tag-windoor-sklep","93":"product_shipping_class-drzwi-windoor","95":"first","96":"instock","97":"sale","98":"shipping-taxable","99":"purchasable","100":"product-type-simple","101":"add-to-wishlist-after_add_to_cart"},"acf":[],"aioseo_notices":[],"jetpack_sharing_enabled":true,"_links":{"self":[{"href":"https:\/\/drzwitarasy.pl\/index.php?rest_route=\/wp\/v2\/product\/5235","targetHints":{"allow":["GET"]}}],"collection":[{"href":"https:\/\/drzwitarasy.pl\/index.php?rest_route=\/wp\/v2\/product"}],"about":[{"href":"https:\/\/drzwitarasy.pl\/index.php?rest_route=\/wp\/v2\/types\/product"}],"wp:featuredmedia":[{"embeddable":true,"href":"https:\/\/drzwitarasy.pl\/index.php?rest_route=\/wp\/v2\/media\/5245"}],"wp:attachment":[{"href":"https:\/\/drzwitarasy.pl\/index.php?rest_route=%2Fwp%2Fv2%2Fmedia&parent=5235"}],"wp:term":[{"taxonomy":"product_brand","embeddable":true,"href":"https:\/\/drzwitarasy.pl\/index.php?rest_route=%2Fwp%2Fv2%2Fproduct_brand&post=5235"},{"taxonomy":"product_cat","embeddable":true,"href":"https:\/\/drzwitarasy.pl\/index.php?rest_route=%2Fwp%2Fv2%2Fproduct_cat&post=5235"},{"taxonomy":"product_tag","embeddable":true,"href":"https:\/\/drzwitarasy.pl\/index.php?rest_route=%2Fwp%2Fv2%2Fproduct_tag&post=5235"}],"curies":[{"name":"wp","href":"https:\/\/api.w.org\/{rel}","templated":true}]}}