{"id":450,"date":"2024-10-22T09:09:14","date_gmt":"2024-10-22T07:09:14","guid":{"rendered":"http:\/\/drzwitarasy.pl\/?post_type=product&#038;p=450"},"modified":"2026-04-14T03:27:22","modified_gmt":"2026-04-14T01:27:22","slug":"drzwi-virgo-windoor","status":"publish","type":"product","link":"https:\/\/drzwitarasy.pl\/?product=drzwi-virgo-windoor","title":{"rendered":"Virgo ramowe drzwi wewn\u0119trzne"},"content":{"rendered":"<p><img loading=\"lazy\" decoding=\"async\" class=\"aligncenter size-full wp-image-4475\" src=\"https:\/\/drzwitarasy.pl\/wp-content\/uploads\/2022\/03\/BANER-NOWY-ZMIENIONY.jpg\" alt=\"\" width=\"2420\" height=\"948\" srcset=\"https:\/\/drzwitarasy.pl\/wp-content\/uploads\/2022\/03\/BANER-NOWY-ZMIENIONY.jpg 2420w, https:\/\/drzwitarasy.pl\/wp-content\/uploads\/2022\/03\/BANER-NOWY-ZMIENIONY-300x118.jpg 300w, https:\/\/drzwitarasy.pl\/wp-content\/uploads\/2022\/03\/BANER-NOWY-ZMIENIONY-600x235.jpg 600w, https:\/\/drzwitarasy.pl\/wp-content\/uploads\/2022\/03\/BANER-NOWY-ZMIENIONY-1024x401.jpg 1024w, https:\/\/drzwitarasy.pl\/wp-content\/uploads\/2022\/03\/BANER-NOWY-ZMIENIONY-768x301.jpg 768w, https:\/\/drzwitarasy.pl\/wp-content\/uploads\/2022\/03\/BANER-NOWY-ZMIENIONY-1536x602.jpg 1536w, https:\/\/drzwitarasy.pl\/wp-content\/uploads\/2022\/03\/BANER-NOWY-ZMIENIONY-2048x802.jpg 2048w\" sizes=\"auto, (max-width: 2420px) 100vw, 2420px\" \/><\/p>\n<p>Szukasz drzwi, kt\u00f3re po\u0142\u0105cz\u0105 wysok\u0105 jako\u015b\u0107 wykonania z nowoczesnym designem? Drzwi Virgo to doskona\u0142y wyb\u00f3r, zapewniaj\u0105cy nie tylko funkcjonalno\u015b\u0107, ale tak\u017ce estetyczny wygl\u0105d ka\u017cdego wn\u0119trza.<\/p>\n<p><strong>G\u0142\u00f3wne cechy:<\/strong><\/p>\n<ul>\n<li><strong>Dost\u0119pne szeroko\u015bci:<\/strong> 60, 70, 80, 90, 100 cm<\/li>\n<li><strong>Wymiary drzwi:<\/strong> 2035 x 644\/744\/844\/944 x 40 mm<\/li>\n<li><strong>Pokrycie drzwi:<\/strong> folia finish, gwarantuj\u0105ca trwa\u0142o\u015b\u0107 i \u0142atwo\u015b\u0107 w utrzymaniu czysto\u015bci<\/li>\n<li><strong>Wyposa\u017cenie drzwi:<\/strong> 3 zawiasy w kolorze srebra z regulacj\u0105 2D, zapewniaj\u0105ce precyzyjne dopasowanie i stabilno\u015b\u0107<\/li>\n<li><strong>Gwarancja producenta:<\/strong> 2 lata<\/li>\n<\/ul>\n<p><strong>Konstrukcja i materia\u0142y:<\/strong><\/p>\n<ul>\n<li>Drzwi ramiakowe wykonane z wysokiej jako\u015bci pe\u0142nej p\u0142yty MDF, co zapewnia solidno\u015b\u0107 i odporno\u015b\u0107 na uszkodzenia mechaniczne.<\/li>\n<li>Szk\u0142o mleczne wzmacniane o grubo\u015bci 4 mm dodaje elegancji i zwi\u0119ksza bezpiecze\u0144stwo u\u017cytkowania.<\/li>\n<li>Profile drzwi wykonane w technologii SOFTLine eliminuj\u0105 widoczne \u0142\u0105czenia okleiny na kraw\u0119dziach, co nadaje im estetyczny wygl\u0105d.<\/li>\n<\/ul>\n<p><strong>Technologia i trwa\u0142o\u015b\u0107:<\/strong><\/p>\n<ul>\n<li>Zastosowana technologia czopowania i ko\u0142kowania zapewnia stabilne po\u0142\u0105czenie element\u00f3w pionowych i poziomych, eliminuj\u0105c wypaczanie i opadanie drzwi w trakcie d\u0142ugotrwa\u0142ego u\u017cytkowania.<\/li>\n<\/ul>\n<p>Drzwi Virgo to idealne rozwi\u0105zanie do ka\u017cdego rodzaju wn\u0119trza, od nowoczesnych po klasyczne aran\u017cacje. Ich solidna konstrukcja i elegancki wygl\u0105d sprawi\u0105, \u017ce b\u0119d\u0105 nie tylko funkcjonalnym elementem, ale tak\u017ce ozdob\u0105 Twojego domu. Wybierz jako\u015b\u0107 i styl &#8211; wybierz drzwi Virgo<\/p>\n<p style=\"text-align: center;\">\n<p>&nbsp;<\/p>\n<p>&nbsp;<\/p>\n<p>&nbsp;<\/p>\n<p>&nbsp;<\/p>\n<p style=\"text-align: center;\">Proponowany model to skrzyd\u0142o drzwiowe wykonane z ramiak\u00f3w MDF uszlachetnionych oklein\u0105 drewnopodobn\u0105 o zwi\u0119kszonej odporno\u015bci na zarysowania.<\/p>\n<p>&nbsp;<\/p>\n<p style=\"text-align: center;\"><img loading=\"lazy\" decoding=\"async\" class=\"aligncenter size-full wp-image-2013\" src=\"https:\/\/drzwitarasy.pl\/wp-content\/uploads\/2022\/10\/IMG_6617.jpg\" alt=\"\" width=\"1690\" height=\"1005\" srcset=\"https:\/\/drzwitarasy.pl\/wp-content\/uploads\/2022\/10\/IMG_6617.jpg 1690w, https:\/\/drzwitarasy.pl\/wp-content\/uploads\/2022\/10\/IMG_6617-300x178.jpg 300w, https:\/\/drzwitarasy.pl\/wp-content\/uploads\/2022\/10\/IMG_6617-600x357.jpg 600w, https:\/\/drzwitarasy.pl\/wp-content\/uploads\/2022\/10\/IMG_6617-768x457.jpg 768w, https:\/\/drzwitarasy.pl\/wp-content\/uploads\/2022\/10\/IMG_6617-1024x609.jpg 1024w\" sizes=\"auto, (max-width: 1690px) 100vw, 1690px\" \/><\/p>\n<p>&nbsp;<\/p>\n<p style=\"text-align: center;\">\n<p><img loading=\"lazy\" decoding=\"async\" class=\"aligncenter size-full wp-image-7010\" src=\"https:\/\/drzwitarasy.pl\/wp-content\/uploads\/2024\/10\/KOLORY-VIRGO-NOWE.jpg\" alt=\"\" width=\"1301\" height=\"1059\" srcset=\"https:\/\/drzwitarasy.pl\/wp-content\/uploads\/2024\/10\/KOLORY-VIRGO-NOWE.jpg 1301w, https:\/\/drzwitarasy.pl\/wp-content\/uploads\/2024\/10\/KOLORY-VIRGO-NOWE-300x244.jpg 300w, https:\/\/drzwitarasy.pl\/wp-content\/uploads\/2024\/10\/KOLORY-VIRGO-NOWE-1024x834.jpg 1024w, https:\/\/drzwitarasy.pl\/wp-content\/uploads\/2024\/10\/KOLORY-VIRGO-NOWE-768x625.jpg 768w, https:\/\/drzwitarasy.pl\/wp-content\/uploads\/2024\/10\/KOLORY-VIRGO-NOWE-600x488.jpg 600w\" sizes=\"auto, (max-width: 1301px) 100vw, 1301px\" \/><\/p>\n<p>&nbsp;<\/p>\n<p><img loading=\"lazy\" decoding=\"async\" class=\"aligncenter size-full wp-image-4651\" src=\"https:\/\/drzwitarasy.pl\/wp-content\/uploads\/2022\/10\/KONSTRUKCJA-DRZWI.jpg\" alt=\"\" width=\"1170\" height=\"1150\" srcset=\"https:\/\/drzwitarasy.pl\/wp-content\/uploads\/2022\/10\/KONSTRUKCJA-DRZWI.jpg 1170w, https:\/\/drzwitarasy.pl\/wp-content\/uploads\/2022\/10\/KONSTRUKCJA-DRZWI-300x295.jpg 300w, https:\/\/drzwitarasy.pl\/wp-content\/uploads\/2022\/10\/KONSTRUKCJA-DRZWI-600x590.jpg 600w, https:\/\/drzwitarasy.pl\/wp-content\/uploads\/2022\/10\/KONSTRUKCJA-DRZWI-1024x1006.jpg 1024w, https:\/\/drzwitarasy.pl\/wp-content\/uploads\/2022\/10\/KONSTRUKCJA-DRZWI-768x755.jpg 768w, https:\/\/drzwitarasy.pl\/wp-content\/uploads\/2022\/10\/KONSTRUKCJA-DRZWI-50x50.jpg 50w\" sizes=\"auto, (max-width: 1170px) 100vw, 1170px\" \/><\/p>\n<p>&nbsp;<\/p>\n<p>&nbsp;<\/p>\n<p style=\"text-align: center;\">\n<p>&nbsp;<\/p>\n<p style=\"text-align: center;\"><span style=\"font-size: 18pt;\"><strong>ZAWIASY<\/strong><\/span><\/p>\n<p><img loading=\"lazy\" decoding=\"async\" class=\"aligncenter size-full wp-image-5713\" src=\"https:\/\/drzwitarasy.pl\/wp-content\/uploads\/2025\/07\/ZAWIASY-WINDOOR-DO-DRZWI.jpg\" alt=\"\" width=\"922\" height=\"370\" srcset=\"https:\/\/drzwitarasy.pl\/wp-content\/uploads\/2025\/07\/ZAWIASY-WINDOOR-DO-DRZWI.jpg 922w, https:\/\/drzwitarasy.pl\/wp-content\/uploads\/2025\/07\/ZAWIASY-WINDOOR-DO-DRZWI-300x120.jpg 300w, https:\/\/drzwitarasy.pl\/wp-content\/uploads\/2025\/07\/ZAWIASY-WINDOOR-DO-DRZWI-600x241.jpg 600w, https:\/\/drzwitarasy.pl\/wp-content\/uploads\/2025\/07\/ZAWIASY-WINDOOR-DO-DRZWI-768x308.jpg 768w\" sizes=\"auto, (max-width: 922px) 100vw, 922px\" \/><\/p>\n<p>&nbsp;<\/p>\n<p>&nbsp;<\/p>\n<p>&nbsp;<\/p>\n<p>&nbsp;<\/p>\n<p>&nbsp;<\/p>\n<p><img loading=\"lazy\" decoding=\"async\" class=\"aligncenter size-full wp-image-4460\" src=\"https:\/\/drzwitarasy.pl\/wp-content\/uploads\/2024\/11\/KONTAKT-ok.jpg\" alt=\"\" width=\"1619\" height=\"1410\" srcset=\"https:\/\/drzwitarasy.pl\/wp-content\/uploads\/2024\/11\/KONTAKT-ok.jpg 1619w, https:\/\/drzwitarasy.pl\/wp-content\/uploads\/2024\/11\/KONTAKT-ok-300x261.jpg 300w, https:\/\/drzwitarasy.pl\/wp-content\/uploads\/2024\/11\/KONTAKT-ok-600x523.jpg 600w, https:\/\/drzwitarasy.pl\/wp-content\/uploads\/2024\/11\/KONTAKT-ok-1024x892.jpg 1024w, https:\/\/drzwitarasy.pl\/wp-content\/uploads\/2024\/11\/KONTAKT-ok-768x669.jpg 768w, https:\/\/drzwitarasy.pl\/wp-content\/uploads\/2024\/11\/KONTAKT-ok-1536x1338.jpg 1536w\" sizes=\"auto, (max-width: 1619px) 100vw, 1619px\" \/><\/p>\n<p>KOLORY STANDARD + bia\u0142y<\/p>\n<p><img loading=\"lazy\" decoding=\"async\" class=\"aligncenter size-full wp-image-5359\" src=\"https:\/\/drzwitarasy.pl\/wp-content\/uploads\/2025\/06\/img_6605-scaled.jpeg\" alt=\"\" width=\"2560\" height=\"432\" srcset=\"https:\/\/drzwitarasy.pl\/wp-content\/uploads\/2025\/06\/img_6605-scaled.jpeg 2560w, https:\/\/drzwitarasy.pl\/wp-content\/uploads\/2025\/06\/img_6605-300x51.jpeg 300w, https:\/\/drzwitarasy.pl\/wp-content\/uploads\/2025\/06\/img_6605-scaled-600x101.jpeg 600w, https:\/\/drzwitarasy.pl\/wp-content\/uploads\/2025\/06\/img_6605-1024x173.jpeg 1024w, https:\/\/drzwitarasy.pl\/wp-content\/uploads\/2025\/06\/img_6605-768x129.jpeg 768w, https:\/\/drzwitarasy.pl\/wp-content\/uploads\/2025\/06\/img_6605-1536x259.jpeg 1536w, https:\/\/drzwitarasy.pl\/wp-content\/uploads\/2025\/06\/img_6605-2048x345.jpeg 2048w\" sizes=\"auto, (max-width: 2560px) 100vw, 2560px\" \/><\/p>\n<p>KOLORY PREMIUM<\/p>\n<p><img loading=\"lazy\" decoding=\"async\" class=\"aligncenter size-full wp-image-7011\" src=\"https:\/\/drzwitarasy.pl\/wp-content\/uploads\/2024\/10\/virgo-premium-scaled.jpg\" alt=\"\" width=\"2214\" height=\"2560\" srcset=\"https:\/\/drzwitarasy.pl\/wp-content\/uploads\/2024\/10\/virgo-premium-scaled.jpg 2214w, https:\/\/drzwitarasy.pl\/wp-content\/uploads\/2024\/10\/virgo-premium-259x300.jpg 259w, https:\/\/drzwitarasy.pl\/wp-content\/uploads\/2024\/10\/virgo-premium-885x1024.jpg 885w, https:\/\/drzwitarasy.pl\/wp-content\/uploads\/2024\/10\/virgo-premium-768x888.jpg 768w, https:\/\/drzwitarasy.pl\/wp-content\/uploads\/2024\/10\/virgo-premium-1328x1536.jpg 1328w, https:\/\/drzwitarasy.pl\/wp-content\/uploads\/2024\/10\/virgo-premium-1771x2048.jpg 1771w, https:\/\/drzwitarasy.pl\/wp-content\/uploads\/2024\/10\/virgo-premium-300x347.jpg 300w, https:\/\/drzwitarasy.pl\/wp-content\/uploads\/2024\/10\/virgo-premium-600x694.jpg 600w\" sizes=\"auto, (max-width: 2214px) 100vw, 2214px\" \/><\/p>\n<p>&nbsp;<\/p>\n<p>KOLORY CPL.<\/p>\n<p><img loading=\"lazy\" decoding=\"async\" class=\"aligncenter size-full wp-image-5358\" src=\"https:\/\/drzwitarasy.pl\/wp-content\/uploads\/2025\/06\/virgo-cpl-scaled.jpeg\" alt=\"\" width=\"2560\" height=\"673\" srcset=\"https:\/\/drzwitarasy.pl\/wp-content\/uploads\/2025\/06\/virgo-cpl-scaled.jpeg 2560w, https:\/\/drzwitarasy.pl\/wp-content\/uploads\/2025\/06\/virgo-cpl-300x79.jpeg 300w, https:\/\/drzwitarasy.pl\/wp-content\/uploads\/2025\/06\/virgo-cpl-scaled-600x158.jpeg 600w, https:\/\/drzwitarasy.pl\/wp-content\/uploads\/2025\/06\/virgo-cpl-1024x269.jpeg 1024w, https:\/\/drzwitarasy.pl\/wp-content\/uploads\/2025\/06\/virgo-cpl-768x202.jpeg 768w, https:\/\/drzwitarasy.pl\/wp-content\/uploads\/2025\/06\/virgo-cpl-1536x404.jpeg 1536w, https:\/\/drzwitarasy.pl\/wp-content\/uploads\/2025\/06\/virgo-cpl-2048x539.jpeg 2048w\" sizes=\"auto, (max-width: 2560px) 100vw, 2560px\" \/><\/p>\n<p>&nbsp;<\/p>\n","protected":false},"excerpt":{"rendered":"<p>Szukasz drzwi, kt\u00f3re po\u0142\u0105cz\u0105 wysok\u0105 jako\u015b\u0107 wykonania z nowoczesnym designem? Drzwi Virgo to doskona\u0142y wyb\u00f3r, zapewniaj\u0105cy nie tylko funkcjonalno\u015b\u0107, ale tak\u017ce estetyczny wygl\u0105d ka\u017cdego wn\u0119trza. G\u0142\u00f3wne cechy: Dost\u0119pne szeroko\u015bci: 60, 70, 80, 90, 100 cm Wymiary drzwi: 2035 x 644\/744\/844\/944 x 40 mm Pokrycie drzwi: folia finish, gwarantuj\u0105ca trwa\u0142o\u015b\u0107 i \u0142atwo\u015b\u0107 w utrzymaniu czysto\u015bci Wyposa\u017cenie [&hellip;]<\/p>\n","protected":false},"featured_media":5361,"template":"","meta":{"_acf_changed":false,"_monsterinsights_skip_tracking":false,"_monsterinsights_sitenote_active":false,"_monsterinsights_sitenote_note":"","_monsterinsights_sitenote_category":0},"product_brand":[527],"product_cat":[30,21,516,607],"product_tag":[356,309,175,410,441,173],"class_list":{"0":"post-450","1":"product","2":"type-product","3":"status-publish","4":"has-post-thumbnail","6":"product_brand-windoor","7":"product_cat-drzwi-prestige","8":"product_cat-drzwi-wewnetrzne","9":"product_cat-windoor","10":"product_cat-virgo","11":"product_tag-drzwi","12":"product_tag-drzwi-przesuwne-windoor","13":"product_tag-drzwi-virgo-windoor","14":"product_tag-solidne-drzwi","15":"product_tag-virgo","16":"product_tag-windoor","17":"product_shipping_class-drzwi-windoor","19":"first","20":"instock","21":"sale","22":"shipping-taxable","23":"purchasable","24":"product-type-simple","25":"add-to-wishlist-after_add_to_cart"},"acf":[],"aioseo_notices":[],"jetpack_sharing_enabled":true,"_links":{"self":[{"href":"https:\/\/drzwitarasy.pl\/index.php?rest_route=\/wp\/v2\/product\/450","targetHints":{"allow":["GET"]}}],"collection":[{"href":"https:\/\/drzwitarasy.pl\/index.php?rest_route=\/wp\/v2\/product"}],"about":[{"href":"https:\/\/drzwitarasy.pl\/index.php?rest_route=\/wp\/v2\/types\/product"}],"wp:featuredmedia":[{"embeddable":true,"href":"https:\/\/drzwitarasy.pl\/index.php?rest_route=\/wp\/v2\/media\/5361"}],"wp:attachment":[{"href":"https:\/\/drzwitarasy.pl\/index.php?rest_route=%2Fwp%2Fv2%2Fmedia&parent=450"}],"wp:term":[{"taxonomy":"product_brand","embeddable":true,"href":"https:\/\/drzwitarasy.pl\/index.php?rest_route=%2Fwp%2Fv2%2Fproduct_brand&post=450"},{"taxonomy":"product_cat","embeddable":true,"href":"https:\/\/drzwitarasy.pl\/index.php?rest_route=%2Fwp%2Fv2%2Fproduct_cat&post=450"},{"taxonomy":"product_tag","embeddable":true,"href":"https:\/\/drzwitarasy.pl\/index.php?rest_route=%2Fwp%2Fv2%2Fproduct_tag&post=450"}],"curies":[{"name":"wp","href":"https:\/\/api.w.org\/{rel}","templated":true}]}}