{"id":4388,"date":"2025-01-04T21:55:13","date_gmt":"2025-01-04T20:55:13","guid":{"rendered":"https:\/\/drzwitarasy.pl\/?post_type=product&#038;p=4388"},"modified":"2026-05-12T05:23:41","modified_gmt":"2026-05-12T03:23:41","slug":"drzwi-suzano-czarna-szyba-vsg-windoor","status":"publish","type":"product","link":"https:\/\/drzwitarasy.pl\/?product=drzwi-suzano-czarna-szyba-vsg-windoor","title":{"rendered":"SUZANO z czarn\u0105 szyb\u0105 VSG DRZWI WEWN\u0118TRZNE"},"content":{"rendered":"<p><img data-recalc-dims=\"1\" loading=\"lazy\" decoding=\"async\" data-attachment-id=\"6036\" data-permalink=\"https:\/\/drzwitarasy.pl\/?attachment_id=6036\" data-orig-file=\"https:\/\/i0.wp.com\/drzwitarasy.pl\/wp-content\/uploads\/2024\/12\/BANER-NOWY-ZMIENIONY.jpg?fit=2420%2C948&amp;ssl=1\" data-orig-size=\"2420,948\" data-comments-opened=\"0\" data-image-meta=\"{&quot;aperture&quot;:&quot;0&quot;,&quot;credit&quot;:&quot;&quot;,&quot;camera&quot;:&quot;&quot;,&quot;caption&quot;:&quot;&quot;,&quot;created_timestamp&quot;:&quot;0&quot;,&quot;copyright&quot;:&quot;&quot;,&quot;focal_length&quot;:&quot;0&quot;,&quot;iso&quot;:&quot;0&quot;,&quot;shutter_speed&quot;:&quot;0&quot;,&quot;title&quot;:&quot;&quot;,&quot;orientation&quot;:&quot;1&quot;}\" data-image-title=\"baner-nowy-zmieniony-4\" data-image-description=\"\" data-image-caption=\"\" data-large-file=\"https:\/\/i0.wp.com\/drzwitarasy.pl\/wp-content\/uploads\/2024\/12\/BANER-NOWY-ZMIENIONY.jpg?fit=640%2C251&amp;ssl=1\" class=\"aligncenter size-full wp-image-6036\" src=\"https:\/\/i0.wp.com\/drzwitarasy.pl\/wp-content\/uploads\/2024\/12\/BANER-NOWY-ZMIENIONY.jpg?resize=640%2C251&#038;ssl=1\" alt=\"\" width=\"640\" height=\"251\" srcset=\"https:\/\/i0.wp.com\/drzwitarasy.pl\/wp-content\/uploads\/2024\/12\/BANER-NOWY-ZMIENIONY.jpg?w=2420&amp;ssl=1 2420w, https:\/\/i0.wp.com\/drzwitarasy.pl\/wp-content\/uploads\/2024\/12\/BANER-NOWY-ZMIENIONY.jpg?resize=300%2C118&amp;ssl=1 300w, https:\/\/i0.wp.com\/drzwitarasy.pl\/wp-content\/uploads\/2024\/12\/BANER-NOWY-ZMIENIONY.jpg?resize=600%2C235&amp;ssl=1 600w, https:\/\/i0.wp.com\/drzwitarasy.pl\/wp-content\/uploads\/2024\/12\/BANER-NOWY-ZMIENIONY.jpg?resize=1024%2C401&amp;ssl=1 1024w, https:\/\/i0.wp.com\/drzwitarasy.pl\/wp-content\/uploads\/2024\/12\/BANER-NOWY-ZMIENIONY.jpg?resize=768%2C301&amp;ssl=1 768w, https:\/\/i0.wp.com\/drzwitarasy.pl\/wp-content\/uploads\/2024\/12\/BANER-NOWY-ZMIENIONY.jpg?resize=1536%2C602&amp;ssl=1 1536w, https:\/\/i0.wp.com\/drzwitarasy.pl\/wp-content\/uploads\/2024\/12\/BANER-NOWY-ZMIENIONY.jpg?resize=2048%2C802&amp;ssl=1 2048w, https:\/\/i0.wp.com\/drzwitarasy.pl\/wp-content\/uploads\/2024\/12\/BANER-NOWY-ZMIENIONY.jpg?w=1280&amp;ssl=1 1280w, https:\/\/i0.wp.com\/drzwitarasy.pl\/wp-content\/uploads\/2024\/12\/BANER-NOWY-ZMIENIONY.jpg?w=1920&amp;ssl=1 1920w\" sizes=\"auto, (max-width: 640px) 100vw, 640px\" \/><\/p>\n<p><img data-recalc-dims=\"1\" loading=\"lazy\" decoding=\"async\" data-attachment-id=\"4380\" data-permalink=\"https:\/\/drzwitarasy.pl\/?attachment_id=4380\" data-orig-file=\"https:\/\/i0.wp.com\/drzwitarasy.pl\/wp-content\/uploads\/2024\/12\/SUZANO-WIZU.jpg?fit=1067%2C677&amp;ssl=1\" data-orig-size=\"1067,677\" data-comments-opened=\"0\" data-image-meta=\"{&quot;aperture&quot;:&quot;0&quot;,&quot;credit&quot;:&quot;&quot;,&quot;camera&quot;:&quot;&quot;,&quot;caption&quot;:&quot;&quot;,&quot;created_timestamp&quot;:&quot;0&quot;,&quot;copyright&quot;:&quot;&quot;,&quot;focal_length&quot;:&quot;0&quot;,&quot;iso&quot;:&quot;0&quot;,&quot;shutter_speed&quot;:&quot;0&quot;,&quot;title&quot;:&quot;&quot;,&quot;orientation&quot;:&quot;0&quot;}\" data-image-title=\"SUZANO WIZU\" data-image-description=\"\" data-image-caption=\"\" data-large-file=\"https:\/\/i0.wp.com\/drzwitarasy.pl\/wp-content\/uploads\/2024\/12\/SUZANO-WIZU.jpg?fit=640%2C406&amp;ssl=1\" class=\"aligncenter size-full wp-image-4380\" src=\"https:\/\/i0.wp.com\/drzwitarasy.pl\/wp-content\/uploads\/2024\/12\/SUZANO-WIZU.jpg?resize=640%2C406&#038;ssl=1\" alt=\"\" width=\"640\" height=\"406\" srcset=\"https:\/\/i0.wp.com\/drzwitarasy.pl\/wp-content\/uploads\/2024\/12\/SUZANO-WIZU.jpg?w=1067&amp;ssl=1 1067w, https:\/\/i0.wp.com\/drzwitarasy.pl\/wp-content\/uploads\/2024\/12\/SUZANO-WIZU.jpg?resize=300%2C190&amp;ssl=1 300w, https:\/\/i0.wp.com\/drzwitarasy.pl\/wp-content\/uploads\/2024\/12\/SUZANO-WIZU.jpg?resize=600%2C381&amp;ssl=1 600w, https:\/\/i0.wp.com\/drzwitarasy.pl\/wp-content\/uploads\/2024\/12\/SUZANO-WIZU.jpg?resize=1024%2C650&amp;ssl=1 1024w, https:\/\/i0.wp.com\/drzwitarasy.pl\/wp-content\/uploads\/2024\/12\/SUZANO-WIZU.jpg?resize=768%2C487&amp;ssl=1 768w\" sizes=\"auto, (max-width: 640px) 100vw, 640px\" \/><\/p>\n<p>&nbsp;<\/p>\n<p><img data-recalc-dims=\"1\" loading=\"lazy\" decoding=\"async\" data-attachment-id=\"4399\" data-permalink=\"https:\/\/drzwitarasy.pl\/?attachment_id=4399\" data-orig-file=\"https:\/\/i0.wp.com\/drzwitarasy.pl\/wp-content\/uploads\/2025\/01\/SUZANO-BLACK-TECHNIK.jpg?fit=1206%2C676&amp;ssl=1\" data-orig-size=\"1206,676\" data-comments-opened=\"0\" data-image-meta=\"{&quot;aperture&quot;:&quot;0&quot;,&quot;credit&quot;:&quot;&quot;,&quot;camera&quot;:&quot;&quot;,&quot;caption&quot;:&quot;da261f418bf58deb9108fe0dedb03756192bb972e2f0b2e5c600384b3a735978d2847d8551cca23612cad76326a51043fafee855f5709a6a8eee1ab39b0530c09bf65a45535f8c26f06183378d9cd779&quot;,&quot;created_timestamp&quot;:&quot;0&quot;,&quot;copyright&quot;:&quot;&quot;,&quot;focal_length&quot;:&quot;0&quot;,&quot;iso&quot;:&quot;0&quot;,&quot;shutter_speed&quot;:&quot;0&quot;,&quot;title&quot;:&quot;&quot;,&quot;orientation&quot;:&quot;1&quot;}\" data-image-title=\"SUZANO BLACK TECHNIK\" data-image-description=\"\" data-image-caption=\"\" data-large-file=\"https:\/\/i0.wp.com\/drzwitarasy.pl\/wp-content\/uploads\/2025\/01\/SUZANO-BLACK-TECHNIK.jpg?fit=640%2C359&amp;ssl=1\" class=\"aligncenter size-full wp-image-4399\" src=\"https:\/\/i0.wp.com\/drzwitarasy.pl\/wp-content\/uploads\/2025\/01\/SUZANO-BLACK-TECHNIK.jpg?resize=640%2C359&#038;ssl=1\" alt=\"\" width=\"640\" height=\"359\" srcset=\"https:\/\/i0.wp.com\/drzwitarasy.pl\/wp-content\/uploads\/2025\/01\/SUZANO-BLACK-TECHNIK.jpg?w=1206&amp;ssl=1 1206w, https:\/\/i0.wp.com\/drzwitarasy.pl\/wp-content\/uploads\/2025\/01\/SUZANO-BLACK-TECHNIK.jpg?resize=300%2C168&amp;ssl=1 300w, https:\/\/i0.wp.com\/drzwitarasy.pl\/wp-content\/uploads\/2025\/01\/SUZANO-BLACK-TECHNIK.jpg?resize=600%2C336&amp;ssl=1 600w, https:\/\/i0.wp.com\/drzwitarasy.pl\/wp-content\/uploads\/2025\/01\/SUZANO-BLACK-TECHNIK.jpg?resize=1024%2C574&amp;ssl=1 1024w, https:\/\/i0.wp.com\/drzwitarasy.pl\/wp-content\/uploads\/2025\/01\/SUZANO-BLACK-TECHNIK.jpg?resize=768%2C430&amp;ssl=1 768w\" sizes=\"auto, (max-width: 640px) 100vw, 640px\" \/><\/p>\n<p><img data-recalc-dims=\"1\" loading=\"lazy\" decoding=\"async\" data-attachment-id=\"5808\" data-permalink=\"https:\/\/drzwitarasy.pl\/?attachment_id=5808\" data-orig-file=\"https:\/\/i0.wp.com\/drzwitarasy.pl\/wp-content\/uploads\/2025\/01\/ZAWIASY-DO-DRZWI-ALLEGRO.jpeg?fit=1101%2C815&amp;ssl=1\" data-orig-size=\"1101,815\" data-comments-opened=\"0\" data-image-meta=\"{&quot;aperture&quot;:&quot;0&quot;,&quot;credit&quot;:&quot;&quot;,&quot;camera&quot;:&quot;&quot;,&quot;caption&quot;:&quot;&quot;,&quot;created_timestamp&quot;:&quot;0&quot;,&quot;copyright&quot;:&quot;&quot;,&quot;focal_length&quot;:&quot;0&quot;,&quot;iso&quot;:&quot;0&quot;,&quot;shutter_speed&quot;:&quot;0&quot;,&quot;title&quot;:&quot;&quot;,&quot;orientation&quot;:&quot;1&quot;}\" data-image-title=\"ZAWIASY DO DRZWI ALLEGRO\" data-image-description=\"\" data-image-caption=\"\" data-large-file=\"https:\/\/i0.wp.com\/drzwitarasy.pl\/wp-content\/uploads\/2025\/01\/ZAWIASY-DO-DRZWI-ALLEGRO.jpeg?fit=640%2C474&amp;ssl=1\" class=\"aligncenter size-large wp-image-5808\" src=\"https:\/\/i0.wp.com\/drzwitarasy.pl\/wp-content\/uploads\/2025\/01\/ZAWIASY-DO-DRZWI-ALLEGRO.jpeg?resize=640%2C474&#038;ssl=1\" alt=\"\" width=\"640\" height=\"474\" srcset=\"https:\/\/i0.wp.com\/drzwitarasy.pl\/wp-content\/uploads\/2025\/01\/ZAWIASY-DO-DRZWI-ALLEGRO.jpeg?resize=1024%2C758&amp;ssl=1 1024w, https:\/\/i0.wp.com\/drzwitarasy.pl\/wp-content\/uploads\/2025\/01\/ZAWIASY-DO-DRZWI-ALLEGRO.jpeg?resize=300%2C222&amp;ssl=1 300w, https:\/\/i0.wp.com\/drzwitarasy.pl\/wp-content\/uploads\/2025\/01\/ZAWIASY-DO-DRZWI-ALLEGRO.jpeg?resize=600%2C444&amp;ssl=1 600w, https:\/\/i0.wp.com\/drzwitarasy.pl\/wp-content\/uploads\/2025\/01\/ZAWIASY-DO-DRZWI-ALLEGRO.jpeg?resize=768%2C569&amp;ssl=1 768w, https:\/\/i0.wp.com\/drzwitarasy.pl\/wp-content\/uploads\/2025\/01\/ZAWIASY-DO-DRZWI-ALLEGRO.jpeg?w=1101&amp;ssl=1 1101w\" sizes=\"auto, (max-width: 640px) 100vw, 640px\" \/><\/p>\n<h3 data-section-id=\"157v0u2\" data-start=\"55\" data-end=\"103\">\ud83e\ude9f <strong data-start=\"62\" data-end=\"103\"><span class=\"inline align-baseline\"><span class=\"whitespace-normal\"><span class=\"hover:entity-accent entity-underline cursor-pointer\">Ramowe Drzwi WinDoor SUZANO czarna szyba<\/span><\/span><\/span><\/strong><\/h3>\n<p data-start=\"105\" data-end=\"280\">To <strong data-start=\"108\" data-end=\"161\">drzwi wewn\u0119trzne Ramowe SUZANO z czarn\u0105 szyb\u0105 VSG<\/strong> od producenta <strong data-start=\"176\" data-end=\"187\">Windoor<\/strong> \u2014 klasyczny model drzwi z ram\u0105 i przeszklonym panelem.<\/p>\n<h4 data-start=\"282\" data-end=\"313\">\ud83d\udccc <strong data-start=\"290\" data-end=\"313\">Najwa\u017cniejsze cechy<\/strong><\/h4>\n<ul data-start=\"314\" data-end=\"997\">\n<li data-section-id=\"7qrqed\" data-start=\"314\" data-end=\"426\">\n<p data-start=\"316\" data-end=\"426\"><strong data-start=\"316\" data-end=\"324\">Typ:<\/strong> drzwi wewn\u0119trzne z przeszklonym panelem VSG o czarnej barwie.<\/p>\n<\/li>\n<li data-section-id=\"158f96e\" data-start=\"427\" data-end=\"540\">\n<p data-start=\"429\" data-end=\"540\"><strong data-start=\"429\" data-end=\"443\">Producent:<\/strong> Windoor (marka dost\u0119pna w ofercie wielu sklep\u00f3w online).<\/p>\n<\/li>\n<li data-section-id=\"ixz923\" data-start=\"541\" data-end=\"727\">\n<p data-start=\"543\" data-end=\"727\"><strong data-start=\"543\" data-end=\"563\">Opcje wariant\u00f3w:<\/strong> mo\u017cna wybra\u0107 kolor wyko\u0144czenia (bia\u0142y, sonoma, d\u0105b \u2013 cz\u0119sto za dop\u0142at\u0105), szeroko\u015b\u0107 (60, 70, 80, 90\u202fcm) i stron\u0119 otwierania.<\/p>\n<\/li>\n<li data-section-id=\"pmosub\" data-start=\"728\" data-end=\"831\">\n<p data-start=\"730\" data-end=\"831\"><strong data-start=\"730\" data-end=\"745\">Mo\u017cliwo\u015bci:<\/strong> wersje z szyb\u0105 VSG lub drzwi pe\u0142ne bez szyby.<\/p>\n<\/li>\n<li data-section-id=\"lhymqi\" data-start=\"832\" data-end=\"997\">\n<p data-start=\"834\" data-end=\"997\"><strong data-start=\"834\" data-end=\"846\">Dodatki:<\/strong> wersje bezprzylgowe, przesuwne lub z r\u00f3\u017cnymi zamkami i podci\u0119ciem wentylacyjnym s\u0105 zwykle dost\u0119pne za dop\u0142at\u0105.<\/p>\n<\/li>\n<\/ul>\n<h4 data-start=\"999\" data-end=\"1032\">\ud83d\udca1 <strong data-start=\"1007\" data-end=\"1032\">Dla kogo s\u0105 te drzwi?<\/strong><\/h4>\n<p data-start=\"1033\" data-end=\"1339\">\u2013 \u015awietnie sprawdz\u0105 si\u0119 jako <strong data-start=\"1062\" data-end=\"1082\">drzwi wewn\u0119trzne<\/strong> w salonie, kuchni czy pokojach \u2013 szczeg\u00f3lnie tam, gdzie chcesz zachowa\u0107 \u015bwiat\u0142o i nowoczesny wygl\u0105d wn\u0119trza. <br data-start=\"1229\" data-end=\"1232\" \/>\u2013 Czarna szyba VSG dodaje im eleganckiego, designerskiego charakteru.<\/p>\n<hr data-start=\"1341\" data-end=\"1344\" \/>\n<h3 data-section-id=\"mtx15g\" data-start=\"1346\" data-end=\"1381\">\ud83d\udee0\ufe0f <strong data-start=\"1354\" data-end=\"1381\">Kilka uwag praktycznych<\/strong><\/h3>\n<ul data-start=\"1382\" data-end=\"1715\">\n<li data-section-id=\"1460y7u\" data-start=\"1382\" data-end=\"1520\">\n<p data-start=\"1384\" data-end=\"1520\">Cena samego skrzyd\u0142a zazwyczaj nie obejmuje <strong data-start=\"1428\" data-end=\"1453\">o\u015bcie\u017cnicy ani klamki<\/strong> \u2013 trzeba je dobra\u0107 osobno.<\/p>\n<\/li>\n<li data-section-id=\"1jwlobj\" data-start=\"1521\" data-end=\"1632\">\n<p data-start=\"1523\" data-end=\"1632\">Czas realizacji jest zwykle <strong data-start=\"1551\" data-end=\"1567\">2\u20133 tygodnie<\/strong> dla produkt\u00f3w Windoor.<\/p>\n<\/li>\n<li data-section-id=\"isk6en\" data-start=\"1633\" data-end=\"1715\">\n<p data-start=\"1635\" data-end=\"1715\">Warianty kolorystyczne wp\u0142ywaj\u0105 na cen\u0119.<\/p>\n<\/li>\n<\/ul>\n<hr data-start=\"1717\" data-end=\"1720\" \/>\n<h3 data-section-id=\"2mbg9q\" data-start=\"1722\" data-end=\"1764\">\ud83e\ude91 Podobne modele z czarnym szk\u0142em VSG<\/h3>\n<p data-start=\"1765\" data-end=\"1869\">Tu s\u0105 inne cz\u0119sto oferowane drzwi z czarn\u0105 szyb\u0105 od tej samej lub podobnej linii, kt\u00f3re mo\u017cesz por\u00f3wna\u0107:<\/p>\n<ul data-start=\"1871\" data-end=\"2218\">\n<li data-section-id=\"1l9ssrz\" data-start=\"1871\" data-end=\"1973\">\n<p data-start=\"1873\" data-end=\"1973\"><strong data-start=\"1873\" data-end=\"1916\"><span class=\"inline align-baseline\"><span class=\"whitespace-normal\"><span class=\"hover:entity-accent entity-underline cursor-pointer\">Suzano Windoor &#8211; drzwi pokojowe z przeszkleniem<\/span><\/span><\/span><\/strong> \u2013 inny sklep z podobnym modelem w wariancie pokojowym.<\/p>\n<\/li>\n<li data-section-id=\"15toxq1\" data-start=\"1974\" data-end=\"2042\">\n<p data-start=\"1976\" data-end=\"2042\"><strong data-start=\"1976\" data-end=\"2019\"><span class=\"inline align-baseline\"><span class=\"whitespace-normal\"><span class=\"hover:entity-accent entity-underline cursor-pointer\">Suzano Windoor &#8211; \u0142azienkowe drzwi z przeszkleniem<\/span><\/span><\/span><\/strong> \u2013 wersja \u0142azienkowa.<\/p>\n<\/li>\n<li data-section-id=\"2kc7d7\" data-start=\"2043\" data-end=\"2136\">\n<p data-start=\"2045\" data-end=\"2136\"><strong data-start=\"2045\" data-end=\"2088\"><span class=\"inline align-baseline\"><span class=\"whitespace-normal\"><span class=\"hover:entity-accent entity-underline cursor-pointer\">Limes Czarna szyba VSG nowoczesne drzwi<\/span><\/span><\/span><\/strong> \u2013 alternatywna propozycja z czarn\u0105 szyb\u0105 VSG.<\/p>\n<\/li>\n<li data-section-id=\"kd98sb\" data-start=\"2137\" data-end=\"2218\">\n<p data-start=\"2139\" data-end=\"2218\"><strong data-start=\"2139\" data-end=\"2182\"><span class=\"inline align-baseline\"><span class=\"whitespace-normal\"><span class=\"hover:entity-accent entity-underline cursor-pointer\">Solidne Ramowe Drzwi WinDoor Suzano Przylgowe Bezprzylgowe S<\/span><\/span><\/span><\/strong> \u2013 ta\u0144sza oferta na podobny model.<\/p>\n<\/li>\n<\/ul>\n<p>&nbsp;<\/p>\n<p>&nbsp;<\/p>\n<p>Poszukujesz drzwi, kt\u00f3re nie tylko b\u0119d\u0105 funkcjonalne, ale tak\u017ce nadadz\u0105 Twojemu wn\u0119trzu wyj\u0105tkowy, nowoczesny styl? Chcesz, aby by\u0142y trwa\u0142e, estetyczne i \u0142atwe w konserwacji? Oto nasza propozycja \u2013 Drzwi Ramiakowe Model SUZANO!<\/p>\n<h4>Dlaczego warto wybra\u0107 nasze drzwi ramiakowe SUZANO?<\/h4>\n<p>Nasze drzwi ramiakowe to kwintesencja wysokiej jako\u015bci i nowoczesnego designu. Dzi\u0119ki solidnej konstrukcji i estetycznemu wygl\u0105dowi, doskonale sprawdz\u0105 si\u0119 w ka\u017cdym wn\u0119trzu.<\/p>\n<p><strong>Najwa\u017cniejsze cechy:<\/strong><\/p>\n<ul>\n<li><strong>Wysoka jako\u015b\u0107 i trwa\u0142o\u015b\u0107:<\/strong> Wykonane z pe\u0142nej p\u0142yty MDF, drzwi te s\u0105 wyj\u0105tkowo odporne na wszelkie uszkodzenia mechaniczne, co gwarantuje ich d\u0142ugowieczno\u015b\u0107.<\/li>\n<li><strong>Nowoczesny design:<\/strong> Drzwi dost\u0119pne s\u0105 w eleganckim bia\u0142ym kolorze, kt\u00f3ry pasuje do wi\u0119kszo\u015bci nowoczesnych aran\u017cacji wn\u0119trz.<\/li>\n<li><strong>Technologia SOFTLine:<\/strong> Profile drzwi wykonane s\u0105 w technologii SOFTLine, kt\u00f3ra wyr\u00f3\u017cnia si\u0119 brakiem \u0142\u0105cze\u0144 okleiny na kraw\u0119dziach, co dodaje im estetycznego wygl\u0105du.<\/li>\n<li><strong>Stabilna konstrukcja:<\/strong> Technologia czopowania i ko\u0142kowania u\u017cyta do po\u0142\u0105czenia element\u00f3w pionowych i poziomych zapobiega wypaczaniu oraz opuszczaniu drzwi, nawet podczas wieloletniego u\u017cytkowania.<\/li>\n<li><strong>Komfort u\u017cytkowania:<\/strong> Drzwi wyposa\u017cone s\u0105 w 3 wkr\u0119cane zawiasy oraz szk\u0142o czarne VSG wzmacniane o grubo\u015bci 4mm, co zapewnia \u0142atwo\u015b\u0107 monta\u017cu, stabilno\u015b\u0107 i dodatkow\u0105 wytrzyma\u0142o\u015b\u0107.<\/li>\n<\/ul>\n<p><strong>Dost\u0119pne szeroko\u015bci:<\/strong> 60, 70, 80, 90<br \/>\n<strong>Wymiary drzwi:<\/strong> 2035 x 644\/744\/844\/944 x 40 mm<br \/>\n<strong>Pokrycie drzwi:<\/strong> folia finish<br \/>\n<strong>Wyposa\u017cenie drzwi:<\/strong> 3 zawiasy w kolorze srebra z regulacj\u0105 2D<br \/>\n<strong>Gwarancja producenta:<\/strong> 2 lata<\/p>\n<h3>Idealne do ka\u017cdego wn\u0119trza<\/h3>\n<p>Te drzwi doskonale sprawdz\u0105 si\u0119 zar\u00f3wno w nowoczesnych loftach, jak i eleganckich, klasycznych wn\u0119trzach. Dzi\u0119ki swojej uniwersalno\u015bci, mog\u0105 by\u0107 zastosowane w r\u00f3\u017cnych pomieszczeniach \u2013 od kuchni, przez salon, a\u017c po biura i gabinety.<\/p>\n<h3>Dodaj nowoczesny akcent do swojego domu ju\u017c dzi\u015b!<\/h3>\n<p>Nie czekaj \u2013 zadbaj o styl i funkcjonalno\u015b\u0107 swojego wn\u0119trza z naszymi drzwiami ramiakowymi SUZANO. Kliknij \u201eDodaj do koszyka\u201d i ciesz si\u0119 wysok\u0105 jako\u015bci\u0105 oraz nowoczesnym designem ka\u017cdego dnia.<\/p>\n<p>Sprawd\u017a nasz\u0105 ofert\u0119 i wybierz drzwi, kt\u00f3re spe\u0142ni\u0105 wszystkie Twoje oczekiwania. Tw\u00f3j dom zas\u0142uguje na najlepsze!<\/p>\n<p>&nbsp;<\/p>\n<p><b>1. \u0141AZIENKA \/z podci\u0119ciem +50z\u0142 \/\u00a0 \u00a0|\u00a0 \u00a02. POK\u00d3J\u00a0 \u00a0|\u00a0 \u00a0<\/b><\/p>\n<p><b>CENA DRZWI (szt.) &#8211; Standard: 557 z\u0142\u00a0 \/\u00a0 Premium: 629 z\u0142 \/ Polipropylen PP: 669z\u0142 \/<\/b><\/p>\n<p>(cena za samo skrzyd\u0142o bez o\u015bcie\u017cnicy i klamki)<\/p>\n<p>Opcje za dop\u0142at\u0105:<\/p>\n<ul>\n<li>DRZWI BEZPRZYLGOWE +120z\u0142<\/li>\n<li>DRZWI PRZESUWNE Z POCHWYTEM +200z\u0142<\/li>\n<\/ul>\n<p>&nbsp;<\/p>\n<p><img data-recalc-dims=\"1\" loading=\"lazy\" decoding=\"async\" data-attachment-id=\"7469\" data-permalink=\"https:\/\/drzwitarasy.pl\/?attachment_id=7469\" data-orig-file=\"https:\/\/i0.wp.com\/drzwitarasy.pl\/wp-content\/uploads\/2025\/01\/SUZANO-BLACK-WSZYSTKIE-nowe.jpg?fit=1232%2C1827&amp;ssl=1\" data-orig-size=\"1232,1827\" data-comments-opened=\"0\" data-image-meta=\"{&quot;aperture&quot;:&quot;0&quot;,&quot;credit&quot;:&quot;&quot;,&quot;camera&quot;:&quot;&quot;,&quot;caption&quot;:&quot;0ce4c7f751ea485c8c085edf2bc3dc2d7ca9459fe09ee62ae40083a452a1c35a6304367d16375333b1a45b95691c8ebd63a7d493875a37460c2057852fba4f769bf65a45535f8c26f06183378d9cd779&quot;,&quot;created_timestamp&quot;:&quot;0&quot;,&quot;copyright&quot;:&quot;&quot;,&quot;focal_length&quot;:&quot;0&quot;,&quot;iso&quot;:&quot;0&quot;,&quot;shutter_speed&quot;:&quot;0&quot;,&quot;title&quot;:&quot;&quot;,&quot;orientation&quot;:&quot;1&quot;}\" data-image-title=\"SUZANO BLACK WSZYSTKIE nowe\" data-image-description=\"\" data-image-caption=\"\" data-large-file=\"https:\/\/i0.wp.com\/drzwitarasy.pl\/wp-content\/uploads\/2025\/01\/SUZANO-BLACK-WSZYSTKIE-nowe.jpg?fit=640%2C948&amp;ssl=1\" class=\"aligncenter size-full wp-image-7469\" src=\"https:\/\/i0.wp.com\/drzwitarasy.pl\/wp-content\/uploads\/2025\/01\/SUZANO-BLACK-WSZYSTKIE-nowe.jpg?resize=640%2C949&#038;ssl=1\" alt=\"\" width=\"640\" height=\"949\" srcset=\"https:\/\/i0.wp.com\/drzwitarasy.pl\/wp-content\/uploads\/2025\/01\/SUZANO-BLACK-WSZYSTKIE-nowe.jpg?w=1232&amp;ssl=1 1232w, https:\/\/i0.wp.com\/drzwitarasy.pl\/wp-content\/uploads\/2025\/01\/SUZANO-BLACK-WSZYSTKIE-nowe.jpg?resize=202%2C300&amp;ssl=1 202w, https:\/\/i0.wp.com\/drzwitarasy.pl\/wp-content\/uploads\/2025\/01\/SUZANO-BLACK-WSZYSTKIE-nowe.jpg?resize=691%2C1024&amp;ssl=1 691w, https:\/\/i0.wp.com\/drzwitarasy.pl\/wp-content\/uploads\/2025\/01\/SUZANO-BLACK-WSZYSTKIE-nowe.jpg?resize=768%2C1139&amp;ssl=1 768w, https:\/\/i0.wp.com\/drzwitarasy.pl\/wp-content\/uploads\/2025\/01\/SUZANO-BLACK-WSZYSTKIE-nowe.jpg?resize=1036%2C1536&amp;ssl=1 1036w, https:\/\/i0.wp.com\/drzwitarasy.pl\/wp-content\/uploads\/2025\/01\/SUZANO-BLACK-WSZYSTKIE-nowe.jpg?resize=300%2C445&amp;ssl=1 300w, https:\/\/i0.wp.com\/drzwitarasy.pl\/wp-content\/uploads\/2025\/01\/SUZANO-BLACK-WSZYSTKIE-nowe.jpg?resize=600%2C890&amp;ssl=1 600w\" sizes=\"auto, (max-width: 640px) 100vw, 640px\" \/><\/p>\n<h1><\/h1>\n<p><img data-recalc-dims=\"1\" loading=\"lazy\" decoding=\"async\" data-attachment-id=\"4460\" data-permalink=\"https:\/\/drzwitarasy.pl\/?attachment_id=4460\" data-orig-file=\"https:\/\/i0.wp.com\/drzwitarasy.pl\/wp-content\/uploads\/2024\/11\/KONTAKT-ok.jpg?fit=1619%2C1410&amp;ssl=1\" data-orig-size=\"1619,1410\" data-comments-opened=\"0\" data-image-meta=\"{&quot;aperture&quot;:&quot;0&quot;,&quot;credit&quot;:&quot;&quot;,&quot;camera&quot;:&quot;&quot;,&quot;caption&quot;:&quot;&quot;,&quot;created_timestamp&quot;:&quot;0&quot;,&quot;copyright&quot;:&quot;&quot;,&quot;focal_length&quot;:&quot;0&quot;,&quot;iso&quot;:&quot;0&quot;,&quot;shutter_speed&quot;:&quot;0&quot;,&quot;title&quot;:&quot;&quot;,&quot;orientation&quot;:&quot;1&quot;}\" data-image-title=\"KONTAKT ok\" data-image-description=\"\" data-image-caption=\"\" data-large-file=\"https:\/\/i0.wp.com\/drzwitarasy.pl\/wp-content\/uploads\/2024\/11\/KONTAKT-ok.jpg?fit=640%2C558&amp;ssl=1\" class=\"aligncenter size-full wp-image-4460\" src=\"https:\/\/i0.wp.com\/drzwitarasy.pl\/wp-content\/uploads\/2024\/11\/KONTAKT-ok.jpg?resize=640%2C557&#038;ssl=1\" alt=\"\" width=\"640\" height=\"557\" srcset=\"https:\/\/i0.wp.com\/drzwitarasy.pl\/wp-content\/uploads\/2024\/11\/KONTAKT-ok.jpg?w=1619&amp;ssl=1 1619w, https:\/\/i0.wp.com\/drzwitarasy.pl\/wp-content\/uploads\/2024\/11\/KONTAKT-ok.jpg?resize=300%2C261&amp;ssl=1 300w, https:\/\/i0.wp.com\/drzwitarasy.pl\/wp-content\/uploads\/2024\/11\/KONTAKT-ok.jpg?resize=600%2C523&amp;ssl=1 600w, https:\/\/i0.wp.com\/drzwitarasy.pl\/wp-content\/uploads\/2024\/11\/KONTAKT-ok.jpg?resize=1024%2C892&amp;ssl=1 1024w, https:\/\/i0.wp.com\/drzwitarasy.pl\/wp-content\/uploads\/2024\/11\/KONTAKT-ok.jpg?resize=768%2C669&amp;ssl=1 768w, https:\/\/i0.wp.com\/drzwitarasy.pl\/wp-content\/uploads\/2024\/11\/KONTAKT-ok.jpg?resize=1536%2C1338&amp;ssl=1 1536w, https:\/\/i0.wp.com\/drzwitarasy.pl\/wp-content\/uploads\/2024\/11\/KONTAKT-ok.jpg?w=1280&amp;ssl=1 1280w\" sizes=\"auto, (max-width: 640px) 100vw, 640px\" \/><\/p>\n<p>&nbsp;<\/p>\n","protected":false},"excerpt":{"rendered":"<p>SOLIDNE DRZWI RAMOWE<\/p>\n","protected":false},"featured_media":7473,"template":"","meta":{"_acf_changed":false,"jetpack_publicize_message":"","jetpack_publicize_feature_enabled":true,"jetpack_social_post_already_shared":false,"jetpack_social_options":{"image_generator_settings":{"template":"highway","default_image_id":0,"font":"","enabled":false},"version":2}},"product_brand":[527],"product_cat":[30,21,516,597],"product_tag":[226,179,410,413,173],"class_list":{"0":"post-4388","1":"product","2":"type-product","3":"status-publish","4":"has-post-thumbnail","6":"product_brand-windoor","7":"product_cat-drzwi-prestige","8":"product_cat-drzwi-wewnetrzne","9":"product_cat-windoor","10":"product_cat-suzano","11":"product_tag-czarna-szyba","12":"product_tag-drzwi-wewnetrzne","13":"product_tag-solidne-drzwi","14":"product_tag-suzano","15":"product_tag-windoor","16":"product_shipping_class-drzwi-windoor","18":"first","19":"instock","20":"sale","21":"featured","22":"shipping-taxable","23":"purchasable","24":"product-type-simple","25":"add-to-wishlist-after_add_to_cart"},"acf":[],"aioseo_notices":[],"jetpack_publicize_connections":[],"jetpack_sharing_enabled":true,"jetpack_likes_enabled":true,"_links":{"self":[{"href":"https:\/\/drzwitarasy.pl\/index.php?rest_route=\/wp\/v2\/product\/4388","targetHints":{"allow":["GET"]}}],"collection":[{"href":"https:\/\/drzwitarasy.pl\/index.php?rest_route=\/wp\/v2\/product"}],"about":[{"href":"https:\/\/drzwitarasy.pl\/index.php?rest_route=\/wp\/v2\/types\/product"}],"wp:featuredmedia":[{"embeddable":true,"href":"https:\/\/drzwitarasy.pl\/index.php?rest_route=\/wp\/v2\/media\/7473"}],"wp:attachment":[{"href":"https:\/\/drzwitarasy.pl\/index.php?rest_route=%2Fwp%2Fv2%2Fmedia&parent=4388"}],"wp:term":[{"taxonomy":"product_brand","embeddable":true,"href":"https:\/\/drzwitarasy.pl\/index.php?rest_route=%2Fwp%2Fv2%2Fproduct_brand&post=4388"},{"taxonomy":"product_cat","embeddable":true,"href":"https:\/\/drzwitarasy.pl\/index.php?rest_route=%2Fwp%2Fv2%2Fproduct_cat&post=4388"},{"taxonomy":"product_tag","embeddable":true,"href":"https:\/\/drzwitarasy.pl\/index.php?rest_route=%2Fwp%2Fv2%2Fproduct_tag&post=4388"}],"curies":[{"name":"wp","href":"https:\/\/api.w.org\/{rel}","templated":true}]}}