{"id":4130,"date":"2024-10-24T00:54:42","date_gmt":"2024-10-23T22:54:42","guid":{"rendered":"https:\/\/drzwitarasy.pl\/?post_type=product&#038;p=4130"},"modified":"2026-01-11T22:22:13","modified_gmt":"2026-01-11T21:22:13","slug":"zestaw-startstop-lamdeco-tre-bianco","status":"publish","type":"product","link":"https:\/\/drzwitarasy.pl\/?product=zestaw-startstop-lamdeco-tre-bianco","title":{"rendered":"Zestaw start+stop LAMDECO Tre bianco"},"content":{"rendered":"<h1 class=\"product_title entry-title\">Zestaw start+stop LAMDECO Tre bianco &#8211; na bia\u0142ej p\u0142ycie.<\/h1>\n<h1 class=\"product_title entry-title\"><\/h1>\n<p>Panele lamelowe\u00a0<b>LAMDECO\u00a0<\/b>to funkcjonalne rozwi\u0105zanie, kt\u00f3re dodaje charakteru i stylu ka\u017cdemu pomieszczeniu. Lamele dekoracyjne wykonane z wysokiej jako\u015bci materia\u0142u MDF, gwarantuj\u0105 nie tylko estetyczny wygl\u0105d, nowoczesny design, ale tak\u017ce praktyczne korzy\u015bci wynikaj\u0105ce z prostoty monta\u017cu.<\/p>\n<p>&nbsp;<\/p>\n<p>&nbsp;<\/p>\n<h1><img data-recalc-dims=\"1\" loading=\"lazy\" decoding=\"async\" data-attachment-id=\"4140\" data-permalink=\"https:\/\/drzwitarasy.pl\/?attachment_id=4140\" data-orig-file=\"https:\/\/i0.wp.com\/drzwitarasy.pl\/wp-content\/uploads\/2024\/10\/tre-bianco-white-ss-300x525-START-STOP.jpg?fit=300%2C525&amp;ssl=1\" data-orig-size=\"300,525\" data-comments-opened=\"0\" data-image-meta=\"{&quot;aperture&quot;:&quot;0&quot;,&quot;credit&quot;:&quot;&quot;,&quot;camera&quot;:&quot;&quot;,&quot;caption&quot;:&quot;&quot;,&quot;created_timestamp&quot;:&quot;0&quot;,&quot;copyright&quot;:&quot;&quot;,&quot;focal_length&quot;:&quot;0&quot;,&quot;iso&quot;:&quot;0&quot;,&quot;shutter_speed&quot;:&quot;0&quot;,&quot;title&quot;:&quot;&quot;,&quot;orientation&quot;:&quot;1&quot;}\" data-image-title=\"tre-bianco-white-ss-300&amp;#215;525 START STOP\" data-image-description=\"\" data-image-caption=\"\" data-large-file=\"https:\/\/i0.wp.com\/drzwitarasy.pl\/wp-content\/uploads\/2024\/10\/tre-bianco-white-ss-300x525-START-STOP.jpg?fit=300%2C525&amp;ssl=1\" class=\"alignnone size-medium wp-image-4140\" src=\"https:\/\/i0.wp.com\/drzwitarasy.pl\/wp-content\/uploads\/2024\/10\/tre-bianco-white-ss-300x525-START-STOP.jpg?resize=171%2C300&#038;ssl=1\" alt=\"\" width=\"171\" height=\"300\" srcset=\"https:\/\/i0.wp.com\/drzwitarasy.pl\/wp-content\/uploads\/2024\/10\/tre-bianco-white-ss-300x525-START-STOP.jpg?resize=171%2C300&amp;ssl=1 171w, https:\/\/i0.wp.com\/drzwitarasy.pl\/wp-content\/uploads\/2024\/10\/tre-bianco-white-ss-300x525-START-STOP.jpg?w=300&amp;ssl=1 300w\" sizes=\"auto, (max-width: 171px) 100vw, 171px\" \/> <img data-recalc-dims=\"1\" loading=\"lazy\" decoding=\"async\" data-attachment-id=\"4139\" data-permalink=\"https:\/\/drzwitarasy.pl\/?attachment_id=4139\" data-orig-file=\"https:\/\/i0.wp.com\/drzwitarasy.pl\/wp-content\/uploads\/2024\/10\/tre-bianco-walnut_north-ss-300x525-START-STOP.jpg?fit=300%2C525&amp;ssl=1\" data-orig-size=\"300,525\" data-comments-opened=\"0\" data-image-meta=\"{&quot;aperture&quot;:&quot;0&quot;,&quot;credit&quot;:&quot;&quot;,&quot;camera&quot;:&quot;&quot;,&quot;caption&quot;:&quot;&quot;,&quot;created_timestamp&quot;:&quot;0&quot;,&quot;copyright&quot;:&quot;&quot;,&quot;focal_length&quot;:&quot;0&quot;,&quot;iso&quot;:&quot;0&quot;,&quot;shutter_speed&quot;:&quot;0&quot;,&quot;title&quot;:&quot;&quot;,&quot;orientation&quot;:&quot;1&quot;}\" data-image-title=\"tre-bianco-walnut_north-ss-300&amp;#215;525 START STOP\" data-image-description=\"\" data-image-caption=\"\" data-large-file=\"https:\/\/i0.wp.com\/drzwitarasy.pl\/wp-content\/uploads\/2024\/10\/tre-bianco-walnut_north-ss-300x525-START-STOP.jpg?fit=300%2C525&amp;ssl=1\" class=\"alignnone size-medium wp-image-4139\" src=\"https:\/\/i0.wp.com\/drzwitarasy.pl\/wp-content\/uploads\/2024\/10\/tre-bianco-walnut_north-ss-300x525-START-STOP.jpg?resize=171%2C300&#038;ssl=1\" alt=\"\" width=\"171\" height=\"300\" srcset=\"https:\/\/i0.wp.com\/drzwitarasy.pl\/wp-content\/uploads\/2024\/10\/tre-bianco-walnut_north-ss-300x525-START-STOP.jpg?resize=171%2C300&amp;ssl=1 171w, https:\/\/i0.wp.com\/drzwitarasy.pl\/wp-content\/uploads\/2024\/10\/tre-bianco-walnut_north-ss-300x525-START-STOP.jpg?w=300&amp;ssl=1 300w\" sizes=\"auto, (max-width: 171px) 100vw, 171px\" \/> <img data-recalc-dims=\"1\" loading=\"lazy\" decoding=\"async\" data-attachment-id=\"4138\" data-permalink=\"https:\/\/drzwitarasy.pl\/?attachment_id=4138\" data-orig-file=\"https:\/\/i0.wp.com\/drzwitarasy.pl\/wp-content\/uploads\/2024\/10\/tre-bianco-mountain_oak-ss-300x525-START-STOP-1.jpg?fit=300%2C525&amp;ssl=1\" data-orig-size=\"300,525\" data-comments-opened=\"0\" data-image-meta=\"{&quot;aperture&quot;:&quot;0&quot;,&quot;credit&quot;:&quot;&quot;,&quot;camera&quot;:&quot;&quot;,&quot;caption&quot;:&quot;&quot;,&quot;created_timestamp&quot;:&quot;0&quot;,&quot;copyright&quot;:&quot;&quot;,&quot;focal_length&quot;:&quot;0&quot;,&quot;iso&quot;:&quot;0&quot;,&quot;shutter_speed&quot;:&quot;0&quot;,&quot;title&quot;:&quot;&quot;,&quot;orientation&quot;:&quot;1&quot;}\" data-image-title=\"tre-bianco-mountain_oak-ss-300&amp;#215;525 START STOP\" data-image-description=\"\" data-image-caption=\"\" data-large-file=\"https:\/\/i0.wp.com\/drzwitarasy.pl\/wp-content\/uploads\/2024\/10\/tre-bianco-mountain_oak-ss-300x525-START-STOP-1.jpg?fit=300%2C525&amp;ssl=1\" class=\"alignnone size-medium wp-image-4138\" src=\"https:\/\/i0.wp.com\/drzwitarasy.pl\/wp-content\/uploads\/2024\/10\/tre-bianco-mountain_oak-ss-300x525-START-STOP-1.jpg?resize=171%2C300&#038;ssl=1\" alt=\"\" width=\"171\" height=\"300\" srcset=\"https:\/\/i0.wp.com\/drzwitarasy.pl\/wp-content\/uploads\/2024\/10\/tre-bianco-mountain_oak-ss-300x525-START-STOP-1.jpg?resize=171%2C300&amp;ssl=1 171w, https:\/\/i0.wp.com\/drzwitarasy.pl\/wp-content\/uploads\/2024\/10\/tre-bianco-mountain_oak-ss-300x525-START-STOP-1.jpg?w=300&amp;ssl=1 300w\" sizes=\"auto, (max-width: 171px) 100vw, 171px\" \/> <img data-recalc-dims=\"1\" loading=\"lazy\" decoding=\"async\" data-attachment-id=\"4137\" data-permalink=\"https:\/\/drzwitarasy.pl\/?attachment_id=4137\" data-orig-file=\"https:\/\/i0.wp.com\/drzwitarasy.pl\/wp-content\/uploads\/2024\/10\/tre-bianco-gray-ss-300x525-START-STOP.jpg?fit=300%2C525&amp;ssl=1\" data-orig-size=\"300,525\" data-comments-opened=\"0\" data-image-meta=\"{&quot;aperture&quot;:&quot;0&quot;,&quot;credit&quot;:&quot;&quot;,&quot;camera&quot;:&quot;&quot;,&quot;caption&quot;:&quot;&quot;,&quot;created_timestamp&quot;:&quot;0&quot;,&quot;copyright&quot;:&quot;&quot;,&quot;focal_length&quot;:&quot;0&quot;,&quot;iso&quot;:&quot;0&quot;,&quot;shutter_speed&quot;:&quot;0&quot;,&quot;title&quot;:&quot;&quot;,&quot;orientation&quot;:&quot;1&quot;}\" data-image-title=\"tre-bianco-gray-ss-300&amp;#215;525 START STOP\" data-image-description=\"\" data-image-caption=\"\" data-large-file=\"https:\/\/i0.wp.com\/drzwitarasy.pl\/wp-content\/uploads\/2024\/10\/tre-bianco-gray-ss-300x525-START-STOP.jpg?fit=300%2C525&amp;ssl=1\" class=\"alignnone size-medium wp-image-4137\" src=\"https:\/\/i0.wp.com\/drzwitarasy.pl\/wp-content\/uploads\/2024\/10\/tre-bianco-gray-ss-300x525-START-STOP.jpg?resize=171%2C300&#038;ssl=1\" alt=\"\" width=\"171\" height=\"300\" srcset=\"https:\/\/i0.wp.com\/drzwitarasy.pl\/wp-content\/uploads\/2024\/10\/tre-bianco-gray-ss-300x525-START-STOP.jpg?resize=171%2C300&amp;ssl=1 171w, https:\/\/i0.wp.com\/drzwitarasy.pl\/wp-content\/uploads\/2024\/10\/tre-bianco-gray-ss-300x525-START-STOP.jpg?w=300&amp;ssl=1 300w\" sizes=\"auto, (max-width: 171px) 100vw, 171px\" \/> <img data-recalc-dims=\"1\" loading=\"lazy\" decoding=\"async\" data-attachment-id=\"4136\" data-permalink=\"https:\/\/drzwitarasy.pl\/?attachment_id=4136\" data-orig-file=\"https:\/\/i0.wp.com\/drzwitarasy.pl\/wp-content\/uploads\/2024\/10\/tre-bianco-black-ss-300x525-START-STOP.jpg?fit=300%2C525&amp;ssl=1\" data-orig-size=\"300,525\" data-comments-opened=\"0\" data-image-meta=\"{&quot;aperture&quot;:&quot;0&quot;,&quot;credit&quot;:&quot;&quot;,&quot;camera&quot;:&quot;&quot;,&quot;caption&quot;:&quot;&quot;,&quot;created_timestamp&quot;:&quot;0&quot;,&quot;copyright&quot;:&quot;&quot;,&quot;focal_length&quot;:&quot;0&quot;,&quot;iso&quot;:&quot;0&quot;,&quot;shutter_speed&quot;:&quot;0&quot;,&quot;title&quot;:&quot;&quot;,&quot;orientation&quot;:&quot;1&quot;}\" data-image-title=\"tre-bianco-black-ss-300&amp;#215;525 START STOP\" data-image-description=\"\" data-image-caption=\"\" data-large-file=\"https:\/\/i0.wp.com\/drzwitarasy.pl\/wp-content\/uploads\/2024\/10\/tre-bianco-black-ss-300x525-START-STOP.jpg?fit=300%2C525&amp;ssl=1\" class=\"alignnone size-medium wp-image-4136\" src=\"https:\/\/i0.wp.com\/drzwitarasy.pl\/wp-content\/uploads\/2024\/10\/tre-bianco-black-ss-300x525-START-STOP.jpg?resize=171%2C300&#038;ssl=1\" alt=\"\" width=\"171\" height=\"300\" srcset=\"https:\/\/i0.wp.com\/drzwitarasy.pl\/wp-content\/uploads\/2024\/10\/tre-bianco-black-ss-300x525-START-STOP.jpg?resize=171%2C300&amp;ssl=1 171w, https:\/\/i0.wp.com\/drzwitarasy.pl\/wp-content\/uploads\/2024\/10\/tre-bianco-black-ss-300x525-START-STOP.jpg?w=300&amp;ssl=1 300w\" sizes=\"auto, (max-width: 171px) 100vw, 171px\" \/><\/h1>\n<p><img data-recalc-dims=\"1\" loading=\"lazy\" decoding=\"async\" data-attachment-id=\"4033\" data-permalink=\"https:\/\/drzwitarasy.pl\/?attachment_id=4033\" data-orig-file=\"https:\/\/i0.wp.com\/drzwitarasy.pl\/wp-content\/uploads\/2024\/10\/starowe-tre.jpg?fit=697%2C1954&amp;ssl=1\" data-orig-size=\"697,1954\" data-comments-opened=\"0\" data-image-meta=\"{&quot;aperture&quot;:&quot;0&quot;,&quot;credit&quot;:&quot;&quot;,&quot;camera&quot;:&quot;&quot;,&quot;caption&quot;:&quot;&quot;,&quot;created_timestamp&quot;:&quot;0&quot;,&quot;copyright&quot;:&quot;&quot;,&quot;focal_length&quot;:&quot;0&quot;,&quot;iso&quot;:&quot;0&quot;,&quot;shutter_speed&quot;:&quot;0&quot;,&quot;title&quot;:&quot;&quot;,&quot;orientation&quot;:&quot;0&quot;}\" data-image-title=\"starowe tre\" data-image-description=\"\" data-image-caption=\"\" data-large-file=\"https:\/\/i0.wp.com\/drzwitarasy.pl\/wp-content\/uploads\/2024\/10\/starowe-tre.jpg?fit=365%2C1024&amp;ssl=1\" class=\"aligncenter wp-image-4033 size-large\" src=\"https:\/\/i0.wp.com\/drzwitarasy.pl\/wp-content\/uploads\/2024\/10\/starowe-tre.jpg?resize=365%2C1024&#038;ssl=1\" alt=\"\" width=\"365\" height=\"1024\" srcset=\"https:\/\/i0.wp.com\/drzwitarasy.pl\/wp-content\/uploads\/2024\/10\/starowe-tre.jpg?resize=365%2C1024&amp;ssl=1 365w, https:\/\/i0.wp.com\/drzwitarasy.pl\/wp-content\/uploads\/2024\/10\/starowe-tre.jpg?resize=300%2C841&amp;ssl=1 300w, https:\/\/i0.wp.com\/drzwitarasy.pl\/wp-content\/uploads\/2024\/10\/starowe-tre.jpg?resize=600%2C1682&amp;ssl=1 600w, https:\/\/i0.wp.com\/drzwitarasy.pl\/wp-content\/uploads\/2024\/10\/starowe-tre.jpg?resize=107%2C300&amp;ssl=1 107w, https:\/\/i0.wp.com\/drzwitarasy.pl\/wp-content\/uploads\/2024\/10\/starowe-tre.jpg?resize=548%2C1536&amp;ssl=1 548w, https:\/\/i0.wp.com\/drzwitarasy.pl\/wp-content\/uploads\/2024\/10\/starowe-tre.jpg?w=697&amp;ssl=1 697w\" sizes=\"auto, (max-width: 365px) 100vw, 365px\" \/><\/p>\n<p><img data-recalc-dims=\"1\" loading=\"lazy\" decoding=\"async\" data-attachment-id=\"4024\" data-permalink=\"https:\/\/drzwitarasy.pl\/?attachment_id=4024\" data-orig-file=\"https:\/\/i0.wp.com\/drzwitarasy.pl\/wp-content\/uploads\/2024\/10\/KOLORY-LAMELI-Z-OPISAMI-5SZT.jpg?fit=1027%2C401&amp;ssl=1\" data-orig-size=\"1027,401\" data-comments-opened=\"0\" data-image-meta=\"{&quot;aperture&quot;:&quot;0&quot;,&quot;credit&quot;:&quot;&quot;,&quot;camera&quot;:&quot;&quot;,&quot;caption&quot;:&quot;&quot;,&quot;created_timestamp&quot;:&quot;0&quot;,&quot;copyright&quot;:&quot;&quot;,&quot;focal_length&quot;:&quot;0&quot;,&quot;iso&quot;:&quot;0&quot;,&quot;shutter_speed&quot;:&quot;0&quot;,&quot;title&quot;:&quot;&quot;,&quot;orientation&quot;:&quot;1&quot;}\" data-image-title=\"KOLORY LAMELI Z OPISAMI 5SZT\" data-image-description=\"\" data-image-caption=\"\" data-large-file=\"https:\/\/i0.wp.com\/drzwitarasy.pl\/wp-content\/uploads\/2024\/10\/KOLORY-LAMELI-Z-OPISAMI-5SZT.jpg?fit=640%2C250&amp;ssl=1\" class=\"aligncenter wp-image-4024 size-full\" src=\"https:\/\/i0.wp.com\/drzwitarasy.pl\/wp-content\/uploads\/2024\/10\/KOLORY-LAMELI-Z-OPISAMI-5SZT.jpg?resize=640%2C250&#038;ssl=1\" alt=\"\" width=\"640\" height=\"250\" srcset=\"https:\/\/i0.wp.com\/drzwitarasy.pl\/wp-content\/uploads\/2024\/10\/KOLORY-LAMELI-Z-OPISAMI-5SZT.jpg?w=1027&amp;ssl=1 1027w, https:\/\/i0.wp.com\/drzwitarasy.pl\/wp-content\/uploads\/2024\/10\/KOLORY-LAMELI-Z-OPISAMI-5SZT.jpg?resize=300%2C117&amp;ssl=1 300w, https:\/\/i0.wp.com\/drzwitarasy.pl\/wp-content\/uploads\/2024\/10\/KOLORY-LAMELI-Z-OPISAMI-5SZT.jpg?resize=600%2C234&amp;ssl=1 600w, https:\/\/i0.wp.com\/drzwitarasy.pl\/wp-content\/uploads\/2024\/10\/KOLORY-LAMELI-Z-OPISAMI-5SZT.jpg?resize=1024%2C400&amp;ssl=1 1024w, https:\/\/i0.wp.com\/drzwitarasy.pl\/wp-content\/uploads\/2024\/10\/KOLORY-LAMELI-Z-OPISAMI-5SZT.jpg?resize=768%2C300&amp;ssl=1 768w\" sizes=\"auto, (max-width: 640px) 100vw, 640px\" \/><\/p>\n<p>&nbsp;<\/p>\n<p><img data-recalc-dims=\"1\" loading=\"lazy\" decoding=\"async\" data-attachment-id=\"4031\" data-permalink=\"https:\/\/drzwitarasy.pl\/?attachment_id=4031\" data-orig-file=\"https:\/\/i0.wp.com\/drzwitarasy.pl\/wp-content\/uploads\/2024\/10\/tre-laczenie-wymiary.jpg?fit=888%2C514&amp;ssl=1\" data-orig-size=\"888,514\" data-comments-opened=\"0\" data-image-meta=\"{&quot;aperture&quot;:&quot;0&quot;,&quot;credit&quot;:&quot;&quot;,&quot;camera&quot;:&quot;&quot;,&quot;caption&quot;:&quot;&quot;,&quot;created_timestamp&quot;:&quot;0&quot;,&quot;copyright&quot;:&quot;&quot;,&quot;focal_length&quot;:&quot;0&quot;,&quot;iso&quot;:&quot;0&quot;,&quot;shutter_speed&quot;:&quot;0&quot;,&quot;title&quot;:&quot;&quot;,&quot;orientation&quot;:&quot;1&quot;}\" data-image-title=\"tre \u0142\u0105czenie wymiary\" data-image-description=\"\" data-image-caption=\"\" data-large-file=\"https:\/\/i0.wp.com\/drzwitarasy.pl\/wp-content\/uploads\/2024\/10\/tre-laczenie-wymiary.jpg?fit=640%2C370&amp;ssl=1\" class=\"aligncenter wp-image-4031 size-full\" src=\"https:\/\/i0.wp.com\/drzwitarasy.pl\/wp-content\/uploads\/2024\/10\/tre-laczenie-wymiary.jpg?resize=640%2C370&#038;ssl=1\" alt=\"\" width=\"640\" height=\"370\" srcset=\"https:\/\/i0.wp.com\/drzwitarasy.pl\/wp-content\/uploads\/2024\/10\/tre-laczenie-wymiary.jpg?w=888&amp;ssl=1 888w, https:\/\/i0.wp.com\/drzwitarasy.pl\/wp-content\/uploads\/2024\/10\/tre-laczenie-wymiary.jpg?resize=300%2C174&amp;ssl=1 300w, https:\/\/i0.wp.com\/drzwitarasy.pl\/wp-content\/uploads\/2024\/10\/tre-laczenie-wymiary.jpg?resize=600%2C347&amp;ssl=1 600w, https:\/\/i0.wp.com\/drzwitarasy.pl\/wp-content\/uploads\/2024\/10\/tre-laczenie-wymiary.jpg?resize=768%2C445&amp;ssl=1 768w\" sizes=\"auto, (max-width: 640px) 100vw, 640px\" \/><\/p>\n<p>&nbsp;<\/p>\n<p>&nbsp;<\/p>\n<p>&nbsp;<\/p>\n<p>&nbsp;<\/p>\n<p>&nbsp;<\/p>\n<h1><\/h1>\n<p>&nbsp;<\/p>\n<p>&nbsp;<\/p>\n<p>&nbsp;<\/p>\n","protected":false},"excerpt":{"rendered":"<p>Zestaw start+stop LAMDECO Tre bianco &#8211; na bia\u0142ej p\u0142ycie. Panele lamelowe\u00a0LAMDECO\u00a0to funkcjonalne rozwi\u0105zanie, kt\u00f3re dodaje charakteru i stylu ka\u017cdemu pomieszczeniu. Lamele dekoracyjne wykonane z wysokiej jako\u015bci materia\u0142u MDF, gwarantuj\u0105 nie tylko estetyczny wygl\u0105d, nowoczesny design, ale tak\u017ce praktyczne korzy\u015bci wynikaj\u0105ce z prostoty monta\u017cu. &nbsp; &nbsp; &nbsp; &nbsp; &nbsp; &nbsp; &nbsp; &nbsp; &nbsp; &nbsp; &nbsp;<\/p>\n","protected":false},"featured_media":4137,"template":"","meta":{"_acf_changed":false,"jetpack_publicize_message":"","jetpack_publicize_feature_enabled":true,"jetpack_social_post_already_shared":false,"jetpack_social_options":{"image_generator_settings":{"template":"highway","default_image_id":0,"font":"","enabled":false},"version":2}},"product_brand":[527],"product_cat":[396,390],"product_tag":[405,400,398,404,399,173],"class_list":{"0":"post-4130","1":"product","2":"type-product","3":"status-publish","4":"has-post-thumbnail","6":"product_brand-windoor","7":"product_cat-lamdeco_tre","8":"product_cat-lamele","9":"product_tag-koncowy","10":"product_tag-lamele","11":"product_tag-lamele-scienne","12":"product_tag-startowy","13":"product_tag-tre-bianco","14":"product_tag-windoor","16":"first","17":"instock","18":"shipping-taxable","19":"product-type-simple","20":"add-to-wishlist-after_add_to_cart"},"acf":[],"aioseo_notices":[],"jetpack_publicize_connections":[],"jetpack_sharing_enabled":true,"jetpack_likes_enabled":true,"_links":{"self":[{"href":"https:\/\/drzwitarasy.pl\/index.php?rest_route=\/wp\/v2\/product\/4130","targetHints":{"allow":["GET"]}}],"collection":[{"href":"https:\/\/drzwitarasy.pl\/index.php?rest_route=\/wp\/v2\/product"}],"about":[{"href":"https:\/\/drzwitarasy.pl\/index.php?rest_route=\/wp\/v2\/types\/product"}],"wp:featuredmedia":[{"embeddable":true,"href":"https:\/\/drzwitarasy.pl\/index.php?rest_route=\/wp\/v2\/media\/4137"}],"wp:attachment":[{"href":"https:\/\/drzwitarasy.pl\/index.php?rest_route=%2Fwp%2Fv2%2Fmedia&parent=4130"}],"wp:term":[{"taxonomy":"product_brand","embeddable":true,"href":"https:\/\/drzwitarasy.pl\/index.php?rest_route=%2Fwp%2Fv2%2Fproduct_brand&post=4130"},{"taxonomy":"product_cat","embeddable":true,"href":"https:\/\/drzwitarasy.pl\/index.php?rest_route=%2Fwp%2Fv2%2Fproduct_cat&post=4130"},{"taxonomy":"product_tag","embeddable":true,"href":"https:\/\/drzwitarasy.pl\/index.php?rest_route=%2Fwp%2Fv2%2Fproduct_tag&post=4130"}],"curies":[{"name":"wp","href":"https:\/\/api.w.org\/{rel}","templated":true}]}}