{"id":409,"date":"2019-01-29T14:19:03","date_gmt":"2019-01-29T13:19:03","guid":{"rendered":"http:\/\/drzwitarasy.pl\/?post_type=product&#038;p=409"},"modified":"2026-01-09T21:51:02","modified_gmt":"2026-01-09T20:51:02","slug":"listwa-wykonczeniowa-l","status":"publish","type":"product","link":"https:\/\/drzwitarasy.pl\/?product=listwa-wykonczeniowa-l","title":{"rendered":"Listwa wyko\u0144czeniowa &#8222;L&#8221; 18x70x2400 mm WYPRZEDA\u017b MAGAZYNU"},"content":{"rendered":"<p>&nbsp;<\/p>\n<p>&nbsp;<\/p>\n<p style=\"text-align: center;\"><span style=\"font-size: 18pt;\"><strong>WYPRZEDA\u017b STANU MAGAZYNOWEGO<\/strong><\/span><\/p>\n<p style=\"text-align: center;\"><span style=\"font-size: 18pt;\"><strong>PRZED ZAKUPEM UPEWNIJ SI\u0118 O DOST\u0118PNO\u015a\u0106<\/strong><\/span><\/p>\n","protected":false},"excerpt":{"rendered":"<p>&nbsp; &nbsp; WYPRZEDA\u017b STANU MAGAZYNOWEGO PRZED ZAKUPEM UPEWNIJ SI\u0118 O DOST\u0118PNO\u015a\u0106<\/p>\n","protected":false},"featured_media":0,"template":"","meta":{"_acf_changed":false,"_monsterinsights_skip_tracking":false,"_monsterinsights_sitenote_active":false,"_monsterinsights_sitenote_note":"","_monsterinsights_sitenote_category":0},"product_brand":[527],"product_cat":[34,354],"product_tag":[],"class_list":{"0":"post-409","1":"product","2":"type-product","3":"status-publish","5":"product_brand-windoor","6":"product_cat-elementy-montazowe","7":"product_cat-outlet","9":"first","10":"instock","11":"sale","12":"shipping-taxable","13":"purchasable","14":"product-type-variable","15":"add-to-wishlist-after_add_to_cart"},"acf":[],"aioseo_notices":[],"jetpack_sharing_enabled":true,"_links":{"self":[{"href":"https:\/\/drzwitarasy.pl\/index.php?rest_route=\/wp\/v2\/product\/409","targetHints":{"allow":["GET"]}}],"collection":[{"href":"https:\/\/drzwitarasy.pl\/index.php?rest_route=\/wp\/v2\/product"}],"about":[{"href":"https:\/\/drzwitarasy.pl\/index.php?rest_route=\/wp\/v2\/types\/product"}],"wp:attachment":[{"href":"https:\/\/drzwitarasy.pl\/index.php?rest_route=%2Fwp%2Fv2%2Fmedia&parent=409"}],"wp:term":[{"taxonomy":"product_brand","embeddable":true,"href":"https:\/\/drzwitarasy.pl\/index.php?rest_route=%2Fwp%2Fv2%2Fproduct_brand&post=409"},{"taxonomy":"product_cat","embeddable":true,"href":"https:\/\/drzwitarasy.pl\/index.php?rest_route=%2Fwp%2Fv2%2Fproduct_cat&post=409"},{"taxonomy":"product_tag","embeddable":true,"href":"https:\/\/drzwitarasy.pl\/index.php?rest_route=%2Fwp%2Fv2%2Fproduct_tag&post=409"}],"curies":[{"name":"wp","href":"https:\/\/api.w.org\/{rel}","templated":true}]}}