{"id":4083,"date":"2024-10-23T22:29:38","date_gmt":"2024-10-23T20:29:38","guid":{"rendered":"https:\/\/drzwitarasy.pl\/?post_type=product&#038;p=4083"},"modified":"2025-10-14T00:02:32","modified_gmt":"2025-10-13T22:02:32","slug":"panel-lamelowy-lamdeco-quattro-nero","status":"publish","type":"product","link":"https:\/\/drzwitarasy.pl\/?product=panel-lamelowy-lamdeco-quattro-nero","title":{"rendered":"Panel lamelowy LAMDECO Quattro nero"},"content":{"rendered":"<h1><\/h1>\n<h1><img loading=\"lazy\" decoding=\"async\" class=\"aligncenter size-large wp-image-4071\" src=\"https:\/\/drzwitarasy.pl\/wp-content\/uploads\/2024\/10\/quatro-wszystkie-z-wymiarami-691x1024.jpg\" alt=\"\" width=\"640\" height=\"948\" srcset=\"https:\/\/drzwitarasy.pl\/wp-content\/uploads\/2024\/10\/quatro-wszystkie-z-wymiarami-691x1024.jpg 691w, https:\/\/drzwitarasy.pl\/wp-content\/uploads\/2024\/10\/quatro-wszystkie-z-wymiarami-300x444.jpg 300w, https:\/\/drzwitarasy.pl\/wp-content\/uploads\/2024\/10\/quatro-wszystkie-z-wymiarami-600x889.jpg 600w, https:\/\/drzwitarasy.pl\/wp-content\/uploads\/2024\/10\/quatro-wszystkie-z-wymiarami-203x300.jpg 203w, https:\/\/drzwitarasy.pl\/wp-content\/uploads\/2024\/10\/quatro-wszystkie-z-wymiarami-768x1137.jpg 768w, https:\/\/drzwitarasy.pl\/wp-content\/uploads\/2024\/10\/quatro-wszystkie-z-wymiarami-1037x1536.jpg 1037w, https:\/\/drzwitarasy.pl\/wp-content\/uploads\/2024\/10\/quatro-wszystkie-z-wymiarami.jpg 1112w\" sizes=\"auto, (max-width: 640px) 100vw, 640px\" \/><\/h1>\n<h1 class=\"product_title entry-title\">Panel lamelowy \u015bcienny LAMDECO Quattro nero &#8211; na czarnej p\u0142ycie.<\/h1>\n<p>Panele lamelowe\u00a0<b>LAMDECO\u00a0<\/b>to funkcjonalne rozwi\u0105zanie, kt\u00f3re dodaje charakteru i stylu ka\u017cdemu pomieszczeniu. Lamele dekoracyjne wykonane z wysokiej jako\u015bci materia\u0142u MDF, gwarantuj\u0105 nie tylko estetyczny wygl\u0105d, nowoczesny design, ale tak\u017ce praktyczne korzy\u015bci wynikaj\u0105ce z prostoty monta\u017cu.<\/p>\n<p><img loading=\"lazy\" decoding=\"async\" class=\"aligncenter size-large wp-image-4024\" src=\"https:\/\/drzwitarasy.pl\/wp-content\/uploads\/2024\/10\/KOLORY-LAMELI-Z-OPISAMI-5SZT-1024x400.jpg\" alt=\"\" width=\"640\" height=\"250\" srcset=\"https:\/\/drzwitarasy.pl\/wp-content\/uploads\/2024\/10\/KOLORY-LAMELI-Z-OPISAMI-5SZT-1024x400.jpg 1024w, https:\/\/drzwitarasy.pl\/wp-content\/uploads\/2024\/10\/KOLORY-LAMELI-Z-OPISAMI-5SZT-300x117.jpg 300w, https:\/\/drzwitarasy.pl\/wp-content\/uploads\/2024\/10\/KOLORY-LAMELI-Z-OPISAMI-5SZT-600x234.jpg 600w, https:\/\/drzwitarasy.pl\/wp-content\/uploads\/2024\/10\/KOLORY-LAMELI-Z-OPISAMI-5SZT-768x300.jpg 768w, https:\/\/drzwitarasy.pl\/wp-content\/uploads\/2024\/10\/KOLORY-LAMELI-Z-OPISAMI-5SZT.jpg 1027w\" sizes=\"auto, (max-width: 640px) 100vw, 640px\" \/><\/p>\n<p><img loading=\"lazy\" decoding=\"async\" class=\"aligncenter size-large wp-image-4089\" src=\"https:\/\/drzwitarasy.pl\/wp-content\/uploads\/2024\/10\/5szt-1-1024x999.jpg\" alt=\"\" width=\"640\" height=\"624\" srcset=\"https:\/\/drzwitarasy.pl\/wp-content\/uploads\/2024\/10\/5szt-1-1024x999.jpg 1024w, https:\/\/drzwitarasy.pl\/wp-content\/uploads\/2024\/10\/5szt-1-300x293.jpg 300w, https:\/\/drzwitarasy.pl\/wp-content\/uploads\/2024\/10\/5szt-1-600x585.jpg 600w, https:\/\/drzwitarasy.pl\/wp-content\/uploads\/2024\/10\/5szt-1-768x749.jpg 768w, https:\/\/drzwitarasy.pl\/wp-content\/uploads\/2024\/10\/5szt-1-50x50.jpg 50w, https:\/\/drzwitarasy.pl\/wp-content\/uploads\/2024\/10\/5szt-1.jpg 1170w\" sizes=\"auto, (max-width: 640px) 100vw, 640px\" \/> <img loading=\"lazy\" decoding=\"async\" class=\"aligncenter size-large wp-image-4090\" src=\"https:\/\/drzwitarasy.pl\/wp-content\/uploads\/2024\/10\/5szttt-1024x920.jpg\" alt=\"\" width=\"640\" height=\"575\" srcset=\"https:\/\/drzwitarasy.pl\/wp-content\/uploads\/2024\/10\/5szttt-1024x920.jpg 1024w, https:\/\/drzwitarasy.pl\/wp-content\/uploads\/2024\/10\/5szttt-300x269.jpg 300w, https:\/\/drzwitarasy.pl\/wp-content\/uploads\/2024\/10\/5szttt-600x539.jpg 600w, https:\/\/drzwitarasy.pl\/wp-content\/uploads\/2024\/10\/5szttt-768x690.jpg 768w, https:\/\/drzwitarasy.pl\/wp-content\/uploads\/2024\/10\/5szttt.jpg 1111w\" sizes=\"auto, (max-width: 640px) 100vw, 640px\" \/> <img loading=\"lazy\" decoding=\"async\" class=\"aligncenter size-large wp-image-4091\" src=\"https:\/\/drzwitarasy.pl\/wp-content\/uploads\/2024\/10\/quatro-wszystkie-z-wymiarami-1-691x1024.jpg\" alt=\"\" width=\"640\" height=\"948\" srcset=\"https:\/\/drzwitarasy.pl\/wp-content\/uploads\/2024\/10\/quatro-wszystkie-z-wymiarami-1-691x1024.jpg 691w, https:\/\/drzwitarasy.pl\/wp-content\/uploads\/2024\/10\/quatro-wszystkie-z-wymiarami-1-300x444.jpg 300w, https:\/\/drzwitarasy.pl\/wp-content\/uploads\/2024\/10\/quatro-wszystkie-z-wymiarami-1-600x889.jpg 600w, https:\/\/drzwitarasy.pl\/wp-content\/uploads\/2024\/10\/quatro-wszystkie-z-wymiarami-1-203x300.jpg 203w, https:\/\/drzwitarasy.pl\/wp-content\/uploads\/2024\/10\/quatro-wszystkie-z-wymiarami-1-768x1137.jpg 768w, https:\/\/drzwitarasy.pl\/wp-content\/uploads\/2024\/10\/quatro-wszystkie-z-wymiarami-1-1037x1536.jpg 1037w, https:\/\/drzwitarasy.pl\/wp-content\/uploads\/2024\/10\/quatro-wszystkie-z-wymiarami-1.jpg 1112w\" sizes=\"auto, (max-width: 640px) 100vw, 640px\" \/> <img loading=\"lazy\" decoding=\"async\" class=\"aligncenter size-large wp-image-4092\" src=\"https:\/\/drzwitarasy.pl\/wp-content\/uploads\/2024\/10\/quatro-wszystkie-1024x1019.jpg\" alt=\"\" width=\"640\" height=\"637\" srcset=\"https:\/\/drzwitarasy.pl\/wp-content\/uploads\/2024\/10\/quatro-wszystkie-1024x1019.jpg 1024w, https:\/\/drzwitarasy.pl\/wp-content\/uploads\/2024\/10\/quatro-wszystkie-300x300.jpg 300w, https:\/\/drzwitarasy.pl\/wp-content\/uploads\/2024\/10\/quatro-wszystkie-100x100.jpg 100w, https:\/\/drzwitarasy.pl\/wp-content\/uploads\/2024\/10\/quatro-wszystkie-600x597.jpg 600w, https:\/\/drzwitarasy.pl\/wp-content\/uploads\/2024\/10\/quatro-wszystkie-150x150.jpg 150w, https:\/\/drzwitarasy.pl\/wp-content\/uploads\/2024\/10\/quatro-wszystkie-768x765.jpg 768w, https:\/\/drzwitarasy.pl\/wp-content\/uploads\/2024\/10\/quatro-wszystkie-50x50.jpg 50w, https:\/\/drzwitarasy.pl\/wp-content\/uploads\/2024\/10\/quatro-wszystkie.jpg 1118w\" sizes=\"auto, (max-width: 640px) 100vw, 640px\" \/> <img loading=\"lazy\" decoding=\"async\" class=\"aligncenter size-large wp-image-4093\" src=\"https:\/\/drzwitarasy.pl\/wp-content\/uploads\/2024\/10\/quatro-wzystko-561x1024.jpg\" alt=\"\" width=\"561\" height=\"1024\" srcset=\"https:\/\/drzwitarasy.pl\/wp-content\/uploads\/2024\/10\/quatro-wzystko-561x1024.jpg 561w, https:\/\/drzwitarasy.pl\/wp-content\/uploads\/2024\/10\/quatro-wzystko-300x547.jpg 300w, https:\/\/drzwitarasy.pl\/wp-content\/uploads\/2024\/10\/quatro-wzystko-600x1094.jpg 600w, https:\/\/drzwitarasy.pl\/wp-content\/uploads\/2024\/10\/quatro-wzystko-164x300.jpg 164w, https:\/\/drzwitarasy.pl\/wp-content\/uploads\/2024\/10\/quatro-wzystko-768x1401.jpg 768w, https:\/\/drzwitarasy.pl\/wp-content\/uploads\/2024\/10\/quatro-wzystko-842x1536.jpg 842w, https:\/\/drzwitarasy.pl\/wp-content\/uploads\/2024\/10\/quatro-wzystko.jpg 1085w\" sizes=\"auto, (max-width: 561px) 100vw, 561px\" \/> <img loading=\"lazy\" decoding=\"async\" class=\"aligncenter size-large wp-image-4094\" src=\"https:\/\/drzwitarasy.pl\/wp-content\/uploads\/2024\/10\/quattro-nero-black-585x1024-1.jpg\" alt=\"\" width=\"585\" height=\"1024\" srcset=\"https:\/\/drzwitarasy.pl\/wp-content\/uploads\/2024\/10\/quattro-nero-black-585x1024-1.jpg 585w, https:\/\/drzwitarasy.pl\/wp-content\/uploads\/2024\/10\/quattro-nero-black-585x1024-1-300x525.jpg 300w, https:\/\/drzwitarasy.pl\/wp-content\/uploads\/2024\/10\/quattro-nero-black-585x1024-1-171x300.jpg 171w\" sizes=\"auto, (max-width: 585px) 100vw, 585px\" \/> <img loading=\"lazy\" decoding=\"async\" class=\"aligncenter size-large wp-image-4095\" src=\"https:\/\/drzwitarasy.pl\/wp-content\/uploads\/2024\/10\/quattro-nero-gray-585x1024-1.jpg\" alt=\"\" width=\"585\" height=\"1024\" srcset=\"https:\/\/drzwitarasy.pl\/wp-content\/uploads\/2024\/10\/quattro-nero-gray-585x1024-1.jpg 585w, https:\/\/drzwitarasy.pl\/wp-content\/uploads\/2024\/10\/quattro-nero-gray-585x1024-1-300x525.jpg 300w, https:\/\/drzwitarasy.pl\/wp-content\/uploads\/2024\/10\/quattro-nero-gray-585x1024-1-171x300.jpg 171w\" sizes=\"auto, (max-width: 585px) 100vw, 585px\" \/> <img loading=\"lazy\" decoding=\"async\" class=\"aligncenter size-large wp-image-4096\" src=\"https:\/\/drzwitarasy.pl\/wp-content\/uploads\/2024\/10\/quattro-nero-mountainoak-585x1024-1.jpg\" alt=\"\" width=\"585\" height=\"1024\" srcset=\"https:\/\/drzwitarasy.pl\/wp-content\/uploads\/2024\/10\/quattro-nero-mountainoak-585x1024-1.jpg 585w, https:\/\/drzwitarasy.pl\/wp-content\/uploads\/2024\/10\/quattro-nero-mountainoak-585x1024-1-300x525.jpg 300w, https:\/\/drzwitarasy.pl\/wp-content\/uploads\/2024\/10\/quattro-nero-mountainoak-585x1024-1-171x300.jpg 171w\" sizes=\"auto, (max-width: 585px) 100vw, 585px\" \/> <img loading=\"lazy\" decoding=\"async\" class=\"aligncenter size-large wp-image-4097\" src=\"https:\/\/drzwitarasy.pl\/wp-content\/uploads\/2024\/10\/quattro-nero-mountainoak-ss-585x1024-start-stop.jpg\" alt=\"\" width=\"585\" height=\"1024\" srcset=\"https:\/\/drzwitarasy.pl\/wp-content\/uploads\/2024\/10\/quattro-nero-mountainoak-ss-585x1024-start-stop.jpg 585w, https:\/\/drzwitarasy.pl\/wp-content\/uploads\/2024\/10\/quattro-nero-mountainoak-ss-585x1024-start-stop-300x525.jpg 300w, https:\/\/drzwitarasy.pl\/wp-content\/uploads\/2024\/10\/quattro-nero-mountainoak-ss-585x1024-start-stop-171x300.jpg 171w\" sizes=\"auto, (max-width: 585px) 100vw, 585px\" \/> <img loading=\"lazy\" decoding=\"async\" class=\"aligncenter size-large wp-image-4098\" src=\"https:\/\/drzwitarasy.pl\/wp-content\/uploads\/2024\/10\/quattro-nero-northwalnut-585x1024-1.jpg\" alt=\"\" width=\"585\" height=\"1024\" srcset=\"https:\/\/drzwitarasy.pl\/wp-content\/uploads\/2024\/10\/quattro-nero-northwalnut-585x1024-1.jpg 585w, https:\/\/drzwitarasy.pl\/wp-content\/uploads\/2024\/10\/quattro-nero-northwalnut-585x1024-1-300x525.jpg 300w, https:\/\/drzwitarasy.pl\/wp-content\/uploads\/2024\/10\/quattro-nero-northwalnut-585x1024-1-171x300.jpg 171w\" sizes=\"auto, (max-width: 585px) 100vw, 585px\" \/> <img loading=\"lazy\" decoding=\"async\" class=\"aligncenter size-large wp-image-4099\" src=\"https:\/\/drzwitarasy.pl\/wp-content\/uploads\/2024\/10\/quattro-nero-white-585x1024-1.jpg\" alt=\"\" width=\"585\" height=\"1024\" srcset=\"https:\/\/drzwitarasy.pl\/wp-content\/uploads\/2024\/10\/quattro-nero-white-585x1024-1.jpg 585w, https:\/\/drzwitarasy.pl\/wp-content\/uploads\/2024\/10\/quattro-nero-white-585x1024-1-300x525.jpg 300w, https:\/\/drzwitarasy.pl\/wp-content\/uploads\/2024\/10\/quattro-nero-white-585x1024-1-171x300.jpg 171w\" sizes=\"auto, (max-width: 585px) 100vw, 585px\" \/> <img loading=\"lazy\" decoding=\"async\" class=\"aligncenter size-large wp-image-4100\" src=\"https:\/\/drzwitarasy.pl\/wp-content\/uploads\/2024\/10\/start-stop-ok-1-483x1024.jpg\" alt=\"\" width=\"483\" height=\"1024\" srcset=\"https:\/\/drzwitarasy.pl\/wp-content\/uploads\/2024\/10\/start-stop-ok-1-483x1024.jpg 483w, https:\/\/drzwitarasy.pl\/wp-content\/uploads\/2024\/10\/start-stop-ok-1-300x637.jpg 300w, https:\/\/drzwitarasy.pl\/wp-content\/uploads\/2024\/10\/start-stop-ok-1-600x1273.jpg 600w, https:\/\/drzwitarasy.pl\/wp-content\/uploads\/2024\/10\/start-stop-ok-1-141x300.jpg 141w, https:\/\/drzwitarasy.pl\/wp-content\/uploads\/2024\/10\/start-stop-ok-1-768x1630.jpg 768w, https:\/\/drzwitarasy.pl\/wp-content\/uploads\/2024\/10\/start-stop-ok-1-724x1536.jpg 724w, https:\/\/drzwitarasy.pl\/wp-content\/uploads\/2024\/10\/start-stop-ok-1-965x2048.jpg 965w, https:\/\/drzwitarasy.pl\/wp-content\/uploads\/2024\/10\/start-stop-ok-1.jpg 984w\" sizes=\"auto, (max-width: 483px) 100vw, 483px\" \/> <img loading=\"lazy\" decoding=\"async\" class=\"aligncenter size-large wp-image-4101\" src=\"https:\/\/drzwitarasy.pl\/wp-content\/uploads\/2024\/10\/wymiary-quatro-1-1024x710.jpg\" alt=\"\" width=\"640\" height=\"444\" srcset=\"https:\/\/drzwitarasy.pl\/wp-content\/uploads\/2024\/10\/wymiary-quatro-1-1024x710.jpg 1024w, https:\/\/drzwitarasy.pl\/wp-content\/uploads\/2024\/10\/wymiary-quatro-1-300x208.jpg 300w, https:\/\/drzwitarasy.pl\/wp-content\/uploads\/2024\/10\/wymiary-quatro-1-600x416.jpg 600w, https:\/\/drzwitarasy.pl\/wp-content\/uploads\/2024\/10\/wymiary-quatro-1-768x532.jpg 768w, https:\/\/drzwitarasy.pl\/wp-content\/uploads\/2024\/10\/wymiary-quatro-1-220x154.jpg 220w, https:\/\/drzwitarasy.pl\/wp-content\/uploads\/2024\/10\/wymiary-quatro-1.jpg 1170w\" sizes=\"auto, (max-width: 640px) 100vw, 640px\" \/><\/p>\n","protected":false},"excerpt":{"rendered":"<p>Panel lamelowy \u015bcienny LAMDECO Quattro nero &#8211; na czarnej p\u0142ycie. Panele lamelowe\u00a0LAMDECO\u00a0to funkcjonalne rozwi\u0105zanie, kt\u00f3re dodaje charakteru i stylu ka\u017cdemu pomieszczeniu. Lamele dekoracyjne wykonane z wysokiej jako\u015bci materia\u0142u MDF, gwarantuj\u0105 nie tylko estetyczny wygl\u0105d, nowoczesny design, ale tak\u017ce praktyczne korzy\u015bci wynikaj\u0105ce z prostoty monta\u017cu.<\/p>\n","protected":false},"featured_media":4102,"template":"","meta":{"_acf_changed":false,"_monsterinsights_skip_tracking":false,"_monsterinsights_sitenote_active":false,"_monsterinsights_sitenote_note":"","_monsterinsights_sitenote_category":0},"product_brand":[527],"product_cat":[397,390],"product_tag":[400,398,403,173],"class_list":{"0":"post-4083","1":"product","2":"type-product","3":"status-publish","4":"has-post-thumbnail","6":"product_brand-windoor","7":"product_cat-lamdeco_quattro","8":"product_cat-lamele","9":"product_tag-lamele","10":"product_tag-lamele-scienne","11":"product_tag-quattro-nero","12":"product_tag-windoor","14":"first","15":"instock","16":"sale","17":"shipping-taxable","18":"purchasable","19":"product-type-variable","20":"add-to-wishlist-after_add_to_cart"},"acf":[],"aioseo_notices":[],"jetpack_sharing_enabled":true,"_links":{"self":[{"href":"https:\/\/drzwitarasy.pl\/index.php?rest_route=\/wp\/v2\/product\/4083","targetHints":{"allow":["GET"]}}],"collection":[{"href":"https:\/\/drzwitarasy.pl\/index.php?rest_route=\/wp\/v2\/product"}],"about":[{"href":"https:\/\/drzwitarasy.pl\/index.php?rest_route=\/wp\/v2\/types\/product"}],"wp:featuredmedia":[{"embeddable":true,"href":"https:\/\/drzwitarasy.pl\/index.php?rest_route=\/wp\/v2\/media\/4102"}],"wp:attachment":[{"href":"https:\/\/drzwitarasy.pl\/index.php?rest_route=%2Fwp%2Fv2%2Fmedia&parent=4083"}],"wp:term":[{"taxonomy":"product_brand","embeddable":true,"href":"https:\/\/drzwitarasy.pl\/index.php?rest_route=%2Fwp%2Fv2%2Fproduct_brand&post=4083"},{"taxonomy":"product_cat","embeddable":true,"href":"https:\/\/drzwitarasy.pl\/index.php?rest_route=%2Fwp%2Fv2%2Fproduct_cat&post=4083"},{"taxonomy":"product_tag","embeddable":true,"href":"https:\/\/drzwitarasy.pl\/index.php?rest_route=%2Fwp%2Fv2%2Fproduct_tag&post=4083"}],"curies":[{"name":"wp","href":"https:\/\/api.w.org\/{rel}","templated":true}]}}