{"id":4065,"date":"2024-10-23T22:10:46","date_gmt":"2024-10-23T20:10:46","guid":{"rendered":"https:\/\/drzwitarasy.pl\/?post_type=product&#038;p=4065"},"modified":"2025-10-14T00:02:33","modified_gmt":"2025-10-13T22:02:33","slug":"panel-lamelowy-lamdeco-quattro-bianco","status":"publish","type":"product","link":"https:\/\/drzwitarasy.pl\/?product=panel-lamelowy-lamdeco-quattro-bianco","title":{"rendered":"Panel lamelowy LAMDECO Quattro bianco"},"content":{"rendered":"<h1><\/h1>\n<p><img loading=\"lazy\" decoding=\"async\" class=\"aligncenter size-large wp-image-4071\" src=\"https:\/\/drzwitarasy.pl\/wp-content\/uploads\/2024\/10\/quatro-wszystkie-z-wymiarami-691x1024.jpg\" alt=\"\" width=\"640\" height=\"948\" srcset=\"https:\/\/drzwitarasy.pl\/wp-content\/uploads\/2024\/10\/quatro-wszystkie-z-wymiarami-691x1024.jpg 691w, https:\/\/drzwitarasy.pl\/wp-content\/uploads\/2024\/10\/quatro-wszystkie-z-wymiarami-300x444.jpg 300w, https:\/\/drzwitarasy.pl\/wp-content\/uploads\/2024\/10\/quatro-wszystkie-z-wymiarami-600x889.jpg 600w, https:\/\/drzwitarasy.pl\/wp-content\/uploads\/2024\/10\/quatro-wszystkie-z-wymiarami-203x300.jpg 203w, https:\/\/drzwitarasy.pl\/wp-content\/uploads\/2024\/10\/quatro-wszystkie-z-wymiarami-768x1137.jpg 768w, https:\/\/drzwitarasy.pl\/wp-content\/uploads\/2024\/10\/quatro-wszystkie-z-wymiarami-1037x1536.jpg 1037w, https:\/\/drzwitarasy.pl\/wp-content\/uploads\/2024\/10\/quatro-wszystkie-z-wymiarami.jpg 1112w\" sizes=\"auto, (max-width: 640px) 100vw, 640px\" \/><\/p>\n<h1 class=\"product_title entry-title\">Panel lamelowy \u015bcienny LAMDECO Quattro bianco &#8211; na bia\u0142ej p\u0142ycie.<\/h1>\n<p>Panele lamelowe\u00a0<b>LAMDECO\u00a0<\/b>to funkcjonalne rozwi\u0105zanie, kt\u00f3re dodaje charakteru i stylu ka\u017cdemu pomieszczeniu. Lamele dekoracyjne wykonane z wysokiej jako\u015bci materia\u0142u MDF, gwarantuj\u0105 nie tylko estetyczny wygl\u0105d, nowoczesny design, ale tak\u017ce praktyczne korzy\u015bci wynikaj\u0105ce z prostoty monta\u017cu.<\/p>\n<p><img loading=\"lazy\" decoding=\"async\" class=\"aligncenter size-large wp-image-4024\" src=\"https:\/\/drzwitarasy.pl\/wp-content\/uploads\/2024\/10\/KOLORY-LAMELI-Z-OPISAMI-5SZT-1024x400.jpg\" alt=\"\" width=\"640\" height=\"250\" srcset=\"https:\/\/drzwitarasy.pl\/wp-content\/uploads\/2024\/10\/KOLORY-LAMELI-Z-OPISAMI-5SZT-1024x400.jpg 1024w, https:\/\/drzwitarasy.pl\/wp-content\/uploads\/2024\/10\/KOLORY-LAMELI-Z-OPISAMI-5SZT-300x117.jpg 300w, https:\/\/drzwitarasy.pl\/wp-content\/uploads\/2024\/10\/KOLORY-LAMELI-Z-OPISAMI-5SZT-600x234.jpg 600w, https:\/\/drzwitarasy.pl\/wp-content\/uploads\/2024\/10\/KOLORY-LAMELI-Z-OPISAMI-5SZT-768x300.jpg 768w, https:\/\/drzwitarasy.pl\/wp-content\/uploads\/2024\/10\/KOLORY-LAMELI-Z-OPISAMI-5SZT.jpg 1027w\" sizes=\"auto, (max-width: 640px) 100vw, 640px\" \/><\/p>\n<p><img loading=\"lazy\" decoding=\"async\" class=\"aligncenter size-large wp-image-4072\" src=\"https:\/\/drzwitarasy.pl\/wp-content\/uploads\/2024\/10\/5szt-1024x970.jpg\" alt=\"\" width=\"640\" height=\"606\" srcset=\"https:\/\/drzwitarasy.pl\/wp-content\/uploads\/2024\/10\/5szt-1024x970.jpg 1024w, https:\/\/drzwitarasy.pl\/wp-content\/uploads\/2024\/10\/5szt-300x284.jpg 300w, https:\/\/drzwitarasy.pl\/wp-content\/uploads\/2024\/10\/5szt-600x569.jpg 600w, https:\/\/drzwitarasy.pl\/wp-content\/uploads\/2024\/10\/5szt-768x728.jpg 768w, https:\/\/drzwitarasy.pl\/wp-content\/uploads\/2024\/10\/5szt.jpg 1128w\" sizes=\"auto, (max-width: 640px) 100vw, 640px\" \/> <img loading=\"lazy\" decoding=\"async\" class=\"aligncenter size-large wp-image-4073\" src=\"https:\/\/drzwitarasy.pl\/wp-content\/uploads\/2024\/10\/bianco-biale-984x1024.jpg\" alt=\"\" width=\"640\" height=\"666\" srcset=\"https:\/\/drzwitarasy.pl\/wp-content\/uploads\/2024\/10\/bianco-biale-984x1024.jpg 984w, https:\/\/drzwitarasy.pl\/wp-content\/uploads\/2024\/10\/bianco-biale-300x312.jpg 300w, https:\/\/drzwitarasy.pl\/wp-content\/uploads\/2024\/10\/bianco-biale-600x625.jpg 600w, https:\/\/drzwitarasy.pl\/wp-content\/uploads\/2024\/10\/bianco-biale-288x300.jpg 288w, https:\/\/drzwitarasy.pl\/wp-content\/uploads\/2024\/10\/bianco-biale-768x800.jpg 768w, https:\/\/drzwitarasy.pl\/wp-content\/uploads\/2024\/10\/bianco-biale.jpg 1170w\" sizes=\"auto, (max-width: 640px) 100vw, 640px\" \/> <img loading=\"lazy\" decoding=\"async\" class=\"aligncenter size-large wp-image-4074\" src=\"https:\/\/drzwitarasy.pl\/wp-content\/uploads\/2024\/10\/quattro-bianco-black-585x1024-1.jpg\" alt=\"\" width=\"585\" height=\"1024\" srcset=\"https:\/\/drzwitarasy.pl\/wp-content\/uploads\/2024\/10\/quattro-bianco-black-585x1024-1.jpg 585w, https:\/\/drzwitarasy.pl\/wp-content\/uploads\/2024\/10\/quattro-bianco-black-585x1024-1-300x525.jpg 300w, https:\/\/drzwitarasy.pl\/wp-content\/uploads\/2024\/10\/quattro-bianco-black-585x1024-1-171x300.jpg 171w\" sizes=\"auto, (max-width: 585px) 100vw, 585px\" \/> <img loading=\"lazy\" decoding=\"async\" class=\"aligncenter size-large wp-image-4075\" src=\"https:\/\/drzwitarasy.pl\/wp-content\/uploads\/2024\/10\/quattro-bianco-gray-585x1024-1.jpg\" alt=\"\" width=\"585\" height=\"1024\" srcset=\"https:\/\/drzwitarasy.pl\/wp-content\/uploads\/2024\/10\/quattro-bianco-gray-585x1024-1.jpg 585w, https:\/\/drzwitarasy.pl\/wp-content\/uploads\/2024\/10\/quattro-bianco-gray-585x1024-1-300x525.jpg 300w, https:\/\/drzwitarasy.pl\/wp-content\/uploads\/2024\/10\/quattro-bianco-gray-585x1024-1-171x300.jpg 171w\" sizes=\"auto, (max-width: 585px) 100vw, 585px\" \/> <img loading=\"lazy\" decoding=\"async\" class=\"aligncenter size-large wp-image-4076\" src=\"https:\/\/drzwitarasy.pl\/wp-content\/uploads\/2024\/10\/quattro-bianco-mountainoak-585x1024-1.jpg\" alt=\"\" width=\"585\" height=\"1024\" srcset=\"https:\/\/drzwitarasy.pl\/wp-content\/uploads\/2024\/10\/quattro-bianco-mountainoak-585x1024-1.jpg 585w, https:\/\/drzwitarasy.pl\/wp-content\/uploads\/2024\/10\/quattro-bianco-mountainoak-585x1024-1-300x525.jpg 300w, https:\/\/drzwitarasy.pl\/wp-content\/uploads\/2024\/10\/quattro-bianco-mountainoak-585x1024-1-171x300.jpg 171w\" sizes=\"auto, (max-width: 585px) 100vw, 585px\" \/> <img loading=\"lazy\" decoding=\"async\" class=\"aligncenter size-large wp-image-4077\" src=\"https:\/\/drzwitarasy.pl\/wp-content\/uploads\/2024\/10\/quattro-bianco-mountainoak-ss-585x1024-start-stop.jpg\" alt=\"\" width=\"585\" height=\"1024\" srcset=\"https:\/\/drzwitarasy.pl\/wp-content\/uploads\/2024\/10\/quattro-bianco-mountainoak-ss-585x1024-start-stop.jpg 585w, https:\/\/drzwitarasy.pl\/wp-content\/uploads\/2024\/10\/quattro-bianco-mountainoak-ss-585x1024-start-stop-300x525.jpg 300w, https:\/\/drzwitarasy.pl\/wp-content\/uploads\/2024\/10\/quattro-bianco-mountainoak-ss-585x1024-start-stop-171x300.jpg 171w\" sizes=\"auto, (max-width: 585px) 100vw, 585px\" \/> <img loading=\"lazy\" decoding=\"async\" class=\"aligncenter size-large wp-image-4078\" src=\"https:\/\/drzwitarasy.pl\/wp-content\/uploads\/2024\/10\/quattro-bianco-northwalnut-585x1024-1.jpg\" alt=\"\" width=\"585\" height=\"1024\" srcset=\"https:\/\/drzwitarasy.pl\/wp-content\/uploads\/2024\/10\/quattro-bianco-northwalnut-585x1024-1.jpg 585w, https:\/\/drzwitarasy.pl\/wp-content\/uploads\/2024\/10\/quattro-bianco-northwalnut-585x1024-1-300x525.jpg 300w, https:\/\/drzwitarasy.pl\/wp-content\/uploads\/2024\/10\/quattro-bianco-northwalnut-585x1024-1-171x300.jpg 171w\" sizes=\"auto, (max-width: 585px) 100vw, 585px\" \/> <img loading=\"lazy\" decoding=\"async\" class=\"aligncenter size-large wp-image-4079\" src=\"https:\/\/drzwitarasy.pl\/wp-content\/uploads\/2024\/10\/quattro-bianco-white-585x1024-1.jpg\" alt=\"\" width=\"585\" height=\"1024\" srcset=\"https:\/\/drzwitarasy.pl\/wp-content\/uploads\/2024\/10\/quattro-bianco-white-585x1024-1.jpg 585w, https:\/\/drzwitarasy.pl\/wp-content\/uploads\/2024\/10\/quattro-bianco-white-585x1024-1-300x525.jpg 300w, https:\/\/drzwitarasy.pl\/wp-content\/uploads\/2024\/10\/quattro-bianco-white-585x1024-1-171x300.jpg 171w\" sizes=\"auto, (max-width: 585px) 100vw, 585px\" \/> <img loading=\"lazy\" decoding=\"async\" class=\"aligncenter size-large wp-image-4080\" src=\"https:\/\/drzwitarasy.pl\/wp-content\/uploads\/2024\/10\/start-stop-ok-483x1024.jpg\" alt=\"\" width=\"483\" height=\"1024\" srcset=\"https:\/\/drzwitarasy.pl\/wp-content\/uploads\/2024\/10\/start-stop-ok-483x1024.jpg 483w, https:\/\/drzwitarasy.pl\/wp-content\/uploads\/2024\/10\/start-stop-ok-300x637.jpg 300w, https:\/\/drzwitarasy.pl\/wp-content\/uploads\/2024\/10\/start-stop-ok-600x1273.jpg 600w, https:\/\/drzwitarasy.pl\/wp-content\/uploads\/2024\/10\/start-stop-ok-141x300.jpg 141w, https:\/\/drzwitarasy.pl\/wp-content\/uploads\/2024\/10\/start-stop-ok-768x1630.jpg 768w, https:\/\/drzwitarasy.pl\/wp-content\/uploads\/2024\/10\/start-stop-ok-724x1536.jpg 724w, https:\/\/drzwitarasy.pl\/wp-content\/uploads\/2024\/10\/start-stop-ok-965x2048.jpg 965w, https:\/\/drzwitarasy.pl\/wp-content\/uploads\/2024\/10\/start-stop-ok.jpg 984w\" sizes=\"auto, (max-width: 483px) 100vw, 483px\" \/> <img loading=\"lazy\" decoding=\"async\" class=\"aligncenter size-large wp-image-4081\" src=\"https:\/\/drzwitarasy.pl\/wp-content\/uploads\/2024\/10\/wymiary-quatro-1024x710.jpg\" alt=\"\" width=\"640\" height=\"444\" srcset=\"https:\/\/drzwitarasy.pl\/wp-content\/uploads\/2024\/10\/wymiary-quatro-1024x710.jpg 1024w, https:\/\/drzwitarasy.pl\/wp-content\/uploads\/2024\/10\/wymiary-quatro-300x208.jpg 300w, https:\/\/drzwitarasy.pl\/wp-content\/uploads\/2024\/10\/wymiary-quatro-600x416.jpg 600w, https:\/\/drzwitarasy.pl\/wp-content\/uploads\/2024\/10\/wymiary-quatro-768x532.jpg 768w, https:\/\/drzwitarasy.pl\/wp-content\/uploads\/2024\/10\/wymiary-quatro-220x154.jpg 220w, https:\/\/drzwitarasy.pl\/wp-content\/uploads\/2024\/10\/wymiary-quatro.jpg 1170w\" sizes=\"auto, (max-width: 640px) 100vw, 640px\" \/><\/p>\n","protected":false},"excerpt":{"rendered":"<p>Panel lamelowy \u015bcienny LAMDECO Quattro bianco &#8211; na bia\u0142ej p\u0142ycie. Panele lamelowe\u00a0LAMDECO\u00a0to funkcjonalne rozwi\u0105zanie, kt\u00f3re dodaje charakteru i stylu ka\u017cdemu pomieszczeniu. Lamele dekoracyjne wykonane z wysokiej jako\u015bci materia\u0142u MDF, gwarantuj\u0105 nie tylko estetyczny wygl\u0105d, nowoczesny design, ale tak\u017ce praktyczne korzy\u015bci wynikaj\u0105ce z prostoty monta\u017cu.<\/p>\n","protected":false},"featured_media":4082,"template":"","meta":{"_acf_changed":false,"_monsterinsights_skip_tracking":false,"_monsterinsights_sitenote_active":false,"_monsterinsights_sitenote_note":"","_monsterinsights_sitenote_category":0},"product_brand":[527],"product_cat":[397,390],"product_tag":[398,402,173],"class_list":{"0":"post-4065","1":"product","2":"type-product","3":"status-publish","4":"has-post-thumbnail","6":"product_brand-windoor","7":"product_cat-lamdeco_quattro","8":"product_cat-lamele","9":"product_tag-lamele-scienne","10":"product_tag-quattro-bianco","11":"product_tag-windoor","13":"first","14":"instock","15":"sale","16":"shipping-taxable","17":"purchasable","18":"product-type-variable","19":"add-to-wishlist-after_add_to_cart"},"acf":[],"aioseo_notices":[],"jetpack_sharing_enabled":true,"_links":{"self":[{"href":"https:\/\/drzwitarasy.pl\/index.php?rest_route=\/wp\/v2\/product\/4065","targetHints":{"allow":["GET"]}}],"collection":[{"href":"https:\/\/drzwitarasy.pl\/index.php?rest_route=\/wp\/v2\/product"}],"about":[{"href":"https:\/\/drzwitarasy.pl\/index.php?rest_route=\/wp\/v2\/types\/product"}],"wp:featuredmedia":[{"embeddable":true,"href":"https:\/\/drzwitarasy.pl\/index.php?rest_route=\/wp\/v2\/media\/4082"}],"wp:attachment":[{"href":"https:\/\/drzwitarasy.pl\/index.php?rest_route=%2Fwp%2Fv2%2Fmedia&parent=4065"}],"wp:term":[{"taxonomy":"product_brand","embeddable":true,"href":"https:\/\/drzwitarasy.pl\/index.php?rest_route=%2Fwp%2Fv2%2Fproduct_brand&post=4065"},{"taxonomy":"product_cat","embeddable":true,"href":"https:\/\/drzwitarasy.pl\/index.php?rest_route=%2Fwp%2Fv2%2Fproduct_cat&post=4065"},{"taxonomy":"product_tag","embeddable":true,"href":"https:\/\/drzwitarasy.pl\/index.php?rest_route=%2Fwp%2Fv2%2Fproduct_tag&post=4065"}],"curies":[{"name":"wp","href":"https:\/\/api.w.org\/{rel}","templated":true}]}}