{"id":4022,"date":"2024-10-23T05:02:57","date_gmt":"2024-10-23T03:02:57","guid":{"rendered":"https:\/\/drzwitarasy.pl\/?post_type=product&#038;p=4022"},"modified":"2026-01-11T22:10:49","modified_gmt":"2026-01-11T21:10:49","slug":"panel-lamelowy-lamdeco-tre-nero","status":"publish","type":"product","link":"https:\/\/drzwitarasy.pl\/?product=panel-lamelowy-lamdeco-tre-nero","title":{"rendered":"Panel lamelowy LAMDECO Tre nero"},"content":{"rendered":"<h1><img loading=\"lazy\" decoding=\"async\" class=\"aligncenter size-large wp-image-4025\" src=\"https:\/\/drzwitarasy.pl\/wp-content\/uploads\/2024\/10\/tre-wszystkie-z-dodatkowymi-wymiarami-668x1024.jpg\" alt=\"\" width=\"640\" height=\"981\" srcset=\"https:\/\/drzwitarasy.pl\/wp-content\/uploads\/2024\/10\/tre-wszystkie-z-dodatkowymi-wymiarami-668x1024.jpg 668w, https:\/\/drzwitarasy.pl\/wp-content\/uploads\/2024\/10\/tre-wszystkie-z-dodatkowymi-wymiarami-300x460.jpg 300w, https:\/\/drzwitarasy.pl\/wp-content\/uploads\/2024\/10\/tre-wszystkie-z-dodatkowymi-wymiarami-600x920.jpg 600w, https:\/\/drzwitarasy.pl\/wp-content\/uploads\/2024\/10\/tre-wszystkie-z-dodatkowymi-wymiarami-196x300.jpg 196w, https:\/\/drzwitarasy.pl\/wp-content\/uploads\/2024\/10\/tre-wszystkie-z-dodatkowymi-wymiarami-768x1178.jpg 768w, https:\/\/drzwitarasy.pl\/wp-content\/uploads\/2024\/10\/tre-wszystkie-z-dodatkowymi-wymiarami.jpg 862w\" sizes=\"auto, (max-width: 640px) 100vw, 640px\" \/><\/h1>\n<h1 class=\"product_title entry-title\">Panel lamelowy \u015bcienny LAMDECO Tre nero &#8211; na czarnej p\u0142ycie.<\/h1>\n<p>Panele lamelowe\u00a0<b>LAMDECO\u00a0<\/b>to funkcjonalne rozwi\u0105zanie, kt\u00f3re dodaje charakteru i stylu ka\u017cdemu pomieszczeniu. Lamele dekoracyjne wykonane z wysokiej jako\u015bci materia\u0142u MDF, gwarantuj\u0105 nie tylko estetyczny wygl\u0105d, nowoczesny design, ale tak\u017ce praktyczne korzy\u015bci wynikaj\u0105ce z prostoty monta\u017cu.<\/p>\n<p><img loading=\"lazy\" decoding=\"async\" class=\"aligncenter size-large wp-image-4024\" src=\"https:\/\/drzwitarasy.pl\/wp-content\/uploads\/2024\/10\/KOLORY-LAMELI-Z-OPISAMI-5SZT-1024x400.jpg\" alt=\"\" width=\"640\" height=\"250\" srcset=\"https:\/\/drzwitarasy.pl\/wp-content\/uploads\/2024\/10\/KOLORY-LAMELI-Z-OPISAMI-5SZT-1024x400.jpg 1024w, https:\/\/drzwitarasy.pl\/wp-content\/uploads\/2024\/10\/KOLORY-LAMELI-Z-OPISAMI-5SZT-300x117.jpg 300w, https:\/\/drzwitarasy.pl\/wp-content\/uploads\/2024\/10\/KOLORY-LAMELI-Z-OPISAMI-5SZT-600x234.jpg 600w, https:\/\/drzwitarasy.pl\/wp-content\/uploads\/2024\/10\/KOLORY-LAMELI-Z-OPISAMI-5SZT-768x300.jpg 768w, https:\/\/drzwitarasy.pl\/wp-content\/uploads\/2024\/10\/KOLORY-LAMELI-Z-OPISAMI-5SZT.jpg 1027w\" sizes=\"auto, (max-width: 640px) 100vw, 640px\" \/><\/p>\n<p>&nbsp;<\/p>\n","protected":false},"excerpt":{"rendered":"<p>Panel lamelowy \u015bcienny LAMDECO Tre nero &#8211; na czarnej p\u0142ycie. Panele lamelowe\u00a0LAMDECO\u00a0to funkcjonalne rozwi\u0105zanie, kt\u00f3re dodaje charakteru i stylu ka\u017cdemu pomieszczeniu. Lamele dekoracyjne wykonane z wysokiej jako\u015bci materia\u0142u MDF, gwarantuj\u0105 nie tylko estetyczny wygl\u0105d, nowoczesny design, ale tak\u017ce praktyczne korzy\u015bci wynikaj\u0105ce z prostoty monta\u017cu. &nbsp;<\/p>\n","protected":false},"featured_media":4023,"template":"","meta":{"_acf_changed":false,"_monsterinsights_skip_tracking":false,"_monsterinsights_sitenote_active":false,"_monsterinsights_sitenote_note":"","_monsterinsights_sitenote_category":0},"product_brand":[527],"product_cat":[396,390],"product_tag":[400,398,401,173],"class_list":{"0":"post-4022","1":"product","2":"type-product","3":"status-publish","4":"has-post-thumbnail","6":"product_brand-windoor","7":"product_cat-lamdeco_tre","8":"product_cat-lamele","9":"product_tag-lamele","10":"product_tag-lamele-scienne","11":"product_tag-tre-nero","12":"product_tag-windoor","14":"first","15":"instock","16":"sale","17":"shipping-taxable","18":"purchasable","19":"product-type-simple","20":"add-to-wishlist-after_add_to_cart"},"acf":[],"aioseo_notices":[],"jetpack_sharing_enabled":true,"_links":{"self":[{"href":"https:\/\/drzwitarasy.pl\/index.php?rest_route=\/wp\/v2\/product\/4022","targetHints":{"allow":["GET"]}}],"collection":[{"href":"https:\/\/drzwitarasy.pl\/index.php?rest_route=\/wp\/v2\/product"}],"about":[{"href":"https:\/\/drzwitarasy.pl\/index.php?rest_route=\/wp\/v2\/types\/product"}],"wp:featuredmedia":[{"embeddable":true,"href":"https:\/\/drzwitarasy.pl\/index.php?rest_route=\/wp\/v2\/media\/4023"}],"wp:attachment":[{"href":"https:\/\/drzwitarasy.pl\/index.php?rest_route=%2Fwp%2Fv2%2Fmedia&parent=4022"}],"wp:term":[{"taxonomy":"product_brand","embeddable":true,"href":"https:\/\/drzwitarasy.pl\/index.php?rest_route=%2Fwp%2Fv2%2Fproduct_brand&post=4022"},{"taxonomy":"product_cat","embeddable":true,"href":"https:\/\/drzwitarasy.pl\/index.php?rest_route=%2Fwp%2Fv2%2Fproduct_cat&post=4022"},{"taxonomy":"product_tag","embeddable":true,"href":"https:\/\/drzwitarasy.pl\/index.php?rest_route=%2Fwp%2Fv2%2Fproduct_tag&post=4022"}],"curies":[{"name":"wp","href":"https:\/\/api.w.org\/{rel}","templated":true}]}}