{"id":3978,"date":"2024-10-13T16:29:27","date_gmt":"2024-10-13T14:29:27","guid":{"rendered":"https:\/\/drzwitarasy.pl\/?post_type=product&#038;p=3978"},"modified":"2026-04-14T03:28:18","modified_gmt":"2026-04-14T01:28:18","slug":"drzwi-pegasus-czarna-plycina-wstawka-windoor","status":"publish","type":"product","link":"https:\/\/drzwitarasy.pl\/?product=drzwi-pegasus-czarna-plycina-wstawka-windoor","title":{"rendered":"Pegasus  CZARNA P\u0141YCINA &#8211; WSTAWKA &#8211; drzwi Prestige"},"content":{"rendered":"<div class=\"flex flex-grow flex-col max-w-full\">\n<div class=\"min-h-[20px] text-message flex flex-col items-start whitespace-pre-wrap break-words [.text-message+&amp;]:mt-5 juice:w-full juice:items-end overflow-x-auto gap-2\" dir=\"auto\" data-message-author-role=\"assistant\" data-message-id=\"f0820d2c-8f1b-4499-8507-f5e1e32faf02\">\n<div class=\"flex w-full flex-col gap-1 juice:empty:hidden juice:first:pt-[3px]\">\n<div class=\"markdown prose w-full break-words dark:prose-invert light\">\n<p><img loading=\"lazy\" decoding=\"async\" src=\"https:\/\/drzwitarasy.pl\/wp-content\/uploads\/2022\/03\/BANER-NOWY-ZMIENIONY.jpg\" class=\"aligncenter size-full wp-image-4475\" alt=\"\" width=\"2420\" height=\"948\" srcset=\"https:\/\/drzwitarasy.pl\/wp-content\/uploads\/2022\/03\/BANER-NOWY-ZMIENIONY.jpg 2420w, https:\/\/drzwitarasy.pl\/wp-content\/uploads\/2022\/03\/BANER-NOWY-ZMIENIONY-300x118.jpg 300w, https:\/\/drzwitarasy.pl\/wp-content\/uploads\/2022\/03\/BANER-NOWY-ZMIENIONY-600x235.jpg 600w, https:\/\/drzwitarasy.pl\/wp-content\/uploads\/2022\/03\/BANER-NOWY-ZMIENIONY-1024x401.jpg 1024w, https:\/\/drzwitarasy.pl\/wp-content\/uploads\/2022\/03\/BANER-NOWY-ZMIENIONY-768x301.jpg 768w, https:\/\/drzwitarasy.pl\/wp-content\/uploads\/2022\/03\/BANER-NOWY-ZMIENIONY-1536x602.jpg 1536w, https:\/\/drzwitarasy.pl\/wp-content\/uploads\/2022\/03\/BANER-NOWY-ZMIENIONY-2048x802.jpg 2048w\" sizes=\"auto, (max-width: 2420px) 100vw, 2420px\" \/><\/p>\n<p><img loading=\"lazy\" decoding=\"async\" src=\"https:\/\/drzwitarasy.pl\/wp-content\/uploads\/2024\/02\/WIZUAL-PEGASUS-CZARNE.jpg\" class=\"aligncenter size-full wp-image-3960\" alt=\"\" width=\"1516\" height=\"976\" srcset=\"https:\/\/drzwitarasy.pl\/wp-content\/uploads\/2024\/02\/WIZUAL-PEGASUS-CZARNE.jpg 1516w, https:\/\/drzwitarasy.pl\/wp-content\/uploads\/2024\/02\/WIZUAL-PEGASUS-CZARNE-300x193.jpg 300w, https:\/\/drzwitarasy.pl\/wp-content\/uploads\/2024\/02\/WIZUAL-PEGASUS-CZARNE-600x386.jpg 600w, https:\/\/drzwitarasy.pl\/wp-content\/uploads\/2024\/02\/WIZUAL-PEGASUS-CZARNE-1024x659.jpg 1024w, https:\/\/drzwitarasy.pl\/wp-content\/uploads\/2024\/02\/WIZUAL-PEGASUS-CZARNE-768x494.jpg 768w\" sizes=\"auto, (max-width: 1516px) 100vw, 1516px\" \/><\/p>\n<h3><img loading=\"lazy\" decoding=\"async\" src=\"https:\/\/drzwitarasy.pl\/wp-content\/uploads\/2024\/02\/PEGASUS-KOLORY-PRAWIDLOWE-1024x864.jpg\" class=\"aligncenter size-large wp-image-3961\" width=\"640\" height=\"540\" alt=\"\" srcset=\"https:\/\/drzwitarasy.pl\/wp-content\/uploads\/2024\/02\/PEGASUS-KOLORY-PRAWIDLOWE-1024x864.jpg 1024w, https:\/\/drzwitarasy.pl\/wp-content\/uploads\/2024\/02\/PEGASUS-KOLORY-PRAWIDLOWE-300x253.jpg 300w, https:\/\/drzwitarasy.pl\/wp-content\/uploads\/2024\/02\/PEGASUS-KOLORY-PRAWIDLOWE-600x506.jpg 600w, https:\/\/drzwitarasy.pl\/wp-content\/uploads\/2024\/02\/PEGASUS-KOLORY-PRAWIDLOWE-768x648.jpg 768w, https:\/\/drzwitarasy.pl\/wp-content\/uploads\/2024\/02\/PEGASUS-KOLORY-PRAWIDLOWE.jpg 1398w\" sizes=\"auto, (max-width: 640px) 100vw, 640px\" \/><\/h3>\n<h3><img loading=\"lazy\" decoding=\"async\" src=\"https:\/\/drzwitarasy.pl\/wp-content\/uploads\/2024\/10\/pegasus-PK-WC-4-BLACK-840x1024.jpg\" class=\"aligncenter size-large wp-image-4156\" width=\"640\" height=\"780\" alt=\"\" srcset=\"https:\/\/drzwitarasy.pl\/wp-content\/uploads\/2024\/10\/pegasus-PK-WC-4-BLACK-840x1024.jpg 840w, https:\/\/drzwitarasy.pl\/wp-content\/uploads\/2024\/10\/pegasus-PK-WC-4-BLACK-scaled-300x366.jpg 300w, https:\/\/drzwitarasy.pl\/wp-content\/uploads\/2024\/10\/pegasus-PK-WC-4-BLACK-scaled-600x731.jpg 600w, https:\/\/drzwitarasy.pl\/wp-content\/uploads\/2024\/10\/pegasus-PK-WC-4-BLACK-246x300.jpg 246w, https:\/\/drzwitarasy.pl\/wp-content\/uploads\/2024\/10\/pegasus-PK-WC-4-BLACK-768x936.jpg 768w, https:\/\/drzwitarasy.pl\/wp-content\/uploads\/2024\/10\/pegasus-PK-WC-4-BLACK-1260x1536.jpg 1260w, https:\/\/drzwitarasy.pl\/wp-content\/uploads\/2024\/10\/pegasus-PK-WC-4-BLACK-1680x2048.jpg 1680w\" sizes=\"auto, (max-width: 640px) 100vw, 640px\" \/><\/h3>\n<p><img loading=\"lazy\" decoding=\"async\" src=\"https:\/\/drzwitarasy.pl\/wp-content\/uploads\/2022\/10\/kolory-probniki-z-opisem-722x1024.jpg\" class=\"aligncenter size-large wp-image-4153\" width=\"640\" height=\"908\" alt=\"\" srcset=\"https:\/\/drzwitarasy.pl\/wp-content\/uploads\/2022\/10\/kolory-probniki-z-opisem-722x1024.jpg 722w, https:\/\/drzwitarasy.pl\/wp-content\/uploads\/2022\/10\/kolory-probniki-z-opisem-scaled-300x425.jpg 300w, https:\/\/drzwitarasy.pl\/wp-content\/uploads\/2022\/10\/kolory-probniki-z-opisem-scaled-600x851.jpg 600w, https:\/\/drzwitarasy.pl\/wp-content\/uploads\/2022\/10\/kolory-probniki-z-opisem-212x300.jpg 212w, https:\/\/drzwitarasy.pl\/wp-content\/uploads\/2022\/10\/kolory-probniki-z-opisem-768x1089.jpg 768w, https:\/\/drzwitarasy.pl\/wp-content\/uploads\/2022\/10\/kolory-probniki-z-opisem-1083x1536.jpg 1083w, https:\/\/drzwitarasy.pl\/wp-content\/uploads\/2022\/10\/kolory-probniki-z-opisem-1444x2048.jpg 1444w, https:\/\/drzwitarasy.pl\/wp-content\/uploads\/2022\/10\/kolory-probniki-z-opisem-scaled.jpg 1805w\" sizes=\"auto, (max-width: 640px) 100vw, 640px\" \/><\/p>\n<h3>Drzwi Pegasus SLIM CZARNE WSTAWKI P\u0141YCINOWE &#8211; ZAMIAST SZKLENIA<\/h3>\n<p>Poszukujesz drzwi, kt\u00f3re nie tylko b\u0119d\u0105 funkcjonalne, ale tak\u017ce nadadz\u0105 Twojemu wn\u0119trzu wyj\u0105tkowy, nowoczesny styl? Chcesz, aby by\u0142y trwa\u0142e, estetyczne i \u0142atwe w konserwacji? Oto nasza propozycja \u2013 Drzwi Pegasus<\/p>\n<h4>Dlaczego warto wybra\u0107 drzwi Pegasus?<\/h4>\n<p>Nasze drzwi Pegasus to kwintesencja wysokiej jako\u015bci i nowoczesnego designu. Konstrukcja drzwi opiera si\u0119 na pe\u0142nej p\u0142ycie MDF, co zapewnia ich niezwyk\u0142\u0105 trwa\u0142o\u015b\u0107 i odporno\u015b\u0107 na uszkodzenia mechaniczne. Dodatkowo, dzi\u0119ki w\u0119\u017cszym ramiakom pionowym, drzwi te s\u0105 l\u017cejsze i mniej obci\u0105\u017caj\u0105 zawiasy.<\/p>\n<h4>Najwa\u017cniejsze cechy:<\/h4>\n<p><strong>Wysoka jako\u015b\u0107 i trwa\u0142o\u015b\u0107<\/strong>: Wykonane z pe\u0142nej p\u0142yty MDF, drzwi te s\u0105 wyj\u0105tkowo odporne na wszelkie uszkodzenia mechaniczne, co gwarantuje ich d\u0142ugowieczno\u015b\u0107.<\/p>\n<p><strong>Nowoczesny design<\/strong>: Drzwi Pegasus wyr\u00f3\u017cniaj\u0105 si\u0119 smuk\u0142ym i eleganckim wygl\u0105dem, idealnie komponuj\u0105c si\u0119 z nowoczesnymi wn\u0119trzami.<\/p>\n<p><strong>Technologia SOFTLine<\/strong>: Profile drzwi wykonane s\u0105 w technologii SOFTLine, kt\u00f3ra charakteryzuje si\u0119 brakiem \u0142\u0105cze\u0144 okleiny na kraw\u0119dziach, co dodaje im estetycznego wygl\u0105du.<\/p>\n<p><strong>Stabilna konstrukcja<\/strong>: Technologia czopowania i ko\u0142kowania u\u017cyta do po\u0142\u0105czenia element\u00f3w pionowych i poziomych zapobiega wypaczaniu oraz opuszczaniu drzwi, nawet podczas wieloletniego u\u017cytkowania.<\/p>\n<p><strong>Komfort u\u017cytkowania<\/strong>: Drzwi wyposa\u017cone s\u0105 w 3 wkr\u0119cane zawiasy w kolorze srebra z regulacj\u0105 2D, co zapewnia \u0142atwo\u015b\u0107 monta\u017cu i stabilno\u015b\u0107.<\/p>\n<p><strong>Wszechstronne rozmiary<\/strong>: Dost\u0119pne szeroko\u015bci: 60, 70, 80, 90, 100 cm, o wymiarach 2035 x 644\/744\/844\/944 x 40 mm, co pozwala dopasowa\u0107 je do r\u00f3\u017cnych przestrzeni.<\/p>\n<h4>Idealne do ka\u017cdego wn\u0119trza<\/h4>\n<p>Drzwi Pegasus \u015bwietnie sprawdz\u0105 si\u0119 zar\u00f3wno w nowoczesnych loftach, jak i eleganckich, klasycznych wn\u0119trzach. Dzi\u0119ki swojej uniwersalno\u015bci, mog\u0105 by\u0107 zastosowane w r\u00f3\u017cnych pomieszczeniach \u2013 od kuchni, przez salon, a\u017c po biura i gabinety.<\/p>\n<h4>Dodaj nowoczesny akcent do swojego domu ju\u017c dzi\u015b!<\/h4>\n<p>Nie czekaj \u2013 zadbaj o styl i funkcjonalno\u015b\u0107 swojego wn\u0119trza z naszymi drzwiami Pegasus . Kliknij \u201e<strong>Dodaj do koszyka<\/strong>\u201d i ciesz si\u0119 wysok\u0105 jako\u015bci\u0105 oraz nowoczesnym designem ka\u017cdego dnia.<\/p>\n<p>Sprawd\u017a nasz\u0105 ofert\u0119 i wybierz drzwi, kt\u00f3re spe\u0142ni\u0105 wszystkie Twoje oczekiwania. Tw\u00f3j dom zas\u0142uguje na najlepsze.<\/p>\n<\/div>\n<\/div>\n<\/div>\n<\/div>\n<p><img loading=\"lazy\" decoding=\"async\" src=\"https:\/\/drzwitarasy.pl\/wp-content\/uploads\/2021\/02\/PEGASUSY-Z-OPISAMI-KOLORY-SLIM-4.jpeg\" class=\"aligncenter size-full wp-image-2870\" alt=\"\" width=\"1424\" height=\"808\" srcset=\"https:\/\/drzwitarasy.pl\/wp-content\/uploads\/2021\/02\/PEGASUSY-Z-OPISAMI-KOLORY-SLIM-4.jpeg 1424w, https:\/\/drzwitarasy.pl\/wp-content\/uploads\/2021\/02\/PEGASUSY-Z-OPISAMI-KOLORY-SLIM-4-300x170.jpeg 300w, https:\/\/drzwitarasy.pl\/wp-content\/uploads\/2021\/02\/PEGASUSY-Z-OPISAMI-KOLORY-SLIM-4-600x340.jpeg 600w, https:\/\/drzwitarasy.pl\/wp-content\/uploads\/2021\/02\/PEGASUSY-Z-OPISAMI-KOLORY-SLIM-4-768x436.jpeg 768w, https:\/\/drzwitarasy.pl\/wp-content\/uploads\/2021\/02\/PEGASUSY-Z-OPISAMI-KOLORY-SLIM-4-1024x581.jpeg 1024w\" sizes=\"auto, (max-width: 1424px) 100vw, 1424px\" \/><img loading=\"lazy\" decoding=\"async\" src=\"https:\/\/drzwitarasy.pl\/wp-content\/uploads\/2021\/02\/PEGASUSY-Z-OPISAMI.jpeg\" class=\"aligncenter size-full wp-image-2871\" alt=\"\" width=\"1228\" height=\"1932\" srcset=\"https:\/\/drzwitarasy.pl\/wp-content\/uploads\/2021\/02\/PEGASUSY-Z-OPISAMI.jpeg 1228w, https:\/\/drzwitarasy.pl\/wp-content\/uploads\/2021\/02\/PEGASUSY-Z-OPISAMI-300x472.jpeg 300w, https:\/\/drzwitarasy.pl\/wp-content\/uploads\/2021\/02\/PEGASUSY-Z-OPISAMI-600x944.jpeg 600w, https:\/\/drzwitarasy.pl\/wp-content\/uploads\/2021\/02\/PEGASUSY-Z-OPISAMI-191x300.jpeg 191w, https:\/\/drzwitarasy.pl\/wp-content\/uploads\/2021\/02\/PEGASUSY-Z-OPISAMI-768x1208.jpeg 768w, https:\/\/drzwitarasy.pl\/wp-content\/uploads\/2021\/02\/PEGASUSY-Z-OPISAMI-651x1024.jpeg 651w\" sizes=\"auto, (max-width: 1228px) 100vw, 1228px\" \/><\/p>\n<p style=\"text-align: center\">Mamy przyjemno\u015b\u0107 przedstawi\u0107&nbsp;<b>najnowsz\u0105 kolekcj\u0119<\/b> designerskich drzwi ramiakowych z Linii SLIM i <b>PRESTIGE<\/b>. Skrzyd\u0142a tej serii charakteryzuj\u0105 si\u0119&nbsp;<b>modernistyczn\u0105 stylizacj\u0105<\/b>&nbsp;oraz&nbsp;<b>wysok\u0105 trwa\u0142o\u015bcia<\/b>, zachowuj\u0105c przy tym&nbsp;<b>najni\u017csz\u0105 cen\u0119<\/b>&nbsp;na rynku.<\/p>\n<p style=\"text-align: center\">Linia Prestige to rodzina skrzyde\u0142 o bardzo wysokiej jako\u015bci i odporno\u015bci na uszkodzenia mechaniczne, a tak\u017ce gwarancja uzyskania nowoczesnej stylizacji wn\u0119trz w kt\u00f3rych zostan\u0105 one zastosowane.<\/p>\n<p style=\"text-align: center\">Proponowany model to skrzyd\u0142o drzwiowe wykonane z ramiak\u00f3w MDF uszlachetnionych oklein\u0105 drewnopodobn\u0105 o zwi\u0119kszonej odporno\u015bci na zarysowania.<\/p>\n<p>&nbsp;<\/p>\n<h1><img loading=\"lazy\" decoding=\"async\" src=\"https:\/\/drzwitarasy.pl\/wp-content\/uploads\/2024\/02\/KOLORY-PEGASUS.jpg\" class=\"aligncenter size-full wp-image-3093\" alt=\"\" width=\"2352\" height=\"358\" srcset=\"https:\/\/drzwitarasy.pl\/wp-content\/uploads\/2024\/02\/KOLORY-PEGASUS.jpg 2352w, https:\/\/drzwitarasy.pl\/wp-content\/uploads\/2024\/02\/KOLORY-PEGASUS-300x46.jpg 300w, https:\/\/drzwitarasy.pl\/wp-content\/uploads\/2024\/02\/KOLORY-PEGASUS-600x91.jpg 600w, https:\/\/drzwitarasy.pl\/wp-content\/uploads\/2024\/02\/KOLORY-PEGASUS-1024x156.jpg 1024w, https:\/\/drzwitarasy.pl\/wp-content\/uploads\/2024\/02\/KOLORY-PEGASUS-768x117.jpg 768w, https:\/\/drzwitarasy.pl\/wp-content\/uploads\/2024\/02\/KOLORY-PEGASUS-1536x234.jpg 1536w, https:\/\/drzwitarasy.pl\/wp-content\/uploads\/2024\/02\/KOLORY-PEGASUS-2048x312.jpg 2048w\" sizes=\"auto, (max-width: 2352px) 100vw, 2352px\" \/><\/h1>\n<h1><\/h1>\n<p><img loading=\"lazy\" decoding=\"async\" src=\"https:\/\/drzwitarasy.pl\/wp-content\/uploads\/2024\/11\/KONTAKT-ok.jpg\" class=\"aligncenter size-full wp-image-4460\" alt=\"\" width=\"1619\" height=\"1410\" srcset=\"https:\/\/drzwitarasy.pl\/wp-content\/uploads\/2024\/11\/KONTAKT-ok.jpg 1619w, https:\/\/drzwitarasy.pl\/wp-content\/uploads\/2024\/11\/KONTAKT-ok-300x261.jpg 300w, https:\/\/drzwitarasy.pl\/wp-content\/uploads\/2024\/11\/KONTAKT-ok-600x523.jpg 600w, https:\/\/drzwitarasy.pl\/wp-content\/uploads\/2024\/11\/KONTAKT-ok-1024x892.jpg 1024w, https:\/\/drzwitarasy.pl\/wp-content\/uploads\/2024\/11\/KONTAKT-ok-768x669.jpg 768w, https:\/\/drzwitarasy.pl\/wp-content\/uploads\/2024\/11\/KONTAKT-ok-1536x1338.jpg 1536w\" sizes=\"auto, (max-width: 1619px) 100vw, 1619px\" \/><\/p>\n<p>&nbsp;<\/p>\n","protected":false},"excerpt":{"rendered":"<ul>\n<li>3 srebrne zawiasy czopowe<\/li>\n<li>zamek: na klucz (pok\u00f3j), na wk\u0142adk\u0119 patentow\u0105 (dodatkowa op\u0142ata) lub obrotowy (\u0142azienkowe)<\/li>\n<li>klamka\/o\u015bcie\u017cnica za dodatkow\u0105 op\u0142at\u0105 (nie wchodzi w cen\u0119 skrzyd\u0142a)<\/li>\n<\/ul>\n","protected":false},"featured_media":3465,"template":"","meta":{"_acf_changed":false,"_monsterinsights_skip_tracking":false,"_monsterinsights_sitenote_active":false,"_monsterinsights_sitenote_note":"","_monsterinsights_sitenote_category":0},"product_brand":[527],"product_cat":[30,21,516,600],"product_tag":[181,180,179,463,173],"class_list":{"0":"post-3978","1":"product","2":"type-product","3":"status-publish","4":"has-post-thumbnail","6":"product_brand-windoor","7":"product_cat-drzwi-prestige","8":"product_cat-drzwi-wewnetrzne","9":"product_cat-windoor","10":"product_cat-pegasus","11":"product_tag-drzwi-do-domu","12":"product_tag-drzwi-pegasus","13":"product_tag-drzwi-wewnetrzne","14":"product_tag-reszta","15":"product_tag-windoor","16":"product_shipping_class-drzwi-windoor","18":"first","19":"instock","20":"sale","21":"shipping-taxable","22":"purchasable","23":"product-type-variable","24":"add-to-wishlist-after_add_to_cart"},"acf":[],"aioseo_notices":[],"jetpack_sharing_enabled":true,"_links":{"self":[{"href":"https:\/\/drzwitarasy.pl\/index.php?rest_route=\/wp\/v2\/product\/3978","targetHints":{"allow":["GET"]}}],"collection":[{"href":"https:\/\/drzwitarasy.pl\/index.php?rest_route=\/wp\/v2\/product"}],"about":[{"href":"https:\/\/drzwitarasy.pl\/index.php?rest_route=\/wp\/v2\/types\/product"}],"wp:featuredmedia":[{"embeddable":true,"href":"https:\/\/drzwitarasy.pl\/index.php?rest_route=\/wp\/v2\/media\/3465"}],"wp:attachment":[{"href":"https:\/\/drzwitarasy.pl\/index.php?rest_route=%2Fwp%2Fv2%2Fmedia&parent=3978"}],"wp:term":[{"taxonomy":"product_brand","embeddable":true,"href":"https:\/\/drzwitarasy.pl\/index.php?rest_route=%2Fwp%2Fv2%2Fproduct_brand&post=3978"},{"taxonomy":"product_cat","embeddable":true,"href":"https:\/\/drzwitarasy.pl\/index.php?rest_route=%2Fwp%2Fv2%2Fproduct_cat&post=3978"},{"taxonomy":"product_tag","embeddable":true,"href":"https:\/\/drzwitarasy.pl\/index.php?rest_route=%2Fwp%2Fv2%2Fproduct_tag&post=3978"}],"curies":[{"name":"wp","href":"https:\/\/api.w.org\/{rel}","templated":true}]}}