{"id":3857,"date":"2024-09-24T20:37:32","date_gmt":"2024-09-24T18:37:32","guid":{"rendered":"https:\/\/drzwitarasy.pl\/?post_type=product&#038;p=3857"},"modified":"2025-08-19T20:45:17","modified_gmt":"2025-08-19T18:45:17","slug":"sztacheta-desenszlif-ciemny-braz-winfloor-wyprzedaz","status":"publish","type":"product","link":"https:\/\/drzwitarasy.pl\/?product=sztacheta-desenszlif-ciemny-braz-winfloor-wyprzedaz","title":{"rendered":"Sztacheta dese\u0144+szlif ciemny br\u0105z Winfloor WYPRZEDA\u017b"},"content":{"rendered":"<p>WYPRZEDA\u017b MAGAZYNOWA<\/p>\n<p>&nbsp;<\/p>\n<p><img loading=\"lazy\" decoding=\"async\" class=\"alignleft size-medium wp-image-3866\" src=\"https:\/\/drzwitarasy.pl\/wp-content\/uploads\/2024\/09\/DESEN-C.-BRAZ-3-130x300.jpg\" alt=\"\" width=\"130\" height=\"300\" srcset=\"https:\/\/drzwitarasy.pl\/wp-content\/uploads\/2024\/09\/DESEN-C.-BRAZ-3-130x300.jpg 130w, https:\/\/drzwitarasy.pl\/wp-content\/uploads\/2024\/09\/DESEN-C.-BRAZ-3-300x694.jpg 300w, https:\/\/drzwitarasy.pl\/wp-content\/uploads\/2024\/09\/DESEN-C.-BRAZ-3-600x1388.jpg 600w, https:\/\/drzwitarasy.pl\/wp-content\/uploads\/2024\/09\/DESEN-C.-BRAZ-3-443x1024.jpg 443w, https:\/\/drzwitarasy.pl\/wp-content\/uploads\/2024\/09\/DESEN-C.-BRAZ-3.jpg 658w\" sizes=\"auto, (max-width: 130px) 100vw, 130px\" \/> <img loading=\"lazy\" decoding=\"async\" class=\"alignleft size-medium wp-image-3867\" src=\"https:\/\/drzwitarasy.pl\/wp-content\/uploads\/2024\/09\/DESEN-C.-BRAZ-2-77x300.jpg\" alt=\"\" width=\"77\" height=\"300\" srcset=\"https:\/\/drzwitarasy.pl\/wp-content\/uploads\/2024\/09\/DESEN-C.-BRAZ-2-77x300.jpg 77w, https:\/\/drzwitarasy.pl\/wp-content\/uploads\/2024\/09\/DESEN-C.-BRAZ-2-300x1174.jpg 300w, https:\/\/drzwitarasy.pl\/wp-content\/uploads\/2024\/09\/DESEN-C.-BRAZ-2-262x1024.jpg 262w, https:\/\/drzwitarasy.pl\/wp-content\/uploads\/2024\/09\/DESEN-C.-BRAZ-2.jpg 395w\" sizes=\"auto, (max-width: 77px) 100vw, 77px\" \/> <img loading=\"lazy\" decoding=\"async\" class=\"alignleft size-medium wp-image-3868\" src=\"https:\/\/drzwitarasy.pl\/wp-content\/uploads\/2024\/09\/DESEN-C.-BRAZ-146x300.jpg\" alt=\"\" width=\"146\" height=\"300\" srcset=\"https:\/\/drzwitarasy.pl\/wp-content\/uploads\/2024\/09\/DESEN-C.-BRAZ-146x300.jpg 146w, https:\/\/drzwitarasy.pl\/wp-content\/uploads\/2024\/09\/DESEN-C.-BRAZ-300x616.jpg 300w, https:\/\/drzwitarasy.pl\/wp-content\/uploads\/2024\/09\/DESEN-C.-BRAZ-600x1232.jpg 600w, https:\/\/drzwitarasy.pl\/wp-content\/uploads\/2024\/09\/DESEN-C.-BRAZ-499x1024.jpg 499w, https:\/\/drzwitarasy.pl\/wp-content\/uploads\/2024\/09\/DESEN-C.-BRAZ.jpg 725w\" sizes=\"auto, (max-width: 146px) 100vw, 146px\" \/> <img loading=\"lazy\" decoding=\"async\" class=\"alignleft size-medium wp-image-3608\" src=\"https:\/\/drzwitarasy.pl\/wp-content\/uploads\/2024\/09\/ZASLEPKI-SZTACHET-300x197.jpg\" alt=\"\" width=\"300\" height=\"197\" srcset=\"https:\/\/drzwitarasy.pl\/wp-content\/uploads\/2024\/09\/ZASLEPKI-SZTACHET-300x197.jpg 300w, https:\/\/drzwitarasy.pl\/wp-content\/uploads\/2024\/09\/ZASLEPKI-SZTACHET-600x394.jpg 600w, https:\/\/drzwitarasy.pl\/wp-content\/uploads\/2024\/09\/ZASLEPKI-SZTACHET-768x504.jpg 768w, https:\/\/drzwitarasy.pl\/wp-content\/uploads\/2024\/09\/ZASLEPKI-SZTACHET-350x230.jpg 350w, https:\/\/drzwitarasy.pl\/wp-content\/uploads\/2024\/09\/ZASLEPKI-SZTACHET.jpg 1012w\" sizes=\"auto, (max-width: 300px) 100vw, 300px\" \/><\/p>\n","protected":false},"excerpt":{"rendered":"<p>WYPRZEDA\u017b MAGAZYNOWA &nbsp;<\/p>\n","protected":false},"featured_media":1180,"template":"","meta":{"_acf_changed":false,"_monsterinsights_skip_tracking":false,"_monsterinsights_sitenote_active":false,"_monsterinsights_sitenote_note":"","_monsterinsights_sitenote_category":0},"product_brand":[],"product_cat":[354],"product_tag":[262,263,249],"class_list":{"0":"post-3857","1":"product","2":"type-product","3":"status-publish","4":"has-post-thumbnail","6":"product_cat-outlet","7":"product_tag-sztacheta","8":"product_tag-sztachety-kompozytowe","9":"product_tag-winfloor","11":"first","12":"instock","13":"sale","14":"shipping-taxable","15":"purchasable","16":"product-type-variable","17":"add-to-wishlist-after_add_to_cart"},"acf":[],"aioseo_notices":[],"jetpack_sharing_enabled":true,"_links":{"self":[{"href":"https:\/\/drzwitarasy.pl\/index.php?rest_route=\/wp\/v2\/product\/3857","targetHints":{"allow":["GET"]}}],"collection":[{"href":"https:\/\/drzwitarasy.pl\/index.php?rest_route=\/wp\/v2\/product"}],"about":[{"href":"https:\/\/drzwitarasy.pl\/index.php?rest_route=\/wp\/v2\/types\/product"}],"wp:featuredmedia":[{"embeddable":true,"href":"https:\/\/drzwitarasy.pl\/index.php?rest_route=\/wp\/v2\/media\/1180"}],"wp:attachment":[{"href":"https:\/\/drzwitarasy.pl\/index.php?rest_route=%2Fwp%2Fv2%2Fmedia&parent=3857"}],"wp:term":[{"taxonomy":"product_brand","embeddable":true,"href":"https:\/\/drzwitarasy.pl\/index.php?rest_route=%2Fwp%2Fv2%2Fproduct_brand&post=3857"},{"taxonomy":"product_cat","embeddable":true,"href":"https:\/\/drzwitarasy.pl\/index.php?rest_route=%2Fwp%2Fv2%2Fproduct_cat&post=3857"},{"taxonomy":"product_tag","embeddable":true,"href":"https:\/\/drzwitarasy.pl\/index.php?rest_route=%2Fwp%2Fv2%2Fproduct_tag&post=3857"}],"curies":[{"name":"wp","href":"https:\/\/api.w.org\/{rel}","templated":true}]}}