{"id":3822,"date":"2024-09-24T19:15:06","date_gmt":"2024-09-24T17:15:06","guid":{"rendered":"https:\/\/drzwitarasy.pl\/?post_type=product&#038;p=3822"},"modified":"2025-01-12T05:35:35","modified_gmt":"2025-01-12T04:35:35","slug":"sztacheta-desenszlif-jasny-braz-winfloor-wyprzedaz","status":"publish","type":"product","link":"https:\/\/drzwitarasy.pl\/?product=sztacheta-desenszlif-jasny-braz-winfloor-wyprzedaz","title":{"rendered":"Sztacheta dese\u0144+szlif jasny br\u0105z Winfloor WYPRZEDA\u017b"},"content":{"rendered":"<p>WYPRZEDA\u017b MAGAZYNOWA<\/p>\n<p>&nbsp;<\/p>\n<p>&nbsp;<\/p>\n<p>&nbsp;<\/p>\n<p><img loading=\"lazy\" decoding=\"async\" class=\"alignleft size-medium wp-image-3832\" src=\"https:\/\/drzwitarasy.pl\/wp-content\/uploads\/2024\/09\/DESEN-J.-BRAZ-109x300.jpg\" alt=\"\" width=\"109\" height=\"300\" srcset=\"https:\/\/drzwitarasy.pl\/wp-content\/uploads\/2024\/09\/DESEN-J.-BRAZ-109x300.jpg 109w, https:\/\/drzwitarasy.pl\/wp-content\/uploads\/2024\/09\/DESEN-J.-BRAZ-300x826.jpg 300w, https:\/\/drzwitarasy.pl\/wp-content\/uploads\/2024\/09\/DESEN-J.-BRAZ-372x1024.jpg 372w, https:\/\/drzwitarasy.pl\/wp-content\/uploads\/2024\/09\/DESEN-J.-BRAZ.jpg 532w\" sizes=\"auto, (max-width: 109px) 100vw, 109px\" \/><img loading=\"lazy\" decoding=\"async\" class=\"size-medium wp-image-3831 alignleft\" src=\"https:\/\/drzwitarasy.pl\/wp-content\/uploads\/2024\/09\/DESEN-J.-BRAZ-1-98x300.jpg\" alt=\"\" width=\"98\" height=\"300\" srcset=\"https:\/\/drzwitarasy.pl\/wp-content\/uploads\/2024\/09\/DESEN-J.-BRAZ-1-98x300.jpg 98w, https:\/\/drzwitarasy.pl\/wp-content\/uploads\/2024\/09\/DESEN-J.-BRAZ-1-300x914.jpg 300w, https:\/\/drzwitarasy.pl\/wp-content\/uploads\/2024\/09\/DESEN-J.-BRAZ-1-336x1024.jpg 336w, https:\/\/drzwitarasy.pl\/wp-content\/uploads\/2024\/09\/DESEN-J.-BRAZ-1.jpg 461w\" sizes=\"auto, (max-width: 98px) 100vw, 98px\" \/><img loading=\"lazy\" decoding=\"async\" class=\"size-medium wp-image-3608 alignleft\" src=\"https:\/\/drzwitarasy.pl\/wp-content\/uploads\/2024\/09\/ZASLEPKI-SZTACHET-300x197.jpg\" alt=\"\" width=\"300\" height=\"197\" srcset=\"https:\/\/drzwitarasy.pl\/wp-content\/uploads\/2024\/09\/ZASLEPKI-SZTACHET-300x197.jpg 300w, https:\/\/drzwitarasy.pl\/wp-content\/uploads\/2024\/09\/ZASLEPKI-SZTACHET-600x394.jpg 600w, https:\/\/drzwitarasy.pl\/wp-content\/uploads\/2024\/09\/ZASLEPKI-SZTACHET-768x504.jpg 768w, https:\/\/drzwitarasy.pl\/wp-content\/uploads\/2024\/09\/ZASLEPKI-SZTACHET-350x230.jpg 350w, https:\/\/drzwitarasy.pl\/wp-content\/uploads\/2024\/09\/ZASLEPKI-SZTACHET.jpg 1012w\" sizes=\"auto, (max-width: 300px) 100vw, 300px\" \/><\/p>\n","protected":false},"excerpt":{"rendered":"<p>WYPRZEDA\u017b MAGAZYNOWA<\/p>\n<p>SZTACHETA KOMPOZYTOWA<\/p>\n","protected":false},"featured_media":1183,"template":"","meta":{"_acf_changed":false,"om_disable_all_campaigns":false,"_monsterinsights_skip_tracking":false,"_monsterinsights_sitenote_active":false,"_monsterinsights_sitenote_note":"","_monsterinsights_sitenote_category":0},"product_brand":[],"product_cat":[354],"product_tag":[262,263,249,374],"class_list":{"0":"post-3822","1":"product","2":"type-product","3":"status-publish","4":"has-post-thumbnail","6":"product_cat-outlet","7":"product_tag-sztacheta","8":"product_tag-sztachety-kompozytowe","9":"product_tag-winfloor","10":"product_tag-wyprzedaz-magazynowa","12":"first","13":"instock","14":"sale","15":"featured","16":"shipping-taxable","17":"purchasable","18":"product-type-variable","19":"add-to-wishlist-after_add_to_cart"},"acf":[],"aioseo_notices":[],"jetpack_sharing_enabled":true,"_links":{"self":[{"href":"https:\/\/drzwitarasy.pl\/index.php?rest_route=\/wp\/v2\/product\/3822","targetHints":{"allow":["GET"]}}],"collection":[{"href":"https:\/\/drzwitarasy.pl\/index.php?rest_route=\/wp\/v2\/product"}],"about":[{"href":"https:\/\/drzwitarasy.pl\/index.php?rest_route=\/wp\/v2\/types\/product"}],"wp:featuredmedia":[{"embeddable":true,"href":"https:\/\/drzwitarasy.pl\/index.php?rest_route=\/wp\/v2\/media\/1183"}],"wp:attachment":[{"href":"https:\/\/drzwitarasy.pl\/index.php?rest_route=%2Fwp%2Fv2%2Fmedia&parent=3822"}],"wp:term":[{"taxonomy":"product_brand","embeddable":true,"href":"https:\/\/drzwitarasy.pl\/index.php?rest_route=%2Fwp%2Fv2%2Fproduct_brand&post=3822"},{"taxonomy":"product_cat","embeddable":true,"href":"https:\/\/drzwitarasy.pl\/index.php?rest_route=%2Fwp%2Fv2%2Fproduct_cat&post=3822"},{"taxonomy":"product_tag","embeddable":true,"href":"https:\/\/drzwitarasy.pl\/index.php?rest_route=%2Fwp%2Fv2%2Fproduct_tag&post=3822"}],"curies":[{"name":"wp","href":"https:\/\/api.w.org\/{rel}","templated":true}]}}