{"id":3737,"date":"2024-09-17T02:47:57","date_gmt":"2024-09-17T00:47:57","guid":{"rendered":"https:\/\/drzwitarasy.pl\/?post_type=product&#038;p=3737"},"modified":"2025-10-13T23:24:21","modified_gmt":"2025-10-13T21:24:21","slug":"system-przesuwny-nascienny-loftowy","status":"publish","type":"product","link":"https:\/\/drzwitarasy.pl\/?product=system-przesuwny-nascienny-loftowy","title":{"rendered":"System przesuwny na\u015bcienny LOFTOWY"},"content":{"rendered":"<p><img loading=\"lazy\" decoding=\"async\" class=\"size-full wp-image-437 aligncenter\" src=\"http:\/\/drzwitarasy.pl\/wp-content\/uploads\/2019\/01\/2.jpg\" alt=\"\" width=\"1435\" height=\"504\" srcset=\"https:\/\/drzwitarasy.pl\/wp-content\/uploads\/2019\/01\/2.jpg 1435w, https:\/\/drzwitarasy.pl\/wp-content\/uploads\/2019\/01\/2-300x105.jpg 300w, https:\/\/drzwitarasy.pl\/wp-content\/uploads\/2019\/01\/2-600x211.jpg 600w, https:\/\/drzwitarasy.pl\/wp-content\/uploads\/2019\/01\/2-768x270.jpg 768w, https:\/\/drzwitarasy.pl\/wp-content\/uploads\/2019\/01\/2-1024x360.jpg 1024w\" sizes=\"auto, (max-width: 1435px) 100vw, 1435px\" \/><\/p>\n","protected":false},"excerpt":{"rendered":"<p><img loading=\"lazy\" decoding=\"async\" class=\"aligncenter size-full wp-image-3735\" src=\"https:\/\/drzwitarasy.pl\/wp-content\/uploads\/2024\/09\/LOFT-WIZUAL.jpg\" alt=\"\" width=\"1536\" height=\"991\" srcset=\"https:\/\/drzwitarasy.pl\/wp-content\/uploads\/2024\/09\/LOFT-WIZUAL.jpg 1536w, https:\/\/drzwitarasy.pl\/wp-content\/uploads\/2024\/09\/LOFT-WIZUAL-300x194.jpg 300w, https:\/\/drzwitarasy.pl\/wp-content\/uploads\/2024\/09\/LOFT-WIZUAL-600x387.jpg 600w, https:\/\/drzwitarasy.pl\/wp-content\/uploads\/2024\/09\/LOFT-WIZUAL-1024x661.jpg 1024w, https:\/\/drzwitarasy.pl\/wp-content\/uploads\/2024\/09\/LOFT-WIZUAL-768x496.jpg 768w\" sizes=\"auto, (max-width: 1536px) 100vw, 1536px\" \/><\/p>\n<p><strong>System LOFT LOFTOWY przesuwny<\/strong>\u00a0to stylowe rozwi\u0105zanie do aran\u017cacji wn\u0119trz, kt\u00f3re \u0142\u0105czy funkcjonalno\u015b\u0107 z industrialnym designem. Idealnie nadaje si\u0119 do mieszka\u0144 loftowych i nowoczesnych przestrzeni, dodaj\u0105c im unikalnego charakteru i optycznie powi\u0119kszaj\u0105c pomieszczenia. Dzi\u0119ki niemu drzwi mog\u0105\u00a0<strong>p\u0142ynnie przesuwa\u0107 si\u0119<\/strong>\u00a0wzd\u0142u\u017c \u015bciany, co oszcz\u0119dza miejsce i zapewnia\u00a0<strong>estetyczny wygl\u0105d<\/strong>.<\/p>\n<ul>\n<li><strong>drzwi nale\u017cy zam\u00f3wi\u0107 osobno!<\/strong><\/li>\n<\/ul>\n<p>&nbsp;<\/p>\n","protected":false},"featured_media":3734,"template":"","meta":{"_acf_changed":false,"_monsterinsights_skip_tracking":false,"_monsterinsights_sitenote_active":false,"_monsterinsights_sitenote_note":"","_monsterinsights_sitenote_category":0},"product_brand":[527],"product_cat":[21,253,32,252],"product_tag":[],"class_list":{"0":"post-3737","1":"product","2":"type-product","3":"status-publish","4":"has-post-thumbnail","6":"product_brand-windoor","7":"product_cat-drzwi-wewnetrzne","8":"product_cat-oscieznice-prestige-standard","9":"product_cat-oscieznice-akcesoria","10":"product_cat-tunel-regulowany","12":"first","13":"instock","14":"sale","15":"shipping-taxable","16":"purchasable","17":"product-type-simple","18":"add-to-wishlist-after_add_to_cart"},"acf":[],"aioseo_notices":[],"jetpack_sharing_enabled":true,"_links":{"self":[{"href":"https:\/\/drzwitarasy.pl\/index.php?rest_route=\/wp\/v2\/product\/3737","targetHints":{"allow":["GET"]}}],"collection":[{"href":"https:\/\/drzwitarasy.pl\/index.php?rest_route=\/wp\/v2\/product"}],"about":[{"href":"https:\/\/drzwitarasy.pl\/index.php?rest_route=\/wp\/v2\/types\/product"}],"wp:featuredmedia":[{"embeddable":true,"href":"https:\/\/drzwitarasy.pl\/index.php?rest_route=\/wp\/v2\/media\/3734"}],"wp:attachment":[{"href":"https:\/\/drzwitarasy.pl\/index.php?rest_route=%2Fwp%2Fv2%2Fmedia&parent=3737"}],"wp:term":[{"taxonomy":"product_brand","embeddable":true,"href":"https:\/\/drzwitarasy.pl\/index.php?rest_route=%2Fwp%2Fv2%2Fproduct_brand&post=3737"},{"taxonomy":"product_cat","embeddable":true,"href":"https:\/\/drzwitarasy.pl\/index.php?rest_route=%2Fwp%2Fv2%2Fproduct_cat&post=3737"},{"taxonomy":"product_tag","embeddable":true,"href":"https:\/\/drzwitarasy.pl\/index.php?rest_route=%2Fwp%2Fv2%2Fproduct_tag&post=3737"}],"curies":[{"name":"wp","href":"https:\/\/api.w.org\/{rel}","templated":true}]}}