{"id":3643,"date":"2024-09-10T01:40:43","date_gmt":"2024-09-09T23:40:43","guid":{"rendered":"https:\/\/drzwitarasy.pl\/?post_type=product&#038;p=3643"},"modified":"2026-03-04T01:59:00","modified_gmt":"2026-03-04T00:59:00","slug":"tunel-regulowany-premium-windoor","status":"publish","type":"product","link":"https:\/\/drzwitarasy.pl\/?product=tunel-regulowany-premium-windoor","title":{"rendered":"Tunel regulowany Premium do drzwi Prestige i P\u0142ycinowych Standard"},"content":{"rendered":"<p>Tunel panelowy &#8211; regulowany dedykowany jest do <strong>drzwi przesuwnych,<\/strong><\/p>\n<p>tunel sk\u0142ada si\u0119 z <strong>dw\u00f3ch pion\u00f3w g\u0142\u00f3wnych (baz)<\/strong>\u00a0oraz\u00a0<strong>jednej belki poziomej (g\u0142\u00f3wki) (bez nawierce\u0144, bez zawias\u00f3w)<\/strong>.<\/p>\n<p>Tunel jest dedykowany do zamaskowania wewn\u0119trznej cz\u0119\u015bci otworu w murze.<\/p>\n<p>Cz\u0119\u015b\u0107 czo\u0142ow\u0105 z obu stron stanowi\u0105 p\u0142askie\u00a0<strong>opaski maskuj\u0105ce\u00a0<\/strong>o szeroko\u015bci 6 cm lub 8 cm.<\/p>\n<p><img data-recalc-dims=\"1\" loading=\"lazy\" decoding=\"async\" data-attachment-id=\"6935\" data-permalink=\"https:\/\/drzwitarasy.pl\/?attachment_id=6935\" data-orig-file=\"https:\/\/i0.wp.com\/drzwitarasy.pl\/wp-content\/uploads\/2025\/03\/KOLORY-WSZYSTKIE-PREMIUM-NOWE.jpg?fit=1301%2C505&amp;ssl=1\" data-orig-size=\"1301,505\" data-comments-opened=\"0\" data-image-meta=\"{&quot;aperture&quot;:&quot;0&quot;,&quot;credit&quot;:&quot;&quot;,&quot;camera&quot;:&quot;&quot;,&quot;caption&quot;:&quot;&quot;,&quot;created_timestamp&quot;:&quot;0&quot;,&quot;copyright&quot;:&quot;&quot;,&quot;focal_length&quot;:&quot;0&quot;,&quot;iso&quot;:&quot;0&quot;,&quot;shutter_speed&quot;:&quot;0&quot;,&quot;title&quot;:&quot;&quot;,&quot;orientation&quot;:&quot;1&quot;}\" data-image-title=\"KOLORY WSZYSTKIE PREMIUM NOWE\" data-image-description=\"\" data-image-caption=\"\" data-large-file=\"https:\/\/i0.wp.com\/drzwitarasy.pl\/wp-content\/uploads\/2025\/03\/KOLORY-WSZYSTKIE-PREMIUM-NOWE.jpg?fit=640%2C248&amp;ssl=1\" class=\"aligncenter size-full wp-image-6935\" src=\"https:\/\/i0.wp.com\/drzwitarasy.pl\/wp-content\/uploads\/2025\/03\/KOLORY-WSZYSTKIE-PREMIUM-NOWE.jpg?resize=640%2C248&#038;ssl=1\" alt=\"\" width=\"640\" height=\"248\" srcset=\"https:\/\/i0.wp.com\/drzwitarasy.pl\/wp-content\/uploads\/2025\/03\/KOLORY-WSZYSTKIE-PREMIUM-NOWE.jpg?w=1301&amp;ssl=1 1301w, https:\/\/i0.wp.com\/drzwitarasy.pl\/wp-content\/uploads\/2025\/03\/KOLORY-WSZYSTKIE-PREMIUM-NOWE.jpg?resize=300%2C116&amp;ssl=1 300w, https:\/\/i0.wp.com\/drzwitarasy.pl\/wp-content\/uploads\/2025\/03\/KOLORY-WSZYSTKIE-PREMIUM-NOWE.jpg?resize=1024%2C397&amp;ssl=1 1024w, https:\/\/i0.wp.com\/drzwitarasy.pl\/wp-content\/uploads\/2025\/03\/KOLORY-WSZYSTKIE-PREMIUM-NOWE.jpg?resize=768%2C298&amp;ssl=1 768w, https:\/\/i0.wp.com\/drzwitarasy.pl\/wp-content\/uploads\/2025\/03\/KOLORY-WSZYSTKIE-PREMIUM-NOWE.jpg?resize=600%2C233&amp;ssl=1 600w\" sizes=\"auto, (max-width: 640px) 100vw, 640px\" \/><\/p>\n<p>&nbsp;<\/p>\n<p><img data-recalc-dims=\"1\" loading=\"lazy\" decoding=\"async\" data-attachment-id=\"5591\" data-permalink=\"https:\/\/drzwitarasy.pl\/?attachment_id=5591\" data-orig-file=\"https:\/\/i0.wp.com\/drzwitarasy.pl\/wp-content\/uploads\/2025\/07\/tunel.jpg?fit=852%2C717&amp;ssl=1\" data-orig-size=\"852,717\" data-comments-opened=\"0\" data-image-meta=\"{&quot;aperture&quot;:&quot;0&quot;,&quot;credit&quot;:&quot;&quot;,&quot;camera&quot;:&quot;&quot;,&quot;caption&quot;:&quot;5b76c22e92976e6aac734b63a13e8c34be5dca2e0dde5226a175707d651bf00b660757427de1f3c7befbf9793a962a54fe3afe396965b00ce9a2956564b87bc1908ca683339cc386c086515d35dcfb00&quot;,&quot;created_timestamp&quot;:&quot;0&quot;,&quot;copyright&quot;:&quot;&quot;,&quot;focal_length&quot;:&quot;0&quot;,&quot;iso&quot;:&quot;0&quot;,&quot;shutter_speed&quot;:&quot;0&quot;,&quot;title&quot;:&quot;&quot;,&quot;orientation&quot;:&quot;0&quot;}\" data-image-title=\"tunel\" data-image-description=\"\" data-image-caption=\"\" data-large-file=\"https:\/\/i0.wp.com\/drzwitarasy.pl\/wp-content\/uploads\/2025\/07\/tunel.jpg?fit=640%2C539&amp;ssl=1\" class=\"aligncenter size-full wp-image-5591\" src=\"https:\/\/i0.wp.com\/drzwitarasy.pl\/wp-content\/uploads\/2025\/07\/tunel.jpg?resize=640%2C539&#038;ssl=1\" alt=\"\" width=\"640\" height=\"539\" srcset=\"https:\/\/i0.wp.com\/drzwitarasy.pl\/wp-content\/uploads\/2025\/07\/tunel.jpg?w=852&amp;ssl=1 852w, https:\/\/i0.wp.com\/drzwitarasy.pl\/wp-content\/uploads\/2025\/07\/tunel.jpg?resize=300%2C252&amp;ssl=1 300w, https:\/\/i0.wp.com\/drzwitarasy.pl\/wp-content\/uploads\/2025\/07\/tunel.jpg?resize=600%2C505&amp;ssl=1 600w, https:\/\/i0.wp.com\/drzwitarasy.pl\/wp-content\/uploads\/2025\/07\/tunel.jpg?resize=768%2C646&amp;ssl=1 768w\" sizes=\"auto, (max-width: 640px) 100vw, 640px\" \/><\/p>\n<p><img data-recalc-dims=\"1\" loading=\"lazy\" decoding=\"async\" data-attachment-id=\"6946\" data-permalink=\"https:\/\/drzwitarasy.pl\/?attachment_id=6946\" data-orig-file=\"https:\/\/i0.wp.com\/drzwitarasy.pl\/wp-content\/uploads\/2024\/09\/tunel-2.jpg?fit=1206%2C1117&amp;ssl=1\" data-orig-size=\"1206,1117\" data-comments-opened=\"0\" data-image-meta=\"{&quot;aperture&quot;:&quot;0&quot;,&quot;credit&quot;:&quot;&quot;,&quot;camera&quot;:&quot;&quot;,&quot;caption&quot;:&quot;&quot;,&quot;created_timestamp&quot;:&quot;0&quot;,&quot;copyright&quot;:&quot;&quot;,&quot;focal_length&quot;:&quot;0&quot;,&quot;iso&quot;:&quot;0&quot;,&quot;shutter_speed&quot;:&quot;0&quot;,&quot;title&quot;:&quot;&quot;,&quot;orientation&quot;:&quot;1&quot;}\" data-image-title=\"tunel\" data-image-description=\"\" data-image-caption=\"\" data-large-file=\"https:\/\/i0.wp.com\/drzwitarasy.pl\/wp-content\/uploads\/2024\/09\/tunel-2.jpg?fit=640%2C593&amp;ssl=1\" class=\"aligncenter size-full wp-image-6946\" src=\"https:\/\/i0.wp.com\/drzwitarasy.pl\/wp-content\/uploads\/2024\/09\/tunel-2.jpg?resize=640%2C593&#038;ssl=1\" alt=\"\" width=\"640\" height=\"593\" srcset=\"https:\/\/i0.wp.com\/drzwitarasy.pl\/wp-content\/uploads\/2024\/09\/tunel-2.jpg?w=1206&amp;ssl=1 1206w, https:\/\/i0.wp.com\/drzwitarasy.pl\/wp-content\/uploads\/2024\/09\/tunel-2.jpg?resize=300%2C278&amp;ssl=1 300w, https:\/\/i0.wp.com\/drzwitarasy.pl\/wp-content\/uploads\/2024\/09\/tunel-2.jpg?resize=1024%2C948&amp;ssl=1 1024w, https:\/\/i0.wp.com\/drzwitarasy.pl\/wp-content\/uploads\/2024\/09\/tunel-2.jpg?resize=768%2C711&amp;ssl=1 768w, https:\/\/i0.wp.com\/drzwitarasy.pl\/wp-content\/uploads\/2024\/09\/tunel-2.jpg?resize=600%2C556&amp;ssl=1 600w\" sizes=\"auto, (max-width: 640px) 100vw, 640px\" \/><\/p>\n<p><img data-recalc-dims=\"1\" loading=\"lazy\" decoding=\"async\" data-attachment-id=\"4460\" data-permalink=\"https:\/\/drzwitarasy.pl\/?attachment_id=4460\" data-orig-file=\"https:\/\/i0.wp.com\/drzwitarasy.pl\/wp-content\/uploads\/2024\/11\/KONTAKT-ok.jpg?fit=1619%2C1410&amp;ssl=1\" data-orig-size=\"1619,1410\" data-comments-opened=\"0\" data-image-meta=\"{&quot;aperture&quot;:&quot;0&quot;,&quot;credit&quot;:&quot;&quot;,&quot;camera&quot;:&quot;&quot;,&quot;caption&quot;:&quot;&quot;,&quot;created_timestamp&quot;:&quot;0&quot;,&quot;copyright&quot;:&quot;&quot;,&quot;focal_length&quot;:&quot;0&quot;,&quot;iso&quot;:&quot;0&quot;,&quot;shutter_speed&quot;:&quot;0&quot;,&quot;title&quot;:&quot;&quot;,&quot;orientation&quot;:&quot;1&quot;}\" data-image-title=\"KONTAKT ok\" data-image-description=\"\" data-image-caption=\"\" data-large-file=\"https:\/\/i0.wp.com\/drzwitarasy.pl\/wp-content\/uploads\/2024\/11\/KONTAKT-ok.jpg?fit=640%2C558&amp;ssl=1\" class=\"aligncenter size-full wp-image-4460\" src=\"https:\/\/i0.wp.com\/drzwitarasy.pl\/wp-content\/uploads\/2024\/11\/KONTAKT-ok.jpg?resize=640%2C557&#038;ssl=1\" alt=\"\" width=\"640\" height=\"557\" srcset=\"https:\/\/i0.wp.com\/drzwitarasy.pl\/wp-content\/uploads\/2024\/11\/KONTAKT-ok.jpg?w=1619&amp;ssl=1 1619w, https:\/\/i0.wp.com\/drzwitarasy.pl\/wp-content\/uploads\/2024\/11\/KONTAKT-ok.jpg?resize=300%2C261&amp;ssl=1 300w, https:\/\/i0.wp.com\/drzwitarasy.pl\/wp-content\/uploads\/2024\/11\/KONTAKT-ok.jpg?resize=600%2C523&amp;ssl=1 600w, https:\/\/i0.wp.com\/drzwitarasy.pl\/wp-content\/uploads\/2024\/11\/KONTAKT-ok.jpg?resize=1024%2C892&amp;ssl=1 1024w, https:\/\/i0.wp.com\/drzwitarasy.pl\/wp-content\/uploads\/2024\/11\/KONTAKT-ok.jpg?resize=768%2C669&amp;ssl=1 768w, https:\/\/i0.wp.com\/drzwitarasy.pl\/wp-content\/uploads\/2024\/11\/KONTAKT-ok.jpg?resize=1536%2C1338&amp;ssl=1 1536w, https:\/\/i0.wp.com\/drzwitarasy.pl\/wp-content\/uploads\/2024\/11\/KONTAKT-ok.jpg?w=1280&amp;ssl=1 1280w\" sizes=\"auto, (max-width: 640px) 100vw, 640px\" \/><\/p>\n","protected":false},"excerpt":{"rendered":"<p><img loading=\"lazy\" decoding=\"async\" class=\"aligncenter wp-image-6747\" src=\"https:\/\/drzwitarasy.pl\/wp-content\/uploads\/2025\/04\/kat-45\u00b0.jpg\" alt=\"\" width=\"220\" height=\"178\" srcset=\"https:\/\/i0.wp.com\/drzwitarasy.pl\/wp-content\/uploads\/2025\/04\/kat-45%C2%B0.jpg?w=922&amp;ssl=1 922w, https:\/\/i0.wp.com\/drzwitarasy.pl\/wp-content\/uploads\/2025\/04\/kat-45%C2%B0.jpg?resize=300%2C243&amp;ssl=1 300w, https:\/\/i0.wp.com\/drzwitarasy.pl\/wp-content\/uploads\/2025\/04\/kat-45%C2%B0.jpg?resize=768%2C622&amp;ssl=1 768w, https:\/\/i0.wp.com\/drzwitarasy.pl\/wp-content\/uploads\/2025\/04\/kat-45%C2%B0.jpg?resize=360%2C290&amp;ssl=1 360w, https:\/\/i0.wp.com\/drzwitarasy.pl\/wp-content\/uploads\/2025\/04\/kat-45%C2%B0.jpg?resize=600%2C486&amp;ssl=1 600w\" sizes=\"auto, (max-width: 220px) 100vw, 220px\" \/><\/p>\n","protected":false},"featured_media":3638,"template":"","meta":{"_acf_changed":false,"jetpack_publicize_message":"","jetpack_publicize_feature_enabled":true,"jetpack_social_post_already_shared":false,"jetpack_social_options":{"image_generator_settings":{"template":"highway","default_image_id":0,"font":"","enabled":false},"version":2}},"product_brand":[527],"product_cat":[21,253,32,252],"product_tag":[270,285,319,282,317,320,323,324,321,326,325,322,308,350,287,187,348,327,330,333,342,338,336,343,337,340,339,335,332,341,309,312,306,347,274,275,277,280,273,276,279,349,278,272,307,311,310,269,177,292,298,294,299,293,296,295,297,300,301,313,344,346,284,286,304,328,283,303,281,329,314,316,315,318,331,302,305,334,271,345,288,290,289,291],"class_list":{"0":"post-3643","1":"product","2":"type-product","3":"status-publish","4":"has-post-thumbnail","6":"product_brand-windoor","7":"product_cat-drzwi-wewnetrzne","8":"product_cat-oscieznice-prestige-standard","9":"product_cat-oscieznice-akcesoria","10":"product_cat-tunel-regulowany","11":"product_tag-castorama-drzwi-wewnetrzne","12":"product_tag-ciemne-drzwi-wewnetrzne","13":"product_tag-dre-drzwi-bezprzylgowe","14":"product_tag-drewniane-drzwi-wewnetrzne","15":"product_tag-drzwi-bezprzylgowe-co-to-znaczy","16":"product_tag-drzwi-bezprzylgowe-biale","17":"product_tag-drzwi-bezprzylgowe-castorama","18":"product_tag-drzwi-bezprzylgowe-leroy","19":"product_tag-drzwi-bezprzylgowe-oscieznica","20":"product_tag-drzwi-bezprzylgowe-z-oscieznica-cena","21":"product_tag-drzwi-bezprzylgowe-z-oscieznica-komplet","22":"product_tag-drzwi-bezprzylgowe-z-szyba","23":"product_tag-drzwi-drewniane-windoor","24":"product_tag-drzwi-loftowe-przesuwne","25":"product_tag-drzwi-nowoczesne-wewnetrzne","26":"product_tag-drzwi-od-reki","27":"product_tag-drzwi-prysznicowe-przesuwne","28":"product_tag-drzwi-przesuwne","29":"product_tag-drzwi-przesuwne-biale","30":"product_tag-drzwi-przesuwne-bricomarche","31":"product_tag-drzwi-przesuwne-castorama","32":"product_tag-drzwi-przesuwne-chowane-w-sciane","33":"product_tag-drzwi-przesuwne-do-lazienki","34":"product_tag-drzwi-przesuwne-ikea","35":"product_tag-drzwi-przesuwne-leroy-merlin","36":"product_tag-drzwi-przesuwne-na-wymiar","37":"product_tag-drzwi-przesuwne-nascienne","38":"product_tag-drzwi-przesuwne-oscieznica","39":"product_tag-drzwi-przesuwne-otwarte-teraz","40":"product_tag-drzwi-przesuwne-szklane","41":"product_tag-drzwi-przesuwne-windoor","42":"product_tag-drzwi-rozwierane-windoor","43":"product_tag-drzwi-rozwierane-windoor-80-cm","44":"product_tag-drzwi-tarasowe-przesuwne","45":"product_tag-drzwi-wewnetrzne-biale","46":"product_tag-drzwi-wewnetrzne-castorama","47":"product_tag-drzwi-wewnetrzne-cena","48":"product_tag-drzwi-wewnetrzne-czarne","49":"product_tag-drzwi-wewnetrzne-dre","50":"product_tag-drzwi-wewnetrzne-drewniane","51":"product_tag-drzwi-wewnetrzne-nowoczesne","52":"product_tag-drzwi-wewnetrzne-przesuwne","53":"product_tag-drzwi-wewnetrzne-szare","54":"product_tag-drzwi-wewnetrzne-szklane","55":"product_tag-drzwi-wewnetrzne-windoor","56":"product_tag-drzwi-wewnetrzne-windoor-castorama","57":"product_tag-drzwi-wewnetrzne-windoor-radom","58":"product_tag-drzwi-wewnetrzne-z-oscieznica","59":"product_tag-drzwi-windoor","60":"product_tag-drzwi-windoor-bricomarche","61":"product_tag-drzwi-windoor-castorama","62":"product_tag-drzwi-windoor-elegance","63":"product_tag-drzwi-windoor-elegance-opinie","64":"product_tag-drzwi-windoor-opinie","65":"product_tag-drzwi-windoor-orzech-north","66":"product_tag-drzwi-windoor-pegasus","67":"product_tag-drzwi-windoor-trame-orzech-north","68":"product_tag-drzwi-windoor-virgo-sonoma","69":"product_tag-drzwi-windoor-wymiary","70":"product_tag-drzwidladomu","71":"product_tag-ikea-drzwi-przesuwne","72":"product_tag-ikea-drzwi-przesuwne-pokojowe","73":"product_tag-jak-wstawic-drzwi-wewnetrzne","74":"product_tag-jakiej-firmy-drzwi-wewnetrzne-wybrac","75":"product_tag-katalog-drzwi-windoor","76":"product_tag-kompletny-zestaw","77":"product_tag-leroy-merlin-drzwi-wewnetrzne","78":"product_tag-montaz-drzwi-windoor","79":"product_tag-nowoczesne-drzwi-wewnetrzne","80":"product_tag-obi-drzwi-przesuwne","81":"product_tag-oscieznica-regulowana","82":"product_tag-oscieznica-regulowana-a-stala","83":"product_tag-oscieznica-regulowana-montaz","84":"product_tag-porta-drzwi-bezprzylgowe","85":"product_tag-porta-drzwi-przesuwne","86":"product_tag-producent-drzwi-windoor","87":"product_tag-producent-drzwi-windoor-opinie","88":"product_tag-system-drzwi-przesuwnych","89":"product_tag-tanie-drzwi-pokojowe","90":"product_tag-tanie-drzwi-przesuwne-nascienne","91":"product_tag-windoor-drzwi-castorama","92":"product_tag-windoor-drzwi-cennik","93":"product_tag-windoor-drzwi-opinie","94":"product_tag-windoor-sklep","96":"first","97":"instock","98":"shipping-taxable","99":"purchasable","100":"product-type-simple","101":"add-to-wishlist-after_add_to_cart"},"acf":[],"aioseo_notices":[],"jetpack_publicize_connections":[],"jetpack_sharing_enabled":true,"jetpack_likes_enabled":true,"jetpack-related-posts":[],"_links":{"self":[{"href":"https:\/\/drzwitarasy.pl\/index.php?rest_route=\/wp\/v2\/product\/3643","targetHints":{"allow":["GET"]}}],"collection":[{"href":"https:\/\/drzwitarasy.pl\/index.php?rest_route=\/wp\/v2\/product"}],"about":[{"href":"https:\/\/drzwitarasy.pl\/index.php?rest_route=\/wp\/v2\/types\/product"}],"wp:featuredmedia":[{"embeddable":true,"href":"https:\/\/drzwitarasy.pl\/index.php?rest_route=\/wp\/v2\/media\/3638"}],"wp:attachment":[{"href":"https:\/\/drzwitarasy.pl\/index.php?rest_route=%2Fwp%2Fv2%2Fmedia&parent=3643"}],"wp:term":[{"taxonomy":"product_brand","embeddable":true,"href":"https:\/\/drzwitarasy.pl\/index.php?rest_route=%2Fwp%2Fv2%2Fproduct_brand&post=3643"},{"taxonomy":"product_cat","embeddable":true,"href":"https:\/\/drzwitarasy.pl\/index.php?rest_route=%2Fwp%2Fv2%2Fproduct_cat&post=3643"},{"taxonomy":"product_tag","embeddable":true,"href":"https:\/\/drzwitarasy.pl\/index.php?rest_route=%2Fwp%2Fv2%2Fproduct_tag&post=3643"}],"curies":[{"name":"wp","href":"https:\/\/api.w.org\/{rel}","templated":true}]}}