{"id":3048,"date":"2024-05-20T00:37:02","date_gmt":"2024-05-19T22:37:02","guid":{"rendered":"https:\/\/drzwitarasy.pl\/?post_type=product&#038;p=3048"},"modified":"2026-04-07T00:14:23","modified_gmt":"2026-04-06T22:14:23","slug":"oscieznica-stala-90x44-mm-do-drzwi-defendoor","status":"publish","type":"product","link":"https:\/\/drzwitarasy.pl\/?product=oscieznica-stala-90x44-mm-do-drzwi-defendoor","title":{"rendered":"O\u015bcie\u017cnica sta\u0142a 90&#215;44 mm do drzwi DEFENDOOR"},"content":{"rendered":"<p>&nbsp;<\/p>\n<p>O\u015aCIE\u017bNICE STA\u0141E DO DRZWI DEFENDOOR ( KLEOPATRA, LIZBONA, MILTON\/SONATA, ENZO, PEGAZ, LORETTO )<\/p>\n<p>&nbsp;<\/p>\n<p><img loading=\"lazy\" decoding=\"async\" class=\"alignnone size-full wp-image-1905\" src=\"https:\/\/drzwitarasy.pl\/wp-content\/uploads\/2021\/02\/STOPKA-NA-SKLEP.jpg\" alt=\"\" width=\"1444\" height=\"512\" srcset=\"https:\/\/drzwitarasy.pl\/wp-content\/uploads\/2021\/02\/STOPKA-NA-SKLEP.jpg 1444w, https:\/\/drzwitarasy.pl\/wp-content\/uploads\/2021\/02\/STOPKA-NA-SKLEP-300x106.jpg 300w, https:\/\/drzwitarasy.pl\/wp-content\/uploads\/2021\/02\/STOPKA-NA-SKLEP-600x213.jpg 600w, https:\/\/drzwitarasy.pl\/wp-content\/uploads\/2021\/02\/STOPKA-NA-SKLEP-768x272.jpg 768w, https:\/\/drzwitarasy.pl\/wp-content\/uploads\/2021\/02\/STOPKA-NA-SKLEP-1024x363.jpg 1024w\" sizes=\"auto, (max-width: 1444px) 100vw, 1444px\" \/><\/p>\n<p>&nbsp;<\/p>\n<p><img loading=\"lazy\" decoding=\"async\" class=\"aligncenter size-full wp-image-3050\" src=\"https:\/\/drzwitarasy.pl\/wp-content\/uploads\/2024\/05\/KLEOPATRA-KOLORY.jpg\" alt=\"\" width=\"804\" height=\"348\" srcset=\"https:\/\/drzwitarasy.pl\/wp-content\/uploads\/2024\/05\/KLEOPATRA-KOLORY.jpg 804w, https:\/\/drzwitarasy.pl\/wp-content\/uploads\/2024\/05\/KLEOPATRA-KOLORY-300x130.jpg 300w, https:\/\/drzwitarasy.pl\/wp-content\/uploads\/2024\/05\/KLEOPATRA-KOLORY-600x260.jpg 600w, https:\/\/drzwitarasy.pl\/wp-content\/uploads\/2024\/05\/KLEOPATRA-KOLORY-768x332.jpg 768w\" sizes=\"auto, (max-width: 804px) 100vw, 804px\" \/><\/p>\n<p><img loading=\"lazy\" decoding=\"async\" class=\"aligncenter size-full wp-image-4854\" src=\"https:\/\/drzwitarasy.pl\/wp-content\/uploads\/2025\/03\/KOLORY-WSZYSTKIE.jpg\" alt=\"\" width=\"1528\" height=\"1616\" srcset=\"https:\/\/drzwitarasy.pl\/wp-content\/uploads\/2025\/03\/KOLORY-WSZYSTKIE.jpg 1528w, https:\/\/drzwitarasy.pl\/wp-content\/uploads\/2025\/03\/KOLORY-WSZYSTKIE-300x317.jpg 300w, https:\/\/drzwitarasy.pl\/wp-content\/uploads\/2025\/03\/KOLORY-WSZYSTKIE-600x635.jpg 600w, https:\/\/drzwitarasy.pl\/wp-content\/uploads\/2025\/03\/KOLORY-WSZYSTKIE-284x300.jpg 284w, https:\/\/drzwitarasy.pl\/wp-content\/uploads\/2025\/03\/KOLORY-WSZYSTKIE-968x1024.jpg 968w, https:\/\/drzwitarasy.pl\/wp-content\/uploads\/2025\/03\/KOLORY-WSZYSTKIE-768x812.jpg 768w, https:\/\/drzwitarasy.pl\/wp-content\/uploads\/2025\/03\/KOLORY-WSZYSTKIE-1452x1536.jpg 1452w\" sizes=\"auto, (max-width: 1528px) 100vw, 1528px\" \/><\/p>\n","protected":false},"excerpt":{"rendered":"<ul>\n<li><span style=\"font-size: x-large;\"><span style=\"color: green;\"><b> O\u015aCIE\u017bNICE STA\u0141E DO DRZWI PRZYLGOWYCH DEFENDOOR <\/b><\/span><\/span><\/li>\n<li><span style=\"font-size: x-large;\"><span style=\"color: green;\"><b> OD R\u0118KI DOST\u0118PNE : KOLOR BIA\u0141Y, D\u0104B WOTAN, CZARNY MAT i KASZMIR. <\/b><\/span><\/span><\/li>\n<li><span style=\"font-size: x-large;\"><span style=\"color: green;\"><b> POZOSTA\u0141E KOLORY NA ZAM\u00d3WIENIE <\/b><\/span><\/span><\/li>\n<\/ul>\n","protected":false},"featured_media":953,"template":"","meta":{"_acf_changed":false,"_monsterinsights_skip_tracking":false,"_monsterinsights_sitenote_active":false,"_monsterinsights_sitenote_note":"","_monsterinsights_sitenote_category":0},"product_brand":[528],"product_cat":[21,255,32],"product_tag":[270,285,319,282,317,320,323,324,321,326,325,322,308,350,287,187,348,327,330,333,342,338,336,343,337,340,339,335,332,341,309,312,306,347,274,275,277,280,273,276,279,349,278,272,307,311,310,269,177,292,298,294,299,293,296,295,297,300,301,313,344,346,284,286,304,328,283,303,281,329,314,316,315,318,331,302,305,334,271,345,288,290,289,291],"class_list":{"0":"post-3048","1":"product","2":"type-product","3":"status-publish","4":"has-post-thumbnail","6":"product_brand-defendoor","7":"product_cat-drzwi-wewnetrzne","8":"product_cat-oscieznice-listwy-cwiercwalki","9":"product_cat-oscieznice-akcesoria","10":"product_tag-castorama-drzwi-wewnetrzne","11":"product_tag-ciemne-drzwi-wewnetrzne","12":"product_tag-dre-drzwi-bezprzylgowe","13":"product_tag-drewniane-drzwi-wewnetrzne","14":"product_tag-drzwi-bezprzylgowe-co-to-znaczy","15":"product_tag-drzwi-bezprzylgowe-biale","16":"product_tag-drzwi-bezprzylgowe-castorama","17":"product_tag-drzwi-bezprzylgowe-leroy","18":"product_tag-drzwi-bezprzylgowe-oscieznica","19":"product_tag-drzwi-bezprzylgowe-z-oscieznica-cena","20":"product_tag-drzwi-bezprzylgowe-z-oscieznica-komplet","21":"product_tag-drzwi-bezprzylgowe-z-szyba","22":"product_tag-drzwi-drewniane-windoor","23":"product_tag-drzwi-loftowe-przesuwne","24":"product_tag-drzwi-nowoczesne-wewnetrzne","25":"product_tag-drzwi-od-reki","26":"product_tag-drzwi-prysznicowe-przesuwne","27":"product_tag-drzwi-przesuwne","28":"product_tag-drzwi-przesuwne-biale","29":"product_tag-drzwi-przesuwne-bricomarche","30":"product_tag-drzwi-przesuwne-castorama","31":"product_tag-drzwi-przesuwne-chowane-w-sciane","32":"product_tag-drzwi-przesuwne-do-lazienki","33":"product_tag-drzwi-przesuwne-ikea","34":"product_tag-drzwi-przesuwne-leroy-merlin","35":"product_tag-drzwi-przesuwne-na-wymiar","36":"product_tag-drzwi-przesuwne-nascienne","37":"product_tag-drzwi-przesuwne-oscieznica","38":"product_tag-drzwi-przesuwne-otwarte-teraz","39":"product_tag-drzwi-przesuwne-szklane","40":"product_tag-drzwi-przesuwne-windoor","41":"product_tag-drzwi-rozwierane-windoor","42":"product_tag-drzwi-rozwierane-windoor-80-cm","43":"product_tag-drzwi-tarasowe-przesuwne","44":"product_tag-drzwi-wewnetrzne-biale","45":"product_tag-drzwi-wewnetrzne-castorama","46":"product_tag-drzwi-wewnetrzne-cena","47":"product_tag-drzwi-wewnetrzne-czarne","48":"product_tag-drzwi-wewnetrzne-dre","49":"product_tag-drzwi-wewnetrzne-drewniane","50":"product_tag-drzwi-wewnetrzne-nowoczesne","51":"product_tag-drzwi-wewnetrzne-przesuwne","52":"product_tag-drzwi-wewnetrzne-szare","53":"product_tag-drzwi-wewnetrzne-szklane","54":"product_tag-drzwi-wewnetrzne-windoor","55":"product_tag-drzwi-wewnetrzne-windoor-castorama","56":"product_tag-drzwi-wewnetrzne-windoor-radom","57":"product_tag-drzwi-wewnetrzne-z-oscieznica","58":"product_tag-drzwi-windoor","59":"product_tag-drzwi-windoor-bricomarche","60":"product_tag-drzwi-windoor-castorama","61":"product_tag-drzwi-windoor-elegance","62":"product_tag-drzwi-windoor-elegance-opinie","63":"product_tag-drzwi-windoor-opinie","64":"product_tag-drzwi-windoor-orzech-north","65":"product_tag-drzwi-windoor-pegasus","66":"product_tag-drzwi-windoor-trame-orzech-north","67":"product_tag-drzwi-windoor-virgo-sonoma","68":"product_tag-drzwi-windoor-wymiary","69":"product_tag-drzwidladomu","70":"product_tag-ikea-drzwi-przesuwne","71":"product_tag-ikea-drzwi-przesuwne-pokojowe","72":"product_tag-jak-wstawic-drzwi-wewnetrzne","73":"product_tag-jakiej-firmy-drzwi-wewnetrzne-wybrac","74":"product_tag-katalog-drzwi-windoor","75":"product_tag-kompletny-zestaw","76":"product_tag-leroy-merlin-drzwi-wewnetrzne","77":"product_tag-montaz-drzwi-windoor","78":"product_tag-nowoczesne-drzwi-wewnetrzne","79":"product_tag-obi-drzwi-przesuwne","80":"product_tag-oscieznica-regulowana","81":"product_tag-oscieznica-regulowana-a-stala","82":"product_tag-oscieznica-regulowana-montaz","83":"product_tag-porta-drzwi-bezprzylgowe","84":"product_tag-porta-drzwi-przesuwne","85":"product_tag-producent-drzwi-windoor","86":"product_tag-producent-drzwi-windoor-opinie","87":"product_tag-system-drzwi-przesuwnych","88":"product_tag-tanie-drzwi-pokojowe","89":"product_tag-tanie-drzwi-przesuwne-nascienne","90":"product_tag-windoor-drzwi-castorama","91":"product_tag-windoor-drzwi-cennik","92":"product_tag-windoor-drzwi-opinie","93":"product_tag-windoor-sklep","94":"product_shipping_class-drzwi-od-reki","96":"first","97":"instock","98":"sale","99":"featured","100":"shipping-taxable","101":"purchasable","102":"product-type-simple","103":"add-to-wishlist-after_add_to_cart"},"acf":[],"aioseo_notices":[],"jetpack_sharing_enabled":true,"_links":{"self":[{"href":"https:\/\/drzwitarasy.pl\/index.php?rest_route=\/wp\/v2\/product\/3048","targetHints":{"allow":["GET"]}}],"collection":[{"href":"https:\/\/drzwitarasy.pl\/index.php?rest_route=\/wp\/v2\/product"}],"about":[{"href":"https:\/\/drzwitarasy.pl\/index.php?rest_route=\/wp\/v2\/types\/product"}],"wp:featuredmedia":[{"embeddable":true,"href":"https:\/\/drzwitarasy.pl\/index.php?rest_route=\/wp\/v2\/media\/953"}],"wp:attachment":[{"href":"https:\/\/drzwitarasy.pl\/index.php?rest_route=%2Fwp%2Fv2%2Fmedia&parent=3048"}],"wp:term":[{"taxonomy":"product_brand","embeddable":true,"href":"https:\/\/drzwitarasy.pl\/index.php?rest_route=%2Fwp%2Fv2%2Fproduct_brand&post=3048"},{"taxonomy":"product_cat","embeddable":true,"href":"https:\/\/drzwitarasy.pl\/index.php?rest_route=%2Fwp%2Fv2%2Fproduct_cat&post=3048"},{"taxonomy":"product_tag","embeddable":true,"href":"https:\/\/drzwitarasy.pl\/index.php?rest_route=%2Fwp%2Fv2%2Fproduct_tag&post=3048"}],"curies":[{"name":"wp","href":"https:\/\/api.w.org\/{rel}","templated":true}]}}