{"id":2760,"date":"2024-01-05T12:34:22","date_gmt":"2024-01-05T11:34:22","guid":{"rendered":"https:\/\/drzwitarasy.pl\/?post_type=product&#038;p=2760"},"modified":"2026-03-09T23:56:56","modified_gmt":"2026-03-09T22:56:56","slug":"drzwi-pegaz-defendoor","status":"publish","type":"product","link":"https:\/\/drzwitarasy.pl\/?product=drzwi-pegaz-defendoor","title":{"rendered":"Drzwi ramowe Pegaz DEFENDOOR &#8211; od r\u0119ki"},"content":{"rendered":"<h3><img loading=\"lazy\" decoding=\"async\" class=\"aligncenter size-full wp-image-5410\" src=\"https:\/\/drzwitarasy.pl\/wp-content\/uploads\/2022\/10\/BANER-NOWY-ZMIENIONY.jpg\" alt=\"\" width=\"2420\" height=\"948\" srcset=\"https:\/\/drzwitarasy.pl\/wp-content\/uploads\/2022\/10\/BANER-NOWY-ZMIENIONY.jpg 2420w, https:\/\/drzwitarasy.pl\/wp-content\/uploads\/2022\/10\/BANER-NOWY-ZMIENIONY-300x118.jpg 300w, https:\/\/drzwitarasy.pl\/wp-content\/uploads\/2022\/10\/BANER-NOWY-ZMIENIONY-600x235.jpg 600w, https:\/\/drzwitarasy.pl\/wp-content\/uploads\/2022\/10\/BANER-NOWY-ZMIENIONY-1024x401.jpg 1024w, https:\/\/drzwitarasy.pl\/wp-content\/uploads\/2022\/10\/BANER-NOWY-ZMIENIONY-768x301.jpg 768w, https:\/\/drzwitarasy.pl\/wp-content\/uploads\/2022\/10\/BANER-NOWY-ZMIENIONY-1536x602.jpg 1536w, https:\/\/drzwitarasy.pl\/wp-content\/uploads\/2022\/10\/BANER-NOWY-ZMIENIONY-2048x802.jpg 2048w\" sizes=\"auto, (max-width: 2420px) 100vw, 2420px\" \/><\/h3>\n<h3><\/h3>\n<h3>Drzwi Pegaz DEFENDOOR<\/h3>\n<p>Poszukujesz drzwi, kt\u00f3re nie tylko b\u0119d\u0105 funkcjonalne, ale tak\u017ce nadadz\u0105 Twojemu wn\u0119trzu wyj\u0105tkowy, nowoczesny styl? Chcesz, aby by\u0142y trwa\u0142e, estetyczne i \u0142atwe w konserwacji? Oto nasza propozycja \u2013 Drzwi Pegaz DEFENDOOR!<\/p>\n<h4>Dlaczego warto wybra\u0107 drzwi Pegaz DEFENDOOR?<\/h4>\n<p>Nasze drzwi Pegaz DEFENDOOR to kwintesencja wysokiej jako\u015bci i nowoczesnego designu. Konstrukcja drzwi opiera si\u0119 na pe\u0142nej p\u0142ycie MDF, co zapewnia ich niezwyk\u0142\u0105 trwa\u0142o\u015b\u0107 i odporno\u015b\u0107 na uszkodzenia mechaniczne. Dodatkowo, dzi\u0119ki smuk\u0142ej konstrukcji, drzwi te prezentuj\u0105 si\u0119 elegancko i nowocze\u015bnie.<\/p>\n<h4>Najwa\u017cniejsze cechy:<\/h4>\n<p><strong>Wysoka jako\u015b\u0107 i trwa\u0142o\u015b\u0107<\/strong>: Wykonane z pe\u0142nej p\u0142yty MDF, drzwi te s\u0105 wyj\u0105tkowo odporne na wszelkie uszkodzenia mechaniczne, co gwarantuje ich d\u0142ugowieczno\u015b\u0107.<\/p>\n<p><strong>Nowoczesny design<\/strong>: Drzwi Pegaz DEFENDOOR wyr\u00f3\u017cniaj\u0105 si\u0119 eleganckim wygl\u0105dem, idealnie komponuj\u0105c si\u0119 z nowoczesnymi wn\u0119trzami.<\/p>\n<p><strong>Technologia SOFTLine<\/strong>: Profile drzwi wykonane s\u0105 w technologii SOFTLine, kt\u00f3ra charakteryzuje si\u0119 brakiem \u0142\u0105cze\u0144 okleiny na kraw\u0119dziach, co dodaje im estetycznego wygl\u0105du.<\/p>\n<p><strong>Stabilna konstrukcja<\/strong>: Technologia czopowania i ko\u0142kowania u\u017cyta do po\u0142\u0105czenia element\u00f3w pionowych i poziomych zapobiega wypaczaniu oraz opuszczaniu drzwi w trakcie wieloletniego u\u017cytkowania.<\/p>\n<p><strong>Komfort u\u017cytkowania<\/strong>: Drzwi wyposa\u017cone s\u0105 w 3 zawiasy czopowe w kolorze srebra, co zapewnia \u0142atwo\u015b\u0107 monta\u017cu i stabilno\u015b\u0107.<\/p>\n<p><strong>Wszechstronno\u015b\u0107<\/strong>: Dost\u0119pne w wersji przylgowej, co pozwala na \u0142atw\u0105 integracj\u0119 z r\u00f3\u017cnymi rodzajami wn\u0119trz.<\/p>\n<p><strong>Zamki<\/strong>: Mo\u017cliwo\u015b\u0107 wyboru zamka na klucz (pok\u00f3j, pe\u0142ne), na wk\u0142adk\u0119 patentow\u0105 (dodatkowa op\u0142ata) lub obrotowego (\u0142azienkowe).<\/p>\n<p><strong>Opcje szklenia<\/strong>:<\/p>\n<ul>\n<li><strong>Pok\u00f3j<\/strong>: Cztery szybki \u2013 zamek na klucz.<\/li>\n<li><strong>\u0141azienka<\/strong>: Jedna szybka \u2013 zamek WC \u2013 podci\u0119cie wentylacyjne.<\/li>\n<li><strong>Pe\u0142ne<\/strong>: Bez szklenia \u2013 zamek na klucz.<\/li>\n<\/ul>\n<p><strong>Dost\u0119pno\u015b\u0107 klamki i o\u015bcie\u017cnicy<\/strong>: Klamka i o\u015bcie\u017cnica dost\u0119pne za dodatkow\u0105 op\u0142at\u0105 (nie wchodz\u0105 w cen\u0119 skrzyd\u0142a).<\/p>\n<h4>Idealne do ka\u017cdego wn\u0119trza<\/h4>\n<p>Drzwi Pegaz DEFENDOOR \u015bwietnie sprawdz\u0105 si\u0119 zar\u00f3wno w nowoczesnych loftach, jak i eleganckich, klasycznych wn\u0119trzach. Dzi\u0119ki swojej uniwersalno\u015bci, mog\u0105 by\u0107 zastosowane w r\u00f3\u017cnych pomieszczeniach \u2013 od kuchni, przez salon, a\u017c po biura i gabinety.<\/p>\n<h4>Dodaj nowoczesny akcent do swojego domu ju\u017c dzi\u015b!<\/h4>\n<p>Nie czekaj \u2013 zadbaj o styl i funkcjonalno\u015b\u0107 swojego wn\u0119trza z naszymi drzwiami Pegaz DEFENDOOR. Kliknij \u201eDodaj do koszyka\u201d i ciesz si\u0119 wysok\u0105 jako\u015bci\u0105 oraz nowoczesnym designem ka\u017cdego dnia.<\/p>\n<p>Sprawd\u017a nasz\u0105 ofert\u0119 i wybierz drzwi, kt\u00f3re spe\u0142ni\u0105 wszystkie Twoje oczekiwania. Tw\u00f3j dom zas\u0142uguje na najlepsze!<\/p>\n<p>&nbsp;<\/p>\n<ul>\n<li>Drzwi tylko w wersji przylgowej<\/li>\n<li>3 srebrne zawiasy czopowe<\/li>\n<li>zamek: na klucz (pok\u00f3j, pe\u0142ne), na wk\u0142adk\u0119 patentow\u0105 (dodatkowa op\u0142ata) lub obrotowy (\u0142azienkowe)<\/li>\n<li>klamka\/o\u015bcie\u017cnica za dodatkow\u0105 op\u0142at\u0105 (nie wchodzi w cen\u0119 skrzyd\u0142a)<\/li>\n<li>pok\u00f3j &#8211; cztery szybki &#8211; zamek klucz<\/li>\n<li>\u0142azienka &#8211; jedna szybka &#8211; zamek wc &#8211; podci\u0119cie wentylacyjne &#8211; zamek wc.<\/li>\n<li>pe\u0142ne &#8211; bez szklenia &#8211; zamek klucz.<\/li>\n<\/ul>\n<p>&nbsp;<\/p>\n<h1><img loading=\"lazy\" decoding=\"async\" class=\"aligncenter size-full wp-image-7004\" src=\"https:\/\/drzwitarasy.pl\/wp-content\/uploads\/2024\/02\/DOSTEPNE-OD-REKI.jpg\" alt=\"\" width=\"1288\" height=\"835\" srcset=\"https:\/\/drzwitarasy.pl\/wp-content\/uploads\/2024\/02\/DOSTEPNE-OD-REKI.jpg 1288w, https:\/\/drzwitarasy.pl\/wp-content\/uploads\/2024\/02\/DOSTEPNE-OD-REKI-300x194.jpg 300w, https:\/\/drzwitarasy.pl\/wp-content\/uploads\/2024\/02\/DOSTEPNE-OD-REKI-1024x664.jpg 1024w, https:\/\/drzwitarasy.pl\/wp-content\/uploads\/2024\/02\/DOSTEPNE-OD-REKI-768x498.jpg 768w, https:\/\/drzwitarasy.pl\/wp-content\/uploads\/2024\/02\/DOSTEPNE-OD-REKI-600x389.jpg 600w\" sizes=\"auto, (max-width: 1288px) 100vw, 1288px\" \/><\/h1>\n<p>&nbsp;<\/p>\n<p><img loading=\"lazy\" decoding=\"async\" class=\"aligncenter size-full wp-image-7022\" src=\"https:\/\/drzwitarasy.pl\/wp-content\/uploads\/2024\/01\/pegasus-bialy-3-bez-opisu.jpg\" alt=\"\" width=\"1125\" height=\"780\" srcset=\"https:\/\/drzwitarasy.pl\/wp-content\/uploads\/2024\/01\/pegasus-bialy-3-bez-opisu.jpg 1125w, https:\/\/drzwitarasy.pl\/wp-content\/uploads\/2024\/01\/pegasus-bialy-3-bez-opisu-300x208.jpg 300w, https:\/\/drzwitarasy.pl\/wp-content\/uploads\/2024\/01\/pegasus-bialy-3-bez-opisu-1024x710.jpg 1024w, https:\/\/drzwitarasy.pl\/wp-content\/uploads\/2024\/01\/pegasus-bialy-3-bez-opisu-768x532.jpg 768w, https:\/\/drzwitarasy.pl\/wp-content\/uploads\/2024\/01\/pegasus-bialy-3-bez-opisu-600x416.jpg 600w, https:\/\/drzwitarasy.pl\/wp-content\/uploads\/2024\/01\/pegasus-bialy-3-bez-opisu-220x154.jpg 220w\" sizes=\"auto, (max-width: 1125px) 100vw, 1125px\" \/><\/p>\n<p><img loading=\"lazy\" decoding=\"async\" class=\"aligncenter size-full wp-image-6819\" src=\"https:\/\/drzwitarasy.pl\/wp-content\/uploads\/2026\/02\/konstrukcja-drzwi-prestige-nowe.jpg\" alt=\"\" width=\"921\" height=\"828\" srcset=\"https:\/\/drzwitarasy.pl\/wp-content\/uploads\/2026\/02\/konstrukcja-drzwi-prestige-nowe.jpg 921w, https:\/\/drzwitarasy.pl\/wp-content\/uploads\/2026\/02\/konstrukcja-drzwi-prestige-nowe-300x270.jpg 300w, https:\/\/drzwitarasy.pl\/wp-content\/uploads\/2026\/02\/konstrukcja-drzwi-prestige-nowe-768x690.jpg 768w, https:\/\/drzwitarasy.pl\/wp-content\/uploads\/2026\/02\/konstrukcja-drzwi-prestige-nowe-600x539.jpg 600w\" sizes=\"auto, (max-width: 921px) 100vw, 921px\" \/><img loading=\"lazy\" decoding=\"async\" class=\"aligncenter size-full wp-image-4460\" src=\"https:\/\/drzwitarasy.pl\/wp-content\/uploads\/2024\/11\/KONTAKT-ok.jpg\" alt=\"\" width=\"1619\" height=\"1410\" srcset=\"https:\/\/drzwitarasy.pl\/wp-content\/uploads\/2024\/11\/KONTAKT-ok.jpg 1619w, https:\/\/drzwitarasy.pl\/wp-content\/uploads\/2024\/11\/KONTAKT-ok-300x261.jpg 300w, https:\/\/drzwitarasy.pl\/wp-content\/uploads\/2024\/11\/KONTAKT-ok-600x523.jpg 600w, https:\/\/drzwitarasy.pl\/wp-content\/uploads\/2024\/11\/KONTAKT-ok-1024x892.jpg 1024w, https:\/\/drzwitarasy.pl\/wp-content\/uploads\/2024\/11\/KONTAKT-ok-768x669.jpg 768w, https:\/\/drzwitarasy.pl\/wp-content\/uploads\/2024\/11\/KONTAKT-ok-1536x1338.jpg 1536w\" sizes=\"auto, (max-width: 1619px) 100vw, 1619px\" \/><\/p>\n","protected":false},"excerpt":{"rendered":"<p><img loading=\"lazy\" decoding=\"async\" class=\"alignleft wp-image-7003 size-medium\" src=\"https:\/\/drzwitarasy.pl\/wp-content\/uploads\/2024\/02\/BANER-OD-REKI-300x171.jpg\" alt=\"\" width=\"300\" height=\"171\" srcset=\"https:\/\/drzwitarasy.pl\/wp-content\/uploads\/2024\/02\/BANER-OD-REKI-300x171.jpg 300w, https:\/\/drzwitarasy.pl\/wp-content\/uploads\/2024\/02\/BANER-OD-REKI-768x437.jpg 768w, https:\/\/drzwitarasy.pl\/wp-content\/uploads\/2024\/02\/BANER-OD-REKI-600x341.jpg 600w, https:\/\/drzwitarasy.pl\/wp-content\/uploads\/2024\/02\/BANER-OD-REKI.jpg 869w\" sizes=\"auto, (max-width: 300px) 100vw, 300px\" \/><\/p>\n","protected":false},"featured_media":7023,"template":"","meta":{"_acf_changed":false,"_monsterinsights_skip_tracking":false,"_monsterinsights_sitenote_active":false,"_monsterinsights_sitenote_note":"","_monsterinsights_sitenote_category":0},"product_brand":[528],"product_cat":[517,532,112,473,21],"product_tag":[442,481,482],"class_list":{"0":"post-2760","1":"product","2":"type-product","3":"status-publish","4":"has-post-thumbnail","6":"product_brand-defendoor","7":"product_cat-defendoor","8":"product_cat-drzwi-od-reki-2","9":"product_cat-drzwi-od-reki","10":"product_cat-drzwi_ramowe_defendoor","11":"product_cat-drzwi-wewnetrzne","12":"product_tag-defendoor","13":"product_tag-enzo-nowe","14":"product_tag-pegaz","15":"product_shipping_class-drzwi-od-reki","17":"first","18":"instock","19":"sale","20":"shipping-taxable","21":"purchasable","22":"product-type-simple","23":"add-to-wishlist-after_add_to_cart"},"acf":[],"aioseo_notices":[],"jetpack_sharing_enabled":true,"_links":{"self":[{"href":"https:\/\/drzwitarasy.pl\/index.php?rest_route=\/wp\/v2\/product\/2760","targetHints":{"allow":["GET"]}}],"collection":[{"href":"https:\/\/drzwitarasy.pl\/index.php?rest_route=\/wp\/v2\/product"}],"about":[{"href":"https:\/\/drzwitarasy.pl\/index.php?rest_route=\/wp\/v2\/types\/product"}],"wp:featuredmedia":[{"embeddable":true,"href":"https:\/\/drzwitarasy.pl\/index.php?rest_route=\/wp\/v2\/media\/7023"}],"wp:attachment":[{"href":"https:\/\/drzwitarasy.pl\/index.php?rest_route=%2Fwp%2Fv2%2Fmedia&parent=2760"}],"wp:term":[{"taxonomy":"product_brand","embeddable":true,"href":"https:\/\/drzwitarasy.pl\/index.php?rest_route=%2Fwp%2Fv2%2Fproduct_brand&post=2760"},{"taxonomy":"product_cat","embeddable":true,"href":"https:\/\/drzwitarasy.pl\/index.php?rest_route=%2Fwp%2Fv2%2Fproduct_cat&post=2760"},{"taxonomy":"product_tag","embeddable":true,"href":"https:\/\/drzwitarasy.pl\/index.php?rest_route=%2Fwp%2Fv2%2Fproduct_tag&post=2760"}],"curies":[{"name":"wp","href":"https:\/\/api.w.org\/{rel}","templated":true}]}}