{"id":2190,"date":"2023-02-03T22:40:47","date_gmt":"2023-02-03T21:40:47","guid":{"rendered":"https:\/\/drzwitarasy.pl\/?post_type=product&#038;p=2190"},"modified":"2026-03-10T18:26:03","modified_gmt":"2026-03-10T17:26:03","slug":"drzwi-serpens-windoor","status":"publish","type":"product","link":"https:\/\/drzwitarasy.pl\/?product=drzwi-serpens-windoor","title":{"rendered":"Serpens drzwi p\u0142ycinowe standard"},"content":{"rendered":"<p><img loading=\"lazy\" decoding=\"async\" class=\"aligncenter size-full wp-image-4535\" src=\"https:\/\/drzwitarasy.pl\/wp-content\/uploads\/2023\/02\/serpens-wizual.jpg\" alt=\"\" width=\"1240\" height=\"795\" srcset=\"https:\/\/drzwitarasy.pl\/wp-content\/uploads\/2023\/02\/serpens-wizual.jpg 1240w, https:\/\/drzwitarasy.pl\/wp-content\/uploads\/2023\/02\/serpens-wizual-300x192.jpg 300w, https:\/\/drzwitarasy.pl\/wp-content\/uploads\/2023\/02\/serpens-wizual-600x385.jpg 600w, https:\/\/drzwitarasy.pl\/wp-content\/uploads\/2023\/02\/serpens-wizual-1024x657.jpg 1024w, https:\/\/drzwitarasy.pl\/wp-content\/uploads\/2023\/02\/serpens-wizual-768x492.jpg 768w\" sizes=\"auto, (max-width: 1240px) 100vw, 1240px\" \/><\/p>\n<p style=\"text-align: center;\">Mamy przyjemno\u015b\u0107 przedstawi\u0107\u00a0<b>najnowsz\u0105 kolekcj\u0119<\/b>\u00a0drzwi wewn\u0119trznych. Skrzyd\u0142a te pokryte s\u0105 oklein\u0105 drewnopodobn\u0105 zapewniaj\u0105c\u0105\u00a0<b>wysokie walory estetyczne<\/b>, dzi\u0119ki kt\u00f3rym drzwi doskonale prezentuj\u0105 si\u0119 w Pa\u0144stwa domach.<\/p>\n<p style=\"text-align: center;\"><b>Unikalna struktura folii<\/b>\u00a0umo\u017cliwia odbijanie promieni s\u0142onecznych, co sprawia, \u017ce drzwi posiadaj\u0105 r\u00f3\u017cne odcienie w zale\u017cno\u015bci od pory dnia i nas\u0142onecznienia.<\/p>\n<p style=\"text-align: center;\">Proponowany model to skrzyd\u0142o drzwiowe wykonane z ramy MDF wype\u0142nionej wk\u0142adem stabilizuj\u0105cym w postaci tzw. plastra miodu. Rama wraz z wype\u0142nieniem jest dwustronnie ob\u0142o\u017cona p\u0142yt\u0105 HDF i oklejona Finish Foli\u0105 w kolorze drewna.<\/p>\n<p>&nbsp;<\/p>\n<p data-start=\"0\" data-end=\"247\"><strong data-start=\"43\" data-end=\"84\"><span class=\"hover:entity-accent entity-underline inline cursor-pointer align-baseline\"><span class=\"whitespace-normal\">Serpens drzwi p\u0142ycinowe standard<\/span><\/span><\/strong> od producenta <strong data-start=\"99\" data-end=\"140\"><span class=\"hover:entity-accent entity-underline inline cursor-pointer align-baseline\"><span class=\"whitespace-normal\">Windoor<\/span><\/span><\/strong>. To po prostu model <strong data-start=\"161\" data-end=\"206\">drzwi wewn\u0119trznych do mieszkania lub domu<\/strong>.<\/p>\n<h3 data-section-id=\"93xqmw\" data-start=\"249\" data-end=\"267\">Co to za drzwi<\/h3>\n<ul data-start=\"268\" data-end=\"640\">\n<li data-section-id=\"ivnky3\" data-start=\"268\" data-end=\"309\">\n<p data-start=\"270\" data-end=\"309\">typ: <strong data-start=\"275\" data-end=\"307\">drzwi p\u0142ycinowe (wewn\u0119trzne)<\/strong><\/p>\n<\/li>\n<li data-section-id=\"hubtkk\" data-start=\"310\" data-end=\"361\">\n<p data-start=\"312\" data-end=\"361\">zastosowanie: <strong data-start=\"326\" data-end=\"359\">pokojowe \/ \u0142azienkowe \/ pe\u0142ne<\/strong><\/p>\n<\/li>\n<li data-section-id=\"n6uj78\" data-start=\"362\" data-end=\"384\">\n<p data-start=\"364\" data-end=\"384\">producent: Windoor<\/p>\n<\/li>\n<li data-section-id=\"7afu3t\" data-start=\"385\" data-end=\"437\">\n<p data-start=\"387\" data-end=\"437\">standardowo maj\u0105 <strong data-start=\"404\" data-end=\"435\">2 srebrne zawiasy \u0142o\u017cyskowe<\/strong><\/p>\n<\/li>\n<li data-section-id=\"16cs5fk\" data-start=\"438\" data-end=\"543\">\n<p data-start=\"440\" data-end=\"457\">zamek mo\u017ce by\u0107:<\/p>\n<ul data-start=\"460\" data-end=\"543\">\n<li data-section-id=\"11zylwg\" data-start=\"460\" data-end=\"480\">\n<p data-start=\"462\" data-end=\"480\">na klucz (pok\u00f3j)<\/p>\n<\/li>\n<li data-section-id=\"1bfkin1\" data-start=\"483\" data-end=\"508\">\n<p data-start=\"485\" data-end=\"508\">\u0142azienkowy (obrotowy)<\/p>\n<\/li>\n<li data-section-id=\"jlun7j\" data-start=\"511\" data-end=\"543\">\n<p data-start=\"513\" data-end=\"543\">na wk\u0142adk\u0119 patentow\u0105 (opcja)<\/p>\n<\/li>\n<\/ul>\n<\/li>\n<li data-section-id=\"91819m\" data-start=\"544\" data-end=\"640\">\n<p data-start=\"546\" data-end=\"640\"><strong data-start=\"546\" data-end=\"584\">klamka i o\u015bcie\u017cnica nie s\u0105 w cenie<\/strong> skrzyd\u0142a drzwi.<\/p>\n<\/li>\n<\/ul>\n<h3 data-section-id=\"18ulu93\" data-start=\"642\" data-end=\"663\">Dost\u0119pne warianty<\/h3>\n<ul data-start=\"664\" data-end=\"831\">\n<li data-section-id=\"3lrcdl\" data-start=\"664\" data-end=\"710\">\n<p data-start=\"666\" data-end=\"710\">szeroko\u015bci: <strong data-start=\"678\" data-end=\"708\">60 \/ 70 \/ 80 \/ 90 cm<\/strong><\/p>\n<\/li>\n<li data-section-id=\"1mmidag\" data-start=\"711\" data-end=\"831\">\n<p data-start=\"713\" data-end=\"728\">kolory m.in.:<\/p>\n<ul data-start=\"731\" data-end=\"831\">\n<li data-section-id=\"k19wzj\" data-start=\"731\" data-end=\"741\">\n<p data-start=\"733\" data-end=\"741\">silver<\/p>\n<\/li>\n<li data-section-id=\"18wwzp5\" data-start=\"744\" data-end=\"754\">\n<p data-start=\"746\" data-end=\"754\">sonoma<\/p>\n<\/li>\n<li data-section-id=\"1kk0a3l\" data-start=\"821\" data-end=\"831\">\n<p data-start=\"823\" data-end=\"831\">orzech north<\/p>\n<\/li>\n<\/ul>\n<\/li>\n<\/ul>\n<h3 data-section-id=\"185sszp\" data-start=\"833\" data-end=\"852\">Czas realizacji<\/h3>\n<ul data-start=\"853\" data-end=\"939\">\n<li data-section-id=\"1vb024p\" data-start=\"853\" data-end=\"939\">\n<p data-start=\"855\" data-end=\"939\">zwykle oko\u0142o <strong data-start=\"868\" data-end=\"884\">2\u20133 tygodnie<\/strong> od zam\u00f3wienia.<\/p>\n<\/li>\n<\/ul>\n<p data-start=\"941\" data-end=\"1055\">\ud83d\udca1 <strong data-start=\"944\" data-end=\"954\">Wa\u017cne:<\/strong> cena, kt\u00f3r\u0105 widzisz na stronie, dotyczy zazwyczaj <strong data-start=\"1005\" data-end=\"1030\">samego skrzyd\u0142a drzwi<\/strong>, wi\u0119c trzeba doliczy\u0107:<\/p>\n<ul data-start=\"1056\" data-end=\"1102\">\n<li data-section-id=\"12i2raq\" data-start=\"1056\" data-end=\"1070\">\n<p data-start=\"1058\" data-end=\"1070\">o\u015bcie\u017cnic\u0119<\/p>\n<\/li>\n<li data-section-id=\"1ig5k4x\" data-start=\"1071\" data-end=\"1081\">\n<p data-start=\"1073\" data-end=\"1081\">klamk\u0119<\/p>\n<\/li>\n<\/ul>\n<p data-start=\"1104\" data-end=\"1131\">\n<p><img loading=\"lazy\" decoding=\"async\" class=\"aligncenter size-full wp-image-7037\" src=\"https:\/\/drzwitarasy.pl\/wp-content\/uploads\/2023\/02\/KOLORY-serpens-NOWE.jpg\" alt=\"\" width=\"757\" height=\"568\" srcset=\"https:\/\/drzwitarasy.pl\/wp-content\/uploads\/2023\/02\/KOLORY-serpens-NOWE.jpg 757w, https:\/\/drzwitarasy.pl\/wp-content\/uploads\/2023\/02\/KOLORY-serpens-NOWE-300x225.jpg 300w, https:\/\/drzwitarasy.pl\/wp-content\/uploads\/2023\/02\/KOLORY-serpens-NOWE-600x450.jpg 600w\" sizes=\"auto, (max-width: 757px) 100vw, 757px\" \/><\/p>\n<p>&nbsp;<\/p>\n<p><img loading=\"lazy\" decoding=\"async\" class=\"alignleft size-large wp-image-2202\" src=\"https:\/\/drzwitarasy.pl\/wp-content\/uploads\/2023\/02\/serpens-3-407x1024.jpg\" alt=\"\" width=\"407\" height=\"1024\" srcset=\"https:\/\/drzwitarasy.pl\/wp-content\/uploads\/2023\/02\/serpens-3-407x1024.jpg 407w, https:\/\/drzwitarasy.pl\/wp-content\/uploads\/2023\/02\/serpens-3-300x756.jpg 300w, https:\/\/drzwitarasy.pl\/wp-content\/uploads\/2023\/02\/serpens-3-600x1511.jpg 600w, https:\/\/drzwitarasy.pl\/wp-content\/uploads\/2023\/02\/serpens-3-119x300.jpg 119w, https:\/\/drzwitarasy.pl\/wp-content\/uploads\/2023\/02\/serpens-3-768x1935.jpg 768w, https:\/\/drzwitarasy.pl\/wp-content\/uploads\/2023\/02\/serpens-3.jpg 794w\" sizes=\"auto, (max-width: 407px) 100vw, 407px\" \/><img loading=\"lazy\" decoding=\"async\" class=\"alignleft size-large wp-image-2201\" src=\"https:\/\/drzwitarasy.pl\/wp-content\/uploads\/2023\/02\/serpens-2-407x1024.jpg\" alt=\"\" width=\"407\" height=\"1024\" srcset=\"https:\/\/drzwitarasy.pl\/wp-content\/uploads\/2023\/02\/serpens-2-407x1024.jpg 407w, https:\/\/drzwitarasy.pl\/wp-content\/uploads\/2023\/02\/serpens-2-300x756.jpg 300w, https:\/\/drzwitarasy.pl\/wp-content\/uploads\/2023\/02\/serpens-2-600x1511.jpg 600w, https:\/\/drzwitarasy.pl\/wp-content\/uploads\/2023\/02\/serpens-2-119x300.jpg 119w, https:\/\/drzwitarasy.pl\/wp-content\/uploads\/2023\/02\/serpens-2-768x1935.jpg 768w, https:\/\/drzwitarasy.pl\/wp-content\/uploads\/2023\/02\/serpens-2.jpg 794w\" sizes=\"auto, (max-width: 407px) 100vw, 407px\" \/><img loading=\"lazy\" decoding=\"async\" class=\"aligncenter size-large wp-image-2200\" src=\"https:\/\/drzwitarasy.pl\/wp-content\/uploads\/2023\/02\/serpens-1-407x1024.jpg\" alt=\"\" width=\"407\" height=\"1024\" srcset=\"https:\/\/drzwitarasy.pl\/wp-content\/uploads\/2023\/02\/serpens-1-407x1024.jpg 407w, https:\/\/drzwitarasy.pl\/wp-content\/uploads\/2023\/02\/serpens-1-300x756.jpg 300w, https:\/\/drzwitarasy.pl\/wp-content\/uploads\/2023\/02\/serpens-1-600x1511.jpg 600w, https:\/\/drzwitarasy.pl\/wp-content\/uploads\/2023\/02\/serpens-1-119x300.jpg 119w, https:\/\/drzwitarasy.pl\/wp-content\/uploads\/2023\/02\/serpens-1-768x1935.jpg 768w, https:\/\/drzwitarasy.pl\/wp-content\/uploads\/2023\/02\/serpens-1.jpg 794w\" sizes=\"auto, (max-width: 407px) 100vw, 407px\" \/><\/p>\n<p><img loading=\"lazy\" decoding=\"async\" class=\"aligncenter size-full wp-image-4440\" src=\"https:\/\/drzwitarasy.pl\/wp-content\/uploads\/2024\/03\/IMG_2144.jpg\" alt=\"\" width=\"1206\" height=\"990\" srcset=\"https:\/\/drzwitarasy.pl\/wp-content\/uploads\/2024\/03\/IMG_2144.jpg 1206w, https:\/\/drzwitarasy.pl\/wp-content\/uploads\/2024\/03\/IMG_2144-300x246.jpg 300w, https:\/\/drzwitarasy.pl\/wp-content\/uploads\/2024\/03\/IMG_2144-600x493.jpg 600w, https:\/\/drzwitarasy.pl\/wp-content\/uploads\/2024\/03\/IMG_2144-1024x841.jpg 1024w, https:\/\/drzwitarasy.pl\/wp-content\/uploads\/2024\/03\/IMG_2144-768x630.jpg 768w\" sizes=\"auto, (max-width: 1206px) 100vw, 1206px\" \/><\/p>\n","protected":false},"excerpt":{"rendered":"<ul>\n<li>2 srebrne zawiasy \u0142o\u017cyskowe<\/li>\n<li>zamek: na klucz (pok\u00f3j, pe\u0142ne), na wk\u0142adk\u0119 patentow\u0105 (dodatkowa op\u0142ata) lub obrotowy (\u0142azienkowe)<\/li>\n<li>klamka\/o\u015bcie\u017cnica za dodatkow\u0105 op\u0142at\u0105 (nie wchodzi w cen\u0119 skrzyd\u0142a)<\/li>\n<\/ul>\n","protected":false},"featured_media":2199,"template":"","meta":{"_acf_changed":false,"_monsterinsights_skip_tracking":false,"_monsterinsights_sitenote_active":false,"_monsterinsights_sitenote_note":"","_monsterinsights_sitenote_category":0},"product_brand":[527],"product_cat":[22,21],"product_tag":[307,467,432],"class_list":{"0":"post-2190","1":"product","2":"type-product","3":"status-publish","4":"has-post-thumbnail","6":"product_brand-windoor","7":"product_cat-drzwi-standard","8":"product_cat-drzwi-wewnetrzne","9":"product_tag-drzwi-wewnetrzne-windoor","10":"product_tag-papierzaki","11":"product_tag-serpens","12":"product_shipping_class-drzwi-windoor","14":"first","15":"instock","16":"sale","17":"shipping-taxable","18":"purchasable","19":"product-type-simple","20":"add-to-wishlist-after_add_to_cart"},"acf":[],"aioseo_notices":[],"jetpack_sharing_enabled":true,"_links":{"self":[{"href":"https:\/\/drzwitarasy.pl\/index.php?rest_route=\/wp\/v2\/product\/2190","targetHints":{"allow":["GET"]}}],"collection":[{"href":"https:\/\/drzwitarasy.pl\/index.php?rest_route=\/wp\/v2\/product"}],"about":[{"href":"https:\/\/drzwitarasy.pl\/index.php?rest_route=\/wp\/v2\/types\/product"}],"wp:featuredmedia":[{"embeddable":true,"href":"https:\/\/drzwitarasy.pl\/index.php?rest_route=\/wp\/v2\/media\/2199"}],"wp:attachment":[{"href":"https:\/\/drzwitarasy.pl\/index.php?rest_route=%2Fwp%2Fv2%2Fmedia&parent=2190"}],"wp:term":[{"taxonomy":"product_brand","embeddable":true,"href":"https:\/\/drzwitarasy.pl\/index.php?rest_route=%2Fwp%2Fv2%2Fproduct_brand&post=2190"},{"taxonomy":"product_cat","embeddable":true,"href":"https:\/\/drzwitarasy.pl\/index.php?rest_route=%2Fwp%2Fv2%2Fproduct_cat&post=2190"},{"taxonomy":"product_tag","embeddable":true,"href":"https:\/\/drzwitarasy.pl\/index.php?rest_route=%2Fwp%2Fv2%2Fproduct_tag&post=2190"}],"curies":[{"name":"wp","href":"https:\/\/api.w.org\/{rel}","templated":true}]}}