{"id":2048,"date":"2022-02-26T20:00:51","date_gmt":"2022-02-26T19:00:51","guid":{"rendered":"https:\/\/drzwitarasy.pl\/?post_type=product&#038;p=2048"},"modified":"2026-04-30T01:17:18","modified_gmt":"2026-04-29T23:17:18","slug":"drzwi-chicago-windoor","status":"publish","type":"product","link":"https:\/\/drzwitarasy.pl\/?product=drzwi-chicago-windoor","title":{"rendered":"Chicago drzwi ramowe Prestige"},"content":{"rendered":"<p>&nbsp;<\/p>\n<p><img loading=\"lazy\" decoding=\"async\" class=\"aligncenter size-full wp-image-4811\" src=\"https:\/\/drzwitarasy.pl\/wp-content\/uploads\/2022\/02\/CHICAGO-WIZUALIZACJA.jpg\" alt=\"\" width=\"1440\" height=\"937\" srcset=\"https:\/\/drzwitarasy.pl\/wp-content\/uploads\/2022\/02\/CHICAGO-WIZUALIZACJA.jpg 1440w, https:\/\/drzwitarasy.pl\/wp-content\/uploads\/2022\/02\/CHICAGO-WIZUALIZACJA-300x195.jpg 300w, https:\/\/drzwitarasy.pl\/wp-content\/uploads\/2022\/02\/CHICAGO-WIZUALIZACJA-600x390.jpg 600w, https:\/\/drzwitarasy.pl\/wp-content\/uploads\/2022\/02\/CHICAGO-WIZUALIZACJA-1024x666.jpg 1024w, https:\/\/drzwitarasy.pl\/wp-content\/uploads\/2022\/02\/CHICAGO-WIZUALIZACJA-768x500.jpg 768w\" sizes=\"auto, (max-width: 1440px) 100vw, 1440px\" \/><\/p>\n<p>Kolekcja drzwi wewn\u0119trznych Prestige , jak\u0105 jest Chicago, wyr\u00f3\u017cnia si\u0119 nowoczesnym designem i wysok\u0105 jako\u015bci\u0105 wykonania. Oto kluczowe cechy tej kolekcji:<\/p>\n<ol>\n<li><strong>Wygl\u0105d i konstrukcja:<\/strong>Drzwi SLIM charakteryzuj\u0105 si\u0119 smuk\u0142ym wygl\u0105dem dzi\u0119ki w\u0119\u017cszym ramiakom pionowym, co nadaje im nowoczesny wygl\u0105d.\n<ul>\n<li>Konstrukcja oparta jest na ramie MDF, co gwarantuje wysok\u0105 jako\u015b\u0107 i odporno\u015b\u0107 na uszkodzenia mechaniczne.<\/li>\n<\/ul>\n<\/li>\n<li><strong>Specyfikacja techniczna: <\/strong>Dost\u0119pne szeroko\u015bci: 60, 70, 80, 90, 100 cm.\n<ul>\n<li>Wymiary standardowe: 2035 x 644\/744\/844\/944 x 40 mm.<\/li>\n<li>Pokrycie drzwi: folia finish, zapewniaj\u0105ca estetyczny wygl\u0105d i \u0142atwo\u015b\u0107 w utrzymaniu czysto\u015bci.<\/li>\n<li>Wyposa\u017cenie: 3 zawiasy w kolorze srebra z regulacj\u0105 2D, co pozwala na precyzyjne dopasowanie drzwi.<\/li>\n<\/ul>\n<\/li>\n<li><strong>Dodatkowe funkcje i materia\u0142y: <\/strong>Szk\u0142o mleczne, szk\u0142o czarne VSG (dost\u0119pna tak\u017ce czarna wstawka p\u0142ycinowa) wzmacniane o grubo\u015bci 4 mm, dodaj\u0105ce elegancji i jednocze\u015bnie zwi\u0119kszaj\u0105ce bezpiecze\u0144stwo.\n<ul>\n<li>Technologia SOFTLine w profilach, eliminuj\u0105ca widoczne \u0142\u0105czenia okleiny na kraw\u0119dziach, co podkre\u015bla estetyk\u0119 drzwi.<\/li>\n<\/ul>\n<\/li>\n<li><strong>Trwa\u0142o\u015b\u0107 i gwarancja: <\/strong>Konstrukcja drzwi oparta jest na technologii czopowania i ko\u0142kowania, zapobiegaj\u0105cej wypaczaniu i opuszczaniu si\u0119 drzwi w trakcie u\u017cytkowania.\n<ul>\n<li>Producent oferuje 2-letni\u0105 gwarancj\u0119 na produkt, co \u015bwiadczy o pewno\u015bci jako\u015bci i trwa\u0142o\u015bci.<\/li>\n<\/ul>\n<\/li>\n<\/ol>\n<p>Kolekcja Chicago jest idealnym wyborem dla os\u00f3b poszukuj\u0105cych nowoczesnych, eleganckich drzwi wewn\u0119trznych o wysokiej jako\u015bci wykonania i funkcjonalno\u015bci.<\/p>\n<p><img loading=\"lazy\" decoding=\"async\" class=\"aligncenter size-full wp-image-7410\" src=\"https:\/\/drzwitarasy.pl\/wp-content\/uploads\/2022\/02\/SZYBY-WSTAWKI-Z-OPISEM.jpg\" alt=\"\" width=\"1838\" height=\"761\" srcset=\"https:\/\/drzwitarasy.pl\/wp-content\/uploads\/2022\/02\/SZYBY-WSTAWKI-Z-OPISEM.jpg 1838w, https:\/\/drzwitarasy.pl\/wp-content\/uploads\/2022\/02\/SZYBY-WSTAWKI-Z-OPISEM-300x124.jpg 300w, https:\/\/drzwitarasy.pl\/wp-content\/uploads\/2022\/02\/SZYBY-WSTAWKI-Z-OPISEM-1024x424.jpg 1024w, https:\/\/drzwitarasy.pl\/wp-content\/uploads\/2022\/02\/SZYBY-WSTAWKI-Z-OPISEM-768x318.jpg 768w, https:\/\/drzwitarasy.pl\/wp-content\/uploads\/2022\/02\/SZYBY-WSTAWKI-Z-OPISEM-1536x636.jpg 1536w, https:\/\/drzwitarasy.pl\/wp-content\/uploads\/2022\/02\/SZYBY-WSTAWKI-Z-OPISEM-600x248.jpg 600w\" sizes=\"auto, (max-width: 1838px) 100vw, 1838px\" \/><img loading=\"lazy\" decoding=\"async\" class=\"aligncenter size-full wp-image-7409\" src=\"https:\/\/drzwitarasy.pl\/wp-content\/uploads\/2022\/02\/CHICAGO-BEZ-OPISU-CZTERY-Z-VSG.jpg\" alt=\"\" width=\"1149\" height=\"711\" srcset=\"https:\/\/drzwitarasy.pl\/wp-content\/uploads\/2022\/02\/CHICAGO-BEZ-OPISU-CZTERY-Z-VSG.jpg 1149w, https:\/\/drzwitarasy.pl\/wp-content\/uploads\/2022\/02\/CHICAGO-BEZ-OPISU-CZTERY-Z-VSG-300x186.jpg 300w, https:\/\/drzwitarasy.pl\/wp-content\/uploads\/2022\/02\/CHICAGO-BEZ-OPISU-CZTERY-Z-VSG-1024x634.jpg 1024w, https:\/\/drzwitarasy.pl\/wp-content\/uploads\/2022\/02\/CHICAGO-BEZ-OPISU-CZTERY-Z-VSG-768x475.jpg 768w, https:\/\/drzwitarasy.pl\/wp-content\/uploads\/2022\/02\/CHICAGO-BEZ-OPISU-CZTERY-Z-VSG-600x371.jpg 600w\" sizes=\"auto, (max-width: 1149px) 100vw, 1149px\" \/><\/p>\n<p><img loading=\"lazy\" decoding=\"async\" class=\"aligncenter size-full wp-image-2893\" src=\"https:\/\/drzwitarasy.pl\/wp-content\/uploads\/2022\/02\/CHICAGO-Z-OPISAMI.jpeg\" alt=\"\" width=\"1512\" height=\"2120\" srcset=\"https:\/\/drzwitarasy.pl\/wp-content\/uploads\/2022\/02\/CHICAGO-Z-OPISAMI.jpeg 1512w, https:\/\/drzwitarasy.pl\/wp-content\/uploads\/2022\/02\/CHICAGO-Z-OPISAMI-300x421.jpeg 300w, https:\/\/drzwitarasy.pl\/wp-content\/uploads\/2022\/02\/CHICAGO-Z-OPISAMI-600x841.jpeg 600w, https:\/\/drzwitarasy.pl\/wp-content\/uploads\/2022\/02\/CHICAGO-Z-OPISAMI-214x300.jpeg 214w, https:\/\/drzwitarasy.pl\/wp-content\/uploads\/2022\/02\/CHICAGO-Z-OPISAMI-768x1077.jpeg 768w, https:\/\/drzwitarasy.pl\/wp-content\/uploads\/2022\/02\/CHICAGO-Z-OPISAMI-730x1024.jpeg 730w\" sizes=\"auto, (max-width: 1512px) 100vw, 1512px\" \/><img loading=\"lazy\" decoding=\"async\" class=\"aligncenter size-full wp-image-2894\" src=\"https:\/\/drzwitarasy.pl\/wp-content\/uploads\/2022\/02\/IMG_5876.jpeg\" alt=\"\" width=\"1170\" height=\"1150\" srcset=\"https:\/\/drzwitarasy.pl\/wp-content\/uploads\/2022\/02\/IMG_5876.jpeg 1170w, https:\/\/drzwitarasy.pl\/wp-content\/uploads\/2022\/02\/IMG_5876-300x295.jpeg 300w, https:\/\/drzwitarasy.pl\/wp-content\/uploads\/2022\/02\/IMG_5876-600x590.jpeg 600w, https:\/\/drzwitarasy.pl\/wp-content\/uploads\/2022\/02\/IMG_5876-768x755.jpeg 768w, https:\/\/drzwitarasy.pl\/wp-content\/uploads\/2022\/02\/IMG_5876-1024x1006.jpeg 1024w\" sizes=\"auto, (max-width: 1170px) 100vw, 1170px\" \/><img loading=\"lazy\" decoding=\"async\" class=\"aligncenter size-full wp-image-6819\" src=\"https:\/\/drzwitarasy.pl\/wp-content\/uploads\/2026\/02\/konstrukcja-drzwi-prestige-nowe.jpg\" alt=\"\" width=\"921\" height=\"828\" srcset=\"https:\/\/drzwitarasy.pl\/wp-content\/uploads\/2026\/02\/konstrukcja-drzwi-prestige-nowe.jpg 921w, https:\/\/drzwitarasy.pl\/wp-content\/uploads\/2026\/02\/konstrukcja-drzwi-prestige-nowe-300x270.jpg 300w, https:\/\/drzwitarasy.pl\/wp-content\/uploads\/2026\/02\/konstrukcja-drzwi-prestige-nowe-768x690.jpg 768w, https:\/\/drzwitarasy.pl\/wp-content\/uploads\/2026\/02\/konstrukcja-drzwi-prestige-nowe-600x539.jpg 600w\" sizes=\"auto, (max-width: 921px) 100vw, 921px\" \/><img loading=\"lazy\" decoding=\"async\" class=\"aligncenter size-full wp-image-2895\" src=\"https:\/\/drzwitarasy.pl\/wp-content\/uploads\/2022\/02\/IMG_5875.jpeg\" alt=\"\" width=\"1440\" height=\"899\" srcset=\"https:\/\/drzwitarasy.pl\/wp-content\/uploads\/2022\/02\/IMG_5875.jpeg 1440w, https:\/\/drzwitarasy.pl\/wp-content\/uploads\/2022\/02\/IMG_5875-300x187.jpeg 300w, https:\/\/drzwitarasy.pl\/wp-content\/uploads\/2022\/02\/IMG_5875-600x375.jpeg 600w, https:\/\/drzwitarasy.pl\/wp-content\/uploads\/2022\/02\/IMG_5875-768x479.jpeg 768w, https:\/\/drzwitarasy.pl\/wp-content\/uploads\/2022\/02\/IMG_5875-1024x639.jpeg 1024w\" sizes=\"auto, (max-width: 1440px) 100vw, 1440px\" \/><\/p>\n<p>&nbsp;<\/p>\n<p><img loading=\"lazy\" decoding=\"async\" class=\"aligncenter size-full wp-image-2046\" src=\"https:\/\/drzwitarasy.pl\/wp-content\/uploads\/2022\/11\/chicago-jesion-gray-3SZT.jpg\" alt=\"\" width=\"1588\" height=\"1184\" srcset=\"https:\/\/drzwitarasy.pl\/wp-content\/uploads\/2022\/11\/chicago-jesion-gray-3SZT.jpg 1588w, https:\/\/drzwitarasy.pl\/wp-content\/uploads\/2022\/11\/chicago-jesion-gray-3SZT-300x224.jpg 300w, https:\/\/drzwitarasy.pl\/wp-content\/uploads\/2022\/11\/chicago-jesion-gray-3SZT-600x447.jpg 600w, https:\/\/drzwitarasy.pl\/wp-content\/uploads\/2022\/11\/chicago-jesion-gray-3SZT-768x573.jpg 768w, https:\/\/drzwitarasy.pl\/wp-content\/uploads\/2022\/11\/chicago-jesion-gray-3SZT-1024x763.jpg 1024w\" sizes=\"auto, (max-width: 1588px) 100vw, 1588px\" \/><img loading=\"lazy\" decoding=\"async\" class=\"aligncenter size-full wp-image-2045\" src=\"https:\/\/drzwitarasy.pl\/wp-content\/uploads\/2022\/11\/chicago-dab-country-3SZT.jpg\" alt=\"\" width=\"1380\" height=\"1068\" srcset=\"https:\/\/drzwitarasy.pl\/wp-content\/uploads\/2022\/11\/chicago-dab-country-3SZT.jpg 1380w, https:\/\/drzwitarasy.pl\/wp-content\/uploads\/2022\/11\/chicago-dab-country-3SZT-300x232.jpg 300w, https:\/\/drzwitarasy.pl\/wp-content\/uploads\/2022\/11\/chicago-dab-country-3SZT-600x464.jpg 600w, https:\/\/drzwitarasy.pl\/wp-content\/uploads\/2022\/11\/chicago-dab-country-3SZT-768x594.jpg 768w, https:\/\/drzwitarasy.pl\/wp-content\/uploads\/2022\/11\/chicago-dab-country-3SZT-1024x792.jpg 1024w\" sizes=\"auto, (max-width: 1380px) 100vw, 1380px\" \/><\/p>\n<p><img loading=\"lazy\" decoding=\"async\" class=\"aligncenter size-full wp-image-6804\" src=\"https:\/\/drzwitarasy.pl\/wp-content\/uploads\/2025\/03\/KOLORY-WSZYSTKIE-NOWE.jpg\" alt=\"\" width=\"1301\" height=\"1234\" srcset=\"https:\/\/drzwitarasy.pl\/wp-content\/uploads\/2025\/03\/KOLORY-WSZYSTKIE-NOWE.jpg 1301w, https:\/\/drzwitarasy.pl\/wp-content\/uploads\/2025\/03\/KOLORY-WSZYSTKIE-NOWE-300x285.jpg 300w, https:\/\/drzwitarasy.pl\/wp-content\/uploads\/2025\/03\/KOLORY-WSZYSTKIE-NOWE-1024x971.jpg 1024w, https:\/\/drzwitarasy.pl\/wp-content\/uploads\/2025\/03\/KOLORY-WSZYSTKIE-NOWE-768x728.jpg 768w, https:\/\/drzwitarasy.pl\/wp-content\/uploads\/2025\/03\/KOLORY-WSZYSTKIE-NOWE-600x569.jpg 600w\" sizes=\"auto, (max-width: 1301px) 100vw, 1301px\" \/><\/p>\n<p><img loading=\"lazy\" decoding=\"async\" class=\"aligncenter size-full wp-image-4460\" src=\"https:\/\/drzwitarasy.pl\/wp-content\/uploads\/2024\/11\/KONTAKT-ok.jpg\" alt=\"\" width=\"1619\" height=\"1410\" srcset=\"https:\/\/drzwitarasy.pl\/wp-content\/uploads\/2024\/11\/KONTAKT-ok.jpg 1619w, https:\/\/drzwitarasy.pl\/wp-content\/uploads\/2024\/11\/KONTAKT-ok-300x261.jpg 300w, https:\/\/drzwitarasy.pl\/wp-content\/uploads\/2024\/11\/KONTAKT-ok-600x523.jpg 600w, https:\/\/drzwitarasy.pl\/wp-content\/uploads\/2024\/11\/KONTAKT-ok-1024x892.jpg 1024w, https:\/\/drzwitarasy.pl\/wp-content\/uploads\/2024\/11\/KONTAKT-ok-768x669.jpg 768w, https:\/\/drzwitarasy.pl\/wp-content\/uploads\/2024\/11\/KONTAKT-ok-1536x1338.jpg 1536w\" sizes=\"auto, (max-width: 1619px) 100vw, 1619px\" \/><\/p>\n<p>&nbsp;<\/p>\n","protected":false},"excerpt":{"rendered":"<p><img loading=\"lazy\" decoding=\"async\" class=\"aligncenter size-full wp-image-6602\" src=\"https:\/\/drzwitarasy.pl\/wp-content\/uploads\/2024\/08\/SLIM-I-PRESTIGE.jpg\" alt=\"\" width=\"1869\" height=\"1086\" srcset=\"https:\/\/drzwitarasy.pl\/wp-content\/uploads\/2024\/08\/SLIM-I-PRESTIGE.jpg 1869w, https:\/\/drzwitarasy.pl\/wp-content\/uploads\/2024\/08\/SLIM-I-PRESTIGE-300x174.jpg 300w, https:\/\/drzwitarasy.pl\/wp-content\/uploads\/2024\/08\/SLIM-I-PRESTIGE-1024x595.jpg 1024w, https:\/\/drzwitarasy.pl\/wp-content\/uploads\/2024\/08\/SLIM-I-PRESTIGE-768x446.jpg 768w, https:\/\/drzwitarasy.pl\/wp-content\/uploads\/2024\/08\/SLIM-I-PRESTIGE-1536x893.jpg 1536w, https:\/\/drzwitarasy.pl\/wp-content\/uploads\/2024\/08\/SLIM-I-PRESTIGE-600x349.jpg 600w\" sizes=\"auto, (max-width: 1869px) 100vw, 1869px\" \/><\/p>\n","protected":false},"featured_media":7409,"template":"","meta":{"_acf_changed":false,"_monsterinsights_skip_tracking":false,"_monsterinsights_sitenote_active":false,"_monsterinsights_sitenote_note":"","_monsterinsights_sitenote_category":0},"product_brand":[527],"product_cat":[590,30,21,516],"product_tag":[185,181,518,179,177,173],"class_list":{"0":"post-2048","1":"product","2":"type-product","3":"status-publish","4":"has-post-thumbnail","6":"product_brand-windoor","7":"product_cat-chicago","8":"product_cat-drzwi-prestige","9":"product_cat-drzwi-wewnetrzne","10":"product_cat-windoor","11":"product_tag-drzwi-chicago","12":"product_tag-drzwi-do-domu","13":"product_tag-drzwi-lazienkowe","14":"product_tag-drzwi-wewnetrzne","15":"product_tag-drzwi-windoor","16":"product_tag-windoor","18":"first","19":"instock","20":"sale","21":"featured","22":"shipping-taxable","23":"purchasable","24":"product-type-simple","25":"add-to-wishlist-after_add_to_cart"},"acf":[],"aioseo_notices":[],"jetpack_sharing_enabled":true,"_links":{"self":[{"href":"https:\/\/drzwitarasy.pl\/index.php?rest_route=\/wp\/v2\/product\/2048","targetHints":{"allow":["GET"]}}],"collection":[{"href":"https:\/\/drzwitarasy.pl\/index.php?rest_route=\/wp\/v2\/product"}],"about":[{"href":"https:\/\/drzwitarasy.pl\/index.php?rest_route=\/wp\/v2\/types\/product"}],"wp:featuredmedia":[{"embeddable":true,"href":"https:\/\/drzwitarasy.pl\/index.php?rest_route=\/wp\/v2\/media\/7409"}],"wp:attachment":[{"href":"https:\/\/drzwitarasy.pl\/index.php?rest_route=%2Fwp%2Fv2%2Fmedia&parent=2048"}],"wp:term":[{"taxonomy":"product_brand","embeddable":true,"href":"https:\/\/drzwitarasy.pl\/index.php?rest_route=%2Fwp%2Fv2%2Fproduct_brand&post=2048"},{"taxonomy":"product_cat","embeddable":true,"href":"https:\/\/drzwitarasy.pl\/index.php?rest_route=%2Fwp%2Fv2%2Fproduct_cat&post=2048"},{"taxonomy":"product_tag","embeddable":true,"href":"https:\/\/drzwitarasy.pl\/index.php?rest_route=%2Fwp%2Fv2%2Fproduct_tag&post=2048"}],"curies":[{"name":"wp","href":"https:\/\/api.w.org\/{rel}","templated":true}]}}