{"id":1948,"date":"2022-10-22T20:39:06","date_gmt":"2022-10-22T18:39:06","guid":{"rendered":"https:\/\/drzwitarasy.pl\/?post_type=product&#038;p=1948"},"modified":"2026-02-15T01:41:52","modified_gmt":"2026-02-15T00:41:52","slug":"oscieznica-regulowana-bezprzylgowa-standard","status":"publish","type":"product","link":"https:\/\/drzwitarasy.pl\/?product=oscieznica-regulowana-bezprzylgowa-standard","title":{"rendered":"BEZPRZYLGOWA Standard o\u015bcie\u017cnica regulowana kolory Standard do drzwi Prestige i P\u0142ycinowych Standard"},"content":{"rendered":"<p>&nbsp;<\/p>\n<p><img loading=\"lazy\" decoding=\"async\" class=\"aligncenter size-full wp-image-6231\" src=\"https:\/\/drzwitarasy.pl\/wp-content\/uploads\/2025\/04\/KOLORY-STANDARD.jpg\" alt=\"\" width=\"781\" height=\"287\" srcset=\"https:\/\/drzwitarasy.pl\/wp-content\/uploads\/2025\/04\/KOLORY-STANDARD.jpg 781w, https:\/\/drzwitarasy.pl\/wp-content\/uploads\/2025\/04\/KOLORY-STANDARD-300x110.jpg 300w, https:\/\/drzwitarasy.pl\/wp-content\/uploads\/2025\/04\/KOLORY-STANDARD-768x282.jpg 768w, https:\/\/drzwitarasy.pl\/wp-content\/uploads\/2025\/04\/KOLORY-STANDARD-600x220.jpg 600w\" sizes=\"auto, (max-width: 781px) 100vw, 781px\" \/><\/p>\n<p>&nbsp;<\/p>\n<p><img loading=\"lazy\" decoding=\"async\" class=\"aligncenter size-full wp-image-6747\" src=\"https:\/\/drzwitarasy.pl\/wp-content\/uploads\/2025\/04\/kat-45\u00b0.jpg\" alt=\"\" width=\"922\" height=\"747\" srcset=\"https:\/\/drzwitarasy.pl\/wp-content\/uploads\/2025\/04\/kat-45\u00b0.jpg 922w, https:\/\/drzwitarasy.pl\/wp-content\/uploads\/2025\/04\/kat-45\u00b0-300x243.jpg 300w, https:\/\/drzwitarasy.pl\/wp-content\/uploads\/2025\/04\/kat-45\u00b0-768x622.jpg 768w, https:\/\/drzwitarasy.pl\/wp-content\/uploads\/2025\/04\/kat-45\u00b0-600x486.jpg 600w\" sizes=\"auto, (max-width: 922px) 100vw, 922px\" \/><\/p>\n<p>&nbsp;<\/p>\n<p><img loading=\"lazy\" decoding=\"async\" class=\"aligncenter size-full wp-image-4364\" src=\"https:\/\/drzwitarasy.pl\/wp-content\/uploads\/2024\/12\/KONTAKT-ok.jpg\" alt=\"\" width=\"1619\" height=\"1410\" srcset=\"https:\/\/drzwitarasy.pl\/wp-content\/uploads\/2024\/12\/KONTAKT-ok.jpg 1619w, https:\/\/drzwitarasy.pl\/wp-content\/uploads\/2024\/12\/KONTAKT-ok-300x261.jpg 300w, https:\/\/drzwitarasy.pl\/wp-content\/uploads\/2024\/12\/KONTAKT-ok-600x523.jpg 600w, https:\/\/drzwitarasy.pl\/wp-content\/uploads\/2024\/12\/KONTAKT-ok-1024x892.jpg 1024w, https:\/\/drzwitarasy.pl\/wp-content\/uploads\/2024\/12\/KONTAKT-ok-768x669.jpg 768w, https:\/\/drzwitarasy.pl\/wp-content\/uploads\/2024\/12\/KONTAKT-ok-1536x1338.jpg 1536w\" sizes=\"auto, (max-width: 1619px) 100vw, 1619px\" \/><\/p>\n<p>&nbsp;<\/p>\n<p>&nbsp;<\/p>\n<p><img loading=\"lazy\" decoding=\"async\" class=\"aligncenter size-full wp-image-4685\" src=\"https:\/\/drzwitarasy.pl\/wp-content\/uploads\/2025\/03\/REG-BEZPRZ-WYMIARY.jpeg\" alt=\"\" width=\"1126\" height=\"1298\" srcset=\"https:\/\/drzwitarasy.pl\/wp-content\/uploads\/2025\/03\/REG-BEZPRZ-WYMIARY.jpeg 1126w, https:\/\/drzwitarasy.pl\/wp-content\/uploads\/2025\/03\/REG-BEZPRZ-WYMIARY-300x346.jpeg 300w, https:\/\/drzwitarasy.pl\/wp-content\/uploads\/2025\/03\/REG-BEZPRZ-WYMIARY-600x692.jpeg 600w, https:\/\/drzwitarasy.pl\/wp-content\/uploads\/2025\/03\/REG-BEZPRZ-WYMIARY-260x300.jpeg 260w, https:\/\/drzwitarasy.pl\/wp-content\/uploads\/2025\/03\/REG-BEZPRZ-WYMIARY-888x1024.jpeg 888w, https:\/\/drzwitarasy.pl\/wp-content\/uploads\/2025\/03\/REG-BEZPRZ-WYMIARY-768x885.jpeg 768w\" sizes=\"auto, (max-width: 1126px) 100vw, 1126px\" \/><\/p>\n","protected":false},"excerpt":{"rendered":"<p>O\u015aCIE\u017bNICA W STANDARDZIE MA DWA ZAWIASY CHOWANE.<\/p>\n<p>TRZECI ZAWIAS ZA DOP\u0141AT\u0104 100z\u0142.<\/p>\n<p><img loading=\"lazy\" decoding=\"async\" class=\"aligncenter size-medium wp-image-6747\" src=\"https:\/\/drzwitarasy.pl\/wp-content\/uploads\/2025\/04\/kat-45\u00b0-300x243.jpg\" alt=\"\" width=\"300\" height=\"243\" srcset=\"https:\/\/drzwitarasy.pl\/wp-content\/uploads\/2025\/04\/kat-45\u00b0-300x243.jpg 300w, https:\/\/drzwitarasy.pl\/wp-content\/uploads\/2025\/04\/kat-45\u00b0-768x622.jpg 768w, https:\/\/drzwitarasy.pl\/wp-content\/uploads\/2025\/04\/kat-45\u00b0-360x290.jpg 360w, https:\/\/drzwitarasy.pl\/wp-content\/uploads\/2025\/04\/kat-45\u00b0-600x486.jpg 600w, https:\/\/drzwitarasy.pl\/wp-content\/uploads\/2025\/04\/kat-45\u00b0.jpg 922w\" sizes=\"auto, (max-width: 300px) 100vw, 300px\" \/><\/p>\n","protected":false},"featured_media":3611,"template":"","meta":{"_acf_changed":false,"om_disable_all_campaigns":false,"_monsterinsights_skip_tracking":false,"_monsterinsights_sitenote_active":false,"_monsterinsights_sitenote_note":"","_monsterinsights_sitenote_category":0},"product_brand":[527],"product_cat":[560,21,516,253,531,250,32],"product_tag":[529],"class_list":{"0":"post-1948","1":"product","2":"type-product","3":"status-publish","4":"has-post-thumbnail","6":"product_brand-windoor","7":"product_cat-bezprzylgowe","8":"product_cat-drzwi-wewnetrzne","9":"product_cat-windoor","10":"product_cat-oscieznice-prestige-standard","11":"product_cat-oscieznice-i-akcesoria","12":"product_cat-regulowane-prestige-standard","13":"product_cat-oscieznice-akcesoria","14":"product_tag-opb-standard","15":"pa_zakres-bezprzylgowe-115-135mm","16":"pa_zakres-bezprzylgowe-135-155mm","17":"pa_zakres-bezprzylgowe-155-175mm","18":"pa_zakres-bezprzylgowe-175-195mm","19":"pa_zakres-bezprzylgowe-195-215mm","20":"pa_zakres-bezprzylgowe-215-235mm","21":"pa_zakres-bezprzylgowe-235-255mm","22":"pa_zakres-bezprzylgowe-255-275mm","23":"pa_zakres-bezprzylgowe-275-295mm","24":"pa_zakres-bezprzylgowe-295-315mm","25":"pa_zakres-bezprzylgowe-315-335mm","26":"pa_zakres-bezprzylgowe-335-355mm","27":"pa_zakres-bezprzylgowe-80-95mm","28":"pa_zakres-bezprzylgowe-96-115mm","30":"first","31":"instock","32":"sale","33":"shipping-taxable","34":"purchasable","35":"product-type-simple","36":"add-to-wishlist-after_add_to_cart"},"acf":[],"aioseo_notices":[],"jetpack_sharing_enabled":true,"_links":{"self":[{"href":"https:\/\/drzwitarasy.pl\/index.php?rest_route=\/wp\/v2\/product\/1948","targetHints":{"allow":["GET"]}}],"collection":[{"href":"https:\/\/drzwitarasy.pl\/index.php?rest_route=\/wp\/v2\/product"}],"about":[{"href":"https:\/\/drzwitarasy.pl\/index.php?rest_route=\/wp\/v2\/types\/product"}],"wp:featuredmedia":[{"embeddable":true,"href":"https:\/\/drzwitarasy.pl\/index.php?rest_route=\/wp\/v2\/media\/3611"}],"wp:attachment":[{"href":"https:\/\/drzwitarasy.pl\/index.php?rest_route=%2Fwp%2Fv2%2Fmedia&parent=1948"}],"wp:term":[{"taxonomy":"product_brand","embeddable":true,"href":"https:\/\/drzwitarasy.pl\/index.php?rest_route=%2Fwp%2Fv2%2Fproduct_brand&post=1948"},{"taxonomy":"product_cat","embeddable":true,"href":"https:\/\/drzwitarasy.pl\/index.php?rest_route=%2Fwp%2Fv2%2Fproduct_cat&post=1948"},{"taxonomy":"product_tag","embeddable":true,"href":"https:\/\/drzwitarasy.pl\/index.php?rest_route=%2Fwp%2Fv2%2Fproduct_tag&post=1948"}],"curies":[{"name":"wp","href":"https:\/\/api.w.org\/{rel}","templated":true}]}}