{"id":1824,"date":"2024-03-08T20:10:39","date_gmt":"2024-03-08T19:10:39","guid":{"rendered":"https:\/\/drzwitarasy.pl\/?post_type=product&#038;p=1824"},"modified":"2026-03-09T23:37:42","modified_gmt":"2026-03-09T22:37:42","slug":"drzwi-milton-sonata-defendoor","status":"publish","type":"product","link":"https:\/\/drzwitarasy.pl\/?product=drzwi-milton-sonata-defendoor","title":{"rendered":"Drzwi ramowe Milton \/ Sonata Defendoor &#8211; od r\u0119ki"},"content":{"rendered":"<p><img loading=\"lazy\" decoding=\"async\" class=\"aligncenter size-full wp-image-4475\" src=\"https:\/\/drzwitarasy.pl\/wp-content\/uploads\/2022\/03\/BANER-NOWY-ZMIENIONY.jpg\" alt=\"\" width=\"2420\" height=\"948\" srcset=\"https:\/\/drzwitarasy.pl\/wp-content\/uploads\/2022\/03\/BANER-NOWY-ZMIENIONY.jpg 2420w, https:\/\/drzwitarasy.pl\/wp-content\/uploads\/2022\/03\/BANER-NOWY-ZMIENIONY-300x118.jpg 300w, https:\/\/drzwitarasy.pl\/wp-content\/uploads\/2022\/03\/BANER-NOWY-ZMIENIONY-600x235.jpg 600w, https:\/\/drzwitarasy.pl\/wp-content\/uploads\/2022\/03\/BANER-NOWY-ZMIENIONY-1024x401.jpg 1024w, https:\/\/drzwitarasy.pl\/wp-content\/uploads\/2022\/03\/BANER-NOWY-ZMIENIONY-768x301.jpg 768w, https:\/\/drzwitarasy.pl\/wp-content\/uploads\/2022\/03\/BANER-NOWY-ZMIENIONY-1536x602.jpg 1536w, https:\/\/drzwitarasy.pl\/wp-content\/uploads\/2022\/03\/BANER-NOWY-ZMIENIONY-2048x802.jpg 2048w\" sizes=\"auto, (max-width: 2420px) 100vw, 2420px\" \/><\/p>\n<p>&nbsp;<\/p>\n<p>Szukasz drzwi, kt\u00f3re nie tylko b\u0119d\u0105 funkcjonalne, ale tak\u017ce wnios\u0105 elegancj\u0119 do Twojego wn\u0119trza? Drzwi Sonata Defendor to doskona\u0142y wyb\u00f3r, \u0142\u0105cz\u0105cy nowoczesny design z solidno\u015bci\u0105 wykonania oraz mo\u017cliwo\u015bciami personalizacji.<\/p>\n<p><strong>G\u0142\u00f3wne cechy:<\/strong><\/p>\n<ul>\n<li><strong>Dost\u0119pne szeroko\u015bci:<\/strong>\u00a0 70, 80, 90 cm<\/li>\n<li><strong>Pokrycie drzwi:<\/strong> folia finish, zapewniaj\u0105ca trwa\u0142o\u015b\u0107 i \u0142atwo\u015b\u0107 w utrzymaniu czysto\u015bci<\/li>\n<li><strong>Wyposa\u017cenie drzwi:<\/strong> 3 srebrne zawiasy czopowe, zapewniaj\u0105ce stabilno\u015b\u0107 i p\u0142ynne otwieranie<\/li>\n<li><strong>Zamek:<\/strong> dost\u0119pny w opcji na klucz (pok\u00f3j, pe\u0142ne), na wk\u0142adk\u0119 patentow\u0105 (dodatkowa op\u0142ata) lub obrotowy (\u0142azienkowe), zapewniaj\u0105cy wysoki poziom bezpiecze\u0144stwa i komfortu u\u017cytkowania<\/li>\n<li><strong>Gwarancja producenta:<\/strong> 2 lata<\/li>\n<\/ul>\n<p><strong>Dodatkowe opcje:<\/strong><\/p>\n<ul>\n<li><strong>Klamka\/o\u015bcie\u017cnica:<\/strong> dost\u0119pne za dodatkow\u0105 op\u0142at\u0105, umo\u017cliwiaj\u0105ce dostosowanie do indywidualnych potrzeb aran\u017cacyjnych, nie wchodz\u0105 w cen\u0119 skrzyd\u0142a<\/li>\n<li>\u00a0<strong>ZAWIASY CZARNE<\/strong> &#8211; ZA DOP\u0141AT\u0104 &#8211; dost\u0119pne w kategorii &#8222;DOP\u0141ATY DO DRZWI&#8221; )<\/li>\n<\/ul>\n<p><strong>Konstrukcja i materia\u0142y:<\/strong><\/p>\n<ul>\n<li>Drzwi ramiakowe wykonane z wysokiej jako\u015bci pe\u0142nej p\u0142yty MDF, zapewniaj\u0105ce trwa\u0142o\u015b\u0107 i odporno\u015b\u0107 na uszkodzenia mechaniczne.<\/li>\n<li>Profile drzwi w technologii SOFTLine eliminuj\u0105 widoczne \u0142\u0105czenia okleiny na kraw\u0119dziach, co nadaje im estetyczny wygl\u0105d.<\/li>\n<\/ul>\n<p><strong>Technologia i trwa\u0142o\u015b\u0107:<\/strong><\/p>\n<ul>\n<li>Zastosowana technologia czopowania i ko\u0142kowania zapewnia stabilne po\u0142\u0105czenie element\u00f3w pionowych i poziomych, eliminuj\u0105c wypaczanie i opadanie drzwi w trakcie d\u0142ugotrwa\u0142ego u\u017cytkowania.<\/li>\n<\/ul>\n<p>Drzwi Sonata Defendoor to idealne rozwi\u0105zanie dla tych, kt\u00f3rzy ceni\u0105 sobie nie tylko funkcjonalno\u015b\u0107, ale tak\u017ce estetyk\u0119 i mo\u017cliwo\u015b\u0107 personalizacji. Wybierz jako\u015b\u0107 i styl &#8211; wybierz drzwi Sonata Defend0or i ciesz si\u0119 ich wyj\u0105tkowym designem ka\u017cdego dnia.<\/p>\n<p>&nbsp;<\/p>\n<p><img loading=\"lazy\" decoding=\"async\" class=\"aligncenter size-full wp-image-7004\" src=\"https:\/\/drzwitarasy.pl\/wp-content\/uploads\/2024\/02\/DOSTEPNE-OD-REKI.jpg\" alt=\"\" width=\"1288\" height=\"835\" srcset=\"https:\/\/drzwitarasy.pl\/wp-content\/uploads\/2024\/02\/DOSTEPNE-OD-REKI.jpg 1288w, https:\/\/drzwitarasy.pl\/wp-content\/uploads\/2024\/02\/DOSTEPNE-OD-REKI-300x194.jpg 300w, https:\/\/drzwitarasy.pl\/wp-content\/uploads\/2024\/02\/DOSTEPNE-OD-REKI-1024x664.jpg 1024w, https:\/\/drzwitarasy.pl\/wp-content\/uploads\/2024\/02\/DOSTEPNE-OD-REKI-768x498.jpg 768w, https:\/\/drzwitarasy.pl\/wp-content\/uploads\/2024\/02\/DOSTEPNE-OD-REKI-600x389.jpg 600w\" sizes=\"auto, (max-width: 1288px) 100vw, 1288px\" \/><\/p>\n<p>&nbsp;<\/p>\n<p><img loading=\"lazy\" decoding=\"async\" class=\"aligncenter size-full wp-image-2424\" src=\"https:\/\/drzwitarasy.pl\/wp-content\/uploads\/2022\/06\/image0.jpeg\" alt=\"\" width=\"1102\" height=\"839\" srcset=\"https:\/\/drzwitarasy.pl\/wp-content\/uploads\/2022\/06\/image0.jpeg 1102w, https:\/\/drzwitarasy.pl\/wp-content\/uploads\/2022\/06\/image0-300x228.jpeg 300w, https:\/\/drzwitarasy.pl\/wp-content\/uploads\/2022\/06\/image0-600x457.jpeg 600w, https:\/\/drzwitarasy.pl\/wp-content\/uploads\/2022\/06\/image0-768x585.jpeg 768w, https:\/\/drzwitarasy.pl\/wp-content\/uploads\/2022\/06\/image0-1024x780.jpeg 1024w\" sizes=\"auto, (max-width: 1102px) 100vw, 1102px\" \/> <img loading=\"lazy\" decoding=\"async\" class=\"aligncenter wp-image-4841 size-full\" src=\"https:\/\/drzwitarasy.pl\/wp-content\/uploads\/2022\/03\/milton-wotan.jpeg\" alt=\"\" width=\"954\" height=\"640\" srcset=\"https:\/\/drzwitarasy.pl\/wp-content\/uploads\/2022\/03\/milton-wotan.jpeg 954w, https:\/\/drzwitarasy.pl\/wp-content\/uploads\/2022\/03\/milton-wotan-300x201.jpeg 300w, https:\/\/drzwitarasy.pl\/wp-content\/uploads\/2022\/03\/milton-wotan-600x403.jpeg 600w, https:\/\/drzwitarasy.pl\/wp-content\/uploads\/2022\/03\/milton-wotan-768x515.jpeg 768w\" sizes=\"auto, (max-width: 954px) 100vw, 954px\" \/><\/p>\n<p><img loading=\"lazy\" decoding=\"async\" class=\"aligncenter size-full wp-image-4861\" src=\"https:\/\/drzwitarasy.pl\/wp-content\/uploads\/2025\/03\/FRESH-DAB-WOTAN.jpg\" alt=\"\" width=\"416\" height=\"409\" srcset=\"https:\/\/drzwitarasy.pl\/wp-content\/uploads\/2025\/03\/FRESH-DAB-WOTAN.jpg 416w, https:\/\/drzwitarasy.pl\/wp-content\/uploads\/2025\/03\/FRESH-DAB-WOTAN-300x295.jpg 300w, https:\/\/drzwitarasy.pl\/wp-content\/uploads\/2025\/03\/FRESH-DAB-WOTAN-50x50.jpg 50w\" sizes=\"auto, (max-width: 416px) 100vw, 416px\" \/> <img loading=\"lazy\" decoding=\"async\" class=\"aligncenter size-full wp-image-4860\" src=\"https:\/\/drzwitarasy.pl\/wp-content\/uploads\/2025\/03\/FRESH-BIALY.jpg\" alt=\"\" width=\"412\" height=\"409\" srcset=\"https:\/\/drzwitarasy.pl\/wp-content\/uploads\/2025\/03\/FRESH-BIALY.jpg 412w, https:\/\/drzwitarasy.pl\/wp-content\/uploads\/2025\/03\/FRESH-BIALY-300x298.jpg 300w, https:\/\/drzwitarasy.pl\/wp-content\/uploads\/2025\/03\/FRESH-BIALY-100x100.jpg 100w, https:\/\/drzwitarasy.pl\/wp-content\/uploads\/2025\/03\/FRESH-BIALY-150x150.jpg 150w, https:\/\/drzwitarasy.pl\/wp-content\/uploads\/2025\/03\/FRESH-BIALY-50x50.jpg 50w\" sizes=\"auto, (max-width: 412px) 100vw, 412px\" \/><\/p>\n<p>&nbsp;<\/p>\n<p>DOST\u0118PNE KOLORY DRZWI : BIA\u0141Y &#8211; D\u0104B WOTAN.<\/p>\n<p>DOST\u0118PNE KOLORY O\u015aCIE\u017bNIC : BIA\u0141Y &#8211; D\u0104B WOTAN &#8211; CZARNY.<\/p>\n<p><img loading=\"lazy\" decoding=\"async\" class=\"aligncenter size-full wp-image-4665\" src=\"https:\/\/drzwitarasy.pl\/wp-content\/uploads\/2022\/03\/SONATY-GALERIA-scaled.jpg\" alt=\"\" width=\"2467\" height=\"2560\" srcset=\"https:\/\/drzwitarasy.pl\/wp-content\/uploads\/2022\/03\/SONATY-GALERIA-scaled.jpg 2467w, https:\/\/drzwitarasy.pl\/wp-content\/uploads\/2022\/03\/SONATY-GALERIA-scaled-300x311.jpg 300w, https:\/\/drzwitarasy.pl\/wp-content\/uploads\/2022\/03\/SONATY-GALERIA-scaled-600x623.jpg 600w, https:\/\/drzwitarasy.pl\/wp-content\/uploads\/2022\/03\/SONATY-GALERIA-289x300.jpg 289w, https:\/\/drzwitarasy.pl\/wp-content\/uploads\/2022\/03\/SONATY-GALERIA-987x1024.jpg 987w, https:\/\/drzwitarasy.pl\/wp-content\/uploads\/2022\/03\/SONATY-GALERIA-768x797.jpg 768w, https:\/\/drzwitarasy.pl\/wp-content\/uploads\/2022\/03\/SONATY-GALERIA-1480x1536.jpg 1480w, https:\/\/drzwitarasy.pl\/wp-content\/uploads\/2022\/03\/SONATY-GALERIA-1974x2048.jpg 1974w\" sizes=\"auto, (max-width: 2467px) 100vw, 2467px\" \/><\/p>\n<p style=\"text-align: center;\">Mamy przyjemno\u015b\u0107 przedstawi\u0107\u00a0<b>najnowsz\u0105 kolekcj\u0119<\/b>\u00a0designerskich drzwi ramiakowych z Linii\u00a0<b>PRESTIGE<\/b>. Skrzyd\u0142a tej serii charakteryzuj\u0105 si\u0119\u00a0<b>modernistyczn\u0105 stylizacj\u0105<\/b>\u00a0oraz\u00a0<b>wysok\u0105 trwa\u0142o\u015bcia<\/b>, zachowuj\u0105c przy tym\u00a0<b>najni\u017csz\u0105 cen\u0119<\/b>\u00a0na rynku.<\/p>\n<p style=\"text-align: center;\">Linia Prestige to rodzina skrzyde\u0142 o bardzo wysokiej jako\u015bci i odporno\u015bci na uszkodzenia mechaniczne, a tak\u017ce gwarancja uzyskania nowoczesnej stylizacji wn\u0119trz w kt\u00f3rych zostan\u0105 one zastosowane.<\/p>\n<p style=\"text-align: center;\">Proponowany model to skrzyd\u0142o drzwiowe wykonane z ramiak\u00f3w MDF uszlachetnionych oklein\u0105 drewnopodobn\u0105 o zwi\u0119kszonej odporno\u015bci na zarysowania.<\/p>\n<p>&nbsp;<\/p>\n<p><img loading=\"lazy\" decoding=\"async\" class=\"aligncenter size-full wp-image-4474\" src=\"https:\/\/drzwitarasy.pl\/wp-content\/uploads\/2022\/03\/czarne-zaw.jpg\" alt=\"\" width=\"1077\" height=\"805\" srcset=\"https:\/\/drzwitarasy.pl\/wp-content\/uploads\/2022\/03\/czarne-zaw.jpg 1077w, https:\/\/drzwitarasy.pl\/wp-content\/uploads\/2022\/03\/czarne-zaw-300x224.jpg 300w, https:\/\/drzwitarasy.pl\/wp-content\/uploads\/2022\/03\/czarne-zaw-600x448.jpg 600w, https:\/\/drzwitarasy.pl\/wp-content\/uploads\/2022\/03\/czarne-zaw-1024x765.jpg 1024w, https:\/\/drzwitarasy.pl\/wp-content\/uploads\/2022\/03\/czarne-zaw-768x574.jpg 768w\" sizes=\"auto, (max-width: 1077px) 100vw, 1077px\" \/><\/p>\n<p><img loading=\"lazy\" decoding=\"async\" class=\"aligncenter size-full wp-image-4460\" src=\"https:\/\/drzwitarasy.pl\/wp-content\/uploads\/2024\/11\/KONTAKT-ok.jpg\" alt=\"\" width=\"1619\" height=\"1410\" srcset=\"https:\/\/drzwitarasy.pl\/wp-content\/uploads\/2024\/11\/KONTAKT-ok.jpg 1619w, https:\/\/drzwitarasy.pl\/wp-content\/uploads\/2024\/11\/KONTAKT-ok-300x261.jpg 300w, https:\/\/drzwitarasy.pl\/wp-content\/uploads\/2024\/11\/KONTAKT-ok-600x523.jpg 600w, https:\/\/drzwitarasy.pl\/wp-content\/uploads\/2024\/11\/KONTAKT-ok-1024x892.jpg 1024w, https:\/\/drzwitarasy.pl\/wp-content\/uploads\/2024\/11\/KONTAKT-ok-768x669.jpg 768w, https:\/\/drzwitarasy.pl\/wp-content\/uploads\/2024\/11\/KONTAKT-ok-1536x1338.jpg 1536w\" sizes=\"auto, (max-width: 1619px) 100vw, 1619px\" \/><\/p>\n","protected":false},"excerpt":{"rendered":"<p><img loading=\"lazy\" decoding=\"async\" class=\"alignleft wp-image-7003 size-medium\" src=\"https:\/\/drzwitarasy.pl\/wp-content\/uploads\/2024\/02\/BANER-OD-REKI-300x171.jpg\" alt=\"\" width=\"300\" height=\"171\" srcset=\"https:\/\/drzwitarasy.pl\/wp-content\/uploads\/2024\/02\/BANER-OD-REKI-300x171.jpg 300w, https:\/\/drzwitarasy.pl\/wp-content\/uploads\/2024\/02\/BANER-OD-REKI-768x437.jpg 768w, https:\/\/drzwitarasy.pl\/wp-content\/uploads\/2024\/02\/BANER-OD-REKI-600x341.jpg 600w, https:\/\/drzwitarasy.pl\/wp-content\/uploads\/2024\/02\/BANER-OD-REKI.jpg 869w\" sizes=\"auto, (max-width: 300px) 100vw, 300px\" \/><\/p>\n","protected":false},"featured_media":7021,"template":"","meta":{"_acf_changed":false,"_monsterinsights_skip_tracking":false,"_monsterinsights_sitenote_active":false,"_monsterinsights_sitenote_note":"","_monsterinsights_sitenote_category":0},"product_brand":[528],"product_cat":[517,532,112,473,21],"product_tag":[442,187,111,471,410],"class_list":{"0":"post-1824","1":"product","2":"type-product","3":"status-publish","4":"has-post-thumbnail","6":"product_brand-defendoor","7":"product_cat-defendoor","8":"product_cat-drzwi-od-reki-2","9":"product_cat-drzwi-od-reki","10":"product_cat-drzwi_ramowe_defendoor","11":"product_cat-drzwi-wewnetrzne","12":"product_tag-defendoor","13":"product_tag-drzwi-od-reki","14":"product_tag-milton-sonata","15":"product_tag-miltony-nowe","16":"product_tag-solidne-drzwi","17":"product_shipping_class-drzwi-od-reki","19":"first","20":"instock","21":"sale","22":"featured","23":"shipping-taxable","24":"purchasable","25":"product-type-simple","26":"add-to-wishlist-after_add_to_cart"},"acf":[],"aioseo_notices":[],"jetpack_sharing_enabled":true,"_links":{"self":[{"href":"https:\/\/drzwitarasy.pl\/index.php?rest_route=\/wp\/v2\/product\/1824","targetHints":{"allow":["GET"]}}],"collection":[{"href":"https:\/\/drzwitarasy.pl\/index.php?rest_route=\/wp\/v2\/product"}],"about":[{"href":"https:\/\/drzwitarasy.pl\/index.php?rest_route=\/wp\/v2\/types\/product"}],"wp:featuredmedia":[{"embeddable":true,"href":"https:\/\/drzwitarasy.pl\/index.php?rest_route=\/wp\/v2\/media\/7021"}],"wp:attachment":[{"href":"https:\/\/drzwitarasy.pl\/index.php?rest_route=%2Fwp%2Fv2%2Fmedia&parent=1824"}],"wp:term":[{"taxonomy":"product_brand","embeddable":true,"href":"https:\/\/drzwitarasy.pl\/index.php?rest_route=%2Fwp%2Fv2%2Fproduct_brand&post=1824"},{"taxonomy":"product_cat","embeddable":true,"href":"https:\/\/drzwitarasy.pl\/index.php?rest_route=%2Fwp%2Fv2%2Fproduct_cat&post=1824"},{"taxonomy":"product_tag","embeddable":true,"href":"https:\/\/drzwitarasy.pl\/index.php?rest_route=%2Fwp%2Fv2%2Fproduct_tag&post=1824"}],"curies":[{"name":"wp","href":"https:\/\/api.w.org\/{rel}","templated":true}]}}