{"id":1481,"date":"2019-08-19T13:50:39","date_gmt":"2019-08-19T11:50:39","guid":{"rendered":"https:\/\/drzwitarasy.pl\/?post_type=product&#038;p=1481"},"modified":"2026-02-27T00:35:31","modified_gmt":"2026-02-26T23:35:31","slug":"drzwi-canis-solid-windoor","status":"publish","type":"product","link":"https:\/\/drzwitarasy.pl\/?product=drzwi-canis-solid-windoor","title":{"rendered":"Canis SOLID z wype\u0142nieniem pe\u0142nym SOLID"},"content":{"rendered":"<p><img loading=\"lazy\" decoding=\"async\" class=\"aligncenter size-full wp-image-5927\" src=\"https:\/\/drzwitarasy.pl\/wp-content\/uploads\/2019\/08\/CANIS-WIZUAL.jpg\" alt=\"\" width=\"1096\" height=\"1249\" srcset=\"https:\/\/drzwitarasy.pl\/wp-content\/uploads\/2019\/08\/CANIS-WIZUAL.jpg 1096w, https:\/\/drzwitarasy.pl\/wp-content\/uploads\/2019\/08\/CANIS-WIZUAL-300x342.jpg 300w, https:\/\/drzwitarasy.pl\/wp-content\/uploads\/2019\/08\/CANIS-WIZUAL-600x684.jpg 600w, https:\/\/drzwitarasy.pl\/wp-content\/uploads\/2019\/08\/CANIS-WIZUAL-263x300.jpg 263w, https:\/\/drzwitarasy.pl\/wp-content\/uploads\/2019\/08\/CANIS-WIZUAL-899x1024.jpg 899w, https:\/\/drzwitarasy.pl\/wp-content\/uploads\/2019\/08\/CANIS-WIZUAL-768x875.jpg 768w\" sizes=\"auto, (max-width: 1096px) 100vw, 1096px\" \/><\/p>\n<p style=\"text-align: center;\">Mamy przyjemno\u015b\u0107 przedstawi\u0107\u00a0<b>najnowsz\u0105 kolekcj\u0119<\/b>\u00a0drzwi wewn\u0119trznych. Skrzyd\u0142a te pokryte s\u0105 oklein\u0105 drewnopodobn\u0105 zapewniaj\u0105c\u0105\u00a0<b>wysokie walory estetyczne<\/b>, dzi\u0119ki kt\u00f3rym drzwi doskonale prezentuj\u0105 si\u0119 w Pa\u0144stwa domach.<\/p>\n<p style=\"text-align: center;\"><b>Unikalna struktura folii<\/b>\u00a0umo\u017cliwia odbijanie promieni s\u0142onecznych, co sprawia, \u017ce drzwi posiadaj\u0105 r\u00f3\u017cne odcienie w zale\u017cno\u015bci od pory dnia i nas\u0142onecznienia.<\/p>\n<p style=\"text-align: center;\">Proponowany model to skrzyd\u0142o drzwiowe wykonane z ramy MDF wype\u0142nionej pe\u0142n\u0105 p\u0142yt\u0105 solid. Rama wraz z wype\u0142nieniem jest dwustronnie ob\u0142o\u017cona p\u0142yt\u0105 HDF i oklejona Finish Foli\u0105 w kolorze drewna.<\/p>\n<p>\u00a0klamka\/o\u015bcie\u017cnica za dodatkow\u0105 op\u0142at\u0105 (nie wchodzi w cen\u0119 skrzyd\u0142a)<\/p>\n<p>K<\/p>\n<p style=\"text-align: center;\"><img loading=\"lazy\" decoding=\"async\" class=\"aligncenter size-full wp-image-2394\" src=\"https:\/\/drzwitarasy.pl\/wp-content\/uploads\/2022\/10\/PRZEKRO%CC%81J.jpeg\" alt=\"\" width=\"720\" height=\"388\" \/><\/p>\n<p><img loading=\"lazy\" decoding=\"async\" class=\"aligncenter wp-image-5265 size-full\" src=\"https:\/\/drzwitarasy.pl\/wp-content\/uploads\/2025\/03\/plyta-solid.webp\" alt=\"\" width=\"1024\" height=\"491\" srcset=\"https:\/\/drzwitarasy.pl\/wp-content\/uploads\/2025\/03\/plyta-solid.webp 1024w, https:\/\/drzwitarasy.pl\/wp-content\/uploads\/2025\/03\/plyta-solid-300x144.webp 300w, https:\/\/drzwitarasy.pl\/wp-content\/uploads\/2025\/03\/plyta-solid-600x288.webp 600w, https:\/\/drzwitarasy.pl\/wp-content\/uploads\/2025\/03\/plyta-solid-768x368.webp 768w\" sizes=\"auto, (max-width: 1024px) 100vw, 1024px\" \/><\/p>\n<p>&nbsp;<\/p>\n<p>&nbsp;<\/p>\n<p><img loading=\"lazy\" decoding=\"async\" class=\"aligncenter size-full wp-image-6876\" src=\"https:\/\/drzwitarasy.pl\/wp-content\/uploads\/2022\/10\/KOLORY-CANIS-NOWE.jpg\" alt=\"\" width=\"1100\" height=\"621\" srcset=\"https:\/\/drzwitarasy.pl\/wp-content\/uploads\/2022\/10\/KOLORY-CANIS-NOWE.jpg 1100w, https:\/\/drzwitarasy.pl\/wp-content\/uploads\/2022\/10\/KOLORY-CANIS-NOWE-300x169.jpg 300w, https:\/\/drzwitarasy.pl\/wp-content\/uploads\/2022\/10\/KOLORY-CANIS-NOWE-1024x578.jpg 1024w, https:\/\/drzwitarasy.pl\/wp-content\/uploads\/2022\/10\/KOLORY-CANIS-NOWE-768x434.jpg 768w, https:\/\/drzwitarasy.pl\/wp-content\/uploads\/2022\/10\/KOLORY-CANIS-NOWE-600x339.jpg 600w\" sizes=\"auto, (max-width: 1100px) 100vw, 1100px\" \/><\/p>\n<p>&nbsp;<\/p>\n<p>&nbsp;<\/p>\n<p><img loading=\"lazy\" decoding=\"async\" class=\"aligncenter size-full wp-image-5926\" src=\"https:\/\/drzwitarasy.pl\/wp-content\/uploads\/2022\/10\/canisy.jpg\" alt=\"\" width=\"2108\" height=\"2551\" srcset=\"https:\/\/drzwitarasy.pl\/wp-content\/uploads\/2022\/10\/canisy.jpg 2108w, https:\/\/drzwitarasy.pl\/wp-content\/uploads\/2022\/10\/canisy-300x363.jpg 300w, https:\/\/drzwitarasy.pl\/wp-content\/uploads\/2022\/10\/canisy-600x726.jpg 600w, https:\/\/drzwitarasy.pl\/wp-content\/uploads\/2022\/10\/canisy-248x300.jpg 248w, https:\/\/drzwitarasy.pl\/wp-content\/uploads\/2022\/10\/canisy-846x1024.jpg 846w, https:\/\/drzwitarasy.pl\/wp-content\/uploads\/2022\/10\/canisy-768x929.jpg 768w, https:\/\/drzwitarasy.pl\/wp-content\/uploads\/2022\/10\/canisy-1269x1536.jpg 1269w, https:\/\/drzwitarasy.pl\/wp-content\/uploads\/2022\/10\/canisy-1692x2048.jpg 1692w\" sizes=\"auto, (max-width: 2108px) 100vw, 2108px\" \/><\/p>\n<p>&nbsp;<\/p>\n<p><img loading=\"lazy\" decoding=\"async\" class=\"aligncenter size-full wp-image-4440\" src=\"https:\/\/drzwitarasy.pl\/wp-content\/uploads\/2024\/03\/IMG_2144.jpg\" alt=\"\" width=\"1206\" height=\"990\" srcset=\"https:\/\/drzwitarasy.pl\/wp-content\/uploads\/2024\/03\/IMG_2144.jpg 1206w, https:\/\/drzwitarasy.pl\/wp-content\/uploads\/2024\/03\/IMG_2144-300x246.jpg 300w, https:\/\/drzwitarasy.pl\/wp-content\/uploads\/2024\/03\/IMG_2144-600x493.jpg 600w, https:\/\/drzwitarasy.pl\/wp-content\/uploads\/2024\/03\/IMG_2144-1024x841.jpg 1024w, https:\/\/drzwitarasy.pl\/wp-content\/uploads\/2024\/03\/IMG_2144-768x630.jpg 768w\" sizes=\"auto, (max-width: 1206px) 100vw, 1206px\" \/><\/p>\n<p>Canis, drzwi inwestycyjne, drzwi przylgowe, drzwi bezprzylgowe<\/p>\n<p>&nbsp;<\/p>\n<ul>\n<li>2 srebrne zawiasy \u0142o\u017cyskowe<\/li>\n<li>zamek: na klucz ( pe\u0142ne), na wk\u0142adk\u0119 patentow\u0105 (dodatkowa op\u0142ata) lub obrotowy (\u0142azienkowe)<\/li>\n<li>klamka\/o\u015bcie\u017cnica za dodatkow\u0105 op\u0142at\u0105 (nie wchodzi w cen\u0119 skrzyd\u0142a)<\/li>\n<\/ul>\n<p>&nbsp;<\/p>\n<p style=\"text-align: center;\"><strong><span style=\"font-size: 18pt;\">OPCJA BEZPRZYLGOWE :<\/span><\/strong><\/p>\n<p>Canis, drzwi inwestycyjne drzwi bezprzylgowe<\/p>\n<p>&nbsp;<\/p>\n<ul>\n<li>zamek magnetyczny: na klucz ( pe\u0142ne), na wk\u0142adk\u0119 patentow\u0105 (dodatkowa op\u0142ata) lub obrotowy (\u0142azienkowe)<\/li>\n<li>klamka\/o\u015bcie\u017cnica za dodatkow\u0105 op\u0142at\u0105 (nie wchodzi w cen\u0119 skrzyd\u0142a)<\/li>\n<li>2 zawiasy chowane<\/li>\n<li>zamek magnetyczny<\/li>\n<\/ul>\n<p>&nbsp;<\/p>\n<p><img loading=\"lazy\" decoding=\"async\" class=\"aligncenter size-full wp-image-6877\" src=\"https:\/\/drzwitarasy.pl\/wp-content\/uploads\/2022\/10\/CACIS-BIALY-WIZUAL.jpg\" alt=\"\" width=\"943\" height=\"630\" srcset=\"https:\/\/drzwitarasy.pl\/wp-content\/uploads\/2022\/10\/CACIS-BIALY-WIZUAL.jpg 943w, https:\/\/drzwitarasy.pl\/wp-content\/uploads\/2022\/10\/CACIS-BIALY-WIZUAL-300x200.jpg 300w, https:\/\/drzwitarasy.pl\/wp-content\/uploads\/2022\/10\/CACIS-BIALY-WIZUAL-768x513.jpg 768w, https:\/\/drzwitarasy.pl\/wp-content\/uploads\/2022\/10\/CACIS-BIALY-WIZUAL-600x401.jpg 600w\" sizes=\"auto, (max-width: 943px) 100vw, 943px\" \/><\/p>\n<p><img loading=\"lazy\" decoding=\"async\" class=\"aligncenter size-full wp-image-6878\" src=\"https:\/\/drzwitarasy.pl\/wp-content\/uploads\/2022\/10\/CANIS-BIALE-DWA-PK-WC-Z-OPISEM.jpg\" alt=\"\" width=\"949\" height=\"805\" srcset=\"https:\/\/drzwitarasy.pl\/wp-content\/uploads\/2022\/10\/CANIS-BIALE-DWA-PK-WC-Z-OPISEM.jpg 949w, https:\/\/drzwitarasy.pl\/wp-content\/uploads\/2022\/10\/CANIS-BIALE-DWA-PK-WC-Z-OPISEM-300x254.jpg 300w, https:\/\/drzwitarasy.pl\/wp-content\/uploads\/2022\/10\/CANIS-BIALE-DWA-PK-WC-Z-OPISEM-768x651.jpg 768w, https:\/\/drzwitarasy.pl\/wp-content\/uploads\/2022\/10\/CANIS-BIALE-DWA-PK-WC-Z-OPISEM-600x509.jpg 600w\" sizes=\"auto, (max-width: 949px) 100vw, 949px\" \/><\/p>\n","protected":false},"excerpt":{"rendered":"<p>Mamy przyjemno\u015b\u0107 przedstawi\u0107\u00a0najnowsz\u0105 kolekcj\u0119\u00a0drzwi wewn\u0119trznych. Skrzyd\u0142a te pokryte s\u0105 oklein\u0105 drewnopodobn\u0105 zapewniaj\u0105c\u0105\u00a0wysokie walory estetyczne, dzi\u0119ki kt\u00f3rym drzwi doskonale prezentuj\u0105 si\u0119 w Pa\u0144stwa domach. Unikalna struktura folii\u00a0umo\u017cliwia odbijanie promieni s\u0142onecznych, co sprawia, \u017ce drzwi posiadaj\u0105 r\u00f3\u017cne odcienie w zale\u017cno\u015bci od pory dnia i nas\u0142onecznienia. Proponowany model to skrzyd\u0142o drzwiowe wykonane z ramy MDF wype\u0142nionej pe\u0142n\u0105 p\u0142yt\u0105 [&hellip;]<\/p>\n","protected":false},"featured_media":4639,"template":"","meta":{"_acf_changed":false,"_monsterinsights_skip_tracking":false,"_monsterinsights_sitenote_active":false,"_monsterinsights_sitenote_note":"","_monsterinsights_sitenote_category":0},"product_brand":[527],"product_cat":[22,21],"product_tag":[360,440,469,384,361],"class_list":{"0":"post-1481","1":"product","2":"type-product","3":"status-publish","4":"has-post-thumbnail","6":"product_brand-windoor","7":"product_cat-drzwi-standard","8":"product_cat-drzwi-wewnetrzne","9":"product_tag-canis","10":"product_tag-canis-solid","11":"product_tag-canis-solid-nowe","12":"product_tag-canis-windoor","13":"product_tag-drzwi-inwestycyjne","14":"product_shipping_class-drzwi-windoor","16":"first","17":"instock","18":"sale","19":"shipping-taxable","20":"purchasable","21":"product-type-simple","22":"add-to-wishlist-after_add_to_cart"},"acf":[],"aioseo_notices":[],"jetpack_sharing_enabled":true,"_links":{"self":[{"href":"https:\/\/drzwitarasy.pl\/index.php?rest_route=\/wp\/v2\/product\/1481","targetHints":{"allow":["GET"]}}],"collection":[{"href":"https:\/\/drzwitarasy.pl\/index.php?rest_route=\/wp\/v2\/product"}],"about":[{"href":"https:\/\/drzwitarasy.pl\/index.php?rest_route=\/wp\/v2\/types\/product"}],"wp:featuredmedia":[{"embeddable":true,"href":"https:\/\/drzwitarasy.pl\/index.php?rest_route=\/wp\/v2\/media\/4639"}],"wp:attachment":[{"href":"https:\/\/drzwitarasy.pl\/index.php?rest_route=%2Fwp%2Fv2%2Fmedia&parent=1481"}],"wp:term":[{"taxonomy":"product_brand","embeddable":true,"href":"https:\/\/drzwitarasy.pl\/index.php?rest_route=%2Fwp%2Fv2%2Fproduct_brand&post=1481"},{"taxonomy":"product_cat","embeddable":true,"href":"https:\/\/drzwitarasy.pl\/index.php?rest_route=%2Fwp%2Fv2%2Fproduct_cat&post=1481"},{"taxonomy":"product_tag","embeddable":true,"href":"https:\/\/drzwitarasy.pl\/index.php?rest_route=%2Fwp%2Fv2%2Fproduct_tag&post=1481"}],"curies":[{"name":"wp","href":"https:\/\/api.w.org\/{rel}","templated":true}]}}