{"id":1105,"date":"2025-03-31T15:28:04","date_gmt":"2025-03-31T13:28:04","guid":{"rendered":"http:\/\/drzwitarasy.pl\/?post_type=product&#038;p=1105"},"modified":"2026-03-03T02:17:24","modified_gmt":"2026-03-03T01:17:24","slug":"oscieznica-regulowana-premium","status":"publish","type":"product","link":"https:\/\/drzwitarasy.pl\/?product=oscieznica-regulowana-premium","title":{"rendered":"PRZYLGOWA Premium o\u015bcie\u017cnica regulowana do drzwi Prestige i P\u0142ycinowych Standard"},"content":{"rendered":"<p>&nbsp;<\/p>\n<p><img loading=\"lazy\" decoding=\"async\" class=\"aligncenter size-full wp-image-6935\" src=\"https:\/\/drzwitarasy.pl\/wp-content\/uploads\/2025\/03\/KOLORY-WSZYSTKIE-PREMIUM-NOWE.jpg\" alt=\"\" width=\"1301\" height=\"505\" srcset=\"https:\/\/drzwitarasy.pl\/wp-content\/uploads\/2025\/03\/KOLORY-WSZYSTKIE-PREMIUM-NOWE.jpg 1301w, https:\/\/drzwitarasy.pl\/wp-content\/uploads\/2025\/03\/KOLORY-WSZYSTKIE-PREMIUM-NOWE-300x116.jpg 300w, https:\/\/drzwitarasy.pl\/wp-content\/uploads\/2025\/03\/KOLORY-WSZYSTKIE-PREMIUM-NOWE-1024x397.jpg 1024w, https:\/\/drzwitarasy.pl\/wp-content\/uploads\/2025\/03\/KOLORY-WSZYSTKIE-PREMIUM-NOWE-768x298.jpg 768w, https:\/\/drzwitarasy.pl\/wp-content\/uploads\/2025\/03\/KOLORY-WSZYSTKIE-PREMIUM-NOWE-600x233.jpg 600w\" sizes=\"auto, (max-width: 1301px) 100vw, 1301px\" \/><\/p>\n<p><img loading=\"lazy\" decoding=\"async\" class=\"aligncenter wp-image-6747 size-full\" src=\"https:\/\/drzwitarasy.pl\/wp-content\/uploads\/2025\/04\/kat-45\u00b0.jpg\" alt=\"\" width=\"922\" height=\"747\" srcset=\"https:\/\/drzwitarasy.pl\/wp-content\/uploads\/2025\/04\/kat-45\u00b0.jpg 922w, https:\/\/drzwitarasy.pl\/wp-content\/uploads\/2025\/04\/kat-45\u00b0-300x243.jpg 300w, https:\/\/drzwitarasy.pl\/wp-content\/uploads\/2025\/04\/kat-45\u00b0-768x622.jpg 768w, https:\/\/drzwitarasy.pl\/wp-content\/uploads\/2025\/04\/kat-45\u00b0-600x486.jpg 600w\" sizes=\"auto, (max-width: 922px) 100vw, 922px\" \/><\/p>\n<p>&nbsp;<\/p>\n<p><img loading=\"lazy\" decoding=\"async\" class=\"aligncenter size-full wp-image-6232\" src=\"https:\/\/drzwitarasy.pl\/wp-content\/uploads\/2025\/03\/ZAWIASY-i-listwy-DO-REG.jpg\" alt=\"\" width=\"2104\" height=\"1700\" srcset=\"https:\/\/drzwitarasy.pl\/wp-content\/uploads\/2025\/03\/ZAWIASY-i-listwy-DO-REG.jpg 2104w, https:\/\/drzwitarasy.pl\/wp-content\/uploads\/2025\/03\/ZAWIASY-i-listwy-DO-REG-300x242.jpg 300w, https:\/\/drzwitarasy.pl\/wp-content\/uploads\/2025\/03\/ZAWIASY-i-listwy-DO-REG-1024x827.jpg 1024w, https:\/\/drzwitarasy.pl\/wp-content\/uploads\/2025\/03\/ZAWIASY-i-listwy-DO-REG-768x621.jpg 768w, https:\/\/drzwitarasy.pl\/wp-content\/uploads\/2025\/03\/ZAWIASY-i-listwy-DO-REG-1536x1241.jpg 1536w, https:\/\/drzwitarasy.pl\/wp-content\/uploads\/2025\/03\/ZAWIASY-i-listwy-DO-REG-2048x1655.jpg 2048w, https:\/\/drzwitarasy.pl\/wp-content\/uploads\/2025\/03\/ZAWIASY-i-listwy-DO-REG-360x290.jpg 360w, https:\/\/drzwitarasy.pl\/wp-content\/uploads\/2025\/03\/ZAWIASY-i-listwy-DO-REG-600x485.jpg 600w\" sizes=\"auto, (max-width: 2104px) 100vw, 2104px\" \/><\/p>\n<p>&nbsp;<\/p>\n<p>&nbsp;<\/p>\n<p><img loading=\"lazy\" decoding=\"async\" class=\"aligncenter size-full wp-image-4440\" src=\"https:\/\/drzwitarasy.pl\/wp-content\/uploads\/2024\/03\/IMG_2144.jpg\" alt=\"\" width=\"1206\" height=\"990\" srcset=\"https:\/\/drzwitarasy.pl\/wp-content\/uploads\/2024\/03\/IMG_2144.jpg 1206w, https:\/\/drzwitarasy.pl\/wp-content\/uploads\/2024\/03\/IMG_2144-300x246.jpg 300w, https:\/\/drzwitarasy.pl\/wp-content\/uploads\/2024\/03\/IMG_2144-600x493.jpg 600w, https:\/\/drzwitarasy.pl\/wp-content\/uploads\/2024\/03\/IMG_2144-1024x841.jpg 1024w, https:\/\/drzwitarasy.pl\/wp-content\/uploads\/2024\/03\/IMG_2144-768x630.jpg 768w\" sizes=\"auto, (max-width: 1206px) 100vw, 1206px\" \/><\/p>\n<p><img loading=\"lazy\" decoding=\"async\" class=\"aligncenter size-full wp-image-4462\" src=\"https:\/\/drzwitarasy.pl\/wp-content\/uploads\/2024\/11\/REGULOWANE-OK.jpg\" alt=\"\" width=\"1280\" height=\"1794\" srcset=\"https:\/\/drzwitarasy.pl\/wp-content\/uploads\/2024\/11\/REGULOWANE-OK.jpg 1280w, https:\/\/drzwitarasy.pl\/wp-content\/uploads\/2024\/11\/REGULOWANE-OK-300x420.jpg 300w, https:\/\/drzwitarasy.pl\/wp-content\/uploads\/2024\/11\/REGULOWANE-OK-600x841.jpg 600w, https:\/\/drzwitarasy.pl\/wp-content\/uploads\/2024\/11\/REGULOWANE-OK-214x300.jpg 214w, https:\/\/drzwitarasy.pl\/wp-content\/uploads\/2024\/11\/REGULOWANE-OK-731x1024.jpg 731w, https:\/\/drzwitarasy.pl\/wp-content\/uploads\/2024\/11\/REGULOWANE-OK-768x1076.jpg 768w, https:\/\/drzwitarasy.pl\/wp-content\/uploads\/2024\/11\/REGULOWANE-OK-1096x1536.jpg 1096w\" sizes=\"auto, (max-width: 1280px) 100vw, 1280px\" \/><\/p>\n<p>&nbsp;<\/p>\n","protected":false},"excerpt":{"rendered":"<p><img loading=\"lazy\" decoding=\"async\" class=\"aligncenter size-medium wp-image-6747\" src=\"https:\/\/drzwitarasy.pl\/wp-content\/uploads\/2025\/04\/kat-45\u00b0-300x243.jpg\" alt=\"\" width=\"300\" height=\"243\" srcset=\"https:\/\/drzwitarasy.pl\/wp-content\/uploads\/2025\/04\/kat-45\u00b0-300x243.jpg 300w, https:\/\/drzwitarasy.pl\/wp-content\/uploads\/2025\/04\/kat-45\u00b0-768x622.jpg 768w, https:\/\/drzwitarasy.pl\/wp-content\/uploads\/2025\/04\/kat-45\u00b0-360x290.jpg 360w, https:\/\/drzwitarasy.pl\/wp-content\/uploads\/2025\/04\/kat-45\u00b0-600x486.jpg 600w, https:\/\/drzwitarasy.pl\/wp-content\/uploads\/2025\/04\/kat-45\u00b0.jpg 922w\" sizes=\"auto, (max-width: 300px) 100vw, 300px\" \/><\/p>\n","protected":false},"featured_media":3612,"template":"","meta":{"_acf_changed":false,"_monsterinsights_skip_tracking":false,"_monsterinsights_sitenote_active":false,"_monsterinsights_sitenote_note":"","_monsterinsights_sitenote_category":0},"product_brand":[527],"product_cat":[21,516,253,531,250,32,559],"product_tag":[314,536,489],"class_list":{"0":"post-1105","1":"product","2":"type-product","3":"status-publish","4":"has-post-thumbnail","6":"product_brand-windoor","7":"product_cat-drzwi-wewnetrzne","8":"product_cat-windoor","9":"product_cat-oscieznice-prestige-standard","10":"product_cat-oscieznice-i-akcesoria","11":"product_cat-regulowane-prestige-standard","12":"product_cat-oscieznice-akcesoria","13":"product_cat-przylgowe","14":"product_tag-oscieznica-regulowana","15":"product_tag-oscieznica-regulowana-do-drzwi-windoor","16":"product_tag-reg-prem","18":"first","19":"instock","20":"sale","21":"shipping-taxable","22":"purchasable","23":"product-type-simple","24":"add-to-wishlist-after_add_to_cart"},"acf":[],"aioseo_notices":[],"jetpack_sharing_enabled":true,"_links":{"self":[{"href":"https:\/\/drzwitarasy.pl\/index.php?rest_route=\/wp\/v2\/product\/1105","targetHints":{"allow":["GET"]}}],"collection":[{"href":"https:\/\/drzwitarasy.pl\/index.php?rest_route=\/wp\/v2\/product"}],"about":[{"href":"https:\/\/drzwitarasy.pl\/index.php?rest_route=\/wp\/v2\/types\/product"}],"wp:featuredmedia":[{"embeddable":true,"href":"https:\/\/drzwitarasy.pl\/index.php?rest_route=\/wp\/v2\/media\/3612"}],"wp:attachment":[{"href":"https:\/\/drzwitarasy.pl\/index.php?rest_route=%2Fwp%2Fv2%2Fmedia&parent=1105"}],"wp:term":[{"taxonomy":"product_brand","embeddable":true,"href":"https:\/\/drzwitarasy.pl\/index.php?rest_route=%2Fwp%2Fv2%2Fproduct_brand&post=1105"},{"taxonomy":"product_cat","embeddable":true,"href":"https:\/\/drzwitarasy.pl\/index.php?rest_route=%2Fwp%2Fv2%2Fproduct_cat&post=1105"},{"taxonomy":"product_tag","embeddable":true,"href":"https:\/\/drzwitarasy.pl\/index.php?rest_route=%2Fwp%2Fv2%2Fproduct_tag&post=1105"}],"curies":[{"name":"wp","href":"https:\/\/api.w.org\/{rel}","templated":true}]}}