{"id":1051,"date":"2019-02-04T13:28:50","date_gmt":"2019-02-04T12:28:50","guid":{"rendered":"http:\/\/drzwitarasy.pl\/?post_type=product&#038;p=1051"},"modified":"2026-03-03T04:30:50","modified_gmt":"2026-03-03T03:30:50","slug":"listwa-przypodlogowa","status":"publish","type":"product","link":"https:\/\/drzwitarasy.pl\/?product=listwa-przypodlogowa","title":{"rendered":"Listwa przypod\u0142ogowa MDF Windoor 80 \/ 100 mm"},"content":{"rendered":"<h3 style=\"text-align: center;\" data-start=\"144\" data-end=\"208\">\ud83d\udee0\ufe0f Co to jest ta <strong data-start=\"166\" data-end=\"190\">listwa przypod\u0142ogowa<\/strong> z drzwitarasy.pl?<\/h3>\n<p style=\"text-align: center;\" data-start=\"209\" data-end=\"355\">To <strong data-start=\"212\" data-end=\"276\">listwa przypod\u0142ogowa MDF oklejona foli\u0105 finish marki WINDOOR<\/strong> \u2013 element wyko\u0144czeniowy montowany na styku <strong data-start=\"320\" data-end=\"340\">\u015bciany i pod\u0142ogi<\/strong>. G\u0142\u00f3wne cechy:<\/p>\n<ul style=\"text-align: center;\" data-start=\"357\" data-end=\"686\">\n<li data-start=\"357\" data-end=\"415\">\n<p data-start=\"359\" data-end=\"415\">Maskuje szczelin\u0119 dylatacyjn\u0105 mi\u0119dzy pod\u0142og\u0105 a \u015bcian\u0105.<\/p>\n<\/li>\n<li data-start=\"416\" data-end=\"468\">\n<p data-start=\"418\" data-end=\"468\">Umo\u017cliwia ukrycie przewod\u00f3w elektrycznych\/kabli.<\/p>\n<\/li>\n<li data-start=\"469\" data-end=\"536\">\n<p data-start=\"471\" data-end=\"536\">Dost\u0119pna w r\u00f3\u017cnych <strong data-start=\"490\" data-end=\"533\">kolorach dopasowanych do pod\u0142\u00f3g i drzwi<\/strong>.<\/p>\n<\/li>\n<li data-start=\"537\" data-end=\"606\">\n<p data-start=\"539\" data-end=\"606\">Wymiary dost\u0119pne: <strong data-start=\"557\" data-end=\"578\">2050 \u00d7 80 \u00d7 14 mm<\/strong> i <strong data-start=\"581\" data-end=\"603\">2050 \u00d7 100 \u00d7 14 mm<\/strong>.<\/p>\n<\/li>\n<li data-start=\"607\" data-end=\"686\">\n<p data-start=\"609\" data-end=\"686\">Materia\u0142: <strong data-start=\"619\" data-end=\"647\">p\u0142yta MDF oklejona foli\u0105<\/strong>.<\/p>\n<\/li>\n<\/ul>\n<p style=\"text-align: center;\" data-start=\"688\" data-end=\"784\">Mo\u017cesz wybiera\u0107 kolor i rozmiar przed dodaniem do koszyka.<\/p>\n<p><img \/><img loading=\"lazy\" decoding=\"async\" class=\"aligncenter size-full wp-image-4576\" src=\"https:\/\/drzwitarasy.pl\/wp-content\/uploads\/2025\/02\/img_2952-2.jpeg\" alt=\"\" width=\"1092\" height=\"1199\" srcset=\"https:\/\/drzwitarasy.pl\/wp-content\/uploads\/2025\/02\/img_2952-2.jpeg 1092w, https:\/\/drzwitarasy.pl\/wp-content\/uploads\/2025\/02\/img_2952-2-300x329.jpeg 300w, https:\/\/drzwitarasy.pl\/wp-content\/uploads\/2025\/02\/img_2952-2-600x659.jpeg 600w, https:\/\/drzwitarasy.pl\/wp-content\/uploads\/2025\/02\/img_2952-2-273x300.jpeg 273w, https:\/\/drzwitarasy.pl\/wp-content\/uploads\/2025\/02\/img_2952-2-933x1024.jpeg 933w, https:\/\/drzwitarasy.pl\/wp-content\/uploads\/2025\/02\/img_2952-2-768x843.jpeg 768w\" sizes=\"auto, (max-width: 1092px) 100vw, 1092px\" \/><\/p>\n<p><img loading=\"lazy\" decoding=\"async\" class=\"aligncenter size-full wp-image-6804\" src=\"https:\/\/drzwitarasy.pl\/wp-content\/uploads\/2025\/03\/KOLORY-WSZYSTKIE-NOWE.jpg\" alt=\"\" width=\"1301\" height=\"1234\" srcset=\"https:\/\/drzwitarasy.pl\/wp-content\/uploads\/2025\/03\/KOLORY-WSZYSTKIE-NOWE.jpg 1301w, https:\/\/drzwitarasy.pl\/wp-content\/uploads\/2025\/03\/KOLORY-WSZYSTKIE-NOWE-300x285.jpg 300w, https:\/\/drzwitarasy.pl\/wp-content\/uploads\/2025\/03\/KOLORY-WSZYSTKIE-NOWE-1024x971.jpg 1024w, https:\/\/drzwitarasy.pl\/wp-content\/uploads\/2025\/03\/KOLORY-WSZYSTKIE-NOWE-768x728.jpg 768w, https:\/\/drzwitarasy.pl\/wp-content\/uploads\/2025\/03\/KOLORY-WSZYSTKIE-NOWE-600x569.jpg 600w\" sizes=\"auto, (max-width: 1301px) 100vw, 1301px\" \/><br \/>\n<img loading=\"lazy\" decoding=\"async\" class=\"aligncenter wp-image-3678 size-full\" src=\"https:\/\/drzwitarasy.pl\/wp-content\/uploads\/2024\/09\/LISTWA-PRZYP.jpg\" alt=\"\" width=\"650\" height=\"1024\" srcset=\"https:\/\/drzwitarasy.pl\/wp-content\/uploads\/2024\/09\/LISTWA-PRZYP.jpg 650w, https:\/\/drzwitarasy.pl\/wp-content\/uploads\/2024\/09\/LISTWA-PRZYP-300x473.jpg 300w, https:\/\/drzwitarasy.pl\/wp-content\/uploads\/2024\/09\/LISTWA-PRZYP-600x945.jpg 600w, https:\/\/drzwitarasy.pl\/wp-content\/uploads\/2024\/09\/LISTWA-PRZYP-190x300.jpg 190w\" sizes=\"auto, (max-width: 650px) 100vw, 650px\" \/><\/p>\n<p><img loading=\"lazy\" decoding=\"async\" class=\"aligncenter size-full wp-image-4627\" src=\"https:\/\/drzwitarasy.pl\/wp-content\/uploads\/2019\/02\/listwa_przypodlogow.jpg\" alt=\"\" width=\"1280\" height=\"853\" srcset=\"https:\/\/drzwitarasy.pl\/wp-content\/uploads\/2019\/02\/listwa_przypodlogow.jpg 1280w, https:\/\/drzwitarasy.pl\/wp-content\/uploads\/2019\/02\/listwa_przypodlogow-300x200.jpg 300w, https:\/\/drzwitarasy.pl\/wp-content\/uploads\/2019\/02\/listwa_przypodlogow-600x400.jpg 600w, https:\/\/drzwitarasy.pl\/wp-content\/uploads\/2019\/02\/listwa_przypodlogow-1024x682.jpg 1024w, https:\/\/drzwitarasy.pl\/wp-content\/uploads\/2019\/02\/listwa_przypodlogow-768x512.jpg 768w\" sizes=\"auto, (max-width: 1280px) 100vw, 1280px\" \/> <img loading=\"lazy\" decoding=\"async\" class=\"aligncenter size-full wp-image-4628\" src=\"https:\/\/drzwitarasy.pl\/wp-content\/uploads\/2019\/02\/LISTWA-PRZYP-WIZUA.jpg\" alt=\"\" width=\"1024\" height=\"637\" srcset=\"https:\/\/drzwitarasy.pl\/wp-content\/uploads\/2019\/02\/LISTWA-PRZYP-WIZUA.jpg 1024w, https:\/\/drzwitarasy.pl\/wp-content\/uploads\/2019\/02\/LISTWA-PRZYP-WIZUA-300x187.jpg 300w, https:\/\/drzwitarasy.pl\/wp-content\/uploads\/2019\/02\/LISTWA-PRZYP-WIZUA-600x373.jpg 600w, https:\/\/drzwitarasy.pl\/wp-content\/uploads\/2019\/02\/LISTWA-PRZYP-WIZUA-768x478.jpg 768w\" sizes=\"auto, (max-width: 1024px) 100vw, 1024px\" \/><\/p>\n<p>&nbsp;<\/p>\n<p style=\"text-align: center;\"><span style=\"font-size: 14pt;\">Listwa przypod\u0142ogowa jest\u00a0<strong>wyj\u0105tkowym detalem<\/strong>\u00a0w ka\u017cdym pomieszczeniu, zdobi\u0105cym styk \u015bcian z pod\u0142og\u0105. Ponadto listwy doskonale\u00a0<strong>maskuj\u0105<\/strong>\u00a0nieestetyczne kable, przewody jak r\u00f3wnie\u017c szczelin\u0119 dylatacyjn\u0105. Listwy przypod\u0142ogowe WINDOOR dost\u0119pne s\u0105 w\u00a0<strong>pe\u0142nej<\/strong>\u00a0<strong>kolorystyce<\/strong>\u00a0drzwi i o\u015bcie\u017cnic.<\/span><\/p>\n<p style=\"text-align: center;\"><span style=\"font-size: 14pt;\"><strong>Dost\u0119pne wymiary (d\u0142ugo\u015b\u0107\/wysoko\u015b\u0107\/grubo\u015b\u0107):<\/strong><\/span><\/p>\n<p style=\"text-align: center;\"><span style=\"font-size: 14pt;\">2050 x 80 x 14 mm<\/span><\/p>\n<p style=\"text-align: center;\"><span style=\"font-size: 14pt;\">2050 x 100 x 14 mm<\/span><\/p>\n<p style=\"text-align: center;\"><span style=\"font-size: 14pt;\"><strong>Materia\u0142:\u00a0<\/strong>MDF oklejony foli\u0105 finish<\/span><\/p>\n<p>&nbsp;<\/p>\n<p><img loading=\"lazy\" decoding=\"async\" class=\"aligncenter size-full wp-image-4440\" src=\"https:\/\/drzwitarasy.pl\/wp-content\/uploads\/2024\/03\/IMG_2144.jpg\" alt=\"\" width=\"1206\" height=\"990\" srcset=\"https:\/\/drzwitarasy.pl\/wp-content\/uploads\/2024\/03\/IMG_2144.jpg 1206w, https:\/\/drzwitarasy.pl\/wp-content\/uploads\/2024\/03\/IMG_2144-300x246.jpg 300w, https:\/\/drzwitarasy.pl\/wp-content\/uploads\/2024\/03\/IMG_2144-600x493.jpg 600w, https:\/\/drzwitarasy.pl\/wp-content\/uploads\/2024\/03\/IMG_2144-1024x841.jpg 1024w, https:\/\/drzwitarasy.pl\/wp-content\/uploads\/2024\/03\/IMG_2144-768x630.jpg 768w\" sizes=\"auto, (max-width: 1206px) 100vw, 1206px\" \/><\/p>\n","protected":false},"excerpt":{"rendered":"<p style=\"text-align: center;\"><strong>Dost\u0119pne wymiary (d\u0142ugo\u015b\u0107\/wysoko\u015b\u0107\/grubo\u015b\u0107):<\/strong><\/p>\n<p style=\"text-align: center;\">2050 x 80 x 14 mm<\/p>\n<p style=\"text-align: center;\">2050 x 100 x 14 mm<\/p>\n<p style=\"text-align: center;\"><strong>Materia\u0142:\u00a0<\/strong>MDF oklejony foli\u0105 finish<\/p>\n<p>&nbsp;<\/p>\n<p>&nbsp;<\/p>\n","protected":false},"featured_media":1065,"template":"","meta":{"_acf_changed":false,"_monsterinsights_skip_tracking":false,"_monsterinsights_sitenote_active":false,"_monsterinsights_sitenote_note":"","_monsterinsights_sitenote_category":0},"product_brand":[527],"product_cat":[21,254,32],"product_tag":[438,439,173],"class_list":{"0":"post-1051","1":"product","2":"type-product","3":"status-publish","4":"has-post-thumbnail","6":"product_brand-windoor","7":"product_cat-drzwi-wewnetrzne","8":"product_cat-listwy-masku","9":"product_cat-oscieznice-akcesoria","10":"product_tag-listwa-przypodlogowa","11":"product_tag-listwy","12":"product_tag-windoor","14":"first","15":"instock","16":"sale","17":"shipping-taxable","18":"purchasable","19":"product-type-simple","20":"add-to-wishlist-after_add_to_cart"},"acf":[],"aioseo_notices":[],"jetpack_sharing_enabled":true,"_links":{"self":[{"href":"https:\/\/drzwitarasy.pl\/index.php?rest_route=\/wp\/v2\/product\/1051","targetHints":{"allow":["GET"]}}],"collection":[{"href":"https:\/\/drzwitarasy.pl\/index.php?rest_route=\/wp\/v2\/product"}],"about":[{"href":"https:\/\/drzwitarasy.pl\/index.php?rest_route=\/wp\/v2\/types\/product"}],"wp:featuredmedia":[{"embeddable":true,"href":"https:\/\/drzwitarasy.pl\/index.php?rest_route=\/wp\/v2\/media\/1065"}],"wp:attachment":[{"href":"https:\/\/drzwitarasy.pl\/index.php?rest_route=%2Fwp%2Fv2%2Fmedia&parent=1051"}],"wp:term":[{"taxonomy":"product_brand","embeddable":true,"href":"https:\/\/drzwitarasy.pl\/index.php?rest_route=%2Fwp%2Fv2%2Fproduct_brand&post=1051"},{"taxonomy":"product_cat","embeddable":true,"href":"https:\/\/drzwitarasy.pl\/index.php?rest_route=%2Fwp%2Fv2%2Fproduct_cat&post=1051"},{"taxonomy":"product_tag","embeddable":true,"href":"https:\/\/drzwitarasy.pl\/index.php?rest_route=%2Fwp%2Fv2%2Fproduct_tag&post=1051"}],"curies":[{"name":"wp","href":"https:\/\/api.w.org\/{rel}","templated":true}]}}