{"id":1043,"date":"2019-02-04T13:15:54","date_gmt":"2019-02-04T12:15:54","guid":{"rendered":"http:\/\/drzwitarasy.pl\/?post_type=product&#038;p=1043"},"modified":"2026-03-04T02:04:41","modified_gmt":"2026-03-04T01:04:41","slug":"system-przesuwny-nascienny","status":"publish","type":"product","link":"https:\/\/drzwitarasy.pl\/?product=system-przesuwny-nascienny","title":{"rendered":"System przesuwny na\u015bcienny do drzwi"},"content":{"rendered":"<p><img loading=\"lazy\" decoding=\"async\" class=\"aligncenter size-full wp-image-4686\" src=\"https:\/\/drzwitarasy.pl\/wp-content\/uploads\/2019\/02\/WIZUALIZACJA-PRZESUWNYCH-BIALYCH.jpg\" alt=\"\" width=\"1123\" height=\"701\" srcset=\"https:\/\/drzwitarasy.pl\/wp-content\/uploads\/2019\/02\/WIZUALIZACJA-PRZESUWNYCH-BIALYCH.jpg 1123w, https:\/\/drzwitarasy.pl\/wp-content\/uploads\/2019\/02\/WIZUALIZACJA-PRZESUWNYCH-BIALYCH-300x187.jpg 300w, https:\/\/drzwitarasy.pl\/wp-content\/uploads\/2019\/02\/WIZUALIZACJA-PRZESUWNYCH-BIALYCH-600x375.jpg 600w, https:\/\/drzwitarasy.pl\/wp-content\/uploads\/2019\/02\/WIZUALIZACJA-PRZESUWNYCH-BIALYCH-1024x639.jpg 1024w, https:\/\/drzwitarasy.pl\/wp-content\/uploads\/2019\/02\/WIZUALIZACJA-PRZESUWNYCH-BIALYCH-768x479.jpg 768w\" sizes=\"auto, (max-width: 1123px) 100vw, 1123px\" \/><\/p>\n<p>&nbsp;<\/p>\n<p>SYSTEM PRZESUWNY NASCIENNY<\/p>\n<p>System przesuwny umo\u017cliwia monta\u017c skrzyd\u0142a w pomieszczeniach, gdzie nie mo\u017cemy lub nie chcemy zastosowa\u0107 tradycyjnych drzwi. Skrzyd\u0142o drzwiowe przemieszcza si\u0119 na aluminiowych prowadnicach umieszczonych powy\u017cej otworu drzwiowego.<\/p>\n<p>Prowadnica aluminiowa do systemu przesuwnego stanowi g\u0142\u00f3wny element systemu przesuwnego.<\/p>\n<p>W zestawie znajduj\u0105 si\u0119 rolki oraz niezb\u0119dne akcesoria monta\u017cowe. Do ukrycia prowadnicy s\u0142u\u017cy maskownica.<\/p>\n<p>Maskownica do systemu przesuwnego spe\u0142nia role swoistego karnisza, zakrywaj\u0105c prowadnice stanowi\u0105c\u0105 g\u0142\u00f3wny element systemu przesuwnego. W zestawie opr\u00f3cz maskownicy znajduje si\u0119 r\u00f3wnie\u017c listwa dystansowa i belka odbojowa w tej samej okleinie.<\/p>\n<p>&nbsp;<\/p>\n<p><img loading=\"lazy\" decoding=\"async\" class=\"aligncenter size-full wp-image-6890\" src=\"https:\/\/drzwitarasy.pl\/wp-content\/uploads\/2024\/02\/KOLORY-WSZYSTKIE-NOWE.jpg\" alt=\"\" width=\"1301\" height=\"1234\" srcset=\"https:\/\/drzwitarasy.pl\/wp-content\/uploads\/2024\/02\/KOLORY-WSZYSTKIE-NOWE.jpg 1301w, https:\/\/drzwitarasy.pl\/wp-content\/uploads\/2024\/02\/KOLORY-WSZYSTKIE-NOWE-300x285.jpg 300w, https:\/\/drzwitarasy.pl\/wp-content\/uploads\/2024\/02\/KOLORY-WSZYSTKIE-NOWE-1024x971.jpg 1024w, https:\/\/drzwitarasy.pl\/wp-content\/uploads\/2024\/02\/KOLORY-WSZYSTKIE-NOWE-768x728.jpg 768w, https:\/\/drzwitarasy.pl\/wp-content\/uploads\/2024\/02\/KOLORY-WSZYSTKIE-NOWE-600x569.jpg 600w\" sizes=\"auto, (max-width: 1301px) 100vw, 1301px\" \/><\/p>\n<p>&nbsp;<\/p>\n<p>&nbsp;<\/p>\n<p><img loading=\"lazy\" decoding=\"async\" class=\"aligncenter size-full wp-image-1083\" src=\"http:\/\/drzwitarasy.pl\/wp-content\/uploads\/2019\/02\/6.jpg\" alt=\"\" width=\"1185\" height=\"1367\" srcset=\"https:\/\/drzwitarasy.pl\/wp-content\/uploads\/2019\/02\/6.jpg 1185w, https:\/\/drzwitarasy.pl\/wp-content\/uploads\/2019\/02\/6-300x346.jpg 300w, https:\/\/drzwitarasy.pl\/wp-content\/uploads\/2019\/02\/6-600x692.jpg 600w, https:\/\/drzwitarasy.pl\/wp-content\/uploads\/2019\/02\/6-260x300.jpg 260w, https:\/\/drzwitarasy.pl\/wp-content\/uploads\/2019\/02\/6-768x886.jpg 768w, https:\/\/drzwitarasy.pl\/wp-content\/uploads\/2019\/02\/6-888x1024.jpg 888w\" sizes=\"auto, (max-width: 1185px) 100vw, 1185px\" \/><\/p>\n<p>&nbsp;<\/p>\n<p><img loading=\"lazy\" decoding=\"async\" class=\"aligncenter size-full wp-image-4460\" src=\"https:\/\/drzwitarasy.pl\/wp-content\/uploads\/2024\/11\/KONTAKT-ok.jpg\" alt=\"\" width=\"1619\" height=\"1410\" srcset=\"https:\/\/drzwitarasy.pl\/wp-content\/uploads\/2024\/11\/KONTAKT-ok.jpg 1619w, https:\/\/drzwitarasy.pl\/wp-content\/uploads\/2024\/11\/KONTAKT-ok-300x261.jpg 300w, https:\/\/drzwitarasy.pl\/wp-content\/uploads\/2024\/11\/KONTAKT-ok-600x523.jpg 600w, https:\/\/drzwitarasy.pl\/wp-content\/uploads\/2024\/11\/KONTAKT-ok-1024x892.jpg 1024w, https:\/\/drzwitarasy.pl\/wp-content\/uploads\/2024\/11\/KONTAKT-ok-768x669.jpg 768w, https:\/\/drzwitarasy.pl\/wp-content\/uploads\/2024\/11\/KONTAKT-ok-1536x1338.jpg 1536w\" sizes=\"auto, (max-width: 1619px) 100vw, 1619px\" \/><\/p>\n","protected":false},"excerpt":{"rendered":"<p><b>W sk\u0142ad systemu przesuwnego wchodz\u0105:<\/b><\/p>\n<ul>\n<li>prowadnica aluminiowa (szyna ) wraz z rolkami i elementami monta\u017cowymi<\/li>\n<li>karnisz-maskownica szyny w kolorze skrzyd\u0142a<\/li>\n<li>belka odbojowa w kolorze skrzyd\u0142a<\/li>\n<li><strong>drzwi nale\u017cy zam\u00f3wi\u0107 osobno!<\/strong><\/li>\n<\/ul>\n","protected":false},"featured_media":3362,"template":"","meta":{"_acf_changed":false,"_monsterinsights_skip_tracking":false,"_monsterinsights_sitenote_active":false,"_monsterinsights_sitenote_note":"","_monsterinsights_sitenote_category":0},"product_brand":[527],"product_cat":[21,253,32,252],"product_tag":[448,177,447,334,445,444,446],"class_list":{"0":"post-1043","1":"product","2":"type-product","3":"status-publish","4":"has-post-thumbnail","6":"product_brand-windoor","7":"product_cat-drzwi-wewnetrzne","8":"product_cat-oscieznice-prestige-standard","9":"product_cat-oscieznice-akcesoria","10":"product_cat-tunel-regulowany","11":"product_tag-do-drzwi-przesuwnych","12":"product_tag-drzwi-windoor","13":"product_tag-maskownica","14":"product_tag-system-drzwi-przesuwnych","15":"product_tag-system-nascienny","16":"product_tag-system-przesuwny","17":"product_tag-szyna","19":"first","20":"instock","21":"sale","22":"shipping-taxable","23":"purchasable","24":"product-type-simple","25":"add-to-wishlist-after_add_to_cart"},"acf":[],"aioseo_notices":[],"jetpack_sharing_enabled":true,"_links":{"self":[{"href":"https:\/\/drzwitarasy.pl\/index.php?rest_route=\/wp\/v2\/product\/1043","targetHints":{"allow":["GET"]}}],"collection":[{"href":"https:\/\/drzwitarasy.pl\/index.php?rest_route=\/wp\/v2\/product"}],"about":[{"href":"https:\/\/drzwitarasy.pl\/index.php?rest_route=\/wp\/v2\/types\/product"}],"wp:featuredmedia":[{"embeddable":true,"href":"https:\/\/drzwitarasy.pl\/index.php?rest_route=\/wp\/v2\/media\/3362"}],"wp:attachment":[{"href":"https:\/\/drzwitarasy.pl\/index.php?rest_route=%2Fwp%2Fv2%2Fmedia&parent=1043"}],"wp:term":[{"taxonomy":"product_brand","embeddable":true,"href":"https:\/\/drzwitarasy.pl\/index.php?rest_route=%2Fwp%2Fv2%2Fproduct_brand&post=1043"},{"taxonomy":"product_cat","embeddable":true,"href":"https:\/\/drzwitarasy.pl\/index.php?rest_route=%2Fwp%2Fv2%2Fproduct_cat&post=1043"},{"taxonomy":"product_tag","embeddable":true,"href":"https:\/\/drzwitarasy.pl\/index.php?rest_route=%2Fwp%2Fv2%2Fproduct_tag&post=1043"}],"curies":[{"name":"wp","href":"https:\/\/api.w.org\/{rel}","templated":true}]}}