{"id":19,"date":"2019-01-28T13:53:21","date_gmt":"2019-01-28T12:53:21","guid":{"rendered":"http:\/\/drzwitarasy.pl\/?page_id=19"},"modified":"2026-03-17T01:54:31","modified_gmt":"2026-03-17T00:54:31","slug":"strona-glowna","status":"publish","type":"page","link":"https:\/\/drzwitarasy.pl\/","title":{"rendered":"Strona G\u0142\u00f3wna"},"content":{"rendered":"\n<h2 class=\"wp-block-heading\">Odkryj drzwi wewn\u0119trzne przylgowe, bezprzylgowe, przesuwne, od r\u0119ki \u2013 jako\u015b\u0107 i styl w jednym miejscu<\/h2>\n\n\n\n<p>Szukasz idealnych drzwi wewn\u0119trznych, kt\u00f3re po\u0142\u0105cz\u0105 funkcjonalno\u015b\u0107 z elegancj\u0105? Drzwi Windoor to rozwi\u0105zanie, kt\u00f3re spe\u0142ni Twoje oczekiwania. W www.drzwitarasy.pl znajdziesz szeroki wyb\u00f3r modeli, kt\u00f3re dopasujesz do ka\u017cdego wn\u0119trza.<\/p>\n\n\n\n<p>Dlaczego warto wybra\u0107 drzwi od r\u0119ki? Bo u nas zam\u00f3wisz je szybko, bez zb\u0119dnych formalno\u015bci i z gwarancj\u0105 najwy\u017cszej jako\u015bci. Nasza oferta obejmuje r\u00f3\u017cnorodne wzory, kolory i wyko\u0144czenia, dzi\u0119ki czemu ka\u017cdy znajdzie co\u015b dla siebie.<\/p>\n\n\n\n<p>Nie czekaj! Odwied\u017a www.drzwitarasy.pl i przekonaj si\u0119, jak \u0142atwo mo\u017cna odmieni\u0107 swoje wn\u0119trze dzi\u0119ki nowoczesnym drzwiom Windoor. Postaw na sprawdzon\u0105 jako\u015b\u0107 i profesjonaln\u0105 obs\u0142ug\u0119 \u2013 drzwi od r\u0119ki czekaj\u0105 w\u0142a\u015bnie na Ciebie!<\/p>\n","protected":false},"excerpt":{"rendered":"<p>Odkryj drzwi wewn\u0119trzne przylgowe, bezprzylgowe, przesuwne, od r\u0119ki \u2013 jako\u015b\u0107 i styl w jednym miejscu Szukasz idealnych drzwi wewn\u0119trznych, kt\u00f3re po\u0142\u0105cz\u0105 funkcjonalno\u015b\u0107 z elegancj\u0105? Drzwi Windoor to rozwi\u0105zanie, kt\u00f3re spe\u0142ni Twoje oczekiwania. W www.drzwitarasy.pl znajdziesz szeroki wyb\u00f3r modeli, kt\u00f3re dopasujesz do ka\u017cdego wn\u0119trza. Dlaczego warto wybra\u0107 drzwi od r\u0119ki? Bo u nas zam\u00f3wisz je szybko, [&hellip;]<\/p>\n","protected":false},"author":1,"featured_media":6036,"parent":0,"menu_order":0,"comment_status":"closed","ping_status":"closed","template":"template-homepage.php","meta":{"_acf_changed":false,"_monsterinsights_skip_tracking":false,"_monsterinsights_sitenote_active":false,"_monsterinsights_sitenote_note":"","_monsterinsights_sitenote_category":0,"footnotes":""},"class_list":["post-19","page","type-page","status-publish","has-post-thumbnail","hentry"],"acf":[],"aioseo_notices":[],"jetpack_sharing_enabled":true,"_links":{"self":[{"href":"https:\/\/drzwitarasy.pl\/index.php?rest_route=\/wp\/v2\/pages\/19","targetHints":{"allow":["GET"]}}],"collection":[{"href":"https:\/\/drzwitarasy.pl\/index.php?rest_route=\/wp\/v2\/pages"}],"about":[{"href":"https:\/\/drzwitarasy.pl\/index.php?rest_route=\/wp\/v2\/types\/page"}],"author":[{"embeddable":true,"href":"https:\/\/drzwitarasy.pl\/index.php?rest_route=\/wp\/v2\/users\/1"}],"replies":[{"embeddable":true,"href":"https:\/\/drzwitarasy.pl\/index.php?rest_route=%2Fwp%2Fv2%2Fcomments&post=19"}],"version-history":[{"count":3,"href":"https:\/\/drzwitarasy.pl\/index.php?rest_route=\/wp\/v2\/pages\/19\/revisions"}],"predecessor-version":[{"id":6981,"href":"https:\/\/drzwitarasy.pl\/index.php?rest_route=\/wp\/v2\/pages\/19\/revisions\/6981"}],"wp:featuredmedia":[{"embeddable":true,"href":"https:\/\/drzwitarasy.pl\/index.php?rest_route=\/wp\/v2\/media\/6036"}],"wp:attachment":[{"href":"https:\/\/drzwitarasy.pl\/index.php?rest_route=%2Fwp%2Fv2%2Fmedia&parent=19"}],"curies":[{"name":"wp","href":"https:\/\/api.w.org\/{rel}","templated":true}]}}